{"id":84,"date":"2016-05-27T09:03:30","date_gmt":"2016-05-27T07:03:30","guid":{"rendered":"http:\/\/bcsoa-it.menabodigital.com\/?page_id=84"},"modified":"2025-01-20T03:00:59","modified_gmt":"2025-01-20T02:00:59","slug":"world-class-manufacturing","status":"publish","type":"page","link":"https:\/\/www.bonfiglioliconsulting.com\/it\/come-operiamo\/world-class-manufacturing\/","title":{"rendered":"World Class Manufacturing"},"content":{"rendered":"<div id=\"saz-block-block_c4f73eba68b7c0749715142532167e8d\" class=\"d-none saz-block saz-block-acf-hero-servizi  bg-light bg-hero-servizi-eventi hero_overlay_parent vv lazyload\"\n     style=\"background:inherit; background-size:cover;\" data-bg=\"url(https:\/\/www.bonfiglioliconsulting.com\/wp-content\/themes\/bonfiglioli-2020\/img\/cubi-bianchi.jpg) center top no-repeat transparent\">\n    <div class=\"hero_overlay\"><\/div>\n    <div class=\"container hero_content\">\n        <div class=\"row align-items-end\">\n            <div class=\"col-12\">\n                 \n                    <div class=\"mt-3 mb-2 text-dark\"><div class=\"breadcrumbs\"><span property=\"itemListElement\" typeof=\"ListItem\"><a property=\"item\" typeof=\"WebPage\" title=\"Vai a Bonfiglioli Consulting.\" href=\"https:\/\/www.bonfiglioliconsulting.com\/it\" class=\"home\"><span property=\"name\">Home<\/span><\/a><meta property=\"position\" content=\"1\"><\/span><\/div><script type=\"application\/ld+json\">{\"@context\":\"http:\/\/schema.org\",\"@type\":\"BreadcrumbList\",\"itemListElement\":[{\"@type\":\"ListItem\",\"position\":1,\"item\":{\"@id\":\"https:\/\/www.bonfiglioliconsulting.com\/it\",\"name\":\"Bonfiglioli Consulting\"}}]}<\/script><\/div>\n                                \n                                    <h1 class=\"has-huge-font-size font-weight-bold mb-0 text-primary\">Il World Class Manufacturing<\/h1>\n                                                    <h2 class=\"has-medium-font-size my-3 font-weight-normal text-dark\">La metodologia per migliorare il costo di trasformazione<\/h2>\n                                <div class=\"mb-5 pb-4 pb-md-5\"><\/div>\n            <\/div>\n        <\/div>\n    <\/div>\n    <svg class=\"onda-destra\" id=\"onda\" data-name=\"onda\" xmlns=\"http:\/\/www.w3.org\/2000\/svg\" viewBox=\"0 0 1000 180\"><path class=\"cls-1\" d=\"M0,180H1000V.4S458.72-.5,279.85.4c-49,.25-68.29,7.31-161.7,105.9C94.46,131.3,49.5,174.7,0,180Z\" transform=\"translate(0 0)\" style=\"fill: #ffffff\"\/><\/svg>\n<\/div>\n\n\n<section class=\"n_archive_hero lazyload\" style=\"background-image:inherit;\" data-bg-image=\"url(https:\/\/www.bonfiglioliconsulting.com\/wp-content\/themes\/bonfiglioli-2020\/img\/cubi-bianchi.jpg)\"> \n    <div class=\"container h-100 position-relative\">\n        <div class=\"d-flex items-center h-100\">\n            <div class=\"n_archive_hero_content align-self-end text-white\">\n                <div class=\"text-white\">\n                <div class=\"breadcrumbs\">\n                 \n                    <div class=\"mt-3 mb-2 text-dark\"><div class=\"breadcrumbs\"><span property=\"itemListElement\" typeof=\"ListItem\"><a property=\"item\" typeof=\"WebPage\" title=\"Vai a Bonfiglioli Consulting.\" href=\"https:\/\/www.bonfiglioliconsulting.com\/it\" class=\"home\"><span property=\"name\">Home<\/span><\/a><meta property=\"position\" content=\"1\"><\/span><\/div><script type=\"application\/ld+json\">{\"@context\":\"http:\/\/schema.org\",\"@type\":\"BreadcrumbList\",\"itemListElement\":[{\"@type\":\"ListItem\",\"position\":1,\"item\":{\"@id\":\"https:\/\/www.bonfiglioliconsulting.com\/it\",\"name\":\"Bonfiglioli Consulting\"}}]}<\/script><\/div>\n                                <\/div>\n                <\/div>\n                \n                \n                \n                                      <h1 class=\"text-white text-primary\">Il World Class Manufacturing<\/h1>\n                                \n                                    <div class=\"n_archive_desc\"> \n                     <p class=\"text-dark\">\n                       La metodologia per migliorare il costo di trasformazione                     <\/p>\n                    <\/div>  \n                                \n\n<\/div>\n        <\/div>\n    <\/div>\n    <div class=\"right_white_shape\">\n        <svg xmlns=\"http:\/\/www.w3.org\/2000\/svg\" viewBox=\"0 0 1000 180\">\n            <path class=\"cls-1\" d=\"M0,180H1000V.4S458.72-.5,279.85.4c-49,.25-68.29,7.31-161.7,105.9C94.46,131.3,49.5,174.7,0,180Z\" transform=\"translate(0 0)\"><\/path>\n        <\/svg>\n    <\/div>\n<\/section><div id=\"saz-block-id-CqEjln5IuGnB\" class=\"saz-block saz-block\"><div class=\"container\"><div class=\"row\"><div class=\"col-12 col-lg-8 offset-lg-2\">\n\n<\/div><\/div><\/div><\/div><div id=\"saz-block-id-ULxxPbqxeGvl\" class=\"saz-block saz-block-core-spacer saz-block-height-40px\"><div class=\"container\"><div class=\"row\"><div class=\"col-12 col-lg-8 offset-lg-2\">\n<div style=\"height:40px\" aria-hidden=\"true\" class=\"wp-block-spacer\"><\/div>\n<\/div><\/div><\/div><\/div><div id=\"saz-block-id-X4Dj8400oXb7\" class=\"saz-block saz-block\"><div class=\"container\"><div class=\"row\"><div class=\"col-12 col-lg-8 offset-lg-2\">\n\n<\/div><\/div><\/div><\/div><div id=\"saz-block-id-lgYzDGvPhUsx\" class=\"saz-block saz-block-core-paragraph\"><div class=\"container\"><div class=\"row\"><div class=\"col-12 col-lg-8 offset-lg-2\">\n<p>Il&nbsp;<strong>World Class Manufacturing (significato dell&#8217;acronimo WCM)<\/strong> \u00e8 una&nbsp;<strong>filosofia<\/strong>&nbsp;<strong>aziendale<\/strong>&nbsp;focalizzata sulla creazione di valore per il Cliente. Tra i capisaldi del WCM vi \u00e8 la produzione in logica pull, ovvero la creazione di un flusso continuo e trainato dalle esigenze del Cliente, con riduzione dei lead time, eliminazione degli sprechi e miglioramento della qualit\u00e0. Il tutto nell\u2019ottica del miglioramento continuo.<\/p>\n<\/div><\/div><\/div><\/div><div id=\"saz-block-id-27wA9dASqSCA\" class=\"saz-block saz-block\"><div class=\"container\"><div class=\"row\"><div class=\"col-12 col-lg-8 offset-lg-2\">\n\n<\/div><\/div><\/div><\/div><div id=\"saz-block-id-3q1sNzy1dj5f\" class=\"saz-block saz-block-core-paragraph\"><div class=\"container\"><div class=\"row\"><div class=\"col-12 col-lg-8 offset-lg-2\">\n<p>Il concetto di&nbsp;<strong>ottimo<\/strong>&nbsp;<strong>coincide<\/strong>, secondo WCM, al&nbsp;<strong>valore<\/strong>&nbsp;<strong>zero<\/strong>: zero sprechi, zero scorte, zero incidenti, zero guasti, zero difetti e zero insoddisfazione del cliente. Per rendere efficace e duraturo nel tempo i miglioramenti conseguiti bisogna puntare sulla standardizzazione e sul coinvolgimento del cliente in primis e delle persone in azienda (dipendenti\/collaboratori) facendo s\u00ec che ognuno si senta parte integrante e responsabile del cambiamento.<\/p>\n<\/div><\/div><\/div><\/div><div id=\"saz-block-id-M15TSJOwqYFR\" class=\"saz-block saz-block\"><div class=\"container\"><div class=\"row\"><div class=\"col-12 col-lg-8 offset-lg-2\">\n\n<\/div><\/div><\/div><\/div><div id=\"saz-block-id-35065\" class=\"saz-block saz-block-core-image saz-block-id-array saz-block-sizeslug-full saz-block-linkdestination-none\"><div class=\"container\"><div class=\"row\"><div class=\"col-12 col-lg-8 offset-lg-2\">\n<figure class=\"wp-block-image size-full\"><img decoding=\"async\" width=\"342\" height=\"429\" data-src=\"https:\/\/www.bonfiglioliconsulting.com\/wp-content\/uploads\/2022\/07\/risultati.png\" alt=\"\" class=\"wp-image-35065 lazyload\" src=\"data:image\/svg+xml;base64,PHN2ZyB3aWR0aD0iMSIgaGVpZ2h0PSIxIiB4bWxucz0iaHR0cDovL3d3dy53My5vcmcvMjAwMC9zdmciPjwvc3ZnPg==\" style=\"--smush-placeholder-width: 342px; --smush-placeholder-aspect-ratio: 342\/429;\" \/><\/figure>\n<\/div><\/div><\/div><\/div><div id=\"saz-block-id-6QoK5hddaoCJ\" class=\"saz-block saz-block\"><div class=\"container\"><div class=\"row\"><div class=\"col-12 col-lg-8 offset-lg-2\">\n\n<\/div><\/div><\/div><\/div><div id=\"saz-block-id-k6JudnpLLdZG\" class=\"saz-block saz-block-core-paragraph\"><div class=\"container\"><div class=\"row\"><div class=\"col-12 col-lg-8 offset-lg-2\">\n<p>Alla base del WCM ci sono <strong>10 pilastri tecnici<\/strong> e <strong>10 pilastri manageriali.<\/strong><\/p>\n<\/div><\/div><\/div><\/div><div id=\"saz-block-id-QbsU8k93gD8Q\" class=\"saz-block saz-block\"><div class=\"container\"><div class=\"row\"><div class=\"col-12 col-lg-8 offset-lg-2\">\n\n<\/div><\/div><\/div><\/div><div id=\"saz-block-id-rO9ZJUWsCwLC\" class=\"saz-block saz-block-core-paragraph\"><div class=\"container\"><div class=\"row\"><div class=\"col-12 col-lg-8 offset-lg-2\">\n<p><strong>Ogni Pilastro \u00e8 composto da 7 Passi <\/strong>che portano l\u2019azienda da uno stato <strong>Reattivo <\/strong>(si reagisce quando nasce un problema) ad uno <strong>Preventivo <\/strong>(utilizza le esperienze per evitare il ripetersi di problemi gi\u00e0 verificatesi, incluso problemi simili in altre condizioni), per traguardare uno stato <strong>Proattivo <\/strong>(In accordo con l\u2019analisi di rischio Risk Assessment, utilizza le appropriate azioni correttive per prevenire la possibilit\u00e0 che accada uno specifico problema). Una volta raggiunta la fase proattiva l\u2019azienda tende a diventare un benchmark.<\/p>\n<\/div><\/div><\/div><\/div><div id=\"saz-block-id-XxF2PAXnswb1\" class=\"saz-block saz-block\"><div class=\"container\"><div class=\"row\"><div class=\"col-12 col-lg-8 offset-lg-2\">\n\n<\/div><\/div><\/div><\/div><div id=\"saz-block-id-eosud9M9HJfB\" class=\"saz-block saz-block-core-paragraph\"><div class=\"container\"><div class=\"row\"><div class=\"col-12 col-lg-8 offset-lg-2\">\n<p>Un pillar pu\u00f2 essere inteso come una area organica di miglioramento. \u200b<\/p>\n<\/div><\/div><\/div><\/div><div id=\"saz-block-id-HJtwjqIKdATL\" class=\"saz-block saz-block\"><div class=\"container\"><div class=\"row\"><div class=\"col-12 col-lg-8 offset-lg-2\">\n\n<\/div><\/div><\/div><\/div><div id=\"saz-block-id-QhI6KmClVmdS\" class=\"saz-block saz-block-core-paragraph\"><div class=\"container\"><div class=\"row\"><div class=\"col-12 col-lg-8 offset-lg-2\">\n<p>Ogni pillar viene gestito da un <strong>Pillar Leader,<\/strong> che \u00e8 responsabile dell\u2019implementazione dei progressivi miglioramenti del proprio pillar.\u200b<\/p>\n<\/div><\/div><\/div><\/div><div id=\"saz-block-id-6VS45xwMNg9S\" class=\"saz-block saz-block\"><div class=\"container\"><div class=\"row\"><div class=\"col-12 col-lg-8 offset-lg-2\">\n\n<\/div><\/div><\/div><\/div><div id=\"saz-block-id-tOKH1ZLuEKNN\" class=\"saz-block saz-block-core-paragraph\"><div class=\"container\"><div class=\"row\"><div class=\"col-12 col-lg-8 offset-lg-2\">\n<p>Il Pillar Leader non \u00e8 unicamente il responsabile gerarchico dell\u2019area, ma \u00e8 il proprietario di metodi e strumenti per il miglioramento<strong>. <\/strong><\/p>\n<\/div><\/div><\/div><\/div><div id=\"saz-block-id-uoJYb6YKtKKw\" class=\"saz-block saz-block\"><div class=\"container\"><div class=\"row\"><div class=\"col-12 col-lg-8 offset-lg-2\">\n\n<\/div><\/div><\/div><\/div><div id=\"saz-block-id-bWdzsNp1OP74\" class=\"saz-block saz-block-core-paragraph\"><div class=\"container\"><div class=\"row\"><div class=\"col-12 col-lg-8 offset-lg-2\">\n<p>I <strong>10 pilastri tecnici<\/strong> sono i seguenti:<\/p>\n<\/div><\/div><\/div><\/div><div id=\"saz-block-id-lIrx0UOW4jHn\" class=\"saz-block saz-block\"><div class=\"container\"><div class=\"row\"><div class=\"col-12 col-lg-8 offset-lg-2\">\n\n<\/div><\/div><\/div><\/div><div id=\"saz-block-id-kg63caeDDIsW\" class=\"saz-block saz-block-core-list saz-block-ordered-array saz-block-type-1\"><div class=\"container\"><div class=\"row\"><div class=\"col-12 col-lg-8 offset-lg-2\">\n<ol class=\"wp-block-list\" type=\"1\"><div id=\"saz-block-id-hMR7KLHQGM83\" class=\"saz-block saz-block-core-list-item\">\n<li><strong>Safety<\/strong>\u2013 Sicurezza del Posto di lavoro.<\/li>\n<\/div>\n\n<div id=\"saz-block-id-QUu2l5Sz6YwY\" class=\"saz-block saz-block-core-list-item\">\n<li><strong>Cost Deployment<\/strong>\u2013 Fonti di perdita economica.<\/li>\n<\/div>\n\n<div id=\"saz-block-id-UFPflK3FlmFP\" class=\"saz-block saz-block-core-list-item\">\n<li><strong>Focus Improvement<\/strong>\u2013 Miglioramento Focalizzato di uno specifico problema.<\/li>\n<\/div>\n\n<div id=\"saz-block-id-htDLnVofCnPQ\" class=\"saz-block saz-block-core-list-item\">\n<li><strong>Autonomous Maintenance<\/strong>\u2013 Workplace Organization.<\/li>\n<\/div>\n\n<div id=\"saz-block-id-rlMgIWjzWbvF\" class=\"saz-block saz-block-core-list-item\">\n<li><strong>Professional Maintenence<\/strong>\u2013 Manutenzione professionale.<\/li>\n<\/div>\n\n<div id=\"saz-block-id-sXXGfwgBcuSn\" class=\"saz-block saz-block-core-list-item\">\n<li><strong>Quality Control<\/strong>\u2013 Controllo Qualitativo.<\/li>\n<\/div>\n\n<div id=\"saz-block-id-z1we2DRyfYl5\" class=\"saz-block saz-block-core-list-item\">\n<li><strong>Logistic \/ Customer Services<\/strong>.<\/li>\n<\/div>\n\n<div id=\"saz-block-id-G9lpfSSakGLg\" class=\"saz-block saz-block-core-list-item\">\n<li><strong>Early Equipment Management, Early Product Management<\/strong>\u2013 Strategia di acquisizione dei mezzi di lavoro \/ processi.<\/li>\n<\/div>\n\n<div id=\"saz-block-id-MQ7vYCP7aLho\" class=\"saz-block saz-block-core-list-item\">\n<li><strong>Enviroment<\/strong>\u2013 Ambiente e sfruttamento servomezzi energetici.<\/li>\n<\/div>\n\n<div id=\"saz-block-id-wOk0b60jag1E\" class=\"saz-block saz-block-core-list-item\">\n<li><strong>People Development<\/strong>\u2013 Sviluppo delle competenze del personale.<\/li>\n<\/div><\/ol>\n<\/div><\/div><\/div><\/div><div id=\"saz-block-id-yoXSgb9hMNI8\" class=\"saz-block saz-block\"><div class=\"container\"><div class=\"row\"><div class=\"col-12 col-lg-8 offset-lg-2\">\n\n<\/div><\/div><\/div><\/div><div id=\"saz-block-id-8TyrhOwELlSN\" class=\"saz-block saz-block-core-paragraph\"><div class=\"container\"><div class=\"row\"><div class=\"col-12 col-lg-8 offset-lg-2\">\n<p>I <strong>10 pilastri manageriali<\/strong> sono:<\/p>\n<\/div><\/div><\/div><\/div><div id=\"saz-block-id-4PqIFzXcZvYe\" class=\"saz-block saz-block\"><div class=\"container\"><div class=\"row\"><div class=\"col-12 col-lg-8 offset-lg-2\">\n\n<\/div><\/div><\/div><\/div><div id=\"saz-block-id-b7OreLzhtXLE\" class=\"saz-block saz-block-core-list saz-block-ordered-array saz-block-type-1\"><div class=\"container\"><div class=\"row\"><div class=\"col-12 col-lg-8 offset-lg-2\">\n<ol class=\"wp-block-list\" type=\"1\"><div id=\"saz-block-id-ZzY8xGJBM4Ma\" class=\"saz-block saz-block-core-list-item\">\n<li><strong>Management Commitment<\/strong>: il commitment del management rappresenta l\u2019inizio del cambiamento culturale e quindi fattore indispensabile affinch\u00e9 il programma venga accettato dall&#8217;intera organizzazione;<\/li>\n<\/div>\n\n<div id=\"saz-block-id-BsjIH2lvZHnf\" class=\"saz-block saz-block-core-list-item\">\n<li><strong>Chiarezza degli obiettivi<\/strong>: bisogna avere obiettivi chiari, quantificati e diffusi a tutti;<\/li>\n<\/div>\n\n<div id=\"saz-block-id-nxE7n0SAKl6u\" class=\"saz-block saz-block-core-list-item\">\n<li><strong>Route map al WCM<\/strong>: deve essere chiaro il percorso che si intende perseguire;<\/li>\n<\/div>\n\n<div id=\"saz-block-id-yD8eIE8FgvUK\" class=\"saz-block saz-block-core-list-item\">\n<li><strong>Assegnazione di persone&nbsp;altamente qualificate<\/strong>: fondamentale nel WCM \u00e8 l\u2019addestramento del personale e la sua adesione ai progetti di miglioramento;<\/li>\n<\/div>\n\n<div id=\"saz-block-id-08Bp8T3jTsi9\" class=\"saz-block saz-block-core-list-item\">\n<li><strong>Commitment&nbsp;dell\u2019Organizzazione<\/strong>: per far in modo che il WCM raggiunga i risultati attesi, occorre che sia l\u2019organizzazione in generale a fornire gli input per le attivit\u00e0 di avanzamento;<\/li>\n<\/div>\n\n<div id=\"saz-block-id-xsixZ3b15Fed\" class=\"saz-block saz-block-core-list-item\">\n<li><strong>Competenza dell&#8217;organizzazione<\/strong>: affinch\u00e9 venga eliminata la perdita individuata \u00e8 necessario utilizzare i metodi e gli strumenti di volta in volta pi\u00f9 idonei;<\/li>\n<\/div>\n\n<div id=\"saz-block-id-jDULMUpWheEJ\" class=\"saz-block saz-block-core-list-item\">\n<li><strong>Tempi e Budget<\/strong>\u200b: spiegare quanto sia importante essere a conoscenza di tempi e costi, utilizzando specifici programmi e pianificazioni;<\/li>\n<\/div>\n\n<div id=\"saz-block-id-QLp0JXyB8YaM\" class=\"saz-block saz-block-core-list-item\">\n<li><strong>Livello di dettaglio<\/strong>: raggiungere il massimo livello di specificit\u00e0;<\/li>\n<\/div>\n\n<div id=\"saz-block-id-cUesZrXDa7UM\" class=\"saz-block saz-block-core-list-item\">\n<li><strong>Livello di espansione<\/strong>: per ottenere il massimo beneficio, occorre che ci\u00f2 che si \u00e8 acquisito in una determinata area venga esteso anche ad altre aree, seguendo una logica di espansione che deve riguardare l&#8217;intero stabilimento per poter ottenere risultati eccellenti;<\/li>\n<\/div>\n\n<div id=\"saz-block-id-m7kew1MqHuKr\" class=\"saz-block saz-block-core-list-item\">\n<li><strong>Persone motivate<\/strong>: affinch\u00e9 il WCM si sviluppi nel migliore dei modi occorre che vi sia un completo coinvolgimento degli operatori, in quanto comprendono maggiormente i processi produttivi e i problemi ad essi connessi.<\/li>\n<\/div><\/ol>\n<\/div><\/div><\/div><\/div><div id=\"saz-block-id-pYYJvfesS6NU\" class=\"saz-block saz-block\"><div class=\"container\"><div class=\"row\"><div class=\"col-12 col-lg-8 offset-lg-2\">\n\n<\/div><\/div><\/div><\/div><div id=\"saz-block-id-HZcKsD1kiODl\" class=\"saz-block saz-block-core-paragraph\"><div class=\"container\"><div class=\"row\"><div class=\"col-12 col-lg-8 offset-lg-2\">\n<p>I 10 pilastri manageriali hanno lo stesso peso di quelli tecnici, ma <strong>guidano il management dell\u2019impresa verso il giusto processo decisionale<\/strong>, al fine di incrementare i risultati ed ottimizzare i processi di miglioramento ed integrazione tra i pilastri tecnici.<\/p>\n<\/div><\/div><\/div><\/div>","protected":false},"excerpt":{"rendered":null,"protected":false},"author":141,"featured_media":0,"parent":122,"menu_order":44,"comment_status":"closed","ping_status":"closed","template":"template-wide-blocchi.php","meta":{"_acf_changed":false,"footnotes":""},"tags":[],"class_list":["post-84","page","type-page","status-publish","hentry"],"acf":[],"yoast_head":"<!-- This site is optimized with the Yoast SEO plugin v27.5 - https:\/\/yoast.com\/product\/yoast-seo-wordpress\/ -->\n<title>Programma WCM World Class Manufacturing<\/title>\n<meta name=\"description\" content=\"Il World Class Manufacturing (WCM) \u00e8 un programma di innovazione basato sul miglioramento continuo, di derivazione Giapponese.\" \/>\n<meta name=\"robots\" content=\"index, follow, max-snippet:-1, max-image-preview:large, max-video-preview:-1\" \/>\n<link rel=\"canonical\" href=\"https:\/\/www.bonfiglioliconsulting.com\/it\/come-operiamo\/world-class-manufacturing\/\" \/>\n<meta property=\"og:locale\" content=\"it_IT\" \/>\n<meta property=\"og:type\" content=\"article\" \/>\n<meta property=\"og:title\" content=\"Programma WCM World Class Manufacturing\" \/>\n<meta property=\"og:description\" content=\"Il World Class Manufacturing (WCM) \u00e8 un programma di innovazione basato sul miglioramento continuo, di derivazione Giapponese.\" \/>\n<meta property=\"og:url\" content=\"https:\/\/www.bonfiglioliconsulting.com\/it\/come-operiamo\/world-class-manufacturing\/\" \/>\n<meta property=\"og:site_name\" content=\"Bonfiglioli Consulting\" \/>\n<meta property=\"article:modified_time\" content=\"2025-01-20T02:00:59+00:00\" \/>\n<meta property=\"og:image\" content=\"https:\/\/www.bonfiglioliconsulting.com\/ambient\/wp-content\/uploads\/2022\/07\/risultati.png\" \/>\n<meta name=\"twitter:card\" content=\"summary_large_image\" \/>\n<meta name=\"twitter:label1\" content=\"Tempo di lettura stimato\" \/>\n\t<meta name=\"twitter:data1\" content=\"4 minuti\" \/>\n<script type=\"application\/ld+json\" class=\"yoast-schema-graph\">{\"@context\":\"https:\\\/\\\/schema.org\",\"@graph\":[{\"@type\":\"WebPage\",\"@id\":\"https:\\\/\\\/www.bonfiglioliconsulting.com\\\/en\\\/how-we-operate\\\/world-class-manufacturing\\\/\",\"url\":\"https:\\\/\\\/www.bonfiglioliconsulting.com\\\/en\\\/how-we-operate\\\/world-class-manufacturing\\\/\",\"name\":\"Programma WCM World Class Manufacturing\",\"isPartOf\":{\"@id\":\"https:\\\/\\\/www.bonfiglioliconsulting.com\\\/it\\\/#website\"},\"primaryImageOfPage\":{\"@id\":\"https:\\\/\\\/www.bonfiglioliconsulting.com\\\/en\\\/how-we-operate\\\/world-class-manufacturing\\\/#primaryimage\"},\"image\":{\"@id\":\"https:\\\/\\\/www.bonfiglioliconsulting.com\\\/en\\\/how-we-operate\\\/world-class-manufacturing\\\/#primaryimage\"},\"thumbnailUrl\":\"https:\\\/\\\/www.bonfiglioliconsulting.com\\\/wp-content\\\/uploads\\\/2022\\\/07\\\/risultati.png\",\"datePublished\":\"2016-05-27T07:03:30+00:00\",\"dateModified\":\"2025-01-20T02:00:59+00:00\",\"description\":\"Il World Class Manufacturing (WCM) \u00e8 un programma di innovazione basato sul miglioramento continuo, di derivazione Giapponese.\",\"inLanguage\":\"it-IT\",\"potentialAction\":[{\"@type\":\"ReadAction\",\"target\":[\"https:\\\/\\\/www.bonfiglioliconsulting.com\\\/en\\\/how-we-operate\\\/world-class-manufacturing\\\/\"]}]},{\"@type\":\"ImageObject\",\"inLanguage\":\"it-IT\",\"@id\":\"https:\\\/\\\/www.bonfiglioliconsulting.com\\\/en\\\/how-we-operate\\\/world-class-manufacturing\\\/#primaryimage\",\"url\":\"https:\\\/\\\/www.bonfiglioliconsulting.com\\\/wp-content\\\/uploads\\\/2022\\\/07\\\/risultati.png\",\"contentUrl\":\"https:\\\/\\\/www.bonfiglioliconsulting.com\\\/wp-content\\\/uploads\\\/2022\\\/07\\\/risultati.png\"},{\"@type\":\"WebSite\",\"@id\":\"https:\\\/\\\/www.bonfiglioliconsulting.com\\\/it\\\/#website\",\"url\":\"https:\\\/\\\/www.bonfiglioliconsulting.com\\\/it\\\/\",\"name\":\"Bonfiglioli Consulting\",\"description\":\"\",\"potentialAction\":[{\"@type\":\"SearchAction\",\"target\":{\"@type\":\"EntryPoint\",\"urlTemplate\":\"https:\\\/\\\/www.bonfiglioliconsulting.com\\\/it\\\/?s={search_term_string}\"},\"query-input\":{\"@type\":\"PropertyValueSpecification\",\"valueRequired\":true,\"valueName\":\"search_term_string\"}}],\"inLanguage\":\"it-IT\"}]}<\/script>\n<!-- \/ Yoast SEO plugin. -->","yoast_head_json":{"title":"Programma WCM World Class Manufacturing","description":"Il World Class Manufacturing (WCM) \u00e8 un programma di innovazione basato sul miglioramento continuo, di derivazione Giapponese.","robots":{"index":"index","follow":"follow","max-snippet":"max-snippet:-1","max-image-preview":"max-image-preview:large","max-video-preview":"max-video-preview:-1"},"canonical":"https:\/\/www.bonfiglioliconsulting.com\/it\/come-operiamo\/world-class-manufacturing\/","og_locale":"it_IT","og_type":"article","og_title":"Programma WCM World Class Manufacturing","og_description":"Il World Class Manufacturing (WCM) \u00e8 un programma di innovazione basato sul miglioramento continuo, di derivazione Giapponese.","og_url":"https:\/\/www.bonfiglioliconsulting.com\/it\/come-operiamo\/world-class-manufacturing\/","og_site_name":"Bonfiglioli Consulting","article_modified_time":"2025-01-20T02:00:59+00:00","og_image":[{"url":"https:\/\/www.bonfiglioliconsulting.com\/ambient\/wp-content\/uploads\/2022\/07\/risultati.png","type":"","width":"","height":""}],"twitter_card":"summary_large_image","twitter_misc":{"Tempo di lettura stimato":"4 minuti"},"schema":{"@context":"https:\/\/schema.org","@graph":[{"@type":"WebPage","@id":"https:\/\/www.bonfiglioliconsulting.com\/en\/how-we-operate\/world-class-manufacturing\/","url":"https:\/\/www.bonfiglioliconsulting.com\/en\/how-we-operate\/world-class-manufacturing\/","name":"Programma WCM World Class Manufacturing","isPartOf":{"@id":"https:\/\/www.bonfiglioliconsulting.com\/it\/#website"},"primaryImageOfPage":{"@id":"https:\/\/www.bonfiglioliconsulting.com\/en\/how-we-operate\/world-class-manufacturing\/#primaryimage"},"image":{"@id":"https:\/\/www.bonfiglioliconsulting.com\/en\/how-we-operate\/world-class-manufacturing\/#primaryimage"},"thumbnailUrl":"https:\/\/www.bonfiglioliconsulting.com\/wp-content\/uploads\/2022\/07\/risultati.png","datePublished":"2016-05-27T07:03:30+00:00","dateModified":"2025-01-20T02:00:59+00:00","description":"Il World Class Manufacturing (WCM) \u00e8 un programma di innovazione basato sul miglioramento continuo, di derivazione Giapponese.","inLanguage":"it-IT","potentialAction":[{"@type":"ReadAction","target":["https:\/\/www.bonfiglioliconsulting.com\/en\/how-we-operate\/world-class-manufacturing\/"]}]},{"@type":"ImageObject","inLanguage":"it-IT","@id":"https:\/\/www.bonfiglioliconsulting.com\/en\/how-we-operate\/world-class-manufacturing\/#primaryimage","url":"https:\/\/www.bonfiglioliconsulting.com\/wp-content\/uploads\/2022\/07\/risultati.png","contentUrl":"https:\/\/www.bonfiglioliconsulting.com\/wp-content\/uploads\/2022\/07\/risultati.png"},{"@type":"WebSite","@id":"https:\/\/www.bonfiglioliconsulting.com\/it\/#website","url":"https:\/\/www.bonfiglioliconsulting.com\/it\/","name":"Bonfiglioli Consulting","description":"","potentialAction":[{"@type":"SearchAction","target":{"@type":"EntryPoint","urlTemplate":"https:\/\/www.bonfiglioliconsulting.com\/it\/?s={search_term_string}"},"query-input":{"@type":"PropertyValueSpecification","valueRequired":true,"valueName":"search_term_string"}}],"inLanguage":"it-IT"}]}},"_links":{"self":[{"href":"https:\/\/www.bonfiglioliconsulting.com\/it\/wp-json\/wp\/v2\/pages\/84","targetHints":{"allow":["GET"]}}],"collection":[{"href":"https:\/\/www.bonfiglioliconsulting.com\/it\/wp-json\/wp\/v2\/pages"}],"about":[{"href":"https:\/\/www.bonfiglioliconsulting.com\/it\/wp-json\/wp\/v2\/types\/page"}],"author":[{"embeddable":true,"href":"https:\/\/www.bonfiglioliconsulting.com\/it\/wp-json\/wp\/v2\/users\/141"}],"replies":[{"embeddable":true,"href":"https:\/\/www.bonfiglioliconsulting.com\/it\/wp-json\/wp\/v2\/comments?post=84"}],"version-history":[{"count":7,"href":"https:\/\/www.bonfiglioliconsulting.com\/it\/wp-json\/wp\/v2\/pages\/84\/revisions"}],"predecessor-version":[{"id":38302,"href":"https:\/\/www.bonfiglioliconsulting.com\/it\/wp-json\/wp\/v2\/pages\/84\/revisions\/38302"}],"up":[{"embeddable":true,"href":"https:\/\/www.bonfiglioliconsulting.com\/it\/wp-json\/wp\/v2\/pages\/122"}],"wp:attachment":[{"href":"https:\/\/www.bonfiglioliconsulting.com\/it\/wp-json\/wp\/v2\/media?parent=84"}],"wp:term":[{"taxonomy":"post_tag","embeddable":true,"href":"https:\/\/www.bonfiglioliconsulting.com\/it\/wp-json\/wp\/v2\/tags?post=84"}],"curies":[{"name":"wp","href":"https:\/\/api.w.org\/{rel}","templated":true}]}}