{"id":64,"date":"2016-05-26T16:04:33","date_gmt":"2016-05-26T14:04:33","guid":{"rendered":"http:\/\/bcsoa-it.menabodigital.com\/?page_id=64"},"modified":"2024-05-16T16:24:35","modified_gmt":"2024-05-16T14:24:35","slug":"innovazione","status":"publish","type":"page","link":"https:\/\/www.bonfiglioliconsulting.com\/it\/aree-intervento\/innovazione\/","title":{"rendered":"Innovazione"},"content":{"rendered":"<div id=\"saz-block-block_de6f2670338243c684d6db519045b80d\" class=\"d-none saz-block saz-block-acf-hero-servizi  bg-light bg-hero-servizi-eventi hero_overlay_parent vv lazyload\"\n     style=\"background:inherit; background-size:cover;\" data-bg=\"url(https:\/\/www.bonfiglioliconsulting.com\/wp-content\/uploads\/2020\/12\/unnamed.jpg) center top no-repeat transparent\">\n    <div class=\"hero_overlay\"><\/div>\n    <div class=\"container hero_content\">\n        <div class=\"row align-items-end\">\n            <div class=\"col-12\">\n                 \n                    <div class=\"mt-3 mb-2 text-dark\"><div class=\"breadcrumbs\"><span property=\"itemListElement\" typeof=\"ListItem\"><a property=\"item\" typeof=\"WebPage\" title=\"Vai a Bonfiglioli Consulting.\" href=\"https:\/\/www.bonfiglioliconsulting.com\/it\" class=\"home\"><span property=\"name\">Home<\/span><\/a><meta property=\"position\" content=\"1\"><\/span><\/div><script type=\"application\/ld+json\">{\"@context\":\"http:\/\/schema.org\",\"@type\":\"BreadcrumbList\",\"itemListElement\":[{\"@type\":\"ListItem\",\"position\":1,\"item\":{\"@id\":\"https:\/\/www.bonfiglioliconsulting.com\/it\",\"name\":\"Bonfiglioli Consulting\"}}]}<\/script><\/div>\n                                \n                                    <h1 class=\"has-huge-font-size font-weight-bold mb-0 text-primary\">Innovazione<\/h1>\n                                                    <h2 class=\"has-medium-font-size my-3 font-weight-normal text-dark\">Innova e trasforma l\u2019offerta della tua azienda.<\/h2>\n                                <div class=\"mb-5 pb-4 pb-md-5\"><\/div>\n            <\/div>\n        <\/div>\n    <\/div>\n    <svg class=\"onda-destra\" id=\"onda\" data-name=\"onda\" xmlns=\"http:\/\/www.w3.org\/2000\/svg\" viewBox=\"0 0 1000 180\"><path class=\"cls-1\" d=\"M0,180H1000V.4S458.72-.5,279.85.4c-49,.25-68.29,7.31-161.7,105.9C94.46,131.3,49.5,174.7,0,180Z\" transform=\"translate(0 0)\" style=\"fill: #ffffff\"\/><\/svg>\n<\/div>\n\n\n<section class=\"n_archive_hero lazyload\" style=\"background-image:inherit;\" data-bg-image=\"url(https:\/\/www.bonfiglioliconsulting.com\/wp-content\/uploads\/2020\/12\/unnamed.jpg)\"> \n    <div class=\"container h-100 position-relative\">\n        <div class=\"d-flex items-center h-100\">\n            <div class=\"n_archive_hero_content align-self-end text-white\">\n                <div class=\"text-white\">\n                <div class=\"breadcrumbs\">\n                 \n                    <div class=\"mt-3 mb-2 text-dark\"><div class=\"breadcrumbs\"><span property=\"itemListElement\" typeof=\"ListItem\"><a property=\"item\" typeof=\"WebPage\" title=\"Vai a Bonfiglioli Consulting.\" href=\"https:\/\/www.bonfiglioliconsulting.com\/it\" class=\"home\"><span property=\"name\">Home<\/span><\/a><meta property=\"position\" content=\"1\"><\/span><\/div><script type=\"application\/ld+json\">{\"@context\":\"http:\/\/schema.org\",\"@type\":\"BreadcrumbList\",\"itemListElement\":[{\"@type\":\"ListItem\",\"position\":1,\"item\":{\"@id\":\"https:\/\/www.bonfiglioliconsulting.com\/it\",\"name\":\"Bonfiglioli Consulting\"}}]}<\/script><\/div>\n                                <\/div>\n                <\/div>\n                \n                \n                \n                                      <h1 class=\"text-white text-primary\">Innovazione<\/h1>\n                                \n                                    <div class=\"n_archive_desc\"> \n                     <p class=\"text-dark\">\n                       Innova e trasforma l\u2019offerta della tua azienda.                     <\/p>\n                    <\/div>  \n                                \n\n<\/div>\n        <\/div>\n    <\/div>\n    <div class=\"right_white_shape\">\n        <svg xmlns=\"http:\/\/www.w3.org\/2000\/svg\" viewBox=\"0 0 1000 180\">\n            <path class=\"cls-1\" d=\"M0,180H1000V.4S458.72-.5,279.85.4c-49,.25-68.29,7.31-161.7,105.9C94.46,131.3,49.5,174.7,0,180Z\" transform=\"translate(0 0)\"><\/path>\n        <\/svg>\n    <\/div>\n<\/section><div id=\"saz-block-id-FAA3bsvgINO0\" class=\"saz-block saz-block\"><div class=\"container\"><div class=\"row\"><div class=\"col-12 col-lg-8 offset-lg-2\">\n\n<\/div><\/div><\/div><\/div><div id=\"saz-block-id-XwJECmA6zYyr\" class=\"saz-block saz-block-core-spacer saz-block-height-60px\"><div class=\"container\"><div class=\"row\"><div class=\"col-12 col-lg-8 offset-lg-2\">\n<div style=\"height:60px\" aria-hidden=\"true\" class=\"wp-block-spacer\"><\/div>\n<\/div><\/div><\/div><\/div><div id=\"saz-block-id-gzK7Ql1RlCqU\" class=\"saz-block saz-block\"><div class=\"container\"><div class=\"row\"><div class=\"col-12 col-lg-8 offset-lg-2\">\n\n<p>Sappiamo quanto sia importante per la tua azienda sviluppare la capacit\u00e0 di identificare tutte le opportunit\u00e0 che il mercato pu\u00f2 offrire.<\/p>\n<blockquote>\n<p>Innovare significa proprio questo: sintonizzarsi con il mercato per ideare nuove soluzioni che generano valore per il cliente e profitto per l\u2019azienda.<\/p>\n<\/blockquote>\n<p>Contrariamente al pensiero comune, l\u2019innovazione non \u00e8 il risultato casuale di una serie di eventi fortuiti o la geniale intuizione di un singolo, ma <strong>\u00e8 il risultato di un team di persone che lavorano secondo un processo appositamente disegnato per permettere all\u2019azienda di innovare e ottimizzare costantemente la propria offerta di valore.<\/strong><\/p>\n<p>L\u2019innovazione inoltre va ben oltre l\u2019introduzione di un nuovo prodotto&nbsp;o di una nuova funzionalit\u00e0 ma si realizza anche introducendo un nuovo servizio, creando un\u2019esperienza di acquisto o di uso entusiasmante per il cliente, ideando un modello di business innovativo, ovvero intervenendo su tutta la catena lungo cui si cattura, genera e distribuisce il valore.<\/p>\n<p>Tutto parte dal cliente e dai suoi bisogni e da come questi bisogni evolveranno o emergeranno in futuro anche in conseguenza dei macrotrend del mercato.<\/p>\n<p>Rispondere a questi bisogni, in un contesto competitivo, richiede un\u2019organizzazione agile, scattante e reattiva al cambiamento.<\/p>\n<p>Occorre un ambiente che coltivi e sviluppi l\u2019approccio creativo e la volont\u00e0 di sperimentare il nuovo.<\/p>\n<p>Occorrono persone che sappiano adattare il proprio mindset a situazioni in rapida evoluzione, anche mettendo in discussione l\u2019esistente, il consolidato.<\/p>\n<p>Occorre soprattutto una cornice organizzativa improntata all\u2019applicazione rigorosa e coerente di processi e strumenti innovativi e di provata efficacia, quali quelli del Design Thinking, in grado di innescare, governare e sostenere l\u2019innovazione a tutti i livelli e di rendere quindi l\u2019azienda protagonista del proprio futuro.<\/p>\n<p>Scopri come Bonfiglioli Consulting, attraverso la sua offerta di <a href=\"https:\/\/www.bonfiglioliconsulting.com\/servizi\/value-innovation\/\">Value Innovation,<\/a> potr\u00e0 aiutarti a generare un cambiamento che migliori la capacit\u00e0 di fornire al mercato un\u2019innovazione di successo e assicuri e consolidi il vantaggio competitivo dell\u2019azienda.<\/p>\n\n<\/div><\/div><\/div><\/div><div id=\"saz-block-block_df22cc6af1e4ccdd0d9a76e7f5de8a48\" class=\"saz-block saz-block-acf-onda \" style=\"background-color: #ffffff\">\n    <div class=\"container-fluid\">\n                    <div class=\"row\">\n                <div class=\"col-lg-9 pl-0\">\n                    <svg id=\"onda-blocchi\" class=\"reverse\" data-name=\"onda\" xmlns=\"http:\/\/www.w3.org\/2000\/svg\" viewBox=\"0 0 1000 180\"><path class=\"cls-1\" d=\"M0,180H1000V.4S458.72-.5,279.85.4c-49,.25-68.29,7.31-161.7,105.9C94.46,131.3,49.5,174.7,0,180Z\" transform=\"translate(0 0)\" style=\"fill: #e3e9ed\"\/><\/svg>\n                <\/div>\n            <\/div>\n            <\/div>\n<\/div><div id=\"saz-block-id-wK9daS2uz8hg\" class=\"saz-block saz-block\"><div class=\"container\"><div class=\"row\"><div class=\"col-12 col-lg-8 offset-lg-2\">\n\n<\/div><\/div><\/div><\/div>    <div id=\"loghi-block_1c6f138edb80f7f5c4876eaa765fd324\" class=\"saz-block saz-block-acf-loghi py-5\"\n         style=\"background:#e3e9ed\">\n          \n        <div class=\"container\">\n            <div class=\"row\">\n                <div class=\"col-12\">\n                                    <h3 class=\"text-dark mb-4\">Abbiamo lavorato con<\/h3>\n                            <\/div>\n                                    <div class=\"col-12 col-sm-6 col-lg text-center\">\n                        <img decoding=\"async\" data-src=\"https:\/\/www.bonfiglioliconsulting.com\/wp-content\/uploads\/2021\/02\/BANNER-INTERPULS.png\" class=\"img-fluid mb-4 mb-lg-0 lazyload\" src=\"data:image\/svg+xml;base64,PHN2ZyB3aWR0aD0iMSIgaGVpZ2h0PSIxIiB4bWxucz0iaHR0cDovL3d3dy53My5vcmcvMjAwMC9zdmciPjwvc3ZnPg==\" style=\"--smush-placeholder-width: 295px; --smush-placeholder-aspect-ratio: 295\/178;\">                    <\/div>\n                                    <div class=\"col-12 col-sm-6 col-lg text-center\">\n                        <img decoding=\"async\" data-src=\"https:\/\/www.bonfiglioliconsulting.com\/wp-content\/uploads\/2021\/02\/BANNER-IVECO.png\" class=\"img-fluid mb-4 mb-lg-0 lazyload\" src=\"data:image\/svg+xml;base64,PHN2ZyB3aWR0aD0iMSIgaGVpZ2h0PSIxIiB4bWxucz0iaHR0cDovL3d3dy53My5vcmcvMjAwMC9zdmciPjwvc3ZnPg==\" style=\"--smush-placeholder-width: 295px; --smush-placeholder-aspect-ratio: 295\/177;\">                    <\/div>\n                                    <div class=\"col-12 col-sm-6 col-lg text-center\">\n                        <img decoding=\"async\" data-src=\"https:\/\/www.bonfiglioliconsulting.com\/wp-content\/uploads\/2021\/01\/banner-vuoto.png\" class=\"img-fluid mb-4 mb-lg-0 lazyload\" src=\"data:image\/svg+xml;base64,PHN2ZyB3aWR0aD0iMSIgaGVpZ2h0PSIxIiB4bWxucz0iaHR0cDovL3d3dy53My5vcmcvMjAwMC9zdmciPjwvc3ZnPg==\" style=\"--smush-placeholder-width: 295px; --smush-placeholder-aspect-ratio: 295\/177;\">                    <\/div>\n                                    <div class=\"col-12 col-sm-6 col-lg text-center\">\n                        <img decoding=\"async\" data-src=\"https:\/\/www.bonfiglioliconsulting.com\/wp-content\/uploads\/2021\/01\/banner-vuoto.png\" class=\"img-fluid mb-4 mb-lg-0 lazyload\" src=\"data:image\/svg+xml;base64,PHN2ZyB3aWR0aD0iMSIgaGVpZ2h0PSIxIiB4bWxucz0iaHR0cDovL3d3dy53My5vcmcvMjAwMC9zdmciPjwvc3ZnPg==\" style=\"--smush-placeholder-width: 295px; --smush-placeholder-aspect-ratio: 295\/177;\">                    <\/div>\n                                    <div class=\"col-12 col-sm-6 col-lg text-center\">\n                        <img decoding=\"async\" data-src=\"https:\/\/www.bonfiglioliconsulting.com\/wp-content\/uploads\/2021\/01\/banner-vuoto.png\" class=\"img-fluid mb-4 mb-lg-0 lazyload\" src=\"data:image\/svg+xml;base64,PHN2ZyB3aWR0aD0iMSIgaGVpZ2h0PSIxIiB4bWxucz0iaHR0cDovL3d3dy53My5vcmcvMjAwMC9zdmciPjwvc3ZnPg==\" style=\"--smush-placeholder-width: 295px; --smush-placeholder-aspect-ratio: 295\/177;\">                    <\/div>\n                                    <div class=\"col-12 col-sm-6 col-lg text-center\">\n                        <img decoding=\"async\" data-src=\"https:\/\/www.bonfiglioliconsulting.com\/wp-content\/uploads\/2021\/01\/banner-vuoto.png\" class=\"img-fluid mb-4 mb-lg-0 lazyload\" src=\"data:image\/svg+xml;base64,PHN2ZyB3aWR0aD0iMSIgaGVpZ2h0PSIxIiB4bWxucz0iaHR0cDovL3d3dy53My5vcmcvMjAwMC9zdmciPjwvc3ZnPg==\" style=\"--smush-placeholder-width: 295px; --smush-placeholder-aspect-ratio: 295\/177;\">                    <\/div>\n                            <\/div>\n        <\/div>\n    <\/div>\n","protected":false},"excerpt":{"rendered":null,"protected":false},"author":141,"featured_media":0,"parent":119,"menu_order":30,"comment_status":"closed","ping_status":"closed","template":"template-wide-blocchi.php","meta":{"_acf_changed":false,"footnotes":""},"tags":[],"class_list":["post-64","page","type-page","status-publish","hentry"],"acf":[],"yoast_head":"<!-- This site is optimized with the Yoast SEO plugin v27.4 - https:\/\/yoast.com\/product\/yoast-seo-wordpress\/ -->\n<title>Sviluppo e Innovazione Aziendale - Bonfiglioli Consulting<\/title>\n<meta name=\"description\" content=\"Bonfiglioli Consulting aiuta le imprese a generare un cambiamento per innovare e trasformare la loro offerta, aumentando il vantaggio competitivo.\" \/>\n<meta name=\"robots\" content=\"index, follow, max-snippet:-1, max-image-preview:large, max-video-preview:-1\" \/>\n<link rel=\"canonical\" href=\"https:\/\/www.bonfiglioliconsulting.com\/it\/aree-intervento\/innovazione\/\" \/>\n<meta property=\"og:locale\" content=\"it_IT\" \/>\n<meta property=\"og:type\" content=\"article\" \/>\n<meta property=\"og:title\" content=\"Sviluppo e Innovazione Aziendale - Bonfiglioli Consulting\" \/>\n<meta property=\"og:description\" content=\"Bonfiglioli Consulting aiuta le imprese a generare un cambiamento per innovare e trasformare la loro offerta, aumentando il vantaggio competitivo.\" \/>\n<meta property=\"og:url\" content=\"https:\/\/www.bonfiglioliconsulting.com\/it\/aree-intervento\/innovazione\/\" \/>\n<meta property=\"og:site_name\" content=\"Bonfiglioli Consulting\" \/>\n<meta property=\"article:modified_time\" content=\"2024-05-16T14:24:35+00:00\" \/>\n<meta name=\"twitter:card\" content=\"summary_large_image\" \/>\n<meta name=\"twitter:label1\" content=\"Tempo di lettura stimato\" \/>\n\t<meta name=\"twitter:data1\" content=\"2 minuti\" \/>\n<script type=\"application\/ld+json\" class=\"yoast-schema-graph\">{\"@context\":\"https:\\\/\\\/schema.org\",\"@graph\":[{\"@type\":\"WebPage\",\"@id\":\"https:\\\/\\\/www.bonfiglioliconsulting.com\\\/aree-intervento\\\/innovazione\\\/\",\"url\":\"https:\\\/\\\/www.bonfiglioliconsulting.com\\\/aree-intervento\\\/innovazione\\\/\",\"name\":\"Sviluppo e Innovazione Aziendale - Bonfiglioli Consulting\",\"isPartOf\":{\"@id\":\"https:\\\/\\\/www.bonfiglioliconsulting.com\\\/it\\\/#website\"},\"datePublished\":\"2016-05-26T14:04:33+00:00\",\"dateModified\":\"2024-05-16T14:24:35+00:00\",\"description\":\"Bonfiglioli Consulting aiuta le imprese a generare un cambiamento per innovare e trasformare la loro offerta, aumentando il vantaggio competitivo.\",\"inLanguage\":\"it-IT\",\"potentialAction\":[{\"@type\":\"ReadAction\",\"target\":[\"https:\\\/\\\/www.bonfiglioliconsulting.com\\\/aree-intervento\\\/innovazione\\\/\"]}]},{\"@type\":\"WebSite\",\"@id\":\"https:\\\/\\\/www.bonfiglioliconsulting.com\\\/it\\\/#website\",\"url\":\"https:\\\/\\\/www.bonfiglioliconsulting.com\\\/it\\\/\",\"name\":\"Bonfiglioli Consulting\",\"description\":\"\",\"potentialAction\":[{\"@type\":\"SearchAction\",\"target\":{\"@type\":\"EntryPoint\",\"urlTemplate\":\"https:\\\/\\\/www.bonfiglioliconsulting.com\\\/it\\\/?s={search_term_string}\"},\"query-input\":{\"@type\":\"PropertyValueSpecification\",\"valueRequired\":true,\"valueName\":\"search_term_string\"}}],\"inLanguage\":\"it-IT\"}]}<\/script>\n<!-- \/ Yoast SEO plugin. -->","yoast_head_json":{"title":"Sviluppo e Innovazione Aziendale - Bonfiglioli Consulting","description":"Bonfiglioli Consulting aiuta le imprese a generare un cambiamento per innovare e trasformare la loro offerta, aumentando il vantaggio competitivo.","robots":{"index":"index","follow":"follow","max-snippet":"max-snippet:-1","max-image-preview":"max-image-preview:large","max-video-preview":"max-video-preview:-1"},"canonical":"https:\/\/www.bonfiglioliconsulting.com\/it\/aree-intervento\/innovazione\/","og_locale":"it_IT","og_type":"article","og_title":"Sviluppo e Innovazione Aziendale - Bonfiglioli Consulting","og_description":"Bonfiglioli Consulting aiuta le imprese a generare un cambiamento per innovare e trasformare la loro offerta, aumentando il vantaggio competitivo.","og_url":"https:\/\/www.bonfiglioliconsulting.com\/it\/aree-intervento\/innovazione\/","og_site_name":"Bonfiglioli Consulting","article_modified_time":"2024-05-16T14:24:35+00:00","twitter_card":"summary_large_image","twitter_misc":{"Tempo di lettura stimato":"2 minuti"},"schema":{"@context":"https:\/\/schema.org","@graph":[{"@type":"WebPage","@id":"https:\/\/www.bonfiglioliconsulting.com\/aree-intervento\/innovazione\/","url":"https:\/\/www.bonfiglioliconsulting.com\/aree-intervento\/innovazione\/","name":"Sviluppo e Innovazione Aziendale - Bonfiglioli Consulting","isPartOf":{"@id":"https:\/\/www.bonfiglioliconsulting.com\/it\/#website"},"datePublished":"2016-05-26T14:04:33+00:00","dateModified":"2024-05-16T14:24:35+00:00","description":"Bonfiglioli Consulting aiuta le imprese a generare un cambiamento per innovare e trasformare la loro offerta, aumentando il vantaggio competitivo.","inLanguage":"it-IT","potentialAction":[{"@type":"ReadAction","target":["https:\/\/www.bonfiglioliconsulting.com\/aree-intervento\/innovazione\/"]}]},{"@type":"WebSite","@id":"https:\/\/www.bonfiglioliconsulting.com\/it\/#website","url":"https:\/\/www.bonfiglioliconsulting.com\/it\/","name":"Bonfiglioli Consulting","description":"","potentialAction":[{"@type":"SearchAction","target":{"@type":"EntryPoint","urlTemplate":"https:\/\/www.bonfiglioliconsulting.com\/it\/?s={search_term_string}"},"query-input":{"@type":"PropertyValueSpecification","valueRequired":true,"valueName":"search_term_string"}}],"inLanguage":"it-IT"}]}},"_links":{"self":[{"href":"https:\/\/www.bonfiglioliconsulting.com\/it\/wp-json\/wp\/v2\/pages\/64","targetHints":{"allow":["GET"]}}],"collection":[{"href":"https:\/\/www.bonfiglioliconsulting.com\/it\/wp-json\/wp\/v2\/pages"}],"about":[{"href":"https:\/\/www.bonfiglioliconsulting.com\/it\/wp-json\/wp\/v2\/types\/page"}],"author":[{"embeddable":true,"href":"https:\/\/www.bonfiglioliconsulting.com\/it\/wp-json\/wp\/v2\/users\/141"}],"replies":[{"embeddable":true,"href":"https:\/\/www.bonfiglioliconsulting.com\/it\/wp-json\/wp\/v2\/comments?post=64"}],"version-history":[{"count":3,"href":"https:\/\/www.bonfiglioliconsulting.com\/it\/wp-json\/wp\/v2\/pages\/64\/revisions"}],"predecessor-version":[{"id":57089,"href":"https:\/\/www.bonfiglioliconsulting.com\/it\/wp-json\/wp\/v2\/pages\/64\/revisions\/57089"}],"up":[{"embeddable":true,"href":"https:\/\/www.bonfiglioliconsulting.com\/it\/wp-json\/wp\/v2\/pages\/119"}],"wp:attachment":[{"href":"https:\/\/www.bonfiglioliconsulting.com\/it\/wp-json\/wp\/v2\/media?parent=64"}],"wp:term":[{"taxonomy":"post_tag","embeddable":true,"href":"https:\/\/www.bonfiglioliconsulting.com\/it\/wp-json\/wp\/v2\/tags?post=64"}],"curies":[{"name":"wp","href":"https:\/\/api.w.org\/{rel}","templated":true}]}}