{"id":5392,"date":"2018-07-31T09:34:58","date_gmt":"2018-07-31T07:34:58","guid":{"rendered":"https:\/\/www.bcsoa.it\/\/?page_id=5392"},"modified":"2018-10-03T11:47:32","modified_gmt":"2018-10-03T09:47:32","slug":"executive-digital-transformation-program","status":"publish","type":"page","link":"https:\/\/www.bonfiglioliconsulting.com\/it\/executive-digital-transformation-program\/","title":{"rendered":"Executive Digital Transformation Program"},"content":{"rendered":"<p>Sono aperte le iscrizioni all&#8217;<strong>Executive Digital Transformation Program<\/strong>, un percorso di <strong>6\u00a0giornate <\/strong>che fornisce gli strumenti per sviluppare la <strong>digital agenda<\/strong> e la <strong>roadmap digitale<\/strong> nella propria realt\u00e0 aziendale, in partenza dal <strong>19 ottobre 2018<\/strong>.<\/p>\n<p>Il percorso prevede un connubio tra modelli teorici e casi pratici non solo in aula, ma anche attraverso visite sul campo di aziende eccellenti di riferimento che hanno gi\u00e0 implementato con successo la trasformazione digitale e si svolger\u00e0 all&#8217;interno della <a href=\"https:\/\/www.leanfactoryschool.it\/\">Lean Factory School\u00ae<\/a>.<\/p>\n<p>Tutti gli argomenti verranno affrontati attraverso tavole rotonde, workshop interattivi e visite in aziende eccellenti di riferimento che hanno gi\u00e0 implementato con successo la trasformazione digitale, tra le quali la Smart Factory URUS di Automobili Lamborghini SpA e Dana Fluid Power SpA.<\/p>\n<p>Gli argomenti che saranno approfonditi:<\/p>\n<ul>\n<li><strong>Business Model Revolution<\/strong>: presentazione dell&#8217;approccio Lean &amp; Digital e del livello di maturit\u00e0 di Industry 4.0 in Italia rispetto al contesto internazionale<\/li>\n<li><strong>Digital Empathy<\/strong>: sperimentare le potenzialit\u00e0 delle tecnologie abilitanti all\u2019interno della Lean Factory School\u00ae<\/li>\n<li><strong>Technology Revolution<\/strong>: integrazione verticale e orizzontale, Big Data &amp; Analytics, Cloud, IoT, Artificial Intelligence<\/li>\n<li><strong>People Evolution<\/strong>: come affrontare l\u2019impatto delle tecnologie sulle Risorse Umane<\/li>\n<li><strong>Digital Agenda<\/strong>: come costruire la propria digital agenda<\/li>\n<\/ul>\n<p><strong>DESTINATARI<br \/>\n<\/strong>Il percorso \u00e8 rivolto a chi riveste un ruolo di direzione e gestione aziendale. L\u2019iscrizione non \u00e8 nominativa ma \u00e8 rivolta al Team Aziendale coinvolto nella Digital Trasformation. Il percorso \u00e8 strutturato in 6 moduli tematici ai quali possono partecipare figure aziendali diverse &#8211; Imprenditori, CEO, General Manager, COO, CTO, CIO, Innovation Manager, Plant Manager, Manufacturing Manager, Quality Manager &#8211; a seconda dei temi di interesse.<\/p>\n<p><strong>MODALITA&#8217; DI PARTECIPAZIONE<br \/>\n<\/strong><strong>Sede:<\/strong> Lean Factory School\u00ae<br \/>\n<strong>Svolgimento:<\/strong> 6 giornate<br \/>\n<strong>Docenti:<\/strong> Partner qualificati, testimonial dal mondo delle imprese e docenti di prestigio<\/p>\n<div id=\"modalita\" class=\"course-meta course-modalita offset\"><strong>Quota di iscrizione:<\/strong> \u20ac 3600 (+ IVA)<\/div>\n<p>La quota \u00e8 comprensiva di coffee break, pranzo e materiale didattico rilasciato in formato elettronico.<\/p>\n<p>Scarica <a href=\"https:\/\/www.bonfiglioliconsulting.com\/wp-content\/uploads\/2018\/10\/Executive-Digital-Transformation-Program-BROCHURE-v4.pdf\">QUI<\/a> la <strong>Brochure\u00a0<\/strong> e vai al <a href=\"https:\/\/www.bonfiglioliconsulting.com\/executive-digital-transformation-program\/programma-del-corso-executive-digital-transformation-program\/\">programma dettagliato<\/a><\/p>\n<p>Completa il percorso la partecipazione facoltativa al <a href=\"https:\/\/www.leanfactoryschool.it\/news\/lean-factory-silicon-valley-study-tour-2018\/\">Lean Factory Silicon Valley Study Tour 2018\u00a0<\/a><\/p>\n<p>Il Viaggio Studio si svolger\u00e0 dal 12 al 16 novembre 2018 e permetter\u00e0 di vivere un\u2019esperienza Lean&amp;Digital\u00a0 a 360\u00b0<\/p>\n<p>Saranno approfonditi i temi dell\u2019 <strong>Open Innovation<\/strong>, dell\u2019 <strong>Artificial Intelligence<\/strong>, <strong>Blockchain<\/strong>, <strong>Fast Prototyping<\/strong> e <strong>Design applicato al Manufacturing<\/strong>, attraverso un accesso privilegiato a stabilimenti produttivi Industry 4.0 come <strong>Bestronics Inc<\/strong>. e <strong>Tesla Gigafactory<\/strong>, Workshop Innovativi presso l\u2019Universit\u00e0 di Berkeley e incontri con Startup e aziende all\u2019avanguardia (come <strong>Astro<\/strong> e <strong>Kaizen Dynamic)<\/strong>.<\/p>\n<p>Per ulteriori informazioni contattare la Segreteria Organizzativa <a href=\"mailto:international@bcsoa.it\">international@bcsoa.it<\/a><\/p>\n","protected":false},"excerpt":{"rendered":null,"protected":false},"author":73,"featured_media":0,"parent":0,"menu_order":0,"comment_status":"closed","ping_status":"closed","template":"","meta":{"_acf_changed":false,"footnotes":""},"tags":[],"class_list":["post-5392","page","type-page","status-publish","hentry"],"acf":[],"yoast_head":"<!-- This site is optimized with the Yoast SEO plugin v27.5 - https:\/\/yoast.com\/product\/yoast-seo-wordpress\/ -->\n<title>Executive Digital Transformation Program - Bonfiglioli Consulting<\/title>\n<meta name=\"description\" content=\"Un percorso di 6 giornate che fornisce gli strumenti per sviluppare la digital agenda e la roadmap digitale nella propria realt\u00e0 aziendale.\" \/>\n<meta name=\"robots\" content=\"index, follow, max-snippet:-1, max-image-preview:large, max-video-preview:-1\" \/>\n<link rel=\"canonical\" href=\"https:\/\/www.bonfiglioliconsulting.com\/it\/executive-digital-transformation-program\/\" \/>\n<meta property=\"og:locale\" content=\"it_IT\" \/>\n<meta property=\"og:type\" content=\"article\" \/>\n<meta property=\"og:title\" content=\"Executive Digital Transformation Program - Bonfiglioli Consulting\" \/>\n<meta property=\"og:description\" content=\"Un percorso di 6 giornate che fornisce gli strumenti per sviluppare la digital agenda e la roadmap digitale nella propria realt\u00e0 aziendale.\" \/>\n<meta property=\"og:url\" content=\"https:\/\/www.bonfiglioliconsulting.com\/it\/executive-digital-transformation-program\/\" \/>\n<meta property=\"og:site_name\" content=\"Bonfiglioli Consulting\" \/>\n<meta property=\"article:modified_time\" content=\"2018-10-03T09:47:32+00:00\" \/>\n<meta name=\"twitter:card\" content=\"summary_large_image\" \/>\n<meta name=\"twitter:label1\" content=\"Tempo di lettura stimato\" \/>\n\t<meta name=\"twitter:data1\" content=\"2 minuti\" \/>\n<script type=\"application\/ld+json\" class=\"yoast-schema-graph\">{\"@context\":\"https:\\\/\\\/schema.org\",\"@graph\":[{\"@type\":\"WebPage\",\"@id\":\"https:\\\/\\\/www.bonfiglioliconsulting.com\\\/en\\\/executive-digital-transformation-program\\\/\",\"url\":\"https:\\\/\\\/www.bonfiglioliconsulting.com\\\/en\\\/executive-digital-transformation-program\\\/\",\"name\":\"Executive Digital Transformation Program - Bonfiglioli Consulting\",\"isPartOf\":{\"@id\":\"https:\\\/\\\/www.bonfiglioliconsulting.com\\\/it\\\/#website\"},\"datePublished\":\"2018-07-31T07:34:58+00:00\",\"dateModified\":\"2018-10-03T09:47:32+00:00\",\"description\":\"Un percorso di 6 giornate che fornisce gli strumenti per sviluppare la digital agenda e la roadmap digitale nella propria realt\u00e0 aziendale.\",\"inLanguage\":\"it-IT\",\"potentialAction\":[{\"@type\":\"ReadAction\",\"target\":[\"https:\\\/\\\/www.bonfiglioliconsulting.com\\\/en\\\/executive-digital-transformation-program\\\/\"]}]},{\"@type\":\"WebSite\",\"@id\":\"https:\\\/\\\/www.bonfiglioliconsulting.com\\\/it\\\/#website\",\"url\":\"https:\\\/\\\/www.bonfiglioliconsulting.com\\\/it\\\/\",\"name\":\"Bonfiglioli Consulting\",\"description\":\"\",\"potentialAction\":[{\"@type\":\"SearchAction\",\"target\":{\"@type\":\"EntryPoint\",\"urlTemplate\":\"https:\\\/\\\/www.bonfiglioliconsulting.com\\\/it\\\/?s={search_term_string}\"},\"query-input\":{\"@type\":\"PropertyValueSpecification\",\"valueRequired\":true,\"valueName\":\"search_term_string\"}}],\"inLanguage\":\"it-IT\"}]}<\/script>\n<!-- \/ Yoast SEO plugin. -->","yoast_head_json":{"title":"Executive Digital Transformation Program - Bonfiglioli Consulting","description":"Un percorso di 6 giornate che fornisce gli strumenti per sviluppare la digital agenda e la roadmap digitale nella propria realt\u00e0 aziendale.","robots":{"index":"index","follow":"follow","max-snippet":"max-snippet:-1","max-image-preview":"max-image-preview:large","max-video-preview":"max-video-preview:-1"},"canonical":"https:\/\/www.bonfiglioliconsulting.com\/it\/executive-digital-transformation-program\/","og_locale":"it_IT","og_type":"article","og_title":"Executive Digital Transformation Program - Bonfiglioli Consulting","og_description":"Un percorso di 6 giornate che fornisce gli strumenti per sviluppare la digital agenda e la roadmap digitale nella propria realt\u00e0 aziendale.","og_url":"https:\/\/www.bonfiglioliconsulting.com\/it\/executive-digital-transformation-program\/","og_site_name":"Bonfiglioli Consulting","article_modified_time":"2018-10-03T09:47:32+00:00","twitter_card":"summary_large_image","twitter_misc":{"Tempo di lettura stimato":"2 minuti"},"schema":{"@context":"https:\/\/schema.org","@graph":[{"@type":"WebPage","@id":"https:\/\/www.bonfiglioliconsulting.com\/en\/executive-digital-transformation-program\/","url":"https:\/\/www.bonfiglioliconsulting.com\/en\/executive-digital-transformation-program\/","name":"Executive Digital Transformation Program - Bonfiglioli Consulting","isPartOf":{"@id":"https:\/\/www.bonfiglioliconsulting.com\/it\/#website"},"datePublished":"2018-07-31T07:34:58+00:00","dateModified":"2018-10-03T09:47:32+00:00","description":"Un percorso di 6 giornate che fornisce gli strumenti per sviluppare la digital agenda e la roadmap digitale nella propria realt\u00e0 aziendale.","inLanguage":"it-IT","potentialAction":[{"@type":"ReadAction","target":["https:\/\/www.bonfiglioliconsulting.com\/en\/executive-digital-transformation-program\/"]}]},{"@type":"WebSite","@id":"https:\/\/www.bonfiglioliconsulting.com\/it\/#website","url":"https:\/\/www.bonfiglioliconsulting.com\/it\/","name":"Bonfiglioli Consulting","description":"","potentialAction":[{"@type":"SearchAction","target":{"@type":"EntryPoint","urlTemplate":"https:\/\/www.bonfiglioliconsulting.com\/it\/?s={search_term_string}"},"query-input":{"@type":"PropertyValueSpecification","valueRequired":true,"valueName":"search_term_string"}}],"inLanguage":"it-IT"}]}},"_links":{"self":[{"href":"https:\/\/www.bonfiglioliconsulting.com\/it\/wp-json\/wp\/v2\/pages\/5392","targetHints":{"allow":["GET"]}}],"collection":[{"href":"https:\/\/www.bonfiglioliconsulting.com\/it\/wp-json\/wp\/v2\/pages"}],"about":[{"href":"https:\/\/www.bonfiglioliconsulting.com\/it\/wp-json\/wp\/v2\/types\/page"}],"author":[{"embeddable":true,"href":"https:\/\/www.bonfiglioliconsulting.com\/it\/wp-json\/wp\/v2\/users\/73"}],"replies":[{"embeddable":true,"href":"https:\/\/www.bonfiglioliconsulting.com\/it\/wp-json\/wp\/v2\/comments?post=5392"}],"version-history":[{"count":6,"href":"https:\/\/www.bonfiglioliconsulting.com\/it\/wp-json\/wp\/v2\/pages\/5392\/revisions"}],"predecessor-version":[{"id":5928,"href":"https:\/\/www.bonfiglioliconsulting.com\/it\/wp-json\/wp\/v2\/pages\/5392\/revisions\/5928"}],"wp:attachment":[{"href":"https:\/\/www.bonfiglioliconsulting.com\/it\/wp-json\/wp\/v2\/media?parent=5392"}],"wp:term":[{"taxonomy":"post_tag","embeddable":true,"href":"https:\/\/www.bonfiglioliconsulting.com\/it\/wp-json\/wp\/v2\/tags?post=5392"}],"curies":[{"name":"wp","href":"https:\/\/api.w.org\/{rel}","templated":true}]}}