{"id":5097,"date":"2018-05-28T17:59:27","date_gmt":"2018-05-28T15:59:27","guid":{"rendered":"https:\/\/www.bcsoa.it\/\/?page_id=5097"},"modified":"2025-01-10T18:58:49","modified_gmt":"2025-01-10T17:58:49","slug":"informativa-sulla-privacy-soa","status":"publish","type":"page","link":"https:\/\/www.bonfiglioliconsulting.com\/it\/informativa-sulla-privacy-soa\/","title":{"rendered":"Informativa sulla Privacy SOA"},"content":{"rendered":"<p>Ai sensi dell&#8217;art. 13 del D. Lgs 196\/2003 (di seguito \u201cCodice Privacy\u201d) e dell\u2019art. 13 del Regolamento 2016\/679\/UE (di seguito \u201cRegolamento\u201d) Soa Risorse Umane S.r.l. con sede in Via Isonzo 61, 40033 Casalecchio di Reno (BO), C.F. e P.IVA 02254081207, nella propria qualit\u00e0 di Titolare del trattamento (di seguito \u201cIl Titolare\u201d) la informa di quanto segue:<\/p>\n<p>FINALITA&#8217; DEL TRATTAMENTO<\/p>\n<p>I dati personali saranno trattati in modo lecito e secondo correttezza per le finalit\u00e0 di svolgimento, da parte del Titolare, di attivit\u00e0 di ricerca, selezione e valutazione del personale, nell&#8217;interesse di Enti, Organizzazioni e Societ\u00e0 Clienti o per la propria struttura organizzativa.<\/p>\n<p>Il trattamento dei dati si svolger\u00e0 in conformit\u00e0 con quanto previsto dal Codice Privacy e dal Regolamento e sar\u00e0 effettuato sia manualmente sia con l&#8217;ausilio di mezzi informatici e telematici.<\/p>\n<p>I dati saranno conservati in archivi cartacei ed elettronici, in modo da consentire l&#8217;individuazione e la selezione di dati aggregati o specifici.<\/p>\n<p>MODALITA\u2019 DEL TRATTAMENTO<\/p>\n<p>La raccolta dei dati avviene mediante invio al Titolare (a mezzo posta, fax, e-mail o lettera a mano) da parte degli interessati delle informazioni relative alla propria esperienza professionale\u00a0 sotto forma di Curriculum Vitae (di seguito \u201cC.V.\u201d).<\/p>\n<p>I dati verranno raccolti, nel rispetto della sicurezza e della riservatezza necessarie, attraverso le seguenti modalit\u00e0:<\/p>\n<p>&#8211; presso l\u2019interessato;<\/p>\n<p>&#8211; con test psicoattitudinali;<\/p>\n<p>&#8211; con schede e\/o coupon e\/o questionari;<\/p>\n<p>&#8211; in Banche Dati attraverso l\u2019ausilio di strumenti elettronici;<\/p>\n<p>L&#8217;invio del proprio C.V. da parte dell&#8217;interessato al Titolare, pu\u00f2 rappresentare:<\/p>\n<ol>\n<li>a) una candidatura spontanea;<\/li>\n<li>b) la risposta a specifici annunci di ricerca e selezione del personale per conto terzi pubblicati dal Titolare su qualsiasi mezzo di comunicazione.<\/li>\n<\/ol>\n<p>La raccolta riguarda soltanto i dati comuni che saranno oggetto di trattamento nei limiti strettamente pertinenti agli obblighi, ai compiti ed alle finalit\u00e0 indicate sopra.<\/p>\n<p>L&#8217;interessato, pertanto, non dovr\u00e0 conferire dati idonei a rivelare lo stato di salute, l&#8217;origine razziale ed etnica, le convinzioni religiose, le opinioni politiche, la vita sessuale e tutte le informazioni qualificabili come dati sensibili ai sensi del Codice Privacy.<\/p>\n<p>BASE GIURIDICA E NATURA DEL CONFERIMENTO<\/p>\n<p>Sia nel caso in cui i dati personali siano forniti per candidature spontanee, vale a dire non in risposta ad una specifica inserzione, sia nel caso in cui i dati personali siano forniti dall&#8217;interessato indicando il riferimento ad un annuncio specifico, il trattamento dei dati stessi sar\u00e0 attuato dal Titolare soltanto sulla base e per effetto del consenso scritto (e non orale) esplicitamente e liberamente prestato dall\u2019interessato.<\/p>\n<p>La natura facoltativa e non obbligatoria del consenso al trattamento dei dati da parte dell&#8217;interessato comporta &#8211; nel caso di sua mancanza &#8211; l&#8217;impossibilit\u00e0 per il Titolare di considerare la candidatura dell&#8217;interessato nell&#8217;ambito di una procedura di selezione e valutazione del personale.<\/p>\n<p>&nbsp;<\/p>\n<p>COMUNICAZIONE E DIFFUSIONE DEI DATI<\/p>\n<p>Per il perseguimento delle finalit\u00e0 indicate sopra i dati personali trasmessi dall\u2019interessato potranno essere comunicati ai soggetti clienti, pubblici o privati che abbiano conferito al Titolare mandato di svolgere in loro favore attivit\u00e0 di ricerca, selezione e valutazione del personale.<\/p>\n<p>La comunicazione sar\u00e0 effettuata soltanto nel caso di preventivo consenso dell&#8217;interessato che sar\u00e0 formalizzato:<\/p>\n<ul>\n<li>per i C.V. caricati sul sito internet del Titolare con le modalit\u00e0 descritte all\u2019interno del sito medesimo;<\/li>\n<li>per i C.V. spediti con posta elettronica o cartacea mediante la sottoscrizione della apposita dichiarazione in calce al formulario compilato in sede di colloquio.<\/li>\n<\/ul>\n<p>Per le finalit\u00e0 indicate sopra e per quanto strettamente richiesto in relazione alla procedura di selezione o valutazione approfondita del personale, i dati personali dell&#8217;interessato potranno essere comunicati e\/o diffusi anche a:<\/p>\n<ul>\n<li>soggetti, esterni al Titolare, vale a dire addetti alla gestione e alla manutenzione degli strumenti elettronici, in qualit\u00e0 di responsabili esterni del trattamento.<\/li>\n<\/ul>\n<p>CONSERVAZIONE DEI DATI<\/p>\n<p>La conservazione dei dati sar\u00e0 effettuata dall\u2019organizzazione del Titolare per il tempo strettamente necessario per le finalit\u00e0 indicate sopra e non potr\u00e0 superare il termine di dieci anni decorrenti dal giorno in cui sono stati ricevuti.<\/p>\n<p>Il trattamento verr\u00e0 effettuato con logiche strettamente correlate alle finalit\u00e0 indicate e con modalit\u00e0 che garantiscano la sicurezza e la riservatezza dei dati medesimi.<\/p>\n<p>DIRITTI DELL&#8217;INTERESSATO<\/p>\n<p>L\u2019interessato ha diritto di:<\/p>\n<ul>\n<li>ottenere dal Titolare la conferma dell&#8217;esistenza o meno di dati personali che lo riguardano e la messa a disposizione dei medesimi in forma intelligibile;<\/li>\n<li>conoscere l&#8217;origine dei dati, la logica e le finalit\u00e0 su cui si basa il loro trattamento;<\/li>\n<li>ottenere dal Titolare la cancellazione, la trasformazione in forma anonima o il blocco dei dati trattati in violazione della legge, come pure l&#8217;aggiornamento, la rettificazione o, qualora l&#8217;interessato vi abbia interesse, l&#8217;integrazione dei dati medesimi;<\/li>\n<li>opporsi in tutto o in parte, per motivi legittimi, al trattamento dei propri dati personali ancorch\u00e9 pertinenti allo scopo della raccolta;<\/li>\n<li>opporsi in tutto o in parte al trattamento previsto ai fini di informazione commerciale o di invio di materiale pubblicitario;<\/li>\n<li>revocare il consenso in qualsiasi momento senza pregiudicare la liceit\u00e0 del trattamento basata sul consenso prestato in precedenza;<\/li>\n<li>proporre reclamo ad una autorit\u00e0 di controllo;<\/li>\n<li>conoscere l\u2019esistenza di un processo decisionale automatizzato, le informazioni sulla logica utilizzata e le conseguenze previste in caso di trattamento.<\/li>\n<\/ul>\n","protected":false},"excerpt":{"rendered":null,"protected":false},"author":109,"featured_media":0,"parent":0,"menu_order":0,"comment_status":"closed","ping_status":"closed","template":"","meta":{"_acf_changed":false,"footnotes":""},"tags":[],"class_list":["post-5097","page","type-page","status-publish","hentry"],"acf":[],"yoast_head":"<!-- This site is optimized with the Yoast SEO plugin v27.4 - https:\/\/yoast.com\/product\/yoast-seo-wordpress\/ -->\n<title>Informativa sulla Privacy SOA - Bonfiglioli Consulting<\/title>\n<meta name=\"description\" content=\"Informativa sulla Privacy: Consulta la politica di Bonfiglioli Consulting per la gestione della privacy e della sicurezza dei dati.\" \/>\n<meta name=\"robots\" content=\"index, follow, max-snippet:-1, max-image-preview:large, max-video-preview:-1\" \/>\n<link rel=\"canonical\" href=\"https:\/\/www.bonfiglioliconsulting.com\/it\/informativa-sulla-privacy-soa\/\" \/>\n<meta property=\"og:locale\" content=\"it_IT\" \/>\n<meta property=\"og:type\" content=\"article\" \/>\n<meta property=\"og:title\" content=\"Informativa sulla Privacy SOA - Bonfiglioli Consulting\" \/>\n<meta property=\"og:description\" content=\"Informativa sulla Privacy: Consulta la politica di Bonfiglioli Consulting per la gestione della privacy e della sicurezza dei dati.\" \/>\n<meta property=\"og:url\" content=\"https:\/\/www.bonfiglioliconsulting.com\/it\/informativa-sulla-privacy-soa\/\" \/>\n<meta property=\"og:site_name\" content=\"Bonfiglioli Consulting\" \/>\n<meta property=\"article:modified_time\" content=\"2025-01-10T17:58:49+00:00\" \/>\n<meta name=\"twitter:card\" content=\"summary_large_image\" \/>\n<meta name=\"twitter:label1\" content=\"Tempo di lettura stimato\" \/>\n\t<meta name=\"twitter:data1\" content=\"5 minuti\" \/>\n<script type=\"application\/ld+json\" class=\"yoast-schema-graph\">{\"@context\":\"https:\\\/\\\/schema.org\",\"@graph\":[{\"@type\":\"WebPage\",\"@id\":\"https:\\\/\\\/www.bonfiglioliconsulting.com\\\/informativa-sulla-privacy-soa\\\/\",\"url\":\"https:\\\/\\\/www.bonfiglioliconsulting.com\\\/informativa-sulla-privacy-soa\\\/\",\"name\":\"Informativa sulla Privacy SOA - Bonfiglioli Consulting\",\"isPartOf\":{\"@id\":\"https:\\\/\\\/www.bonfiglioliconsulting.com\\\/it\\\/#website\"},\"datePublished\":\"2018-05-28T15:59:27+00:00\",\"dateModified\":\"2025-01-10T17:58:49+00:00\",\"description\":\"Informativa sulla Privacy: Consulta la politica di Bonfiglioli Consulting per la gestione della privacy e della sicurezza dei dati.\",\"inLanguage\":\"it-IT\",\"potentialAction\":[{\"@type\":\"ReadAction\",\"target\":[\"https:\\\/\\\/www.bonfiglioliconsulting.com\\\/informativa-sulla-privacy-soa\\\/\"]}]},{\"@type\":\"WebSite\",\"@id\":\"https:\\\/\\\/www.bonfiglioliconsulting.com\\\/it\\\/#website\",\"url\":\"https:\\\/\\\/www.bonfiglioliconsulting.com\\\/it\\\/\",\"name\":\"Bonfiglioli Consulting\",\"description\":\"\",\"potentialAction\":[{\"@type\":\"SearchAction\",\"target\":{\"@type\":\"EntryPoint\",\"urlTemplate\":\"https:\\\/\\\/www.bonfiglioliconsulting.com\\\/it\\\/?s={search_term_string}\"},\"query-input\":{\"@type\":\"PropertyValueSpecification\",\"valueRequired\":true,\"valueName\":\"search_term_string\"}}],\"inLanguage\":\"it-IT\"}]}<\/script>\n<!-- \/ Yoast SEO plugin. -->","yoast_head_json":{"title":"Informativa sulla Privacy SOA - Bonfiglioli Consulting","description":"Informativa sulla Privacy: Consulta la politica di Bonfiglioli Consulting per la gestione della privacy e della sicurezza dei dati.","robots":{"index":"index","follow":"follow","max-snippet":"max-snippet:-1","max-image-preview":"max-image-preview:large","max-video-preview":"max-video-preview:-1"},"canonical":"https:\/\/www.bonfiglioliconsulting.com\/it\/informativa-sulla-privacy-soa\/","og_locale":"it_IT","og_type":"article","og_title":"Informativa sulla Privacy SOA - Bonfiglioli Consulting","og_description":"Informativa sulla Privacy: Consulta la politica di Bonfiglioli Consulting per la gestione della privacy e della sicurezza dei dati.","og_url":"https:\/\/www.bonfiglioliconsulting.com\/it\/informativa-sulla-privacy-soa\/","og_site_name":"Bonfiglioli Consulting","article_modified_time":"2025-01-10T17:58:49+00:00","twitter_card":"summary_large_image","twitter_misc":{"Tempo di lettura stimato":"5 minuti"},"schema":{"@context":"https:\/\/schema.org","@graph":[{"@type":"WebPage","@id":"https:\/\/www.bonfiglioliconsulting.com\/informativa-sulla-privacy-soa\/","url":"https:\/\/www.bonfiglioliconsulting.com\/informativa-sulla-privacy-soa\/","name":"Informativa sulla Privacy SOA - Bonfiglioli Consulting","isPartOf":{"@id":"https:\/\/www.bonfiglioliconsulting.com\/it\/#website"},"datePublished":"2018-05-28T15:59:27+00:00","dateModified":"2025-01-10T17:58:49+00:00","description":"Informativa sulla Privacy: Consulta la politica di Bonfiglioli Consulting per la gestione della privacy e della sicurezza dei dati.","inLanguage":"it-IT","potentialAction":[{"@type":"ReadAction","target":["https:\/\/www.bonfiglioliconsulting.com\/informativa-sulla-privacy-soa\/"]}]},{"@type":"WebSite","@id":"https:\/\/www.bonfiglioliconsulting.com\/it\/#website","url":"https:\/\/www.bonfiglioliconsulting.com\/it\/","name":"Bonfiglioli Consulting","description":"","potentialAction":[{"@type":"SearchAction","target":{"@type":"EntryPoint","urlTemplate":"https:\/\/www.bonfiglioliconsulting.com\/it\/?s={search_term_string}"},"query-input":{"@type":"PropertyValueSpecification","valueRequired":true,"valueName":"search_term_string"}}],"inLanguage":"it-IT"}]}},"_links":{"self":[{"href":"https:\/\/www.bonfiglioliconsulting.com\/it\/wp-json\/wp\/v2\/pages\/5097","targetHints":{"allow":["GET"]}}],"collection":[{"href":"https:\/\/www.bonfiglioliconsulting.com\/it\/wp-json\/wp\/v2\/pages"}],"about":[{"href":"https:\/\/www.bonfiglioliconsulting.com\/it\/wp-json\/wp\/v2\/types\/page"}],"author":[{"embeddable":true,"href":"https:\/\/www.bonfiglioliconsulting.com\/it\/wp-json\/wp\/v2\/users\/109"}],"replies":[{"embeddable":true,"href":"https:\/\/www.bonfiglioliconsulting.com\/it\/wp-json\/wp\/v2\/comments?post=5097"}],"version-history":[{"count":1,"href":"https:\/\/www.bonfiglioliconsulting.com\/it\/wp-json\/wp\/v2\/pages\/5097\/revisions"}],"predecessor-version":[{"id":5098,"href":"https:\/\/www.bonfiglioliconsulting.com\/it\/wp-json\/wp\/v2\/pages\/5097\/revisions\/5098"}],"wp:attachment":[{"href":"https:\/\/www.bonfiglioliconsulting.com\/it\/wp-json\/wp\/v2\/media?parent=5097"}],"wp:term":[{"taxonomy":"post_tag","embeddable":true,"href":"https:\/\/www.bonfiglioliconsulting.com\/it\/wp-json\/wp\/v2\/tags?post=5097"}],"curies":[{"name":"wp","href":"https:\/\/api.w.org\/{rel}","templated":true}]}}