{"id":46693,"date":"2023-07-26T14:47:57","date_gmt":"2023-07-26T12:47:57","guid":{"rendered":"https:\/\/www.bcsoa.it\/?page_id=46693"},"modified":"2025-01-10T13:25:27","modified_gmt":"2025-01-10T12:25:27","slug":"digital-x","status":"publish","type":"page","link":"https:\/\/www.bonfiglioliconsulting.com\/it\/servizi\/digital-x\/","title":{"rendered":"Digital x"},"content":{"rendered":"<div id=\"saz-block-block_4f11a92c2aa80839d41ad5f0590a405c\" class=\"d-none saz-block saz-block-acf-hero-servizi  bg-light bg-hero-servizi-eventi hero_overlay_parent vv lazyload\"\n     style=\"background:inherit; background-size:cover;\" data-bg=\"url(https:\/\/www.bonfiglioliconsulting.com\/wp-content\/uploads\/2020\/12\/BONFIGLIOLI-DIGITALIZATION-black-scaled.jpg) center top no-repeat transparent\">\n    <div class=\"hero_overlay\"><\/div>\n    <div class=\"container hero_content\">\n        <div class=\"row align-items-end\">\n            <div class=\"col-12\">\n                 \n                    <div class=\"mt-3 mb-2 text-white\"><div class=\"breadcrumbs\"><span property=\"itemListElement\" typeof=\"ListItem\"><a property=\"item\" typeof=\"WebPage\" title=\"Vai a Bonfiglioli Consulting.\" href=\"https:\/\/www.bonfiglioliconsulting.com\/it\" class=\"home\"><span property=\"name\">Home<\/span><\/a><meta property=\"position\" content=\"1\"><\/span><\/div><script type=\"application\/ld+json\">{\"@context\":\"http:\/\/schema.org\",\"@type\":\"BreadcrumbList\",\"itemListElement\":[{\"@type\":\"ListItem\",\"position\":1,\"item\":{\"@id\":\"https:\/\/www.bonfiglioliconsulting.com\/it\",\"name\":\"Bonfiglioli Consulting\"}}]}<\/script><\/div>\n                                \n                                    <h1 class=\"has-huge-font-size font-weight-bold mb-0 text-white\">Digital x<\/h1>\n                                                    <h2 class=\"has-medium-font-size my-3 font-weight-normal text-white\">Trasformare i processi e qualificare le decisioni<\/h2>\n                                <div class=\"mb-5 pb-4 pb-md-5\"><\/div>\n            <\/div>\n        <\/div>\n    <\/div>\n    <svg class=\"onda-destra\" id=\"onda\" data-name=\"onda\" xmlns=\"http:\/\/www.w3.org\/2000\/svg\" viewBox=\"0 0 1000 180\"><path class=\"cls-1\" d=\"M0,180H1000V.4S458.72-.5,279.85.4c-49,.25-68.29,7.31-161.7,105.9C94.46,131.3,49.5,174.7,0,180Z\" transform=\"translate(0 0)\" style=\"fill: #ffffff\"\/><\/svg>\n<\/div>\n\n\n<section class=\"n_archive_hero lazyload\" style=\"background-image:inherit;\" data-bg-image=\"url(https:\/\/www.bonfiglioliconsulting.com\/wp-content\/uploads\/2020\/12\/BONFIGLIOLI-DIGITALIZATION-black-scaled.jpg)\"> \n    <div class=\"container h-100 position-relative\">\n        <div class=\"d-flex items-center h-100\">\n            <div class=\"n_archive_hero_content align-self-end text-white\">\n                <div class=\"text-white\">\n                <div class=\"breadcrumbs\">\n                 \n                    <div class=\"mt-3 mb-2 text-white\"><div class=\"breadcrumbs\"><span property=\"itemListElement\" typeof=\"ListItem\"><a property=\"item\" typeof=\"WebPage\" title=\"Vai a Bonfiglioli Consulting.\" href=\"https:\/\/www.bonfiglioliconsulting.com\/it\" class=\"home\"><span property=\"name\">Home<\/span><\/a><meta property=\"position\" content=\"1\"><\/span><\/div><script type=\"application\/ld+json\">{\"@context\":\"http:\/\/schema.org\",\"@type\":\"BreadcrumbList\",\"itemListElement\":[{\"@type\":\"ListItem\",\"position\":1,\"item\":{\"@id\":\"https:\/\/www.bonfiglioliconsulting.com\/it\",\"name\":\"Bonfiglioli Consulting\"}}]}<\/script><\/div>\n                                <\/div>\n                <\/div>\n                \n                \n                \n                                      <h1 class=\"text-white text-white\">Digital x<\/h1>\n                                \n                                    <div class=\"n_archive_desc\"> \n                     <p class=\"text-white\">\n                       Trasformare i processi e qualificare le decisioni                     <\/p>\n                    <\/div>  \n                                \n\n<\/div>\n        <\/div>\n    <\/div>\n    <div class=\"right_white_shape\">\n        <svg xmlns=\"http:\/\/www.w3.org\/2000\/svg\" viewBox=\"0 0 1000 180\">\n            <path class=\"cls-1\" d=\"M0,180H1000V.4S458.72-.5,279.85.4c-49,.25-68.29,7.31-161.7,105.9C94.46,131.3,49.5,174.7,0,180Z\" transform=\"translate(0 0)\"><\/path>\n        <\/svg>\n    <\/div>\n<\/section><div id=\"saz-block-id-3uTFMLNc0eOq\" class=\"saz-block saz-block\"><div class=\"container\"><div class=\"row\"><div class=\"col-12 col-lg-8 offset-lg-2\">\n\n<\/div><\/div><\/div><\/div><div id=\"saz-block-id-OUs00qxSe7wq\" class=\"saz-block saz-block-core-spacer saz-block-height-20px\"><div class=\"container\"><div class=\"row\"><div class=\"col-12 col-lg-8 offset-lg-2\">\n<div style=\"height:20px\" aria-hidden=\"true\" class=\"wp-block-spacer\"><\/div>\n<\/div><\/div><\/div><\/div><div id=\"saz-block-id-L2enL2zuB6G6\" class=\"saz-block saz-block\"><div class=\"container\"><div class=\"row\"><div class=\"col-12 col-lg-8 offset-lg-2\">\n\n<\/div><\/div><\/div><\/div><div id=\"saz-block-id-ZZIsokcbz9bl\" class=\"saz-block saz-block-core-heading saz-block-level-array\"><div class=\"container\"><div class=\"row\"><div class=\"col-12 col-lg-8 offset-lg-2\">\n<h3 class=\"wp-block-heading\">In un mercato sempre pi\u00f9 volatile e incerto, \u00e8 necessario sostenere la competitivit\u00e0 con <strong>l\u2019accelerazione e l\u2019integrazione dei processi.<\/strong> Le tecnologie digitali consentono di <strong>aggiungere valore e qualit\u00e0 <\/strong>ai processi operativi e alle relazioni con i clienti.<\/h3>\n<\/div><\/div><\/div><\/div><div id=\"saz-block-id-9XuejiMziPQ3\" class=\"saz-block saz-block\"><div class=\"container\"><div class=\"row\"><div class=\"col-12 col-lg-8 offset-lg-2\">\n\n<\/div><\/div><\/div><\/div><div id=\"saz-block-block_14adf7c1765206d1f55b217a597c6dd0\" class=\"saz-block saz-block-acf-onda \" style=\"background-color: #ffffff\">\n    <div class=\"container-fluid\">\n                    <div class=\"row\">\n                <div class=\"col-lg-9 pl-0\">\n                    <svg id=\"onda-blocchi\" class=\"reverse\" data-name=\"onda\" xmlns=\"http:\/\/www.w3.org\/2000\/svg\" viewBox=\"0 0 1000 180\"><path class=\"cls-1\" d=\"M0,180H1000V.4S458.72-.5,279.85.4c-49,.25-68.29,7.31-161.7,105.9C94.46,131.3,49.5,174.7,0,180Z\" transform=\"translate(0 0)\" style=\"fill: #ffeed9\"\/><\/svg>\n                <\/div>\n            <\/div>\n            <\/div>\n<\/div><div id=\"saz-block-id-fEVzVxRPLSIz\" class=\"saz-block saz-block\"><div class=\"container\"><div class=\"row\"><div class=\"col-12 col-lg-8 offset-lg-2\">\n\n<\/div><\/div><\/div><\/div>\n\n<div id=\"saz-block-block_58b04ec032c7fcc39895916e94b70494\" class=\"saz-block saz-block-acf-blocco-approfondimento  bg-servizi pt-5 pb-4\" style=\"background-color:#ffeed9\">\n    <div class=\"container\">\n        <div class=\"row\"> \n            <div class=\"col-12 col-lg-8\">\n                                    <h3 class=\"text-gray mb-5 mt-lg-3\">Come fare la differenza?<\/h3>\n                                        <div class=\"text-gray has-medium-font-size mb-5\"><p>Con il termine digitalizzazione si intende la trasformazione dei processi, delle attivit\u00e0, delle competenze e dei modelli di business di tipo tradizionale attraverso l\u2019adozione di strumenti e tecnologie digitali, con il fine di offrire una \u00abesperienza cliente\u00bb rilevante, fornendo velocit\u00e0 e flessibilit\u00e0 di risposta.<\/p>\n<\/div>\n                            <\/div>\n        <\/div>\n                    <div class=\"row\">\n                                                                        <div class=\"col-12 col-md-6 col-lg\">\n                        <div class=\"card card-testimonial mb-5\">\n                            <div class=\"card-body\">\n                                <div class=\"d-inline-flex align-items-center mb-3\">\n                                                                            <img decoding=\"async\" class=\"img-fluid lazyload\" data-src=\"https:\/\/www.bonfiglioliconsulting.com\/wp-content\/uploads\/2020\/11\/data-analytics.png\" src=\"data:image\/svg+xml;base64,PHN2ZyB3aWR0aD0iMSIgaGVpZ2h0PSIxIiB4bWxucz0iaHR0cDovL3d3dy53My5vcmcvMjAwMC9zdmciPjwvc3ZnPg==\" style=\"--smush-placeholder-width: 316px; --smush-placeholder-aspect-ratio: 316\/316;\">\n                                                                                                                <h3 class=\"text-gray text-uppercase d-inline pl-3 mb-0 has-medium-font-size\">ADVANCED ANALYTICS &#038; PREDICTIVE<\/h3>\n                                                                    <\/div>\n\n                                \n                                                                    <div class=\"text-gray mb-4 has-small-font-size card-body-height\">Sviluppo ed analisi di modelli, mission critical, che migliorano i processi di decision-making, attraverso previsioni e raccomandazioni ottenute da algoritmi di Machine Learning.<\/div>\n                                \n                                                            <\/div>\n                        <\/div>\n                    <\/div>\n                                                                        <div class=\"col-12 col-md-6 col-lg\">\n                        <div class=\"card card-testimonial mb-5\">\n                            <div class=\"card-body\">\n                                <div class=\"d-inline-flex align-items-center mb-3\">\n                                                                            <img decoding=\"async\" class=\"img-fluid lazyload\" data-src=\"https:\/\/www.bonfiglioliconsulting.com\/wp-content\/uploads\/2020\/11\/strategy-for-digital-operations.png\" src=\"data:image\/svg+xml;base64,PHN2ZyB3aWR0aD0iMSIgaGVpZ2h0PSIxIiB4bWxucz0iaHR0cDovL3d3dy53My5vcmcvMjAwMC9zdmciPjwvc3ZnPg==\" style=\"--smush-placeholder-width: 316px; --smush-placeholder-aspect-ratio: 316\/317;\">\n                                                                                                                <h3 class=\"text-gray text-uppercase d-inline pl-3 mb-0 has-medium-font-size\">SIMULATION<\/h3>\n                                                                    <\/div>\n\n                                \n                                                                    <div class=\"text-gray mb-4 has-small-font-size card-body-height\">Sistemi di modellazione e simulazione di processi in ambito manufacturing, con l\u2019integrazione di Digital Twin e tecniche di AI per analisi predittive e ottimizzazione dei processi\u200b.<\/div>\n                                \n                                                            <\/div>\n                        <\/div>\n                    <\/div>\n                                                                        <div class=\"col-12 col-md-6 col-lg\">\n                        <div class=\"card card-testimonial mb-5\">\n                            <div class=\"card-body\">\n                                <div class=\"d-inline-flex align-items-center mb-3\">\n                                                                                                        <\/div>\n\n                                \n                                \n                                                            <\/div>\n                        <\/div>\n                    <\/div>\n                                            <\/div>\n                \n    <\/div>\n<\/div>","protected":false},"excerpt":{"rendered":null,"protected":false},"author":73,"featured_media":20452,"parent":16555,"menu_order":0,"comment_status":"closed","ping_status":"closed","template":"template-wide-blocchi.php","meta":{"_acf_changed":false,"footnotes":""},"tags":[],"class_list":["post-46693","page","type-page","status-publish","has-post-thumbnail","hentry"],"acf":[],"yoast_head":"<!-- This site is optimized with the Yoast SEO plugin v27.4 - https:\/\/yoast.com\/product\/yoast-seo-wordpress\/ -->\n<title>Digital x - Bonfiglioli Consulting<\/title>\n<meta name=\"description\" content=\"Digital X: scopri soluzioni per la trasformazione digitale e l\u2019ottimizzazione dei tuoi processi aziendali.\" \/>\n<meta name=\"robots\" content=\"index, follow, max-snippet:-1, max-image-preview:large, max-video-preview:-1\" \/>\n<link rel=\"canonical\" href=\"https:\/\/www.bonfiglioliconsulting.com\/it\/servizi\/digital-x\/\" \/>\n<meta property=\"og:locale\" content=\"it_IT\" \/>\n<meta property=\"og:type\" content=\"article\" \/>\n<meta property=\"og:title\" content=\"Digital x - Bonfiglioli Consulting\" \/>\n<meta property=\"og:description\" content=\"Digital X: scopri soluzioni per la trasformazione digitale e l\u2019ottimizzazione dei tuoi processi aziendali.\" \/>\n<meta property=\"og:url\" content=\"https:\/\/www.bonfiglioliconsulting.com\/it\/servizi\/digital-x\/\" \/>\n<meta property=\"og:site_name\" content=\"Bonfiglioli Consulting\" \/>\n<meta property=\"article:modified_time\" content=\"2025-01-10T12:25:27+00:00\" \/>\n<meta property=\"og:image\" content=\"https:\/\/www.bonfiglioliconsulting.com\/wp-content\/uploads\/2021\/02\/CUBI-DIGITALIZATION2-scaled.jpg\" \/>\n\t<meta property=\"og:image:width\" content=\"2560\" \/>\n\t<meta property=\"og:image:height\" content=\"960\" \/>\n\t<meta property=\"og:image:type\" content=\"image\/jpeg\" \/>\n<meta name=\"twitter:card\" content=\"summary_large_image\" \/>\n<meta name=\"twitter:label1\" content=\"Tempo di lettura stimato\" \/>\n\t<meta name=\"twitter:data1\" content=\"1 minuto\" \/>\n<script type=\"application\/ld+json\" class=\"yoast-schema-graph\">{\"@context\":\"https:\\\/\\\/schema.org\",\"@graph\":[{\"@type\":\"WebPage\",\"@id\":\"https:\\\/\\\/www.bonfiglioliconsulting.com\\\/servizi\\\/digital-x\\\/\",\"url\":\"https:\\\/\\\/www.bonfiglioliconsulting.com\\\/servizi\\\/digital-x\\\/\",\"name\":\"Digital x - Bonfiglioli Consulting\",\"isPartOf\":{\"@id\":\"https:\\\/\\\/www.bonfiglioliconsulting.com\\\/it\\\/#website\"},\"primaryImageOfPage\":{\"@id\":\"https:\\\/\\\/www.bonfiglioliconsulting.com\\\/servizi\\\/digital-x\\\/#primaryimage\"},\"image\":{\"@id\":\"https:\\\/\\\/www.bonfiglioliconsulting.com\\\/servizi\\\/digital-x\\\/#primaryimage\"},\"thumbnailUrl\":\"https:\\\/\\\/www.bonfiglioliconsulting.com\\\/wp-content\\\/uploads\\\/2021\\\/02\\\/CUBI-DIGITALIZATION2-scaled.jpg\",\"datePublished\":\"2023-07-26T12:47:57+00:00\",\"dateModified\":\"2025-01-10T12:25:27+00:00\",\"description\":\"Digital X: scopri soluzioni per la trasformazione digitale e l\u2019ottimizzazione dei tuoi processi aziendali.\",\"inLanguage\":\"it-IT\",\"potentialAction\":[{\"@type\":\"ReadAction\",\"target\":[\"https:\\\/\\\/www.bonfiglioliconsulting.com\\\/servizi\\\/digital-x\\\/\"]}]},{\"@type\":\"ImageObject\",\"inLanguage\":\"it-IT\",\"@id\":\"https:\\\/\\\/www.bonfiglioliconsulting.com\\\/servizi\\\/digital-x\\\/#primaryimage\",\"url\":\"https:\\\/\\\/www.bonfiglioliconsulting.com\\\/wp-content\\\/uploads\\\/2021\\\/02\\\/CUBI-DIGITALIZATION2-scaled.jpg\",\"contentUrl\":\"https:\\\/\\\/www.bonfiglioliconsulting.com\\\/wp-content\\\/uploads\\\/2021\\\/02\\\/CUBI-DIGITALIZATION2-scaled.jpg\",\"width\":2560,\"height\":960},{\"@type\":\"WebSite\",\"@id\":\"https:\\\/\\\/www.bonfiglioliconsulting.com\\\/it\\\/#website\",\"url\":\"https:\\\/\\\/www.bonfiglioliconsulting.com\\\/it\\\/\",\"name\":\"Bonfiglioli Consulting\",\"description\":\"\",\"potentialAction\":[{\"@type\":\"SearchAction\",\"target\":{\"@type\":\"EntryPoint\",\"urlTemplate\":\"https:\\\/\\\/www.bonfiglioliconsulting.com\\\/it\\\/?s={search_term_string}\"},\"query-input\":{\"@type\":\"PropertyValueSpecification\",\"valueRequired\":true,\"valueName\":\"search_term_string\"}}],\"inLanguage\":\"it-IT\"}]}<\/script>\n<!-- \/ Yoast SEO plugin. -->","yoast_head_json":{"title":"Digital x - Bonfiglioli Consulting","description":"Digital X: scopri soluzioni per la trasformazione digitale e l\u2019ottimizzazione dei tuoi processi aziendali.","robots":{"index":"index","follow":"follow","max-snippet":"max-snippet:-1","max-image-preview":"max-image-preview:large","max-video-preview":"max-video-preview:-1"},"canonical":"https:\/\/www.bonfiglioliconsulting.com\/it\/servizi\/digital-x\/","og_locale":"it_IT","og_type":"article","og_title":"Digital x - Bonfiglioli Consulting","og_description":"Digital X: scopri soluzioni per la trasformazione digitale e l\u2019ottimizzazione dei tuoi processi aziendali.","og_url":"https:\/\/www.bonfiglioliconsulting.com\/it\/servizi\/digital-x\/","og_site_name":"Bonfiglioli Consulting","article_modified_time":"2025-01-10T12:25:27+00:00","og_image":[{"width":2560,"height":960,"url":"https:\/\/www.bonfiglioliconsulting.com\/wp-content\/uploads\/2021\/02\/CUBI-DIGITALIZATION2-scaled.jpg","type":"image\/jpeg"}],"twitter_card":"summary_large_image","twitter_misc":{"Tempo di lettura stimato":"1 minuto"},"schema":{"@context":"https:\/\/schema.org","@graph":[{"@type":"WebPage","@id":"https:\/\/www.bonfiglioliconsulting.com\/servizi\/digital-x\/","url":"https:\/\/www.bonfiglioliconsulting.com\/servizi\/digital-x\/","name":"Digital x - Bonfiglioli Consulting","isPartOf":{"@id":"https:\/\/www.bonfiglioliconsulting.com\/it\/#website"},"primaryImageOfPage":{"@id":"https:\/\/www.bonfiglioliconsulting.com\/servizi\/digital-x\/#primaryimage"},"image":{"@id":"https:\/\/www.bonfiglioliconsulting.com\/servizi\/digital-x\/#primaryimage"},"thumbnailUrl":"https:\/\/www.bonfiglioliconsulting.com\/wp-content\/uploads\/2021\/02\/CUBI-DIGITALIZATION2-scaled.jpg","datePublished":"2023-07-26T12:47:57+00:00","dateModified":"2025-01-10T12:25:27+00:00","description":"Digital X: scopri soluzioni per la trasformazione digitale e l\u2019ottimizzazione dei tuoi processi aziendali.","inLanguage":"it-IT","potentialAction":[{"@type":"ReadAction","target":["https:\/\/www.bonfiglioliconsulting.com\/servizi\/digital-x\/"]}]},{"@type":"ImageObject","inLanguage":"it-IT","@id":"https:\/\/www.bonfiglioliconsulting.com\/servizi\/digital-x\/#primaryimage","url":"https:\/\/www.bonfiglioliconsulting.com\/wp-content\/uploads\/2021\/02\/CUBI-DIGITALIZATION2-scaled.jpg","contentUrl":"https:\/\/www.bonfiglioliconsulting.com\/wp-content\/uploads\/2021\/02\/CUBI-DIGITALIZATION2-scaled.jpg","width":2560,"height":960},{"@type":"WebSite","@id":"https:\/\/www.bonfiglioliconsulting.com\/it\/#website","url":"https:\/\/www.bonfiglioliconsulting.com\/it\/","name":"Bonfiglioli Consulting","description":"","potentialAction":[{"@type":"SearchAction","target":{"@type":"EntryPoint","urlTemplate":"https:\/\/www.bonfiglioliconsulting.com\/it\/?s={search_term_string}"},"query-input":{"@type":"PropertyValueSpecification","valueRequired":true,"valueName":"search_term_string"}}],"inLanguage":"it-IT"}]}},"_links":{"self":[{"href":"https:\/\/www.bonfiglioliconsulting.com\/it\/wp-json\/wp\/v2\/pages\/46693","targetHints":{"allow":["GET"]}}],"collection":[{"href":"https:\/\/www.bonfiglioliconsulting.com\/it\/wp-json\/wp\/v2\/pages"}],"about":[{"href":"https:\/\/www.bonfiglioliconsulting.com\/it\/wp-json\/wp\/v2\/types\/page"}],"author":[{"embeddable":true,"href":"https:\/\/www.bonfiglioliconsulting.com\/it\/wp-json\/wp\/v2\/users\/73"}],"replies":[{"embeddable":true,"href":"https:\/\/www.bonfiglioliconsulting.com\/it\/wp-json\/wp\/v2\/comments?post=46693"}],"version-history":[{"count":6,"href":"https:\/\/www.bonfiglioliconsulting.com\/it\/wp-json\/wp\/v2\/pages\/46693\/revisions"}],"predecessor-version":[{"id":46700,"href":"https:\/\/www.bonfiglioliconsulting.com\/it\/wp-json\/wp\/v2\/pages\/46693\/revisions\/46700"}],"up":[{"embeddable":true,"href":"https:\/\/www.bonfiglioliconsulting.com\/it\/wp-json\/wp\/v2\/pages\/16555"}],"wp:featuredmedia":[{"embeddable":true,"href":"https:\/\/www.bonfiglioliconsulting.com\/it\/wp-json\/wp\/v2\/media\/20452"}],"wp:attachment":[{"href":"https:\/\/www.bonfiglioliconsulting.com\/it\/wp-json\/wp\/v2\/media?parent=46693"}],"wp:term":[{"taxonomy":"post_tag","embeddable":true,"href":"https:\/\/www.bonfiglioliconsulting.com\/it\/wp-json\/wp\/v2\/tags?post=46693"}],"curies":[{"name":"wp","href":"https:\/\/api.w.org\/{rel}","templated":true}]}}