{"id":39601,"date":"2023-01-26T12:41:43","date_gmt":"2023-01-26T11:41:43","guid":{"rendered":"https:\/\/www.bcsoa.it\/?page_id=39601"},"modified":"2025-08-28T13:27:49","modified_gmt":"2025-08-28T11:27:49","slug":"omron-factory-tour","status":"publish","type":"page","link":"https:\/\/www.bonfiglioliconsulting.com\/it\/omron-factory-tour\/","title":{"rendered":"Omron Group Factory Tour"},"content":{"rendered":"<div id=\"saz-block-id-YP2pYAV7sKcC\" class=\"saz-block saz-block-core-spacer saz-block-height-60px\"><div class=\"container\"><div class=\"row\"><div class=\"col-12 col-lg-8 offset-lg-2\">\n<div style=\"height:60px\" aria-hidden=\"true\" class=\"wp-block-spacer\"><\/div>\n<\/div><\/div><\/div><\/div><div id=\"saz-block-id-ErrGPHoWc3TR\" class=\"saz-block saz-block\"><div class=\"container\"><div class=\"row\"><div class=\"col-12 col-lg-8 offset-lg-2\">\n\n<\/div><\/div><\/div><\/div><div id=\"saz-block-block_d819b4ba06453a9de586b6c30b67b804\" class=\"d-none saz-block saz-block-acf-hero-servizi  bg-light bg-hero-servizi-eventi hero_overlay_parent vv lazyload\"\n     style=\"background:inherit; background-size:cover;\" data-bg=\"url(https:\/\/www.bonfiglioliconsulting.com\/wp-content\/uploads\/2023\/01\/PAGODA-lunga.jpg) center top no-repeat transparent\">\n    <div class=\"hero_overlay\"><\/div>\n    <div class=\"container hero_content\">\n        <div class=\"row align-items-end\">\n            <div class=\"col-12\">\n                 \n                    <div class=\"mt-3 mb-2 text-dark\"><div class=\"breadcrumbs\"><span property=\"itemListElement\" typeof=\"ListItem\"><a property=\"item\" typeof=\"WebPage\" title=\"Vai a Bonfiglioli Consulting.\" href=\"https:\/\/www.bonfiglioliconsulting.com\/it\" class=\"home\"><span property=\"name\">Home<\/span><\/a><meta property=\"position\" content=\"1\"><\/span><\/div><script type=\"application\/ld+json\">{\"@context\":\"http:\/\/schema.org\",\"@type\":\"BreadcrumbList\",\"itemListElement\":[{\"@type\":\"ListItem\",\"position\":1,\"item\":{\"@id\":\"https:\/\/www.bonfiglioliconsulting.com\/it\",\"name\":\"Bonfiglioli Consulting\"}}]}<\/script><\/div>\n                                \n                                    <h1 class=\"has-huge-font-size font-weight-bold mb-0 text-dark\">Omron Group Factory Tour<\/h1>\n                                                <div class=\"mb-5 pb-4 pb-md-5\"><\/div>\n            <\/div>\n        <\/div>\n    <\/div>\n    <svg class=\"onda-destra\" id=\"onda\" data-name=\"onda\" xmlns=\"http:\/\/www.w3.org\/2000\/svg\" viewBox=\"0 0 1000 180\"><path class=\"cls-1\" d=\"M0,180H1000V.4S458.72-.5,279.85.4c-49,.25-68.29,7.31-161.7,105.9C94.46,131.3,49.5,174.7,0,180Z\" transform=\"translate(0 0)\" style=\"fill: #ffffff\"\/><\/svg>\n<\/div>\n\n\n<section class=\"n_archive_hero lazyload\" style=\"background-image:inherit;\" data-bg-image=\"url(https:\/\/www.bonfiglioliconsulting.com\/wp-content\/uploads\/2023\/01\/PAGODA-lunga.jpg)\"> \n    <div class=\"container h-100 position-relative\">\n        <div class=\"d-flex items-center h-100\">\n            <div class=\"n_archive_hero_content align-self-end text-white\">\n                <div class=\"text-white\">\n                <div class=\"breadcrumbs\">\n                 \n                    <div class=\"mt-3 mb-2 text-dark\"><div class=\"breadcrumbs\"><span property=\"itemListElement\" typeof=\"ListItem\"><a property=\"item\" typeof=\"WebPage\" title=\"Vai a Bonfiglioli Consulting.\" href=\"https:\/\/www.bonfiglioliconsulting.com\/it\" class=\"home\"><span property=\"name\">Home<\/span><\/a><meta property=\"position\" content=\"1\"><\/span><\/div><script type=\"application\/ld+json\">{\"@context\":\"http:\/\/schema.org\",\"@type\":\"BreadcrumbList\",\"itemListElement\":[{\"@type\":\"ListItem\",\"position\":1,\"item\":{\"@id\":\"https:\/\/www.bonfiglioliconsulting.com\/it\",\"name\":\"Bonfiglioli Consulting\"}}]}<\/script><\/div>\n                                <\/div>\n                <\/div>\n                \n                \n                \n                                      <h1 class=\"text-white text-dark\">Omron Group Factory Tour<\/h1>\n                                \n                                \n\n<\/div>\n        <\/div>\n    <\/div>\n    <div class=\"right_white_shape\">\n        <svg xmlns=\"http:\/\/www.w3.org\/2000\/svg\" viewBox=\"0 0 1000 180\">\n            <path class=\"cls-1\" d=\"M0,180H1000V.4S458.72-.5,279.85.4c-49,.25-68.29,7.31-161.7,105.9C94.46,131.3,49.5,174.7,0,180Z\" transform=\"translate(0 0)\"><\/path>\n        <\/svg>\n    <\/div>\n<\/section><div id=\"saz-block-id-exv0NnVkSRBU\" class=\"saz-block saz-block\"><div class=\"container\"><div class=\"row\"><div class=\"col-12 col-lg-8 offset-lg-2\">\n\n<\/div><\/div><\/div><\/div><div id=\"saz-block-id-7n1TCnulfSct\" class=\"saz-block saz-block-core-spacer saz-block-height-40px\"><div class=\"container\"><div class=\"row\"><div class=\"col-12 col-lg-8 offset-lg-2\">\n<div style=\"height:40px\" aria-hidden=\"true\" class=\"wp-block-spacer\"><\/div>\n<\/div><\/div><\/div><\/div><div id=\"saz-block-id-QsQ7caWstvSh\" class=\"saz-block saz-block\"><div class=\"container\"><div class=\"row\"><div class=\"col-12 col-lg-8 offset-lg-2\">\n\n<\/div><\/div><\/div><\/div><div id=\"saz-block-id-3UNZc5Ojc9dm\" class=\"saz-block saz-block-core-paragraph\"><div class=\"container\"><div class=\"row\"><div class=\"col-12 col-lg-8 offset-lg-2\">\n<p>Omron Kyoto Taiyo, in partnership con Japan Sun Industries, ha creato opportunit\u00e0 di lavoro per disabili all&#8217;insegna del motto &#8220;Non carit\u00e0, ma opportunit\u00e0&#8221;, realizzando un ambiente di lavoro sostenibile in cui i disabili sono in grado di avere maggiori possibilit\u00e0 di vita sociale soddisfacente.<br>La filosofia dell&#8217;organizzazione \u00e8 quella di valorizzare il potenziale sottostante alla disabilit\u00e0 e le capacit\u00e0 dei diversamente abili offrendo aiuti meccanici, compresi mezzi e utensili di supporto nonch\u00e9 kaizen nel loro ambiente di lavoro.<\/p>\n<\/div><\/div><\/div><\/div><div id=\"saz-block-id-5aVBJf7vKra9\" class=\"saz-block saz-block\"><div class=\"container\"><div class=\"row\"><div class=\"col-12 col-lg-8 offset-lg-2\">\n\n<\/div><\/div><\/div><\/div><div id=\"saz-block-id-39713\" class=\"saz-block saz-block-core-image saz-block-id-array saz-block-sizeslug-large saz-block-linkdestination-none\"><div class=\"container\"><div class=\"row\"><div class=\"col-12 col-lg-8 offset-lg-2\">\n<figure class=\"wp-block-image size-large\"><img decoding=\"async\" width=\"1024\" height=\"285\" data-src=\"https:\/\/www.bonfiglioliconsulting.com\/wp-content\/uploads\/2023\/01\/omron-immagine2-1024x285.jpg\" alt=\"\" class=\"wp-image-39713 lazyload\" data-srcset=\"https:\/\/www.bonfiglioliconsulting.com\/wp-content\/uploads\/2023\/01\/omron-immagine2-1024x285.jpg 1024w, https:\/\/www.bonfiglioliconsulting.com\/wp-content\/uploads\/2023\/01\/omron-immagine2-750x209.jpg 750w, https:\/\/www.bonfiglioliconsulting.com\/wp-content\/uploads\/2023\/01\/omron-immagine2-600x167.jpg 600w, https:\/\/www.bonfiglioliconsulting.com\/wp-content\/uploads\/2023\/01\/omron-immagine2.jpg 1282w\" data-sizes=\"(max-width: 1024px) 100vw, 1024px\" src=\"data:image\/svg+xml;base64,PHN2ZyB3aWR0aD0iMSIgaGVpZ2h0PSIxIiB4bWxucz0iaHR0cDovL3d3dy53My5vcmcvMjAwMC9zdmciPjwvc3ZnPg==\" style=\"--smush-placeholder-width: 1024px; --smush-placeholder-aspect-ratio: 1024\/285;\" \/><\/figure>\n<\/div><\/div><\/div><\/div><div id=\"saz-block-id-EvysXJTZeRWV\" class=\"saz-block saz-block\"><div class=\"container\"><div class=\"row\"><div class=\"col-12 col-lg-8 offset-lg-2\">\n\n<\/div><\/div><\/div><\/div><div id=\"saz-block-id-jGlycmon7eym\" class=\"saz-block saz-block-core-heading saz-block-level-array\"><div class=\"container\"><div class=\"row\"><div class=\"col-12 col-lg-8 offset-lg-2\">\n<h3 class=\"wp-block-heading\"><strong>Programma<\/strong><\/h3>\n<\/div><\/div><\/div><\/div><div id=\"saz-block-id-SrO5XAmIzpO1\" class=\"saz-block saz-block\"><div class=\"container\"><div class=\"row\"><div class=\"col-12 col-lg-8 offset-lg-2\">\n\n<\/div><\/div><\/div><\/div><div id=\"saz-block-id-bUBt1OoBQXJn\" class=\"saz-block saz-block-core-list\"><div class=\"container\"><div class=\"row\"><div class=\"col-12 col-lg-8 offset-lg-2\">\n<ul class=\"wp-block-list\"><div id=\"saz-block-id-7cVlO0y2PNem\" class=\"saz-block saz-block-core-list-item\">\n<li>Presentazione dell&#8217;azienda e esempi di automazione a costi contenuti<\/li>\n<\/div>\n\n<div id=\"saz-block-id-zdqMpSxRfOrK\" class=\"saz-block saz-block-core-list-item\">\n<li>Visita della fabbrica<\/li>\n<\/div>\n\n<div id=\"saz-block-id-7LCgKUF0zJbO\" class=\"saz-block saz-block-core-list-item\">\n<li>Sintesi e sessione Q&amp;A<\/li>\n<\/div><\/ul>\n<\/div><\/div><\/div><\/div><div id=\"saz-block-id-pGC0nsCyrp9W\" class=\"saz-block saz-block\"><div class=\"container\"><div class=\"row\"><div class=\"col-12 col-lg-8 offset-lg-2\">\n\n<\/div><\/div><\/div><\/div><div id=\"saz-block-id-E3E9jjo5C2rd\" class=\"saz-block saz-block-core-heading saz-block-level-array\"><div class=\"container\"><div class=\"row\"><div class=\"col-12 col-lg-8 offset-lg-2\">\n<h3 class=\"wp-block-heading\"><strong>Obiettivo<\/strong><\/h3>\n<\/div><\/div><\/div><\/div><div id=\"saz-block-id-BL8Nz7oZ5wJR\" class=\"saz-block saz-block\"><div class=\"container\"><div class=\"row\"><div class=\"col-12 col-lg-8 offset-lg-2\">\n\n<\/div><\/div><\/div><\/div><div id=\"saz-block-id-NUv3anuD7ppf\" class=\"saz-block saz-block-core-paragraph\"><div class=\"container\"><div class=\"row\"><div class=\"col-12 col-lg-8 offset-lg-2\">\n<p>Apprezzare come produttivit\u00e0 e disabilit\u00e0 possano essere valori distintivi per un\u2019azienda eccellente.<\/p>\n<\/div><\/div><\/div><\/div><div id=\"saz-block-id-JhHZbqTtDBE6\" class=\"saz-block saz-block\"><div class=\"container\"><div class=\"row\"><div class=\"col-12 col-lg-8 offset-lg-2\">\n\n<\/div><\/div><\/div><\/div><div id=\"saz-block-id-thm033GHGmQB\" class=\"saz-block saz-block-core-spacer saz-block-height-50px\"><div class=\"container\"><div class=\"row\"><div class=\"col-12 col-lg-8 offset-lg-2\">\n<div style=\"height:50px\" aria-hidden=\"true\" class=\"wp-block-spacer\"><\/div>\n<\/div><\/div><\/div><\/div>","protected":false},"excerpt":{"rendered":null,"protected":false},"author":73,"featured_media":39621,"parent":0,"menu_order":0,"comment_status":"closed","ping_status":"closed","template":"template-wide-blocchi.php","meta":{"_acf_changed":false,"footnotes":""},"tags":[],"class_list":["post-39601","page","type-page","status-publish","has-post-thumbnail","hentry"],"acf":[],"yoast_head":"<!-- This site is optimized with the Yoast SEO plugin v27.5 - https:\/\/yoast.com\/product\/yoast-seo-wordpress\/ -->\n<title>Omron Factory Tour: tecnologie smart | Bonfiglioli Consulting<\/title>\n<meta name=\"description\" content=\"Omron Factory Tour: Approfondisci le soluzioni di automazione industriale con un tour presso la fabbrica Omron.\" \/>\n<meta name=\"robots\" content=\"index, follow, max-snippet:-1, max-image-preview:large, max-video-preview:-1\" \/>\n<link rel=\"canonical\" href=\"https:\/\/www.bonfiglioliconsulting.com\/it\/omron-factory-tour\/\" \/>\n<meta property=\"og:locale\" content=\"it_IT\" \/>\n<meta property=\"og:type\" content=\"article\" \/>\n<meta property=\"og:title\" content=\"Omron Factory Tour: tecnologie smart | Bonfiglioli Consulting\" \/>\n<meta property=\"og:description\" content=\"Omron Factory Tour: Approfondisci le soluzioni di automazione industriale con un tour presso la fabbrica Omron.\" \/>\n<meta property=\"og:url\" content=\"https:\/\/www.bonfiglioliconsulting.com\/it\/omron-factory-tour\/\" \/>\n<meta property=\"og:site_name\" content=\"Bonfiglioli Consulting\" \/>\n<meta property=\"article:modified_time\" content=\"2025-08-28T11:27:49+00:00\" \/>\n<meta property=\"og:image\" content=\"https:\/\/www.bonfiglioliconsulting.com\/wp-content\/uploads\/2023\/01\/omron-png.png\" \/>\n\t<meta property=\"og:image:width\" content=\"297\" \/>\n\t<meta property=\"og:image:height\" content=\"172\" \/>\n\t<meta property=\"og:image:type\" content=\"image\/png\" \/>\n<meta name=\"twitter:card\" content=\"summary_large_image\" \/>\n<meta name=\"twitter:label1\" content=\"Tempo di lettura stimato\" \/>\n\t<meta name=\"twitter:data1\" content=\"1 minuto\" \/>\n<script type=\"application\/ld+json\" class=\"yoast-schema-graph\">{\"@context\":\"https:\\\/\\\/schema.org\",\"@graph\":[{\"@type\":\"WebPage\",\"@id\":\"https:\\\/\\\/www.bonfiglioliconsulting.com\\\/omron-factory-tour\\\/\",\"url\":\"https:\\\/\\\/www.bonfiglioliconsulting.com\\\/omron-factory-tour\\\/\",\"name\":\"Omron Factory Tour: tecnologie smart | Bonfiglioli Consulting\",\"isPartOf\":{\"@id\":\"https:\\\/\\\/www.bonfiglioliconsulting.com\\\/it\\\/#website\"},\"primaryImageOfPage\":{\"@id\":\"https:\\\/\\\/www.bonfiglioliconsulting.com\\\/omron-factory-tour\\\/#primaryimage\"},\"image\":{\"@id\":\"https:\\\/\\\/www.bonfiglioliconsulting.com\\\/omron-factory-tour\\\/#primaryimage\"},\"thumbnailUrl\":\"https:\\\/\\\/www.bonfiglioliconsulting.com\\\/wp-content\\\/uploads\\\/2023\\\/01\\\/omron-png.png\",\"datePublished\":\"2023-01-26T11:41:43+00:00\",\"dateModified\":\"2025-08-28T11:27:49+00:00\",\"description\":\"Omron Factory Tour: Approfondisci le soluzioni di automazione industriale con un tour presso la fabbrica Omron.\",\"inLanguage\":\"it-IT\",\"potentialAction\":[{\"@type\":\"ReadAction\",\"target\":[\"https:\\\/\\\/www.bonfiglioliconsulting.com\\\/omron-factory-tour\\\/\"]}]},{\"@type\":\"ImageObject\",\"inLanguage\":\"it-IT\",\"@id\":\"https:\\\/\\\/www.bonfiglioliconsulting.com\\\/omron-factory-tour\\\/#primaryimage\",\"url\":\"https:\\\/\\\/www.bonfiglioliconsulting.com\\\/wp-content\\\/uploads\\\/2023\\\/01\\\/omron-png.png\",\"contentUrl\":\"https:\\\/\\\/www.bonfiglioliconsulting.com\\\/wp-content\\\/uploads\\\/2023\\\/01\\\/omron-png.png\",\"width\":297,\"height\":172},{\"@type\":\"WebSite\",\"@id\":\"https:\\\/\\\/www.bonfiglioliconsulting.com\\\/it\\\/#website\",\"url\":\"https:\\\/\\\/www.bonfiglioliconsulting.com\\\/it\\\/\",\"name\":\"Bonfiglioli Consulting\",\"description\":\"\",\"potentialAction\":[{\"@type\":\"SearchAction\",\"target\":{\"@type\":\"EntryPoint\",\"urlTemplate\":\"https:\\\/\\\/www.bonfiglioliconsulting.com\\\/it\\\/?s={search_term_string}\"},\"query-input\":{\"@type\":\"PropertyValueSpecification\",\"valueRequired\":true,\"valueName\":\"search_term_string\"}}],\"inLanguage\":\"it-IT\"}]}<\/script>\n<!-- \/ Yoast SEO plugin. -->","yoast_head_json":{"title":"Omron Factory Tour: tecnologie smart | Bonfiglioli Consulting","description":"Omron Factory Tour: Approfondisci le soluzioni di automazione industriale con un tour presso la fabbrica Omron.","robots":{"index":"index","follow":"follow","max-snippet":"max-snippet:-1","max-image-preview":"max-image-preview:large","max-video-preview":"max-video-preview:-1"},"canonical":"https:\/\/www.bonfiglioliconsulting.com\/it\/omron-factory-tour\/","og_locale":"it_IT","og_type":"article","og_title":"Omron Factory Tour: tecnologie smart | Bonfiglioli Consulting","og_description":"Omron Factory Tour: Approfondisci le soluzioni di automazione industriale con un tour presso la fabbrica Omron.","og_url":"https:\/\/www.bonfiglioliconsulting.com\/it\/omron-factory-tour\/","og_site_name":"Bonfiglioli Consulting","article_modified_time":"2025-08-28T11:27:49+00:00","og_image":[{"width":297,"height":172,"url":"https:\/\/www.bonfiglioliconsulting.com\/wp-content\/uploads\/2023\/01\/omron-png.png","type":"image\/png"}],"twitter_card":"summary_large_image","twitter_misc":{"Tempo di lettura stimato":"1 minuto"},"schema":{"@context":"https:\/\/schema.org","@graph":[{"@type":"WebPage","@id":"https:\/\/www.bonfiglioliconsulting.com\/omron-factory-tour\/","url":"https:\/\/www.bonfiglioliconsulting.com\/omron-factory-tour\/","name":"Omron Factory Tour: tecnologie smart | Bonfiglioli Consulting","isPartOf":{"@id":"https:\/\/www.bonfiglioliconsulting.com\/it\/#website"},"primaryImageOfPage":{"@id":"https:\/\/www.bonfiglioliconsulting.com\/omron-factory-tour\/#primaryimage"},"image":{"@id":"https:\/\/www.bonfiglioliconsulting.com\/omron-factory-tour\/#primaryimage"},"thumbnailUrl":"https:\/\/www.bonfiglioliconsulting.com\/wp-content\/uploads\/2023\/01\/omron-png.png","datePublished":"2023-01-26T11:41:43+00:00","dateModified":"2025-08-28T11:27:49+00:00","description":"Omron Factory Tour: Approfondisci le soluzioni di automazione industriale con un tour presso la fabbrica Omron.","inLanguage":"it-IT","potentialAction":[{"@type":"ReadAction","target":["https:\/\/www.bonfiglioliconsulting.com\/omron-factory-tour\/"]}]},{"@type":"ImageObject","inLanguage":"it-IT","@id":"https:\/\/www.bonfiglioliconsulting.com\/omron-factory-tour\/#primaryimage","url":"https:\/\/www.bonfiglioliconsulting.com\/wp-content\/uploads\/2023\/01\/omron-png.png","contentUrl":"https:\/\/www.bonfiglioliconsulting.com\/wp-content\/uploads\/2023\/01\/omron-png.png","width":297,"height":172},{"@type":"WebSite","@id":"https:\/\/www.bonfiglioliconsulting.com\/it\/#website","url":"https:\/\/www.bonfiglioliconsulting.com\/it\/","name":"Bonfiglioli Consulting","description":"","potentialAction":[{"@type":"SearchAction","target":{"@type":"EntryPoint","urlTemplate":"https:\/\/www.bonfiglioliconsulting.com\/it\/?s={search_term_string}"},"query-input":{"@type":"PropertyValueSpecification","valueRequired":true,"valueName":"search_term_string"}}],"inLanguage":"it-IT"}]}},"_links":{"self":[{"href":"https:\/\/www.bonfiglioliconsulting.com\/it\/wp-json\/wp\/v2\/pages\/39601","targetHints":{"allow":["GET"]}}],"collection":[{"href":"https:\/\/www.bonfiglioliconsulting.com\/it\/wp-json\/wp\/v2\/pages"}],"about":[{"href":"https:\/\/www.bonfiglioliconsulting.com\/it\/wp-json\/wp\/v2\/types\/page"}],"author":[{"embeddable":true,"href":"https:\/\/www.bonfiglioliconsulting.com\/it\/wp-json\/wp\/v2\/users\/73"}],"replies":[{"embeddable":true,"href":"https:\/\/www.bonfiglioliconsulting.com\/it\/wp-json\/wp\/v2\/comments?post=39601"}],"version-history":[{"count":20,"href":"https:\/\/www.bonfiglioliconsulting.com\/it\/wp-json\/wp\/v2\/pages\/39601\/revisions"}],"predecessor-version":[{"id":50118,"href":"https:\/\/www.bonfiglioliconsulting.com\/it\/wp-json\/wp\/v2\/pages\/39601\/revisions\/50118"}],"wp:featuredmedia":[{"embeddable":true,"href":"https:\/\/www.bonfiglioliconsulting.com\/it\/wp-json\/wp\/v2\/media\/39621"}],"wp:attachment":[{"href":"https:\/\/www.bonfiglioliconsulting.com\/it\/wp-json\/wp\/v2\/media?parent=39601"}],"wp:term":[{"taxonomy":"post_tag","embeddable":true,"href":"https:\/\/www.bonfiglioliconsulting.com\/it\/wp-json\/wp\/v2\/tags?post=39601"}],"curies":[{"name":"wp","href":"https:\/\/api.w.org\/{rel}","templated":true}]}}