{"id":39587,"date":"2023-01-26T12:27:35","date_gmt":"2023-01-26T11:27:35","guid":{"rendered":"https:\/\/www.bcsoa.it\/?page_id=39587"},"modified":"2025-01-10T20:06:32","modified_gmt":"2025-01-10T19:06:32","slug":"nissan-motors-factory-tour","status":"publish","type":"page","link":"https:\/\/www.bonfiglioliconsulting.com\/it\/nissan-motors-factory-tour\/","title":{"rendered":"Nissan Motors Co. Factory Tour"},"content":{"rendered":"<div id=\"saz-block-block_2bc1750e871d8eec895a1536dc914129\" class=\"d-none saz-block saz-block-acf-hero-servizi  bg-light bg-hero-servizi-eventi hero_overlay_parent vv lazyload\"\n     style=\"background:inherit; background-size:cover;\" data-bg=\"url(https:\/\/www.bonfiglioliconsulting.com\/wp-content\/uploads\/2023\/01\/PAGODA-lunga.jpg) center top no-repeat transparent\">\n    <div class=\"hero_overlay\"><\/div>\n    <div class=\"container hero_content\">\n        <div class=\"row align-items-end\">\n            <div class=\"col-12\">\n                 \n                    <div class=\"mt-3 mb-2 text-white\"><div class=\"breadcrumbs\"><span property=\"itemListElement\" typeof=\"ListItem\"><a property=\"item\" typeof=\"WebPage\" title=\"Vai a Bonfiglioli Consulting.\" href=\"https:\/\/www.bonfiglioliconsulting.com\/it\" class=\"home\"><span property=\"name\">Home<\/span><\/a><meta property=\"position\" content=\"1\"><\/span><\/div><script type=\"application\/ld+json\">{\"@context\":\"http:\/\/schema.org\",\"@type\":\"BreadcrumbList\",\"itemListElement\":[{\"@type\":\"ListItem\",\"position\":1,\"item\":{\"@id\":\"https:\/\/www.bonfiglioliconsulting.com\/it\",\"name\":\"Bonfiglioli Consulting\"}}]}<\/script><\/div>\n                                \n                                    <h1 class=\"has-huge-font-size font-weight-bold mb-0 text-dark\">Nissan Motors Factory Tour<\/h1>\n                                                <div class=\"mb-5 pb-4 pb-md-5\"><\/div>\n            <\/div>\n        <\/div>\n    <\/div>\n    <svg class=\"onda-destra\" id=\"onda\" data-name=\"onda\" xmlns=\"http:\/\/www.w3.org\/2000\/svg\" viewBox=\"0 0 1000 180\"><path class=\"cls-1\" d=\"M0,180H1000V.4S458.72-.5,279.85.4c-49,.25-68.29,7.31-161.7,105.9C94.46,131.3,49.5,174.7,0,180Z\" transform=\"translate(0 0)\" style=\"fill: #ffffff\"\/><\/svg>\n<\/div>\n\n\n<section class=\"n_archive_hero lazyload\" style=\"background-image:inherit;\" data-bg-image=\"url(https:\/\/www.bonfiglioliconsulting.com\/wp-content\/uploads\/2023\/01\/PAGODA-lunga.jpg)\"> \n    <div class=\"container h-100 position-relative\">\n        <div class=\"d-flex items-center h-100\">\n            <div class=\"n_archive_hero_content align-self-end text-white\">\n                <div class=\"text-white\">\n                <div class=\"breadcrumbs\">\n                 \n                    <div class=\"mt-3 mb-2 text-white\"><div class=\"breadcrumbs\"><span property=\"itemListElement\" typeof=\"ListItem\"><a property=\"item\" typeof=\"WebPage\" title=\"Vai a Bonfiglioli Consulting.\" href=\"https:\/\/www.bonfiglioliconsulting.com\/it\" class=\"home\"><span property=\"name\">Home<\/span><\/a><meta property=\"position\" content=\"1\"><\/span><\/div><script type=\"application\/ld+json\">{\"@context\":\"http:\/\/schema.org\",\"@type\":\"BreadcrumbList\",\"itemListElement\":[{\"@type\":\"ListItem\",\"position\":1,\"item\":{\"@id\":\"https:\/\/www.bonfiglioliconsulting.com\/it\",\"name\":\"Bonfiglioli Consulting\"}}]}<\/script><\/div>\n                                <\/div>\n                <\/div>\n                \n                \n                \n                                      <h1 class=\"text-white text-dark\">Nissan Motors Factory Tour<\/h1>\n                                \n                                \n\n<\/div>\n        <\/div>\n    <\/div>\n    <div class=\"right_white_shape\">\n        <svg xmlns=\"http:\/\/www.w3.org\/2000\/svg\" viewBox=\"0 0 1000 180\">\n            <path class=\"cls-1\" d=\"M0,180H1000V.4S458.72-.5,279.85.4c-49,.25-68.29,7.31-161.7,105.9C94.46,131.3,49.5,174.7,0,180Z\" transform=\"translate(0 0)\"><\/path>\n        <\/svg>\n    <\/div>\n<\/section><div id=\"saz-block-id-vmDWCyXJ1fDq\" class=\"saz-block saz-block\"><div class=\"container\"><div class=\"row\"><div class=\"col-12 col-lg-8 offset-lg-2\">\n\n<\/div><\/div><\/div><\/div><div id=\"saz-block-id-OOFpWrfjZtCf\" class=\"saz-block saz-block-core-spacer saz-block-height-60px\"><div class=\"container\"><div class=\"row\"><div class=\"col-12 col-lg-8 offset-lg-2\">\n<div style=\"height:60px\" aria-hidden=\"true\" class=\"wp-block-spacer\"><\/div>\n<\/div><\/div><\/div><\/div><div id=\"saz-block-id-ut0ASTOKKSBQ\" class=\"saz-block saz-block\"><div class=\"container\"><div class=\"row\"><div class=\"col-12 col-lg-8 offset-lg-2\">\n\n<\/div><\/div><\/div><\/div><div id=\"saz-block-id-e8ioWAYrxD6e\" class=\"saz-block saz-block-core-heading saz-block-level-array\"><div class=\"container\"><div class=\"row\"><div class=\"col-12 col-lg-8 offset-lg-2\">\n<h3 class=\"wp-block-heading\"><strong>Stabilimento di Yokohama<\/strong><\/h3>\n<\/div><\/div><\/div><\/div><div id=\"saz-block-id-QfGOc4fCt7ae\" class=\"saz-block saz-block\"><div class=\"container\"><div class=\"row\"><div class=\"col-12 col-lg-8 offset-lg-2\">\n\n<\/div><\/div><\/div><\/div><div id=\"saz-block-id-an7xtgEZE2C4\" class=\"saz-block saz-block-core-paragraph\"><div class=\"container\"><div class=\"row\"><div class=\"col-12 col-lg-8 offset-lg-2\">\n<p>Lo stabilimento di Yokohama \u00e8 il sito dove Nissan Motor Co., Ltd. \u00e8 stata fondata nel 1933.<br>Nel 1935 \u00e8 diventato il primo stabilimento integrato per produzioni automobilistiche di serie in Giappone. Lo stabilimento di Yokohama \u00e8 oggi la principale fabbrica di componenti di Nissan per la produzione di motori e sospensioni con un sistema di garanzia della qualit\u00e0 per fornire prodotti di qualit\u00e0 sempre piu\u2019 elevata.<\/p>\n<\/div><\/div><\/div><\/div><div id=\"saz-block-id-GX2dRqedQxYi\" class=\"saz-block saz-block\"><div class=\"container\"><div class=\"row\"><div class=\"col-12 col-lg-8 offset-lg-2\">\n\n<\/div><\/div><\/div><\/div><div id=\"saz-block-id-39715\" class=\"saz-block saz-block-core-image saz-block-id-array saz-block-sizeslug-large saz-block-linkdestination-none\"><div class=\"container\"><div class=\"row\"><div class=\"col-12 col-lg-8 offset-lg-2\">\n<figure class=\"wp-block-image size-large\"><img decoding=\"async\" width=\"1024\" height=\"284\" data-src=\"https:\/\/www.bonfiglioliconsulting.com\/wp-content\/uploads\/2023\/01\/nissan-img-1024x284.jpg\" alt=\"\" class=\"wp-image-39715 lazyload\" data-srcset=\"https:\/\/www.bonfiglioliconsulting.com\/wp-content\/uploads\/2023\/01\/nissan-img-1024x284.jpg 1024w, https:\/\/www.bonfiglioliconsulting.com\/wp-content\/uploads\/2023\/01\/nissan-img-750x208.jpg 750w, https:\/\/www.bonfiglioliconsulting.com\/wp-content\/uploads\/2023\/01\/nissan-img-600x166.jpg 600w, https:\/\/www.bonfiglioliconsulting.com\/wp-content\/uploads\/2023\/01\/nissan-img-1536x425.jpg 1536w, https:\/\/www.bonfiglioliconsulting.com\/wp-content\/uploads\/2023\/01\/nissan-img-2048x567.jpg 2048w\" data-sizes=\"(max-width: 1024px) 100vw, 1024px\" src=\"data:image\/svg+xml;base64,PHN2ZyB3aWR0aD0iMSIgaGVpZ2h0PSIxIiB4bWxucz0iaHR0cDovL3d3dy53My5vcmcvMjAwMC9zdmciPjwvc3ZnPg==\" style=\"--smush-placeholder-width: 1024px; --smush-placeholder-aspect-ratio: 1024\/284;\" \/><\/figure>\n<\/div><\/div><\/div><\/div><div id=\"saz-block-id-xcIhg98OdcOA\" class=\"saz-block saz-block\"><div class=\"container\"><div class=\"row\"><div class=\"col-12 col-lg-8 offset-lg-2\">\n\n<\/div><\/div><\/div><\/div><div id=\"saz-block-id-XKRj7Q8Oy1sQ\" class=\"saz-block saz-block-core-heading saz-block-level-array\"><div class=\"container\"><div class=\"row\"><div class=\"col-12 col-lg-8 offset-lg-2\">\n<h3 class=\"wp-block-heading\"><strong>Programma<\/strong><\/h3>\n<\/div><\/div><\/div><\/div><div id=\"saz-block-id-e0YsZiLCnax9\" class=\"saz-block saz-block\"><div class=\"container\"><div class=\"row\"><div class=\"col-12 col-lg-8 offset-lg-2\">\n\n<\/div><\/div><\/div><\/div><div id=\"saz-block-id-ksG6dOKOJGTu\" class=\"saz-block saz-block-core-list\"><div class=\"container\"><div class=\"row\"><div class=\"col-12 col-lg-8 offset-lg-2\">\n<ul class=\"wp-block-list\"><div id=\"saz-block-id-jqiEh8chsewK\" class=\"saz-block saz-block-core-list-item\">\n<li>Presentazione dell&#8217;azienda<\/li>\n<\/div>\n\n<div id=\"saz-block-id-AVmwKPeUyBh2\" class=\"saz-block saz-block-core-list-item\">\n<li>Lean in action: linea di produzione<\/li>\n<\/div>\n\n<div id=\"saz-block-id-7TrwCuaAGoRu\" class=\"saz-block saz-block-core-list-item\">\n<li>Sintesi e sessione Q&amp;A<\/li>\n<\/div><\/ul>\n<\/div><\/div><\/div><\/div><div id=\"saz-block-id-XtkalnVhDs7K\" class=\"saz-block saz-block\"><div class=\"container\"><div class=\"row\"><div class=\"col-12 col-lg-8 offset-lg-2\">\n\n<\/div><\/div><\/div><\/div><div id=\"saz-block-id-XY2PIRxeXd8L\" class=\"saz-block saz-block-core-heading saz-block-level-array\"><div class=\"container\"><div class=\"row\"><div class=\"col-12 col-lg-8 offset-lg-2\">\n<h3 class=\"wp-block-heading\"><strong>Obiettivo della visita<\/strong><\/h3>\n<\/div><\/div><\/div><\/div><div id=\"saz-block-id-RaDq7emxk7vE\" class=\"saz-block saz-block\"><div class=\"container\"><div class=\"row\"><div class=\"col-12 col-lg-8 offset-lg-2\">\n\n<\/div><\/div><\/div><\/div><div id=\"saz-block-id-Ujope1VcttvX\" class=\"saz-block saz-block-core-paragraph\"><div class=\"container\"><div class=\"row\"><div class=\"col-12 col-lg-8 offset-lg-2\">\n<p>Confrontare il Toyota Production System e il Nissan Production System.<\/p>\n<\/div><\/div><\/div><\/div><div id=\"saz-block-id-WzZBOKsWUQxb\" class=\"saz-block saz-block\"><div class=\"container\"><div class=\"row\"><div class=\"col-12 col-lg-8 offset-lg-2\">\n\n<\/div><\/div><\/div><\/div><div id=\"saz-block-id-Mq5JXCMCwHt5\" class=\"saz-block saz-block-core-spacer saz-block-height-60px\"><div class=\"container\"><div class=\"row\"><div class=\"col-12 col-lg-8 offset-lg-2\">\n<div style=\"height:60px\" aria-hidden=\"true\" class=\"wp-block-spacer\"><\/div>\n<\/div><\/div><\/div><\/div>","protected":false},"excerpt":{"rendered":null,"protected":false},"author":73,"featured_media":39622,"parent":0,"menu_order":0,"comment_status":"closed","ping_status":"closed","template":"template-wide-blocchi.php","meta":{"_acf_changed":false,"footnotes":""},"tags":[],"class_list":["post-39587","page","type-page","status-publish","has-post-thumbnail","hentry"],"acf":[],"yoast_head":"<!-- This site is optimized with the Yoast SEO plugin v27.5 - https:\/\/yoast.com\/product\/yoast-seo-wordpress\/ -->\n<title>Nissan Motors Co. Factory Tour - Bonfiglioli Consulting<\/title>\n<meta name=\"description\" content=\"Nissan Motors Factory Tour: Immergiti nell&#039;eccellenza produttiva di Nissan Motors con un tour esclusivo della loro fabbrica.\" \/>\n<meta name=\"robots\" content=\"index, follow, max-snippet:-1, max-image-preview:large, max-video-preview:-1\" \/>\n<link rel=\"canonical\" href=\"https:\/\/www.bonfiglioliconsulting.com\/it\/nissan-motors-factory-tour\/\" \/>\n<meta property=\"og:locale\" content=\"it_IT\" \/>\n<meta property=\"og:type\" content=\"article\" \/>\n<meta property=\"og:title\" content=\"Nissan Motors Co. Factory Tour - Bonfiglioli Consulting\" \/>\n<meta property=\"og:description\" content=\"Nissan Motors Factory Tour: Immergiti nell&#039;eccellenza produttiva di Nissan Motors con un tour esclusivo della loro fabbrica.\" \/>\n<meta property=\"og:url\" content=\"https:\/\/www.bonfiglioliconsulting.com\/it\/nissan-motors-factory-tour\/\" \/>\n<meta property=\"og:site_name\" content=\"Bonfiglioli Consulting\" \/>\n<meta property=\"article:modified_time\" content=\"2025-01-10T19:06:32+00:00\" \/>\n<meta property=\"og:image\" content=\"https:\/\/www.bonfiglioliconsulting.com\/wp-content\/uploads\/2023\/01\/nissan-png.png\" \/>\n\t<meta property=\"og:image:width\" content=\"298\" \/>\n\t<meta property=\"og:image:height\" content=\"172\" \/>\n\t<meta property=\"og:image:type\" content=\"image\/png\" \/>\n<meta name=\"twitter:card\" content=\"summary_large_image\" \/>\n<meta name=\"twitter:label1\" content=\"Tempo di lettura stimato\" \/>\n\t<meta name=\"twitter:data1\" content=\"1 minuto\" \/>\n<script type=\"application\/ld+json\" class=\"yoast-schema-graph\">{\"@context\":\"https:\\\/\\\/schema.org\",\"@graph\":[{\"@type\":\"WebPage\",\"@id\":\"https:\\\/\\\/www.bonfiglioliconsulting.com\\\/it\\\/nissan-motors-factory-tour\\\/\",\"url\":\"https:\\\/\\\/www.bonfiglioliconsulting.com\\\/it\\\/nissan-motors-factory-tour\\\/\",\"name\":\"Nissan Motors Co. Factory Tour - Bonfiglioli Consulting\",\"isPartOf\":{\"@id\":\"https:\\\/\\\/www.bonfiglioliconsulting.com\\\/it\\\/#website\"},\"primaryImageOfPage\":{\"@id\":\"https:\\\/\\\/www.bonfiglioliconsulting.com\\\/it\\\/nissan-motors-factory-tour\\\/#primaryimage\"},\"image\":{\"@id\":\"https:\\\/\\\/www.bonfiglioliconsulting.com\\\/it\\\/nissan-motors-factory-tour\\\/#primaryimage\"},\"thumbnailUrl\":\"https:\\\/\\\/www.bonfiglioliconsulting.com\\\/wp-content\\\/uploads\\\/2023\\\/01\\\/nissan-png.png\",\"datePublished\":\"2023-01-26T11:27:35+00:00\",\"dateModified\":\"2025-01-10T19:06:32+00:00\",\"description\":\"Nissan Motors Factory Tour: Immergiti nell'eccellenza produttiva di Nissan Motors con un tour esclusivo della loro fabbrica.\",\"inLanguage\":\"it-IT\",\"potentialAction\":[{\"@type\":\"ReadAction\",\"target\":[\"https:\\\/\\\/www.bonfiglioliconsulting.com\\\/it\\\/nissan-motors-factory-tour\\\/\"]}]},{\"@type\":\"ImageObject\",\"inLanguage\":\"it-IT\",\"@id\":\"https:\\\/\\\/www.bonfiglioliconsulting.com\\\/it\\\/nissan-motors-factory-tour\\\/#primaryimage\",\"url\":\"https:\\\/\\\/www.bonfiglioliconsulting.com\\\/wp-content\\\/uploads\\\/2023\\\/01\\\/nissan-png.png\",\"contentUrl\":\"https:\\\/\\\/www.bonfiglioliconsulting.com\\\/wp-content\\\/uploads\\\/2023\\\/01\\\/nissan-png.png\",\"width\":298,\"height\":172},{\"@type\":\"WebSite\",\"@id\":\"https:\\\/\\\/www.bonfiglioliconsulting.com\\\/it\\\/#website\",\"url\":\"https:\\\/\\\/www.bonfiglioliconsulting.com\\\/it\\\/\",\"name\":\"Bonfiglioli Consulting\",\"description\":\"\",\"potentialAction\":[{\"@type\":\"SearchAction\",\"target\":{\"@type\":\"EntryPoint\",\"urlTemplate\":\"https:\\\/\\\/www.bonfiglioliconsulting.com\\\/it\\\/?s={search_term_string}\"},\"query-input\":{\"@type\":\"PropertyValueSpecification\",\"valueRequired\":true,\"valueName\":\"search_term_string\"}}],\"inLanguage\":\"it-IT\"}]}<\/script>\n<!-- \/ Yoast SEO plugin. -->","yoast_head_json":{"title":"Nissan Motors Co. Factory Tour - Bonfiglioli Consulting","description":"Nissan Motors Factory Tour: Immergiti nell'eccellenza produttiva di Nissan Motors con un tour esclusivo della loro fabbrica.","robots":{"index":"index","follow":"follow","max-snippet":"max-snippet:-1","max-image-preview":"max-image-preview:large","max-video-preview":"max-video-preview:-1"},"canonical":"https:\/\/www.bonfiglioliconsulting.com\/it\/nissan-motors-factory-tour\/","og_locale":"it_IT","og_type":"article","og_title":"Nissan Motors Co. Factory Tour - Bonfiglioli Consulting","og_description":"Nissan Motors Factory Tour: Immergiti nell'eccellenza produttiva di Nissan Motors con un tour esclusivo della loro fabbrica.","og_url":"https:\/\/www.bonfiglioliconsulting.com\/it\/nissan-motors-factory-tour\/","og_site_name":"Bonfiglioli Consulting","article_modified_time":"2025-01-10T19:06:32+00:00","og_image":[{"width":298,"height":172,"url":"https:\/\/www.bonfiglioliconsulting.com\/wp-content\/uploads\/2023\/01\/nissan-png.png","type":"image\/png"}],"twitter_card":"summary_large_image","twitter_misc":{"Tempo di lettura stimato":"1 minuto"},"schema":{"@context":"https:\/\/schema.org","@graph":[{"@type":"WebPage","@id":"https:\/\/www.bonfiglioliconsulting.com\/it\/nissan-motors-factory-tour\/","url":"https:\/\/www.bonfiglioliconsulting.com\/it\/nissan-motors-factory-tour\/","name":"Nissan Motors Co. Factory Tour - Bonfiglioli Consulting","isPartOf":{"@id":"https:\/\/www.bonfiglioliconsulting.com\/it\/#website"},"primaryImageOfPage":{"@id":"https:\/\/www.bonfiglioliconsulting.com\/it\/nissan-motors-factory-tour\/#primaryimage"},"image":{"@id":"https:\/\/www.bonfiglioliconsulting.com\/it\/nissan-motors-factory-tour\/#primaryimage"},"thumbnailUrl":"https:\/\/www.bonfiglioliconsulting.com\/wp-content\/uploads\/2023\/01\/nissan-png.png","datePublished":"2023-01-26T11:27:35+00:00","dateModified":"2025-01-10T19:06:32+00:00","description":"Nissan Motors Factory Tour: Immergiti nell'eccellenza produttiva di Nissan Motors con un tour esclusivo della loro fabbrica.","inLanguage":"it-IT","potentialAction":[{"@type":"ReadAction","target":["https:\/\/www.bonfiglioliconsulting.com\/it\/nissan-motors-factory-tour\/"]}]},{"@type":"ImageObject","inLanguage":"it-IT","@id":"https:\/\/www.bonfiglioliconsulting.com\/it\/nissan-motors-factory-tour\/#primaryimage","url":"https:\/\/www.bonfiglioliconsulting.com\/wp-content\/uploads\/2023\/01\/nissan-png.png","contentUrl":"https:\/\/www.bonfiglioliconsulting.com\/wp-content\/uploads\/2023\/01\/nissan-png.png","width":298,"height":172},{"@type":"WebSite","@id":"https:\/\/www.bonfiglioliconsulting.com\/it\/#website","url":"https:\/\/www.bonfiglioliconsulting.com\/it\/","name":"Bonfiglioli Consulting","description":"","potentialAction":[{"@type":"SearchAction","target":{"@type":"EntryPoint","urlTemplate":"https:\/\/www.bonfiglioliconsulting.com\/it\/?s={search_term_string}"},"query-input":{"@type":"PropertyValueSpecification","valueRequired":true,"valueName":"search_term_string"}}],"inLanguage":"it-IT"}]}},"atf_populated":false,"_links":{"self":[{"href":"https:\/\/www.bonfiglioliconsulting.com\/it\/wp-json\/wp\/v2\/pages\/39587","targetHints":{"allow":["GET"]}}],"collection":[{"href":"https:\/\/www.bonfiglioliconsulting.com\/it\/wp-json\/wp\/v2\/pages"}],"about":[{"href":"https:\/\/www.bonfiglioliconsulting.com\/it\/wp-json\/wp\/v2\/types\/page"}],"author":[{"embeddable":true,"href":"https:\/\/www.bonfiglioliconsulting.com\/it\/wp-json\/wp\/v2\/users\/73"}],"replies":[{"embeddable":true,"href":"https:\/\/www.bonfiglioliconsulting.com\/it\/wp-json\/wp\/v2\/comments?post=39587"}],"version-history":[{"count":14,"href":"https:\/\/www.bonfiglioliconsulting.com\/it\/wp-json\/wp\/v2\/pages\/39587\/revisions"}],"predecessor-version":[{"id":50116,"href":"https:\/\/www.bonfiglioliconsulting.com\/it\/wp-json\/wp\/v2\/pages\/39587\/revisions\/50116"}],"wp:featuredmedia":[{"embeddable":true,"href":"https:\/\/www.bonfiglioliconsulting.com\/it\/wp-json\/wp\/v2\/media\/39622"}],"wp:attachment":[{"href":"https:\/\/www.bonfiglioliconsulting.com\/it\/wp-json\/wp\/v2\/media?parent=39587"}],"wp:term":[{"taxonomy":"post_tag","embeddable":true,"href":"https:\/\/www.bonfiglioliconsulting.com\/it\/wp-json\/wp\/v2\/tags?post=39587"}],"curies":[{"name":"wp","href":"https:\/\/api.w.org\/{rel}","templated":true}]}}