{"id":33038,"date":"2022-05-06T11:34:24","date_gmt":"2022-05-06T09:34:24","guid":{"rendered":"https:\/\/www.bcsoa.it\/?page_id=33038"},"modified":"2025-01-15T10:23:56","modified_gmt":"2025-01-15T09:23:56","slug":"la-gestione-lean-nello-sviluppo-su-commessa","status":"publish","type":"page","link":"https:\/\/www.bonfiglioliconsulting.com\/it\/la-gestione-lean-nello-sviluppo-su-commessa\/","title":{"rendered":"La gestione Lean nello sviluppo su commessa"},"content":{"rendered":"<div id=\"saz-block-block_6274e42f311ef\" class=\"d-none saz-block saz-block-acf-hero-servizi  bg-light bg-hero-servizi-eventi hero_overlay_parent vv lazyload\"\n     style=\"background:inherit; background-size:cover;\" data-bg=\"url(https:\/\/www.bonfiglioliconsulting.com\/wp-content\/uploads\/2022\/05\/img-gestione-lean.jpg) center top no-repeat transparent\">\n    <div class=\"hero_overlay\"><\/div>\n    <div class=\"container hero_content\">\n        <div class=\"row align-items-end\">\n            <div class=\"col-12\">\n                 \n                    <div class=\"mt-3 mb-2 text-dark\"><div class=\"breadcrumbs\"><span property=\"itemListElement\" typeof=\"ListItem\"><a property=\"item\" typeof=\"WebPage\" title=\"Vai a Bonfiglioli Consulting.\" href=\"https:\/\/www.bonfiglioliconsulting.com\/it\" class=\"home\"><span property=\"name\">Home<\/span><\/a><meta property=\"position\" content=\"1\"><\/span><\/div><script type=\"application\/ld+json\">{\"@context\":\"http:\/\/schema.org\",\"@type\":\"BreadcrumbList\",\"itemListElement\":[{\"@type\":\"ListItem\",\"position\":1,\"item\":{\"@id\":\"https:\/\/www.bonfiglioliconsulting.com\/it\",\"name\":\"Bonfiglioli Consulting\"}}]}<\/script><\/div>\n                                \n                                    <h1 class=\"has-huge-font-size font-weight-bold mb-0 text-dark\">La gestione Lean nello sviluppo su commessa<\/h1>\n                                                    <h2 class=\"has-medium-font-size my-3 font-weight-normal text-dark\">Digital Stories di eccellenze italiane<\/h2>\n                                <div class=\"mb-5 pb-4 pb-md-5\"><\/div>\n            <\/div>\n        <\/div>\n    <\/div>\n    <svg class=\"onda-destra\" id=\"onda\" data-name=\"onda\" xmlns=\"http:\/\/www.w3.org\/2000\/svg\" viewBox=\"0 0 1000 180\"><path class=\"cls-1\" d=\"M0,180H1000V.4S458.72-.5,279.85.4c-49,.25-68.29,7.31-161.7,105.9C94.46,131.3,49.5,174.7,0,180Z\" transform=\"translate(0 0)\" style=\"fill: #ffffff\"\/><\/svg>\n<\/div>\n\n\n<section class=\"n_archive_hero lazyload\" style=\"background-image:inherit;\" data-bg-image=\"url(https:\/\/www.bonfiglioliconsulting.com\/wp-content\/uploads\/2022\/05\/img-gestione-lean.jpg)\"> \n    <div class=\"container h-100 position-relative\">\n        <div class=\"d-flex items-center h-100\">\n            <div class=\"n_archive_hero_content align-self-end text-white\">\n                <div class=\"text-white\">\n                <div class=\"breadcrumbs\">\n                 \n                    <div class=\"mt-3 mb-2 text-dark\"><div class=\"breadcrumbs\"><span property=\"itemListElement\" typeof=\"ListItem\"><a property=\"item\" typeof=\"WebPage\" title=\"Vai a Bonfiglioli Consulting.\" href=\"https:\/\/www.bonfiglioliconsulting.com\/it\" class=\"home\"><span property=\"name\">Home<\/span><\/a><meta property=\"position\" content=\"1\"><\/span><\/div><script type=\"application\/ld+json\">{\"@context\":\"http:\/\/schema.org\",\"@type\":\"BreadcrumbList\",\"itemListElement\":[{\"@type\":\"ListItem\",\"position\":1,\"item\":{\"@id\":\"https:\/\/www.bonfiglioliconsulting.com\/it\",\"name\":\"Bonfiglioli Consulting\"}}]}<\/script><\/div>\n                                <\/div>\n                <\/div>\n                \n                \n                \n                                      <h1 class=\"text-white text-dark\">La gestione Lean nello sviluppo su commessa<\/h1>\n                                \n                                    <div class=\"n_archive_desc\"> \n                     <p class=\"text-dark\">\n                       Digital Stories di eccellenze italiane                     <\/p>\n                    <\/div>  \n                                \n\n<\/div>\n        <\/div>\n    <\/div>\n    <div class=\"right_white_shape\">\n        <svg xmlns=\"http:\/\/www.w3.org\/2000\/svg\" viewBox=\"0 0 1000 180\">\n            <path class=\"cls-1\" d=\"M0,180H1000V.4S458.72-.5,279.85.4c-49,.25-68.29,7.31-161.7,105.9C94.46,131.3,49.5,174.7,0,180Z\" transform=\"translate(0 0)\"><\/path>\n        <\/svg>\n    <\/div>\n<\/section><div id=\"saz-block-id-6WSFMNreJIW3\" class=\"saz-block saz-block\"><div class=\"container\"><div class=\"row\"><div class=\"col-12 col-lg-8 offset-lg-2\">\n\n<\/div><\/div><\/div><\/div><div id=\"saz-block-id-ZMgLfeiU7Dhj\" class=\"saz-block saz-block-core-spacer saz-block-height-60px\"><div class=\"container\"><div class=\"row\"><div class=\"col-12 col-lg-8 offset-lg-2\">\n<div style=\"height:60px\" aria-hidden=\"true\" class=\"wp-block-spacer\"><\/div>\n<\/div><\/div><\/div><\/div><div id=\"saz-block-id-DhVf000tjkHf\" class=\"saz-block saz-block\"><div class=\"container\"><div class=\"row\"><div class=\"col-12 col-lg-8 offset-lg-2\">\n\n<\/div><\/div><\/div><\/div><div id=\"saz-block-id-Clm2iEYUKk80\" class=\"saz-block saz-block-core-heading saz-block-level-array\"><div class=\"container\"><div class=\"row\"><div class=\"col-12 col-lg-8 offset-lg-2\">\n<h3 class=\"wp-block-heading\">Due appuntamenti in modalit\u00e0 live webinar per ascoltare dalla viva voce dei protagonisti del mondo industriale<strong> <\/strong>il loro percorso verso l\u2019eccellenza.<\/h3>\n<\/div><\/div><\/div><\/div><div id=\"saz-block-id-bqDrF0pv8gkC\" class=\"saz-block saz-block\"><div class=\"container\"><div class=\"row\"><div class=\"col-12 col-lg-8 offset-lg-2\">\n\n<\/div><\/div><\/div><\/div><div id=\"saz-block-id-qMuxPsoIoz6H\" class=\"saz-block saz-block-core-paragraph\"><div class=\"container\"><div class=\"row\"><div class=\"col-12 col-lg-8 offset-lg-2\">\n<p><\/p>\n<\/div><\/div><\/div><\/div><div id=\"saz-block-id-InlYQWnRV6fZ\" class=\"saz-block saz-block\"><div class=\"container\"><div class=\"row\"><div class=\"col-12 col-lg-8 offset-lg-2\">\n\n<\/div><\/div><\/div><\/div><div id=\"saz-block-id-cpv0ncPYPZHS\" class=\"saz-block saz-block-core-paragraph\"><div class=\"container\"><div class=\"row\"><div class=\"col-12 col-lg-8 offset-lg-2\">\n<p>Le aziende che realizzano macchine ed impianti su commessa sono una delle eccellenze italiane in campo industriale.<\/p>\n<\/div><\/div><\/div><\/div><div id=\"saz-block-id-VFhLFxGDuZ0U\" class=\"saz-block saz-block\"><div class=\"container\"><div class=\"row\"><div class=\"col-12 col-lg-8 offset-lg-2\">\n\n<\/div><\/div><\/div><\/div><div id=\"saz-block-id-qHU8pJcP9rYk\" class=\"saz-block saz-block-core-paragraph\"><div class=\"container\"><div class=\"row\"><div class=\"col-12 col-lg-8 offset-lg-2\">\n<p>La capacit\u00e0 di trovare e realizzare soluzioni innovative ed efficaci per rispondere ai bisogni specifici dei diversi clienti rappresenta spesso il fattore critico di successo di queste realt\u00e0, dove flessibilit\u00e0, creativit\u00e0, passione ed un forte bagaglio di competenze tecniche e progettuali sono le leve su cui queste organizzazioni fondano la loro competitivit\u00e0.<\/p>\n<\/div><\/div><\/div><\/div><div id=\"saz-block-id-V83eBU8FB0em\" class=\"saz-block saz-block\"><div class=\"container\"><div class=\"row\"><div class=\"col-12 col-lg-8 offset-lg-2\">\n\n<\/div><\/div><\/div><\/div><div id=\"saz-block-id-4Kq8maMSMcto\" class=\"saz-block saz-block-core-paragraph\"><div class=\"container\"><div class=\"row\"><div class=\"col-12 col-lg-8 offset-lg-2\">\n<p>Il successo e la conseguente crescita dimensionale e geografica porta inevitabilmente ad una crescente complessit\u00e0 sui processi e sulla struttura organizzativa, con il forte rischio di generare: <\/p>\n<\/div><\/div><\/div><\/div><div id=\"saz-block-id-jiLF8MTfbbnA\" class=\"saz-block saz-block\"><div class=\"container\"><div class=\"row\"><div class=\"col-12 col-lg-8 offset-lg-2\">\n\n<\/div><\/div><\/div><\/div><div id=\"saz-block-id-RgrTUGrUgPCc\" class=\"saz-block saz-block-core-list\"><div class=\"container\"><div class=\"row\"><div class=\"col-12 col-lg-8 offset-lg-2\">\n<ul class=\"wp-block-list\"><li><strong>Lead time pi\u00f9 elevati <\/strong>rispetto alle richieste del mercato, con possibili ripercussioni sulla competitivit\u00e0 dell&#8217;azienda e sull\u2019acquisizione di alcune commesse; <\/li><li>Difficolt\u00e0 a rispettare i <strong>tempi di consegna <\/strong>concordati con il cliente, con impatti sul suo livello di soddisfazione e sul ciclo finanziario <\/li><li><strong>Problematiche qualitative<\/strong>, che emergono spesso nelle fasi finali di collaudo e commissioning; <\/li><li><strong>Riduzione della marginalit\u00e0 di commessa ipotizzata in fase di vendita<\/strong>, a causa dell\u2019incremento dei costi.<\/li><\/ul>\n<\/div><\/div><\/div><\/div><div id=\"saz-block-id-6kPfTq1PwI5p\" class=\"saz-block saz-block\"><div class=\"container\"><div class=\"row\"><div class=\"col-12 col-lg-8 offset-lg-2\">\n\n<\/div><\/div><\/div><\/div><div id=\"saz-block-id-ttiOibdHhIvd\" class=\"saz-block saz-block-core-paragraph\"><div class=\"container\"><div class=\"row\"><div class=\"col-12 col-lg-8 offset-lg-2\">\n<p><\/p>\n<\/div><\/div><\/div><\/div><div id=\"saz-block-id-Remo5FzuDcSg\" class=\"saz-block saz-block\"><div class=\"container\"><div class=\"row\"><div class=\"col-12 col-lg-8 offset-lg-2\">\n\n<\/div><\/div><\/div><\/div><div id=\"saz-block-id-FEHGiaaaYe9C\" class=\"saz-block saz-block-core-paragraph\"><div class=\"container\"><div class=\"row\"><div class=\"col-12 col-lg-8 offset-lg-2\">\n<p>Bonfiglioli Consulting ha un <strong>modello Lean di sviluppo della commessa <\/strong>e di <strong>semplificazione del prodotto che genera importanti risultati:<\/strong> <\/p>\n<\/div><\/div><\/div><\/div><div id=\"saz-block-id-NXFGDgu7vHgx\" class=\"saz-block saz-block\"><div class=\"container\"><div class=\"row\"><div class=\"col-12 col-lg-8 offset-lg-2\">\n\n<\/div><\/div><\/div><\/div><div id=\"saz-block-id-S3MlOdapPUPa\" class=\"saz-block saz-block-core-list\"><div class=\"container\"><div class=\"row\"><div class=\"col-12 col-lg-8 offset-lg-2\">\n<ul class=\"wp-block-list\"><li>Crescita della <strong>produttivit\u00e0<\/strong> sino a <strong>+ 45%<\/strong><\/li><li>Riduzione dei <strong>tempi di attraversamento <\/strong>delle commesse sino a <strong>&#8211; 40%<\/strong><\/li><li>Aumento della <strong>puntualit\u00e0 delle consegne <\/strong>fino a <strong>+90%<\/strong> <\/li><li>Diminuzione del <strong>costo di prodotto<\/strong>, a parit\u00e0 di caratteristiche, <strong>dal 3 al 25%<\/strong><\/li><\/ul>\n<\/div><\/div><\/div><\/div><div id=\"saz-block-id-mly3VYdGzcyn\" class=\"saz-block saz-block\"><div class=\"container\"><div class=\"row\"><div class=\"col-12 col-lg-8 offset-lg-2\">\n\n<\/div><\/div><\/div><\/div><div id=\"saz-block-id-oITWRkES1WEx\" class=\"saz-block saz-block-core-paragraph\"><div class=\"container\"><div class=\"row\"><div class=\"col-12 col-lg-8 offset-lg-2\">\n<p><\/p>\n<\/div><\/div><\/div><\/div><div id=\"saz-block-id-z4hvCavduiDN\" class=\"saz-block saz-block\"><div class=\"container\"><div class=\"row\"><div class=\"col-12 col-lg-8 offset-lg-2\">\n\n<\/div><\/div><\/div><\/div>\n\n<div id=\"saz-block-block_6278f31dd7fdc\" class=\"saz-block saz-block-acf-piazza-servizi  bg-servizi pt-5\" style=\"background-color: #FFFFFF;\">\n    <div class=\"container\">\n        <div class=\"row\">\n            <div class=\"col-12\">\n                            <\/div>\n\n                                                                                        \n<div class=\"col-md-6 col-lg-6\">\n    <div class=\"card card-servizi mb-4\">\n                    <a href=\"https:\/\/www.bonfiglioliconsulting.com\/it\/events\/digital-stories-di-eccellenze-italiane-lesperienza-di-tmg-impianti\/\"><img decoding=\"async\" width=\"600\" height=\"339\" data-src=\"https:\/\/www.bonfiglioliconsulting.com\/wp-content\/uploads\/2022\/05\/Banner-TMG-v3-600x339.jpg\" class=\"img-fluid wp-post-image lazyload\" alt=\"\" data-srcset=\"https:\/\/www.bonfiglioliconsulting.com\/wp-content\/uploads\/2022\/05\/Banner-TMG-v3-600x339.jpg 600w, https:\/\/www.bonfiglioliconsulting.com\/wp-content\/uploads\/2022\/05\/Banner-TMG-v3-750x424.jpg 750w, https:\/\/www.bonfiglioliconsulting.com\/wp-content\/uploads\/2022\/05\/Banner-TMG-v3-1024x579.jpg 1024w, https:\/\/www.bonfiglioliconsulting.com\/wp-content\/uploads\/2022\/05\/Banner-TMG-v3.jpg 1411w\" data-sizes=\"(max-width: 600px) 100vw, 600px\" src=\"data:image\/svg+xml;base64,PHN2ZyB3aWR0aD0iMSIgaGVpZ2h0PSIxIiB4bWxucz0iaHR0cDovL3d3dy53My5vcmcvMjAwMC9zdmciPjwvc3ZnPg==\" style=\"--smush-placeholder-width: 600px; --smush-placeholder-aspect-ratio: 600\/339;\" \/><\/a>\n                <div class=\"card-body mt-3\">\n                                    \n                \n                    <div class=\"text-uppercase has-extrasmall-font-size mb-2 categoria-servizi\"><a href=\"https:\/\/www.bonfiglioliconsulting.com\/it\/tipologie\/appuntamenti\/workshop-digital-talk\/\">Digital Talk<\/a><\/div>\n\n                \n            \n            <h3 class=\"has-medium-font-size my-2 mt-xl-0 mb-xl-3\"><a class=\"text-primary\" href=\"https:\/\/www.bonfiglioliconsulting.com\/it\/events\/digital-stories-di-eccellenze-italiane-lesperienza-di-tmg-impianti\/\">Digital Stories di eccellenze italiane | L\u2019esperienza di TMG Impianti<\/a><\/h3>\n\n            \n\t                        <p class=\"text-secondary has-small-font-size\"><\/p>\n\t        \n                    <\/div>\n    <\/div>\n<\/div>                                                                                \n<div class=\"col-md-6 col-lg-6\">\n    <div class=\"card card-servizi mb-4\">\n                    <a href=\"https:\/\/www.bonfiglioliconsulting.com\/it\/events\/digital-stories-di-eccellenze-italiane-lesperienza-di-siadmi\/\"><img decoding=\"async\" width=\"600\" height=\"338\" data-src=\"https:\/\/www.bonfiglioliconsulting.com\/wp-content\/uploads\/2022\/05\/Banner-Siadmi-v5-600x338.jpg\" class=\"img-fluid wp-post-image lazyload\" alt=\"\" data-srcset=\"https:\/\/www.bonfiglioliconsulting.com\/wp-content\/uploads\/2022\/05\/Banner-Siadmi-v5-600x338.jpg 600w, https:\/\/www.bonfiglioliconsulting.com\/wp-content\/uploads\/2022\/05\/Banner-Siadmi-v5-750x423.jpg 750w, https:\/\/www.bonfiglioliconsulting.com\/wp-content\/uploads\/2022\/05\/Banner-Siadmi-v5-1024x578.jpg 1024w, https:\/\/www.bonfiglioliconsulting.com\/wp-content\/uploads\/2022\/05\/Banner-Siadmi-v5.jpg 1411w\" data-sizes=\"(max-width: 600px) 100vw, 600px\" src=\"data:image\/svg+xml;base64,PHN2ZyB3aWR0aD0iMSIgaGVpZ2h0PSIxIiB4bWxucz0iaHR0cDovL3d3dy53My5vcmcvMjAwMC9zdmciPjwvc3ZnPg==\" style=\"--smush-placeholder-width: 600px; --smush-placeholder-aspect-ratio: 600\/338;\" \/><\/a>\n                <div class=\"card-body mt-3\">\n                                    \n                \n                    <div class=\"text-uppercase has-extrasmall-font-size mb-2 categoria-servizi\"><a href=\"https:\/\/www.bonfiglioliconsulting.com\/it\/tipologie\/appuntamenti\/workshop-digital-talk\/\">Digital Talk<\/a><\/div>\n\n                \n            \n            <h3 class=\"has-medium-font-size my-2 mt-xl-0 mb-xl-3\"><a class=\"text-primary\" href=\"https:\/\/www.bonfiglioliconsulting.com\/it\/events\/digital-stories-di-eccellenze-italiane-lesperienza-di-siadmi\/\">Digital Stories di eccellenze italiane | L\u2019esperienza di SIAD Macchine Impianti<\/a><\/h3>\n\n            \n\t                        <p class=\"text-secondary has-small-font-size\"><\/p>\n\t        \n                    <\/div>\n    <\/div>\n<\/div>                            \n                    <\/div>\n    <\/div>\n<\/div><div id=\"saz-block-id-bi3J45ZUaDMV\" class=\"saz-block saz-block\"><div class=\"container\"><div class=\"row\"><div class=\"col-12 col-lg-8 offset-lg-2\">\n\n<\/div><\/div><\/div><\/div><div id=\"saz-block-id-APAH0xs9Qv5F\" class=\"saz-block saz-block-core-paragraph\"><div class=\"container\"><div class=\"row\"><div class=\"col-12 col-lg-8 offset-lg-2\">\n<p><\/p>\n<\/div><\/div><\/div><\/div><div id=\"saz-block-id-rJcg9zJbPtQV\" class=\"saz-block saz-block\"><div class=\"container\"><div class=\"row\"><div class=\"col-12 col-lg-8 offset-lg-2\">\n\n<\/div><\/div><\/div><\/div><div id=\"saz-block-id-NhvBFz3Gn3Ir\" class=\"saz-block saz-block-core-spacer saz-block-height-40px\"><div class=\"container\"><div class=\"row\"><div class=\"col-12 col-lg-8 offset-lg-2\">\n<div style=\"height:40px\" aria-hidden=\"true\" class=\"wp-block-spacer\"><\/div>\n<\/div><\/div><\/div><\/div><div id=\"saz-block-id-A4jebnP7UTkO\" class=\"saz-block saz-block\"><div class=\"container\"><div class=\"row\"><div class=\"col-12 col-lg-8 offset-lg-2\">\n\n<\/div><\/div><\/div><\/div><div id=\"saz-block-id-DEaQquMsX256\" class=\"saz-block saz-block-core-paragraph\"><div class=\"container\"><div class=\"row\"><div class=\"col-12 col-lg-8 offset-lg-2\">\n<p><\/p>\n<\/div><\/div><\/div><\/div>","protected":false},"excerpt":{"rendered":null,"protected":false},"author":73,"featured_media":33288,"parent":0,"menu_order":0,"comment_status":"closed","ping_status":"closed","template":"template-wide-blocchi.php","meta":{"_acf_changed":false,"footnotes":""},"tags":[],"class_list":["post-33038","page","type-page","status-publish","has-post-thumbnail","hentry"],"acf":[],"yoast_head":"<!-- This site is optimized with the Yoast SEO plugin v27.5 - https:\/\/yoast.com\/product\/yoast-seo-wordpress\/ -->\n<title>La gestione Lean nello sviluppo su commessa<\/title>\n<meta name=\"description\" content=\"Gestione Lean nella produzione su commessa: ottimizza i processi e riduci gli sprechi per aumentare l\u2019efficienza.\" \/>\n<meta name=\"robots\" content=\"index, follow, max-snippet:-1, max-image-preview:large, max-video-preview:-1\" \/>\n<link rel=\"canonical\" href=\"https:\/\/www.bonfiglioliconsulting.com\/it\/la-gestione-lean-nello-sviluppo-su-commessa\/\" \/>\n<meta property=\"og:locale\" content=\"it_IT\" \/>\n<meta property=\"og:type\" content=\"article\" \/>\n<meta property=\"og:title\" content=\"La gestione Lean nello sviluppo su commessa\" \/>\n<meta property=\"og:description\" content=\"Gestione Lean nella produzione su commessa: ottimizza i processi e riduci gli sprechi per aumentare l\u2019efficienza.\" \/>\n<meta property=\"og:url\" content=\"https:\/\/www.bonfiglioliconsulting.com\/it\/la-gestione-lean-nello-sviluppo-su-commessa\/\" \/>\n<meta property=\"og:site_name\" content=\"Bonfiglioli Consulting\" \/>\n<meta property=\"article:modified_time\" content=\"2025-01-15T09:23:56+00:00\" \/>\n<meta property=\"og:image\" content=\"https:\/\/www.bonfiglioliconsulting.com\/wp-content\/uploads\/2022\/05\/banner-digital-stories-v3.png\" \/>\n\t<meta property=\"og:image:width\" content=\"561\" \/>\n\t<meta property=\"og:image:height\" content=\"316\" \/>\n\t<meta property=\"og:image:type\" content=\"image\/png\" \/>\n<meta name=\"twitter:card\" content=\"summary_large_image\" \/>\n<meta name=\"twitter:label1\" content=\"Tempo di lettura stimato\" \/>\n\t<meta name=\"twitter:data1\" content=\"2 minuti\" \/>\n<script type=\"application\/ld+json\" class=\"yoast-schema-graph\">{\"@context\":\"https:\\\/\\\/schema.org\",\"@graph\":[{\"@type\":\"WebPage\",\"@id\":\"https:\\\/\\\/www.bonfiglioliconsulting.com\\\/la-gestione-lean-nello-sviluppo-su-commessa\\\/\",\"url\":\"https:\\\/\\\/www.bonfiglioliconsulting.com\\\/la-gestione-lean-nello-sviluppo-su-commessa\\\/\",\"name\":\"La gestione Lean nello sviluppo su commessa\",\"isPartOf\":{\"@id\":\"https:\\\/\\\/www.bonfiglioliconsulting.com\\\/it\\\/#website\"},\"primaryImageOfPage\":{\"@id\":\"https:\\\/\\\/www.bonfiglioliconsulting.com\\\/la-gestione-lean-nello-sviluppo-su-commessa\\\/#primaryimage\"},\"image\":{\"@id\":\"https:\\\/\\\/www.bonfiglioliconsulting.com\\\/la-gestione-lean-nello-sviluppo-su-commessa\\\/#primaryimage\"},\"thumbnailUrl\":\"https:\\\/\\\/www.bonfiglioliconsulting.com\\\/wp-content\\\/uploads\\\/2022\\\/05\\\/banner-digital-stories-v3.png\",\"datePublished\":\"2022-05-06T09:34:24+00:00\",\"dateModified\":\"2025-01-15T09:23:56+00:00\",\"description\":\"Gestione Lean nella produzione su commessa: ottimizza i processi e riduci gli sprechi per aumentare l\u2019efficienza.\",\"inLanguage\":\"it-IT\",\"potentialAction\":[{\"@type\":\"ReadAction\",\"target\":[\"https:\\\/\\\/www.bonfiglioliconsulting.com\\\/la-gestione-lean-nello-sviluppo-su-commessa\\\/\"]}]},{\"@type\":\"ImageObject\",\"inLanguage\":\"it-IT\",\"@id\":\"https:\\\/\\\/www.bonfiglioliconsulting.com\\\/la-gestione-lean-nello-sviluppo-su-commessa\\\/#primaryimage\",\"url\":\"https:\\\/\\\/www.bonfiglioliconsulting.com\\\/wp-content\\\/uploads\\\/2022\\\/05\\\/banner-digital-stories-v3.png\",\"contentUrl\":\"https:\\\/\\\/www.bonfiglioliconsulting.com\\\/wp-content\\\/uploads\\\/2022\\\/05\\\/banner-digital-stories-v3.png\",\"width\":561,\"height\":316},{\"@type\":\"WebSite\",\"@id\":\"https:\\\/\\\/www.bonfiglioliconsulting.com\\\/it\\\/#website\",\"url\":\"https:\\\/\\\/www.bonfiglioliconsulting.com\\\/it\\\/\",\"name\":\"Bonfiglioli Consulting\",\"description\":\"\",\"potentialAction\":[{\"@type\":\"SearchAction\",\"target\":{\"@type\":\"EntryPoint\",\"urlTemplate\":\"https:\\\/\\\/www.bonfiglioliconsulting.com\\\/it\\\/?s={search_term_string}\"},\"query-input\":{\"@type\":\"PropertyValueSpecification\",\"valueRequired\":true,\"valueName\":\"search_term_string\"}}],\"inLanguage\":\"it-IT\"}]}<\/script>\n<!-- \/ Yoast SEO plugin. -->","yoast_head_json":{"title":"La gestione Lean nello sviluppo su commessa","description":"Gestione Lean nella produzione su commessa: ottimizza i processi e riduci gli sprechi per aumentare l\u2019efficienza.","robots":{"index":"index","follow":"follow","max-snippet":"max-snippet:-1","max-image-preview":"max-image-preview:large","max-video-preview":"max-video-preview:-1"},"canonical":"https:\/\/www.bonfiglioliconsulting.com\/it\/la-gestione-lean-nello-sviluppo-su-commessa\/","og_locale":"it_IT","og_type":"article","og_title":"La gestione Lean nello sviluppo su commessa","og_description":"Gestione Lean nella produzione su commessa: ottimizza i processi e riduci gli sprechi per aumentare l\u2019efficienza.","og_url":"https:\/\/www.bonfiglioliconsulting.com\/it\/la-gestione-lean-nello-sviluppo-su-commessa\/","og_site_name":"Bonfiglioli Consulting","article_modified_time":"2025-01-15T09:23:56+00:00","og_image":[{"width":561,"height":316,"url":"https:\/\/www.bonfiglioliconsulting.com\/wp-content\/uploads\/2022\/05\/banner-digital-stories-v3.png","type":"image\/png"}],"twitter_card":"summary_large_image","twitter_misc":{"Tempo di lettura stimato":"2 minuti"},"schema":{"@context":"https:\/\/schema.org","@graph":[{"@type":"WebPage","@id":"https:\/\/www.bonfiglioliconsulting.com\/la-gestione-lean-nello-sviluppo-su-commessa\/","url":"https:\/\/www.bonfiglioliconsulting.com\/la-gestione-lean-nello-sviluppo-su-commessa\/","name":"La gestione Lean nello sviluppo su commessa","isPartOf":{"@id":"https:\/\/www.bonfiglioliconsulting.com\/it\/#website"},"primaryImageOfPage":{"@id":"https:\/\/www.bonfiglioliconsulting.com\/la-gestione-lean-nello-sviluppo-su-commessa\/#primaryimage"},"image":{"@id":"https:\/\/www.bonfiglioliconsulting.com\/la-gestione-lean-nello-sviluppo-su-commessa\/#primaryimage"},"thumbnailUrl":"https:\/\/www.bonfiglioliconsulting.com\/wp-content\/uploads\/2022\/05\/banner-digital-stories-v3.png","datePublished":"2022-05-06T09:34:24+00:00","dateModified":"2025-01-15T09:23:56+00:00","description":"Gestione Lean nella produzione su commessa: ottimizza i processi e riduci gli sprechi per aumentare l\u2019efficienza.","inLanguage":"it-IT","potentialAction":[{"@type":"ReadAction","target":["https:\/\/www.bonfiglioliconsulting.com\/la-gestione-lean-nello-sviluppo-su-commessa\/"]}]},{"@type":"ImageObject","inLanguage":"it-IT","@id":"https:\/\/www.bonfiglioliconsulting.com\/la-gestione-lean-nello-sviluppo-su-commessa\/#primaryimage","url":"https:\/\/www.bonfiglioliconsulting.com\/wp-content\/uploads\/2022\/05\/banner-digital-stories-v3.png","contentUrl":"https:\/\/www.bonfiglioliconsulting.com\/wp-content\/uploads\/2022\/05\/banner-digital-stories-v3.png","width":561,"height":316},{"@type":"WebSite","@id":"https:\/\/www.bonfiglioliconsulting.com\/it\/#website","url":"https:\/\/www.bonfiglioliconsulting.com\/it\/","name":"Bonfiglioli Consulting","description":"","potentialAction":[{"@type":"SearchAction","target":{"@type":"EntryPoint","urlTemplate":"https:\/\/www.bonfiglioliconsulting.com\/it\/?s={search_term_string}"},"query-input":{"@type":"PropertyValueSpecification","valueRequired":true,"valueName":"search_term_string"}}],"inLanguage":"it-IT"}]}},"atf_populated":false,"_links":{"self":[{"href":"https:\/\/www.bonfiglioliconsulting.com\/it\/wp-json\/wp\/v2\/pages\/33038","targetHints":{"allow":["GET"]}}],"collection":[{"href":"https:\/\/www.bonfiglioliconsulting.com\/it\/wp-json\/wp\/v2\/pages"}],"about":[{"href":"https:\/\/www.bonfiglioliconsulting.com\/it\/wp-json\/wp\/v2\/types\/page"}],"author":[{"embeddable":true,"href":"https:\/\/www.bonfiglioliconsulting.com\/it\/wp-json\/wp\/v2\/users\/73"}],"replies":[{"embeddable":true,"href":"https:\/\/www.bonfiglioliconsulting.com\/it\/wp-json\/wp\/v2\/comments?post=33038"}],"version-history":[{"count":29,"href":"https:\/\/www.bonfiglioliconsulting.com\/it\/wp-json\/wp\/v2\/pages\/33038\/revisions"}],"predecessor-version":[{"id":33839,"href":"https:\/\/www.bonfiglioliconsulting.com\/it\/wp-json\/wp\/v2\/pages\/33038\/revisions\/33839"}],"wp:featuredmedia":[{"embeddable":true,"href":"https:\/\/www.bonfiglioliconsulting.com\/it\/wp-json\/wp\/v2\/media\/33288"}],"wp:attachment":[{"href":"https:\/\/www.bonfiglioliconsulting.com\/it\/wp-json\/wp\/v2\/media?parent=33038"}],"wp:term":[{"taxonomy":"post_tag","embeddable":true,"href":"https:\/\/www.bonfiglioliconsulting.com\/it\/wp-json\/wp\/v2\/tags?post=33038"}],"curies":[{"name":"wp","href":"https:\/\/api.w.org\/{rel}","templated":true}]}}