{"id":31,"date":"2016-05-26T15:11:30","date_gmt":"2016-05-26T13:11:30","guid":{"rendered":"http:\/\/bcsoa-it.menabodigital.com\/?page_id=31"},"modified":"2025-06-11T14:07:51","modified_gmt":"2025-06-11T12:07:51","slug":"lavora-con-noi","status":"publish","type":"page","link":"https:\/\/www.bonfiglioliconsulting.com\/it\/home-old\/lavora-con-noi\/","title":{"rendered":"Lavora con noi"},"content":{"rendered":"<div id=\"saz-block-block_70e55149cfade74ffc468c81a4ebeb3a\" class=\"d-none saz-block saz-block-acf-hero-servizi  bg-light bg-hero-servizi-eventi hero_overlay_parent vv lazyload\"\n     style=\"background:inherit; background-size:cover;\" data-bg=\"url(https:\/\/www.bonfiglioliconsulting.com\/wp-content\/themes\/bonfiglioli-2020\/img\/cubi-bianchi.jpg) center top no-repeat transparent\">\n    <div class=\"hero_overlay\"><\/div>\n    <div class=\"container hero_content\">\n        <div class=\"row align-items-end\">\n            <div class=\"col-12\">\n                 \n                    <div class=\"mt-3 mb-2 text-dark\"><div class=\"breadcrumbs\"><span property=\"itemListElement\" typeof=\"ListItem\"><a property=\"item\" typeof=\"WebPage\" title=\"Vai a Bonfiglioli Consulting.\" href=\"https:\/\/www.bonfiglioliconsulting.com\/it\" class=\"home\"><span property=\"name\">Home<\/span><\/a><meta property=\"position\" content=\"1\"><\/span><\/div><script type=\"application\/ld+json\">{\"@context\":\"http:\/\/schema.org\",\"@type\":\"BreadcrumbList\",\"itemListElement\":[{\"@type\":\"ListItem\",\"position\":1,\"item\":{\"@id\":\"https:\/\/www.bonfiglioliconsulting.com\/it\",\"name\":\"Bonfiglioli Consulting\"}}]}<\/script><\/div>\n                                \n                                    <h1 class=\"has-huge-font-size font-weight-bold mb-0 text-primary\">Lavora con noi<\/h1>\n                                                <div class=\"mb-5 pb-4 pb-md-5\"><\/div>\n            <\/div>\n        <\/div>\n    <\/div>\n    <svg class=\"onda-destra\" id=\"onda\" data-name=\"onda\" xmlns=\"http:\/\/www.w3.org\/2000\/svg\" viewBox=\"0 0 1000 180\"><path class=\"cls-1\" d=\"M0,180H1000V.4S458.72-.5,279.85.4c-49,.25-68.29,7.31-161.7,105.9C94.46,131.3,49.5,174.7,0,180Z\" transform=\"translate(0 0)\" style=\"fill: #ffffff\"\/><\/svg>\n<\/div>\n\n\n<section class=\"n_archive_hero lazyload\" style=\"background-image:inherit;\" data-bg-image=\"url(https:\/\/www.bonfiglioliconsulting.com\/wp-content\/themes\/bonfiglioli-2020\/img\/cubi-bianchi.jpg)\"> \n    <div class=\"container h-100 position-relative\">\n        <div class=\"d-flex items-center h-100\">\n            <div class=\"n_archive_hero_content align-self-end text-white\">\n                <div class=\"text-white\">\n                <div class=\"breadcrumbs\">\n                 \n                    <div class=\"mt-3 mb-2 text-dark\"><div class=\"breadcrumbs\"><span property=\"itemListElement\" typeof=\"ListItem\"><a property=\"item\" typeof=\"WebPage\" title=\"Vai a Bonfiglioli Consulting.\" href=\"https:\/\/www.bonfiglioliconsulting.com\/it\" class=\"home\"><span property=\"name\">Home<\/span><\/a><meta property=\"position\" content=\"1\"><\/span><\/div><script type=\"application\/ld+json\">{\"@context\":\"http:\/\/schema.org\",\"@type\":\"BreadcrumbList\",\"itemListElement\":[{\"@type\":\"ListItem\",\"position\":1,\"item\":{\"@id\":\"https:\/\/www.bonfiglioliconsulting.com\/it\",\"name\":\"Bonfiglioli Consulting\"}}]}<\/script><\/div>\n                                <\/div>\n                <\/div>\n                \n                \n                \n                                      <h1 class=\"text-white text-primary\">Lavora con noi<\/h1>\n                                \n                                \n\n<\/div>\n        <\/div>\n    <\/div>\n    <div class=\"right_white_shape\">\n        <svg xmlns=\"http:\/\/www.w3.org\/2000\/svg\" viewBox=\"0 0 1000 180\">\n            <path class=\"cls-1\" d=\"M0,180H1000V.4S458.72-.5,279.85.4c-49,.25-68.29,7.31-161.7,105.9C94.46,131.3,49.5,174.7,0,180Z\" transform=\"translate(0 0)\"><\/path>\n        <\/svg>\n    <\/div>\n<\/section><div id=\"saz-block-id-II5gDkR0dMiZ\" class=\"saz-block saz-block\"><div class=\"container\"><div class=\"row\"><div class=\"col-12 col-lg-8 offset-lg-2\">\n\n<\/div><\/div><\/div><\/div><div id=\"saz-block-id-R3s0PtT0e39X\" class=\"saz-block saz-block-core-spacer saz-block-height-70px\"><div class=\"container\"><div class=\"row\"><div class=\"col-12 col-lg-8 offset-lg-2\">\n<div style=\"height:70px\" aria-hidden=\"true\" class=\"wp-block-spacer\"><\/div>\n<\/div><\/div><\/div><\/div><div id=\"saz-block-id-OZizod7UsyB0\" class=\"saz-block saz-block\"><div class=\"container\"><div class=\"row\"><div class=\"col-12 col-lg-8 offset-lg-2\">\n\n<blockquote>\n<h3>Il tuo lavoro riempir\u00e0 gran parte della tua vita e l\u2019unico modo per essere veramente soddisfatto \u00e8 fare quello che ritieni sia un ottimo lavoro. E l\u2019unico modo per fare un ottimo lavoro \u00e8 amare quello che fai.<\/h3>\n<h3 style=\"text-align: right;\">(<em>Steve Jobs)<\/em><\/h3>\n<\/blockquote>\n\n<\/div><\/div><\/div><\/div><div id=\"saz-block-id-SKyuMkntNy3j\" class=\"saz-block saz-block-core-columns saz-block-align-wide saz-block-backgroundcolor-white\"><div class=\"container\"><div class=\"row\">\n<div class=\"wp-block-columns alignwide has-white-background-color has-background is-layout-flex wp-container-core-columns-is-layout-9d6595d7 wp-block-columns-is-layout-flex\">\n<div class=\"wp-block-column is-layout-flow wp-block-column-is-layout-flow\" style=\"flex-basis:18%\"><\/div>\n\n\n\n<div class=\"wp-block-column has-white-background-color has-background is-layout-flow wp-block-column-is-layout-flow\" style=\"flex-basis:68%\"><div id=\"saz-block-id-NqZTHk7hkHnC\" class=\"saz-block saz-block-core-spacer saz-block-height-20px\">\n<div style=\"height:20px\" aria-hidden=\"true\" class=\"wp-block-spacer\"><\/div>\n<\/div>\n\n<div id=\"saz-block-id-QblwxWSpNLTw\" class=\"saz-block saz-block-core-paragraph saz-block-fontsize-medium\">\n<p class=\"has-medium-font-size\">Crediamo che lavorare in <strong>Bonfiglioli Consulting<\/strong> sia innanzitutto un\u2019opportunit\u00e0 di confrontarsi e di crescere insieme. Confrontarsi con i colleghi e confrontarsi con i nostri clienti, che sono la nostra quotidiana fonte di miglioramento reciproco e di sfida a quella complessit\u00e0 che ogni unicit\u00e0 aziendale porta con s\u00e9.<\/p>\n<\/div>\n\n<div id=\"saz-block-id-qKT9b2jE5cPX\" class=\"saz-block saz-block-core-paragraph saz-block-fontsize-medium\">\n<p class=\"has-medium-font-size\">Lavorare in Bonfiglioli Consulting significa incontrare sempre persone e aziende (fatte di persone) diverse.<\/p>\n<\/div>\n\n<div id=\"saz-block-id-uzHiLpB2ePCg\" class=\"saz-block saz-block-core-paragraph saz-block-classname-mb-0 saz-block-fontsize-medium\">\n<p class=\"mb-0 has-medium-font-size\"><strong>Lavorare in Bonfiglioli Consulting <\/strong>significa credere che una buona attivit\u00e0 di consulenza \u00e8 quella che porta i nostri clienti un reale cambiamento e con esso anche una continua crescita personale. <\/p>\n<\/div>\n\n<div id=\"saz-block-id-KBc52Oz3x4Id\" class=\"saz-block saz-block-core-paragraph saz-block-classname-mb-0 saz-block-fontsize-medium\">\n<p class=\"mb-0 has-medium-font-size\">Il nostro candidato ideale \u00e8 quindi una persona con ottime doti relazionali, flessibilit\u00e0 e voglia di crescere e migliorarsi.<br>Offriamo un ambiente lavorativo dinamico e internazionale per<strong> opportunit\u00e0 di crescita personale e professionale<\/strong>.<\/p>\n<\/div>\n\n<div id=\"saz-block-id-9eO4mmzpLmcE\" class=\"saz-block saz-block-core-shortcode\"><p><script src=\"https:\/\/joblink.allibo.com\/ats3\/Widget\/jq\"><\/script><br \/>\n<script src=\"https:\/\/joblink.allibo.com\/ats3\/Widget\/js\"><\/script><br \/>\n<a href=\"https:\/\/allibo.com\" data-allibo=\"https:\/\/joblink.allibo.com\/ats3\/Widget\/connector.aspx?DM=iaGZ4kHKHtyMFwLBjeCEjL2JMexAniNlcotVJqTEbVs%3D&amp;SG=2&amp;FT=350&amp;LN=IT\" rel=\"follow\" style=\"text-decoration:none; cursor:default;\">&#8211;<\/a><\/p>\n<\/div><\/div>\n<\/div>\n<\/div><\/div><\/div><div id=\"saz-block-id-yFD73EBMHpVH\" class=\"saz-block saz-block\"><div class=\"container\"><div class=\"row\"><div class=\"col-12 col-lg-8 offset-lg-2\">\n\n<\/div><\/div><\/div><\/div><div id=\"saz-block-id-H0TeVEmgTfRC\" class=\"saz-block saz-block-core-spacer saz-block-height-40px\"><div class=\"container\"><div class=\"row\"><div class=\"col-12 col-lg-8 offset-lg-2\">\n<div style=\"height:40px\" aria-hidden=\"true\" class=\"wp-block-spacer\"><\/div>\n<\/div><\/div><\/div><\/div><div id=\"saz-block-id-z4a8crqPMwtp\" class=\"saz-block saz-block\"><div class=\"container\"><div class=\"row\"><div class=\"col-12 col-lg-8 offset-lg-2\">\n\n<\/div><\/div><\/div><\/div><div id=\"saz-block-id-TbwsI69RE63o\" class=\"saz-block saz-block-core-shortcode\"><div class=\"container\"><div class=\"row\"><div class=\"col-12 col-lg-8 offset-lg-2\"><p><script src=\"https:\/\/joblink.allibo.com\/ats3\/Widget\/jq\"><\/script><br \/>\n<script src=\"https:\/\/joblink.allibo.com\/ats3\/Widget\/js\"><\/script><br \/>\n<a href=\"https:\/\/allibo.com\" data-allibo=\"https:\/\/joblink.allibo.com\/ats3\/Widget\/connector.aspx?DM=iaGZ4kHKHtyMFwLBjeCEjL2JMexAniNlcotVJqTEbVs%3D&amp;SG=2&amp;FT=349&amp;LN=IT\" rel=\"follow\" style=\"text-decoration:none; cursor:default\">&#8211;<\/a><\/p>\n<\/div><\/div><\/div><\/div>","protected":false},"excerpt":{"rendered":null,"protected":false},"author":141,"featured_media":0,"parent":935,"menu_order":14,"comment_status":"closed","ping_status":"closed","template":"template-wide-blocchi.php","meta":{"_acf_changed":false,"footnotes":""},"tags":[],"class_list":["post-31","page","type-page","status-publish","hentry"],"acf":[],"yoast_head":"<!-- This site is optimized with the Yoast SEO plugin v27.4 - https:\/\/yoast.com\/product\/yoast-seo-wordpress\/ -->\n<title>Lavora Con Noi - Posizioni Aperte - Bonfiglioli Consulting<\/title>\n<meta name=\"description\" content=\"Lavorare in Bonfiglioli Consulting significa incontrare sempre persone e aziende diverse, per storia, stili e obiettivi. Scopri le posizioni aperte.\" \/>\n<meta name=\"robots\" content=\"index, follow, max-snippet:-1, max-image-preview:large, max-video-preview:-1\" \/>\n<link rel=\"canonical\" href=\"https:\/\/www.bonfiglioliconsulting.com\/it\/home-old\/lavora-con-noi\/\" \/>\n<meta property=\"og:locale\" content=\"it_IT\" \/>\n<meta property=\"og:type\" content=\"article\" \/>\n<meta property=\"og:title\" content=\"Lavora Con Noi - Posizioni Aperte - Bonfiglioli Consulting\" \/>\n<meta property=\"og:description\" content=\"Lavorare in Bonfiglioli Consulting significa incontrare sempre persone e aziende diverse, per storia, stili e obiettivi. Scopri le posizioni aperte.\" \/>\n<meta property=\"og:url\" content=\"https:\/\/www.bonfiglioliconsulting.com\/it\/home-old\/lavora-con-noi\/\" \/>\n<meta property=\"og:site_name\" content=\"Bonfiglioli Consulting\" \/>\n<meta property=\"article:modified_time\" content=\"2025-06-11T12:07:51+00:00\" \/>\n<meta name=\"twitter:card\" content=\"summary_large_image\" \/>\n<meta name=\"twitter:label1\" content=\"Tempo di lettura stimato\" \/>\n\t<meta name=\"twitter:data1\" content=\"1 minuto\" \/>\n<script type=\"application\/ld+json\" class=\"yoast-schema-graph\">{\"@context\":\"https:\\\/\\\/schema.org\",\"@graph\":[{\"@type\":\"WebPage\",\"@id\":\"https:\\\/\\\/www.bonfiglioliconsulting.com\\\/it\\\/home-old\\\/lavora-con-noi\\\/\",\"url\":\"https:\\\/\\\/www.bonfiglioliconsulting.com\\\/it\\\/home-old\\\/lavora-con-noi\\\/\",\"name\":\"Lavora Con Noi - Posizioni Aperte - Bonfiglioli Consulting\",\"isPartOf\":{\"@id\":\"https:\\\/\\\/www.bonfiglioliconsulting.com\\\/it\\\/#website\"},\"datePublished\":\"2016-05-26T13:11:30+00:00\",\"dateModified\":\"2025-06-11T12:07:51+00:00\",\"description\":\"Lavorare in Bonfiglioli Consulting significa incontrare sempre persone e aziende diverse, per storia, stili e obiettivi. Scopri le posizioni aperte.\",\"inLanguage\":\"it-IT\",\"potentialAction\":[{\"@type\":\"ReadAction\",\"target\":[\"https:\\\/\\\/www.bonfiglioliconsulting.com\\\/it\\\/home-old\\\/lavora-con-noi\\\/\"]}]},{\"@type\":\"WebSite\",\"@id\":\"https:\\\/\\\/www.bonfiglioliconsulting.com\\\/it\\\/#website\",\"url\":\"https:\\\/\\\/www.bonfiglioliconsulting.com\\\/it\\\/\",\"name\":\"Bonfiglioli Consulting\",\"description\":\"\",\"potentialAction\":[{\"@type\":\"SearchAction\",\"target\":{\"@type\":\"EntryPoint\",\"urlTemplate\":\"https:\\\/\\\/www.bonfiglioliconsulting.com\\\/it\\\/?s={search_term_string}\"},\"query-input\":{\"@type\":\"PropertyValueSpecification\",\"valueRequired\":true,\"valueName\":\"search_term_string\"}}],\"inLanguage\":\"it-IT\"}]}<\/script>\n<!-- \/ Yoast SEO plugin. -->","yoast_head_json":{"title":"Lavora Con Noi - Posizioni Aperte - Bonfiglioli Consulting","description":"Lavorare in Bonfiglioli Consulting significa incontrare sempre persone e aziende diverse, per storia, stili e obiettivi. Scopri le posizioni aperte.","robots":{"index":"index","follow":"follow","max-snippet":"max-snippet:-1","max-image-preview":"max-image-preview:large","max-video-preview":"max-video-preview:-1"},"canonical":"https:\/\/www.bonfiglioliconsulting.com\/it\/home-old\/lavora-con-noi\/","og_locale":"it_IT","og_type":"article","og_title":"Lavora Con Noi - Posizioni Aperte - Bonfiglioli Consulting","og_description":"Lavorare in Bonfiglioli Consulting significa incontrare sempre persone e aziende diverse, per storia, stili e obiettivi. Scopri le posizioni aperte.","og_url":"https:\/\/www.bonfiglioliconsulting.com\/it\/home-old\/lavora-con-noi\/","og_site_name":"Bonfiglioli Consulting","article_modified_time":"2025-06-11T12:07:51+00:00","twitter_card":"summary_large_image","twitter_misc":{"Tempo di lettura stimato":"1 minuto"},"schema":{"@context":"https:\/\/schema.org","@graph":[{"@type":"WebPage","@id":"https:\/\/www.bonfiglioliconsulting.com\/it\/home-old\/lavora-con-noi\/","url":"https:\/\/www.bonfiglioliconsulting.com\/it\/home-old\/lavora-con-noi\/","name":"Lavora Con Noi - Posizioni Aperte - Bonfiglioli Consulting","isPartOf":{"@id":"https:\/\/www.bonfiglioliconsulting.com\/it\/#website"},"datePublished":"2016-05-26T13:11:30+00:00","dateModified":"2025-06-11T12:07:51+00:00","description":"Lavorare in Bonfiglioli Consulting significa incontrare sempre persone e aziende diverse, per storia, stili e obiettivi. Scopri le posizioni aperte.","inLanguage":"it-IT","potentialAction":[{"@type":"ReadAction","target":["https:\/\/www.bonfiglioliconsulting.com\/it\/home-old\/lavora-con-noi\/"]}]},{"@type":"WebSite","@id":"https:\/\/www.bonfiglioliconsulting.com\/it\/#website","url":"https:\/\/www.bonfiglioliconsulting.com\/it\/","name":"Bonfiglioli Consulting","description":"","potentialAction":[{"@type":"SearchAction","target":{"@type":"EntryPoint","urlTemplate":"https:\/\/www.bonfiglioliconsulting.com\/it\/?s={search_term_string}"},"query-input":{"@type":"PropertyValueSpecification","valueRequired":true,"valueName":"search_term_string"}}],"inLanguage":"it-IT"}]}},"_links":{"self":[{"href":"https:\/\/www.bonfiglioliconsulting.com\/it\/wp-json\/wp\/v2\/pages\/31","targetHints":{"allow":["GET"]}}],"collection":[{"href":"https:\/\/www.bonfiglioliconsulting.com\/it\/wp-json\/wp\/v2\/pages"}],"about":[{"href":"https:\/\/www.bonfiglioliconsulting.com\/it\/wp-json\/wp\/v2\/types\/page"}],"author":[{"embeddable":true,"href":"https:\/\/www.bonfiglioliconsulting.com\/it\/wp-json\/wp\/v2\/users\/141"}],"replies":[{"embeddable":true,"href":"https:\/\/www.bonfiglioliconsulting.com\/it\/wp-json\/wp\/v2\/comments?post=31"}],"version-history":[{"count":5,"href":"https:\/\/www.bonfiglioliconsulting.com\/it\/wp-json\/wp\/v2\/pages\/31\/revisions"}],"predecessor-version":[{"id":67964,"href":"https:\/\/www.bonfiglioliconsulting.com\/it\/wp-json\/wp\/v2\/pages\/31\/revisions\/67964"}],"up":[{"embeddable":true,"href":"https:\/\/www.bonfiglioliconsulting.com\/it\/wp-json\/wp\/v2\/pages\/935"}],"wp:attachment":[{"href":"https:\/\/www.bonfiglioliconsulting.com\/it\/wp-json\/wp\/v2\/media?parent=31"}],"wp:term":[{"taxonomy":"post_tag","embeddable":true,"href":"https:\/\/www.bonfiglioliconsulting.com\/it\/wp-json\/wp\/v2\/tags?post=31"}],"curies":[{"name":"wp","href":"https:\/\/api.w.org\/{rel}","templated":true}]}}