{"id":29388,"date":"2022-01-17T11:44:18","date_gmt":"2022-01-17T10:44:18","guid":{"rendered":"https:\/\/www.bcsoa.it\/?page_id=29388"},"modified":"2025-01-10T20:22:15","modified_gmt":"2025-01-10T19:22:15","slug":"data-science-realta-e-opportunita","status":"publish","type":"page","link":"https:\/\/www.bonfiglioliconsulting.com\/it\/articoli\/data-science-realta-e-opportunita\/","title":{"rendered":"Data Science: realt\u00e0 e opportunit\u00e0"},"content":{"rendered":"<div id=\"saz-block-block_c0eed513f90511311ffedf8d1a0582f0\" class=\"d-none saz-block saz-block-acf-hero-servizi  bg-light bg-hero-servizi-eventi hero_overlay_parent vv lazyload\"\n     style=\"background:inherit; background-size:cover;\" data-bg=\"url(https:\/\/www.bonfiglioliconsulting.com\/wp-content\/uploads\/2022\/01\/Banner-Long-Data-Scinece.jpg) center top no-repeat transparent\">\n    <div class=\"hero_overlay\"><\/div>\n    <div class=\"container hero_content\">\n        <div class=\"row align-items-end\">\n            <div class=\"col-12\">\n                 \n                    <div class=\"mt-3 mb-2 text-white\"><div class=\"breadcrumbs\"><span property=\"itemListElement\" typeof=\"ListItem\"><a property=\"item\" typeof=\"WebPage\" title=\"Vai a Bonfiglioli Consulting.\" href=\"https:\/\/www.bonfiglioliconsulting.com\/it\" class=\"home\"><span property=\"name\">Home<\/span><\/a><meta property=\"position\" content=\"1\"><\/span><\/div><script type=\"application\/ld+json\">{\"@context\":\"http:\/\/schema.org\",\"@type\":\"BreadcrumbList\",\"itemListElement\":[{\"@type\":\"ListItem\",\"position\":1,\"item\":{\"@id\":\"https:\/\/www.bonfiglioliconsulting.com\/it\",\"name\":\"Bonfiglioli Consulting\"}}]}<\/script><\/div>\n                                \n                                    <h1 class=\"has-huge-font-size font-weight-bold mb-0 text-white\">Data Science<\/h1>\n                                                    <h2 class=\"has-medium-font-size my-3 font-weight-normal text-white\">Realt\u00e0 e opportunit\u00e0<\/h2>\n                                <div class=\"mb-5 pb-4 pb-md-5\"><\/div>\n            <\/div>\n        <\/div>\n    <\/div>\n    <svg class=\"onda-destra\" id=\"onda\" data-name=\"onda\" xmlns=\"http:\/\/www.w3.org\/2000\/svg\" viewBox=\"0 0 1000 180\"><path class=\"cls-1\" d=\"M0,180H1000V.4S458.72-.5,279.85.4c-49,.25-68.29,7.31-161.7,105.9C94.46,131.3,49.5,174.7,0,180Z\" transform=\"translate(0 0)\" style=\"fill: #ffffff\"\/><\/svg>\n<\/div>\n\n\n<section class=\"n_archive_hero lazyload\" style=\"background-image:inherit;\" data-bg-image=\"url(https:\/\/www.bonfiglioliconsulting.com\/wp-content\/uploads\/2022\/01\/Banner-Long-Data-Scinece.jpg)\"> \n    <div class=\"container h-100 position-relative\">\n        <div class=\"d-flex items-center h-100\">\n            <div class=\"n_archive_hero_content align-self-end text-white\">\n                <div class=\"text-white\">\n                <div class=\"breadcrumbs\">\n                 \n                    <div class=\"mt-3 mb-2 text-white\"><div class=\"breadcrumbs\"><span property=\"itemListElement\" typeof=\"ListItem\"><a property=\"item\" typeof=\"WebPage\" title=\"Vai a Bonfiglioli Consulting.\" href=\"https:\/\/www.bonfiglioliconsulting.com\/it\" class=\"home\"><span property=\"name\">Home<\/span><\/a><meta property=\"position\" content=\"1\"><\/span><\/div><script type=\"application\/ld+json\">{\"@context\":\"http:\/\/schema.org\",\"@type\":\"BreadcrumbList\",\"itemListElement\":[{\"@type\":\"ListItem\",\"position\":1,\"item\":{\"@id\":\"https:\/\/www.bonfiglioliconsulting.com\/it\",\"name\":\"Bonfiglioli Consulting\"}}]}<\/script><\/div>\n                                <\/div>\n                <\/div>\n                \n                \n                \n                                      <h1 class=\"text-white text-white\">Data Science<\/h1>\n                                \n                                    <div class=\"n_archive_desc\"> \n                     <p class=\"text-white\">\n                       Realt\u00e0 e opportunit\u00e0                     <\/p>\n                    <\/div>  \n                                \n\n<\/div>\n        <\/div>\n    <\/div>\n    <div class=\"right_white_shape\">\n        <svg xmlns=\"http:\/\/www.w3.org\/2000\/svg\" viewBox=\"0 0 1000 180\">\n            <path class=\"cls-1\" d=\"M0,180H1000V.4S458.72-.5,279.85.4c-49,.25-68.29,7.31-161.7,105.9C94.46,131.3,49.5,174.7,0,180Z\" transform=\"translate(0 0)\"><\/path>\n        <\/svg>\n    <\/div>\n<\/section><div id=\"saz-block-id-7tmOVkWXhJiv\" class=\"saz-block saz-block\"><div class=\"container\"><div class=\"row\"><div class=\"col-12 col-lg-8 offset-lg-2\">\n\n<\/div><\/div><\/div><\/div><div id=\"saz-block-id-sDz0kUNVusCu\" class=\"saz-block saz-block-core-spacer saz-block-height-60px\"><div class=\"container\"><div class=\"row\"><div class=\"col-12 col-lg-8 offset-lg-2\">\n<div style=\"height:60px\" aria-hidden=\"true\" class=\"wp-block-spacer\"><\/div>\n<\/div><\/div><\/div><\/div><div id=\"saz-block-id-YbnrTowGMPeu\" class=\"saz-block saz-block\"><div class=\"container\"><div class=\"row\"><div class=\"col-12 col-lg-8 offset-lg-2\">\n\n<\/div><\/div><\/div><\/div><div id=\"saz-block-id-hmo19uCiKCMS\" class=\"saz-block saz-block-core-heading saz-block-level-array\"><div class=\"container\"><div class=\"row\"><div class=\"col-12 col-lg-8 offset-lg-2\">\n<h3 class=\"wp-block-heading\"><strong><mark style=\"background-color:rgba(0, 0, 0, 0)\" class=\"has-inline-color has-primary-color\">Highlights<\/mark><\/strong><\/h3>\n<\/div><\/div><\/div><\/div><div id=\"saz-block-id-XQcLlnyPdDJZ\" class=\"saz-block saz-block\"><div class=\"container\"><div class=\"row\"><div class=\"col-12 col-lg-8 offset-lg-2\">\n\n<\/div><\/div><\/div><\/div><div id=\"saz-block-id-UpN9EAHMddmG\" class=\"saz-block saz-block-core-paragraph\"><div class=\"container\"><div class=\"row\"><div class=\"col-12 col-lg-8 offset-lg-2\">\n<p>L\u2019abbondanza di dati generati dalle attivit\u00e0 umane sta crescendo in maniera esponenziale grazie allo sviluppo tecnologico;<\/p>\n<\/div><\/div><\/div><\/div><div id=\"saz-block-id-oq9Y1f0uJJb9\" class=\"saz-block saz-block\"><div class=\"container\"><div class=\"row\"><div class=\"col-12 col-lg-8 offset-lg-2\">\n\n<\/div><\/div><\/div><\/div><div id=\"saz-block-id-irrDusOIzlKA\" class=\"saz-block saz-block-core-paragraph\"><div class=\"container\"><div class=\"row\"><div class=\"col-12 col-lg-8 offset-lg-2\">\n<p>Di pari passo la Data Science si sta affermando come la disciplina in grado di estrarre da questi dati informazioni di valore ed \u00e8 pertanto una competenza imprescindibile per le aziende che ambiscano a trasformarsi in Data Driven Organization;<\/p>\n<\/div><\/div><\/div><\/div><div id=\"saz-block-id-TtbRP8mxQNad\" class=\"saz-block saz-block\"><div class=\"container\"><div class=\"row\"><div class=\"col-12 col-lg-8 offset-lg-2\">\n\n<\/div><\/div><\/div><\/div><div id=\"saz-block-id-Ud8AaZ9BPMsy\" class=\"saz-block saz-block-core-paragraph\"><div class=\"container\"><div class=\"row\"><div class=\"col-12 col-lg-8 offset-lg-2\">\n<p>A differenza di approcci di Data Analytics pi\u00f9 classici, la Data Science \u00e8 in grado di produrre modelli predittivi e prescrittivi di grande valore per le aziende;<\/p>\n<\/div><\/div><\/div><\/div><div id=\"saz-block-id-mn1rLNQORffU\" class=\"saz-block saz-block\"><div class=\"container\"><div class=\"row\"><div class=\"col-12 col-lg-8 offset-lg-2\">\n\n<\/div><\/div><\/div><\/div><div id=\"saz-block-id-Yi2Ri0pUiBiM\" class=\"saz-block saz-block-core-paragraph\"><div class=\"container\"><div class=\"row\"><div class=\"col-12 col-lg-8 offset-lg-2\">\n<p>La Data Science non \u00e8 comunque \u201cmagia\u201d e la sua applicazione richiede comunque una supervisione umana qualificata da parte dei Data Scientists; La figura del Data Scientist racchiude uno spettro di competenze molto ampio che difficilmente si pu\u00f2 trovare in un solo individuo, per questo i progetti di Data Science vengono preferibilmente svolti in Team.<\/p>\n<\/div><\/div><\/div><\/div><div id=\"saz-block-id-UTqZTYl9sEH3\" class=\"saz-block saz-block\"><div class=\"container\"><div class=\"row\"><div class=\"col-12 col-lg-8 offset-lg-2\">\n\n<\/div><\/div><\/div><\/div><div id=\"saz-block-id-v8FywaMoFVSV\" class=\"saz-block saz-block-core-heading\"><div class=\"container\"><div class=\"row\"><div class=\"col-12 col-lg-8 offset-lg-2\">\n<h2 class=\"wp-block-heading\"><strong><mark style=\"background-color:rgba(0, 0, 0, 0)\" class=\"has-inline-color has-primary-color\">Un mondo di dati<\/mark><\/strong><\/h2>\n<\/div><\/div><\/div><\/div><div id=\"saz-block-id-3Tjv0fLN15iZ\" class=\"saz-block saz-block\"><div class=\"container\"><div class=\"row\"><div class=\"col-12 col-lg-8 offset-lg-2\">\n\n<\/div><\/div><\/div><\/div><div id=\"saz-block-id-snOKy89j9nMe\" class=\"saz-block saz-block-core-paragraph\"><div class=\"container\"><div class=\"row\"><div class=\"col-12 col-lg-8 offset-lg-2\">\n<p>La mole di dati e informazioni attualmente disponibili non ha precedenti nella storia dell\u2019umanit\u00e0. Molti degli oggetti, delle apparecchiature e dei macchinari con cui entriamo in contatto nella nostra vita quotidiana, sia lavorativa che familiare, generano automaticamente enormi quantit\u00e0 di dati; basti pensare agli smartphone e agli apparecchi connessi tramite IoT, ma anche alla sensoristica collegata alle macchine e agli impianti industriali. Per rimanere nel contesto industriale, un recente sondaggio di IDC, condotto per conto di Seagate, ha mostrato come la crescita della quantit\u00e0 di dati generati dalle aziende nel periodo 2020-2022 sia stimata ad un ritmo del 42% su base annua.<\/p>\n<\/div><\/div><\/div><\/div><div id=\"saz-block-id-Jj6ZTvGWxw3b\" class=\"saz-block saz-block\"><div class=\"container\"><div class=\"row\"><div class=\"col-12 col-lg-8 offset-lg-2\">\n\n<\/div><\/div><\/div><\/div><div id=\"saz-block-id-Jl7v9SZusjMx\" class=\"saz-block saz-block-core-paragraph\"><div class=\"container\"><div class=\"row\"><div class=\"col-12 col-lg-8 offset-lg-2\">\n<p>Secondo quanto riportato da Accenture e dal World Economic Forum, se consideriamo invece la totalit\u00e0 dei dati generati sul nostro pianeta, nel 2025 produrremo 463 exabytes (463 milioni di Terabyte) di dati ogni giorno. Come termine di paragone, consideriamo che nel 2009 l\u2019intera capacit\u00e0 mondiale di immagazzinamento dati era di 487 exabytes, una capacit\u00e0 che entro pochi anni saremo in grado di saturare in poco pi\u00f9 di un giorno!<\/p>\n<\/div><\/div><\/div><\/div><div id=\"saz-block-id-1Aj5lBnyoPSf\" class=\"saz-block saz-block\"><div class=\"container\"><div class=\"row\"><div class=\"col-12 col-lg-8 offset-lg-2\">\n\n<\/div><\/div><\/div><\/div><div id=\"saz-block-id-6KnwZwOcJTby\" class=\"saz-block saz-block-core-paragraph\"><div class=\"container\"><div class=\"row\"><div class=\"col-12 col-lg-8 offset-lg-2\">\n<p>&#8230;<\/p>\n<\/div><\/div><\/div><\/div><div id=\"saz-block-id-NWeKLRaw5i2I\" class=\"saz-block saz-block\"><div class=\"container\"><div class=\"row\"><div class=\"col-12 col-lg-8 offset-lg-2\">\n\n<\/div><\/div><\/div><\/div><div id=\"saz-block-id-29390\" class=\"saz-block saz-block-core-image saz-block-id-array saz-block-width-374px saz-block-sizeslug-full saz-block-linkdestination-none\"><div class=\"container\"><div class=\"row\"><div class=\"col-12 col-lg-8 offset-lg-2\">\n<figure class=\"wp-block-image size-full is-resized\"><img decoding=\"async\" width=\"498\" height=\"720\" data-src=\"https:\/\/www.bonfiglioliconsulting.com\/wp-content\/uploads\/2022\/01\/Cover-Data-Science.jpg\" alt=\"\" class=\"wp-image-29390 lazyload\" style=\"--smush-placeholder-width: 498px; --smush-placeholder-aspect-ratio: 498\/720;width:374px\" src=\"data:image\/svg+xml;base64,PHN2ZyB3aWR0aD0iMSIgaGVpZ2h0PSIxIiB4bWxucz0iaHR0cDovL3d3dy53My5vcmcvMjAwMC9zdmciPjwvc3ZnPg==\" \/><\/figure>\n<\/div><\/div><\/div><\/div><div id=\"saz-block-id-RDVm8UWHImqe\" class=\"saz-block saz-block\"><div class=\"container\"><div class=\"row\"><div class=\"col-12 col-lg-8 offset-lg-2\">\n\n<\/div><\/div><\/div><\/div><div id=\"saz-block-id-j0XebEni8Taq\" class=\"saz-block saz-block-core-shortcode\"><div class=\"container\"><div class=\"row\"><div class=\"col-12 col-lg-8 offset-lg-2\">\n<div class=\"wpcf7 no-js\" id=\"wpcf7-f23133-o1\" lang=\"it-IT\" dir=\"ltr\" data-wpcf7-id=\"23133\">\n<div class=\"screen-reader-response\"><p role=\"status\" aria-live=\"polite\" aria-atomic=\"true\"><\/p> <ul><\/ul><\/div>\n<form action=\"\/it\/wp-json\/wp\/v2\/pages\/29388#wpcf7-f23133-o1\" method=\"post\" class=\"wpcf7-form init\" aria-label=\"Modulo di contatto\" novalidate=\"novalidate\" data-status=\"init\">\n<fieldset class=\"hidden-fields-container\"><input type=\"hidden\" name=\"_wpcf7\" value=\"23133\" \/><input type=\"hidden\" name=\"_wpcf7_version\" value=\"6.1.5\" \/><input type=\"hidden\" name=\"_wpcf7_locale\" value=\"it_IT\" \/><input type=\"hidden\" name=\"_wpcf7_unit_tag\" value=\"wpcf7-f23133-o1\" \/><input type=\"hidden\" name=\"_wpcf7_container_post\" value=\"0\" \/><input type=\"hidden\" name=\"_wpcf7_posted_data_hash\" value=\"\" \/><input type=\"hidden\" name=\"_wpcf7_recaptcha_response\" value=\"\" \/>\n<\/fieldset>\n<div class=\"agenda\">\n\t<h2>Registrati per scaricare l'articolo completo\n\t<\/h2>\n\t<p>Nome *<br \/>\n<span class=\"wpcf7-form-control-wrap\" data-name=\"nome\"><input size=\"40\" maxlength=\"400\" class=\"wpcf7-form-control wpcf7-text wpcf7-validates-as-required form-control\" aria-required=\"true\" aria-invalid=\"false\" value=\"\" type=\"text\" name=\"nome\" \/><\/span><br \/>\nCognome *<br \/>\n<span class=\"wpcf7-form-control-wrap\" data-name=\"cognome\"><input size=\"40\" maxlength=\"400\" class=\"wpcf7-form-control wpcf7-text wpcf7-validates-as-required form-control\" aria-required=\"true\" aria-invalid=\"false\" value=\"\" type=\"text\" name=\"cognome\" \/><\/span><br \/>\nAzienda<br \/>\n<span class=\"wpcf7-form-control-wrap\" data-name=\"azienda\"><input size=\"40\" maxlength=\"400\" class=\"wpcf7-form-control wpcf7-text form-control\" aria-invalid=\"false\" value=\"\" type=\"text\" name=\"azienda\" \/><\/span><br \/>\nEmail *<br \/>\n<span class=\"wpcf7-form-control-wrap\" data-name=\"email\"><input size=\"40\" maxlength=\"400\" class=\"wpcf7-form-control wpcf7-email wpcf7-validates-as-required wpcf7-text wpcf7-validates-as-email form-control\" aria-required=\"true\" aria-invalid=\"false\" value=\"\" type=\"email\" name=\"email\" \/><\/span>\n\t<\/p>\n<\/div>\n<p>Come ci hai conosciuto *<br \/>\n<span class=\"wpcf7-form-control-wrap\" data-name=\"Comecihaitrovato\"><select class=\"wpcf7-form-control wpcf7-select wpcf7-validates-as-required form-control\" aria-required=\"true\" aria-invalid=\"false\" name=\"Comecihaitrovato\"><option value=\"Motori di ricerca (Google, Bing, ecc.)\">Motori di ricerca (Google, Bing, ecc.)<\/option><option value=\"Newsletter o Email\">Newsletter o Email<\/option><option value=\"Social Network (Facebook, Instagram, LinkedIn)\">Social Network (Facebook, Instagram, LinkedIn)<\/option><option value=\"Intelligenza artificiale (ChatGPT, Gemini, ecc.)\">Intelligenza artificiale (ChatGPT, Gemini, ecc.)<\/option><option value=\"Articoli di stampa\">Articoli di stampa<\/option><option value=\"Consiglio di amici o colleghi\">Consiglio di amici o colleghi<\/option><option value=\"Pubblicit\u00e0 online\">Pubblicit\u00e0 online<\/option><\/select><\/span>\n<\/p>\n<div class=\"checkbox-form\">\n\t<div class=\"d-flex\">\n\t\t<div class=\"checkbox-form has-extrasmall-font-size\">\n\t\t\t<p><span class=\"wpcf7-form-control-wrap\" data-name=\"privacy-consent\"><span class=\"wpcf7-form-control wpcf7-acceptance\"><span class=\"wpcf7-list-item\"><label><input type=\"checkbox\" name=\"privacy-consent\" value=\"1\" aria-invalid=\"false\" \/><span class=\"wpcf7-list-item-label\"><strong>Espressione del consenso al trattamento dei dati personali<\/strong><br>Autorizzo il trattamento dei dati personali da me conferiti per le finalit\u00e0 e nei limiti <a href=\"https:\/\/www.bonfiglioliconsulting.com\/it\/informativa-sulla-privacy\/\" target=\"_blank\" rel=\"noreferrer noopener\">indicati nell\u2019informativa<\/a>, conformemente a quanto previsto dall\u2019articolo 13 del Decreto Legislativo 30 giugno 2003, n. 196 (\u201cCodice in materia di protezione dei dati personali\u201d) e dall\u2019articolo 13 del Regolamento (UE) 2016\/679 (\u201cRegolamento Generale sulla Protezione dei Dati\u201d).<\/span><\/label><\/span><\/span><\/span>\n\t\t\t<\/p>\n\t\t<\/div>\n\t<\/div>\n\t<div class=\"d-flex\">\n\t\t<div class=\"checkbox-form has-extrasmall-font-size\">\n\t\t\t<p><span class=\"wpcf7-form-control-wrap\" data-name=\"newsletter-consent\"><span class=\"wpcf7-form-control wpcf7-acceptance optional\"><span class=\"wpcf7-list-item\"><label><input type=\"checkbox\" name=\"newsletter-consent\" value=\"1\" aria-invalid=\"false\" \/><span class=\"wpcf7-list-item-label\"><strong>Consenso comunicazioni ed inviti (facoltativo)<\/strong><br>Acconsento a ricevere comunicazioni ed inviti da parte del Gruppo Bonfiglioli Consulting.<\/span><\/label><\/span><\/span><\/span>\n\t\t\t<\/p>\n\t\t<\/div>\n\t<\/div>\n<\/div>\n<input class=\"wpcf7-form-control wpcf7-hidden\" id=\"post_title\" value=\"\" type=\"hidden\" name=\"post_title\" \/>\n<input class=\"wpcf7-form-control wpcf7-hidden\" value=\"\" type=\"hidden\" name=\"submission_date\" \/>\n<input class=\"wpcf7-form-control wpcf7-hidden\" value=\"https:\/\/www.bonfiglioliconsulting.com\/wp-content\/uploads\/2022\/01\/KPill-DATA-SCIENCE-1.pdf\" type=\"hidden\" name=\"file\" \/>\n<p><input class=\"wpcf7-form-control wpcf7-submit has-spinner btn btn-blu\" type=\"submit\" value=\"Download\" \/>\n<\/p><div class=\"wpcf7-response-output\" aria-hidden=\"true\"><\/div>\n<\/form>\n<\/div>\n\n<\/div><\/div><\/div><\/div>","protected":false},"excerpt":{"rendered":null,"protected":false},"author":73,"featured_media":29394,"parent":23838,"menu_order":0,"comment_status":"closed","ping_status":"closed","template":"template-wide-blocchi.php","meta":{"_acf_changed":false,"footnotes":""},"tags":[],"class_list":["post-29388","page","type-page","status-publish","has-post-thumbnail","hentry"],"acf":[],"yoast_head":"<!-- This site is optimized with the Yoast SEO plugin v27.4 - https:\/\/yoast.com\/product\/yoast-seo-wordpress\/ -->\n<title>Data Science: realt\u00e0 e opportunit\u00e0 - Bonfiglioli Consulting<\/title>\n<meta name=\"description\" content=\"Data Science: Realt\u00e0 e Opportunit\u00e0: Esplora il ruolo della data science nell&#039;ottimizzazione dei processi e nell&#039;innovazione aziendale.\" \/>\n<meta name=\"robots\" content=\"index, follow, max-snippet:-1, max-image-preview:large, max-video-preview:-1\" \/>\n<link rel=\"canonical\" href=\"https:\/\/www.bonfiglioliconsulting.com\/it\/articoli\/data-science-realta-e-opportunita\/\" \/>\n<meta property=\"og:locale\" content=\"it_IT\" \/>\n<meta property=\"og:type\" content=\"article\" \/>\n<meta property=\"og:title\" content=\"Data Science: realt\u00e0 e opportunit\u00e0 - Bonfiglioli Consulting\" \/>\n<meta property=\"og:description\" content=\"Data Science: Realt\u00e0 e Opportunit\u00e0: Esplora il ruolo della data science nell&#039;ottimizzazione dei processi e nell&#039;innovazione aziendale.\" \/>\n<meta property=\"og:url\" content=\"https:\/\/www.bonfiglioliconsulting.com\/it\/articoli\/data-science-realta-e-opportunita\/\" \/>\n<meta property=\"og:site_name\" content=\"Bonfiglioli Consulting\" \/>\n<meta property=\"article:modified_time\" content=\"2025-01-10T19:22:15+00:00\" \/>\n<meta property=\"og:image\" content=\"https:\/\/www.bonfiglioliconsulting.com\/wp-content\/uploads\/2022\/01\/Banner-Data-Scinece.jpg\" \/>\n\t<meta property=\"og:image:width\" content=\"2008\" \/>\n\t<meta property=\"og:image:height\" content=\"1170\" \/>\n\t<meta property=\"og:image:type\" content=\"image\/jpeg\" \/>\n<meta name=\"twitter:card\" content=\"summary_large_image\" \/>\n<meta name=\"twitter:label1\" content=\"Tempo di lettura stimato\" \/>\n\t<meta name=\"twitter:data1\" content=\"3 minuti\" \/>\n<script type=\"application\/ld+json\" class=\"yoast-schema-graph\">{\"@context\":\"https:\\\/\\\/schema.org\",\"@graph\":[{\"@type\":\"WebPage\",\"@id\":\"https:\\\/\\\/www.bonfiglioliconsulting.com\\\/en\\\/articles\\\/data-science-realities-and-opportunities\\\/\",\"url\":\"https:\\\/\\\/www.bonfiglioliconsulting.com\\\/en\\\/articles\\\/data-science-realities-and-opportunities\\\/\",\"name\":\"Data Science: realt\u00e0 e opportunit\u00e0 - Bonfiglioli Consulting\",\"isPartOf\":{\"@id\":\"https:\\\/\\\/www.bonfiglioliconsulting.com\\\/it\\\/#website\"},\"primaryImageOfPage\":{\"@id\":\"https:\\\/\\\/www.bonfiglioliconsulting.com\\\/en\\\/articles\\\/data-science-realities-and-opportunities\\\/#primaryimage\"},\"image\":{\"@id\":\"https:\\\/\\\/www.bonfiglioliconsulting.com\\\/en\\\/articles\\\/data-science-realities-and-opportunities\\\/#primaryimage\"},\"thumbnailUrl\":\"https:\\\/\\\/www.bonfiglioliconsulting.com\\\/wp-content\\\/uploads\\\/2022\\\/01\\\/Banner-Data-Scinece.jpg\",\"datePublished\":\"2022-01-17T10:44:18+00:00\",\"dateModified\":\"2025-01-10T19:22:15+00:00\",\"description\":\"Data Science: Realt\u00e0 e Opportunit\u00e0: Esplora il ruolo della data science nell'ottimizzazione dei processi e nell'innovazione aziendale.\",\"inLanguage\":\"it-IT\",\"potentialAction\":[{\"@type\":\"ReadAction\",\"target\":[\"https:\\\/\\\/www.bonfiglioliconsulting.com\\\/en\\\/articles\\\/data-science-realities-and-opportunities\\\/\"]}]},{\"@type\":\"ImageObject\",\"inLanguage\":\"it-IT\",\"@id\":\"https:\\\/\\\/www.bonfiglioliconsulting.com\\\/en\\\/articles\\\/data-science-realities-and-opportunities\\\/#primaryimage\",\"url\":\"https:\\\/\\\/www.bonfiglioliconsulting.com\\\/wp-content\\\/uploads\\\/2022\\\/01\\\/Banner-Data-Scinece.jpg\",\"contentUrl\":\"https:\\\/\\\/www.bonfiglioliconsulting.com\\\/wp-content\\\/uploads\\\/2022\\\/01\\\/Banner-Data-Scinece.jpg\",\"width\":2008,\"height\":1170},{\"@type\":\"WebSite\",\"@id\":\"https:\\\/\\\/www.bonfiglioliconsulting.com\\\/it\\\/#website\",\"url\":\"https:\\\/\\\/www.bonfiglioliconsulting.com\\\/it\\\/\",\"name\":\"Bonfiglioli Consulting\",\"description\":\"\",\"potentialAction\":[{\"@type\":\"SearchAction\",\"target\":{\"@type\":\"EntryPoint\",\"urlTemplate\":\"https:\\\/\\\/www.bonfiglioliconsulting.com\\\/it\\\/?s={search_term_string}\"},\"query-input\":{\"@type\":\"PropertyValueSpecification\",\"valueRequired\":true,\"valueName\":\"search_term_string\"}}],\"inLanguage\":\"it-IT\"}]}<\/script>\n<!-- \/ Yoast SEO plugin. -->","yoast_head_json":{"title":"Data Science: realt\u00e0 e opportunit\u00e0 - Bonfiglioli Consulting","description":"Data Science: Realt\u00e0 e Opportunit\u00e0: Esplora il ruolo della data science nell'ottimizzazione dei processi e nell'innovazione aziendale.","robots":{"index":"index","follow":"follow","max-snippet":"max-snippet:-1","max-image-preview":"max-image-preview:large","max-video-preview":"max-video-preview:-1"},"canonical":"https:\/\/www.bonfiglioliconsulting.com\/it\/articoli\/data-science-realta-e-opportunita\/","og_locale":"it_IT","og_type":"article","og_title":"Data Science: realt\u00e0 e opportunit\u00e0 - Bonfiglioli Consulting","og_description":"Data Science: Realt\u00e0 e Opportunit\u00e0: Esplora il ruolo della data science nell'ottimizzazione dei processi e nell'innovazione aziendale.","og_url":"https:\/\/www.bonfiglioliconsulting.com\/it\/articoli\/data-science-realta-e-opportunita\/","og_site_name":"Bonfiglioli Consulting","article_modified_time":"2025-01-10T19:22:15+00:00","og_image":[{"width":2008,"height":1170,"url":"https:\/\/www.bonfiglioliconsulting.com\/wp-content\/uploads\/2022\/01\/Banner-Data-Scinece.jpg","type":"image\/jpeg"}],"twitter_card":"summary_large_image","twitter_misc":{"Tempo di lettura stimato":"3 minuti"},"schema":{"@context":"https:\/\/schema.org","@graph":[{"@type":"WebPage","@id":"https:\/\/www.bonfiglioliconsulting.com\/en\/articles\/data-science-realities-and-opportunities\/","url":"https:\/\/www.bonfiglioliconsulting.com\/en\/articles\/data-science-realities-and-opportunities\/","name":"Data Science: realt\u00e0 e opportunit\u00e0 - Bonfiglioli Consulting","isPartOf":{"@id":"https:\/\/www.bonfiglioliconsulting.com\/it\/#website"},"primaryImageOfPage":{"@id":"https:\/\/www.bonfiglioliconsulting.com\/en\/articles\/data-science-realities-and-opportunities\/#primaryimage"},"image":{"@id":"https:\/\/www.bonfiglioliconsulting.com\/en\/articles\/data-science-realities-and-opportunities\/#primaryimage"},"thumbnailUrl":"https:\/\/www.bonfiglioliconsulting.com\/wp-content\/uploads\/2022\/01\/Banner-Data-Scinece.jpg","datePublished":"2022-01-17T10:44:18+00:00","dateModified":"2025-01-10T19:22:15+00:00","description":"Data Science: Realt\u00e0 e Opportunit\u00e0: Esplora il ruolo della data science nell'ottimizzazione dei processi e nell'innovazione aziendale.","inLanguage":"it-IT","potentialAction":[{"@type":"ReadAction","target":["https:\/\/www.bonfiglioliconsulting.com\/en\/articles\/data-science-realities-and-opportunities\/"]}]},{"@type":"ImageObject","inLanguage":"it-IT","@id":"https:\/\/www.bonfiglioliconsulting.com\/en\/articles\/data-science-realities-and-opportunities\/#primaryimage","url":"https:\/\/www.bonfiglioliconsulting.com\/wp-content\/uploads\/2022\/01\/Banner-Data-Scinece.jpg","contentUrl":"https:\/\/www.bonfiglioliconsulting.com\/wp-content\/uploads\/2022\/01\/Banner-Data-Scinece.jpg","width":2008,"height":1170},{"@type":"WebSite","@id":"https:\/\/www.bonfiglioliconsulting.com\/it\/#website","url":"https:\/\/www.bonfiglioliconsulting.com\/it\/","name":"Bonfiglioli Consulting","description":"","potentialAction":[{"@type":"SearchAction","target":{"@type":"EntryPoint","urlTemplate":"https:\/\/www.bonfiglioliconsulting.com\/it\/?s={search_term_string}"},"query-input":{"@type":"PropertyValueSpecification","valueRequired":true,"valueName":"search_term_string"}}],"inLanguage":"it-IT"}]}},"_links":{"self":[{"href":"https:\/\/www.bonfiglioliconsulting.com\/it\/wp-json\/wp\/v2\/pages\/29388","targetHints":{"allow":["GET"]}}],"collection":[{"href":"https:\/\/www.bonfiglioliconsulting.com\/it\/wp-json\/wp\/v2\/pages"}],"about":[{"href":"https:\/\/www.bonfiglioliconsulting.com\/it\/wp-json\/wp\/v2\/types\/page"}],"author":[{"embeddable":true,"href":"https:\/\/www.bonfiglioliconsulting.com\/it\/wp-json\/wp\/v2\/users\/73"}],"replies":[{"embeddable":true,"href":"https:\/\/www.bonfiglioliconsulting.com\/it\/wp-json\/wp\/v2\/comments?post=29388"}],"version-history":[{"count":12,"href":"https:\/\/www.bonfiglioliconsulting.com\/it\/wp-json\/wp\/v2\/pages\/29388\/revisions"}],"predecessor-version":[{"id":62852,"href":"https:\/\/www.bonfiglioliconsulting.com\/it\/wp-json\/wp\/v2\/pages\/29388\/revisions\/62852"}],"up":[{"embeddable":true,"href":"https:\/\/www.bonfiglioliconsulting.com\/it\/wp-json\/wp\/v2\/pages\/23838"}],"wp:featuredmedia":[{"embeddable":true,"href":"https:\/\/www.bonfiglioliconsulting.com\/it\/wp-json\/wp\/v2\/media\/29394"}],"wp:attachment":[{"href":"https:\/\/www.bonfiglioliconsulting.com\/it\/wp-json\/wp\/v2\/media?parent=29388"}],"wp:term":[{"taxonomy":"post_tag","embeddable":true,"href":"https:\/\/www.bonfiglioliconsulting.com\/it\/wp-json\/wp\/v2\/tags?post=29388"}],"curies":[{"name":"wp","href":"https:\/\/api.w.org\/{rel}","templated":true}]}}