{"id":28655,"date":"2021-11-24T14:44:52","date_gmt":"2021-11-24T13:44:52","guid":{"rendered":"https:\/\/www.bcsoa.it\/?page_id=28655"},"modified":"2025-01-20T07:45:30","modified_gmt":"2025-01-20T06:45:30","slug":"lean-digital-la-via-italiana-alla-fabbrica-5g-prefazione-di-gigi-wang","status":"publish","type":"page","link":"https:\/\/www.bonfiglioliconsulting.com\/it\/lean-digital-la-via-italiana-alla-fabbrica-5g-prefazione-di-gigi-wang\/","title":{"rendered":"LEAN DIGITAL | La via Italiana alla fabbrica 5G  Prefazione di Gigi Wang"},"content":{"rendered":"<div id=\"saz-block-block_619e4000d2bd4\" class=\"d-none saz-block saz-block-acf-hero-servizi  bg-light bg-hero-servizi-eventi hero_overlay_parent vv lazyload\"\n     style=\"background:inherit; background-size:cover;\" data-bg=\"url(https:\/\/www.bonfiglioliconsulting.com\/wp-content\/uploads\/2021\/11\/lean-digital-banner.jpg) center top no-repeat transparent\">\n    <div class=\"hero_overlay\"><\/div>\n    <div class=\"container hero_content\">\n        <div class=\"row align-items-end\">\n            <div class=\"col-12\">\n                 \n                    <div class=\"mt-3 mb-2 text-white\"><div class=\"breadcrumbs\"><span property=\"itemListElement\" typeof=\"ListItem\"><a property=\"item\" typeof=\"WebPage\" title=\"Vai a Bonfiglioli Consulting.\" href=\"https:\/\/www.bonfiglioliconsulting.com\/it\" class=\"home\"><span property=\"name\">Home<\/span><\/a><meta property=\"position\" content=\"1\"><\/span><\/div><script type=\"application\/ld+json\">{\"@context\":\"http:\/\/schema.org\",\"@type\":\"BreadcrumbList\",\"itemListElement\":[{\"@type\":\"ListItem\",\"position\":1,\"item\":{\"@id\":\"https:\/\/www.bonfiglioliconsulting.com\/it\",\"name\":\"Bonfiglioli Consulting\"}}]}<\/script><\/div>\n                                \n                                    <h1 class=\"has-huge-font-size font-weight-bold mb-0 text-white\">LEAN DIGITAL | La via Italiana alla fabbrica 5G  Prefazione di Gigi Wang<\/h1>\n                                                <div class=\"mb-5 pb-4 pb-md-5\"><\/div>\n            <\/div>\n        <\/div>\n    <\/div>\n    <svg class=\"onda-destra\" id=\"onda\" data-name=\"onda\" xmlns=\"http:\/\/www.w3.org\/2000\/svg\" viewBox=\"0 0 1000 180\"><path class=\"cls-1\" d=\"M0,180H1000V.4S458.72-.5,279.85.4c-49,.25-68.29,7.31-161.7,105.9C94.46,131.3,49.5,174.7,0,180Z\" transform=\"translate(0 0)\" style=\"fill: #ffffff\"\/><\/svg>\n<\/div>\n\n\n<section class=\"n_archive_hero lazyload\" style=\"background-image:inherit;\" data-bg-image=\"url(https:\/\/www.bonfiglioliconsulting.com\/wp-content\/uploads\/2021\/11\/lean-digital-banner.jpg)\"> \n    <div class=\"container h-100 position-relative\">\n        <div class=\"d-flex items-center h-100\">\n            <div class=\"n_archive_hero_content align-self-end text-white\">\n                <div class=\"text-white\">\n                <div class=\"breadcrumbs\">\n                 \n                    <div class=\"mt-3 mb-2 text-white\"><div class=\"breadcrumbs\"><span property=\"itemListElement\" typeof=\"ListItem\"><a property=\"item\" typeof=\"WebPage\" title=\"Vai a Bonfiglioli Consulting.\" href=\"https:\/\/www.bonfiglioliconsulting.com\/it\" class=\"home\"><span property=\"name\">Home<\/span><\/a><meta property=\"position\" content=\"1\"><\/span><\/div><script type=\"application\/ld+json\">{\"@context\":\"http:\/\/schema.org\",\"@type\":\"BreadcrumbList\",\"itemListElement\":[{\"@type\":\"ListItem\",\"position\":1,\"item\":{\"@id\":\"https:\/\/www.bonfiglioliconsulting.com\/it\",\"name\":\"Bonfiglioli Consulting\"}}]}<\/script><\/div>\n                                <\/div>\n                <\/div>\n                \n                \n                \n                                      <h1 class=\"text-white text-white\">LEAN DIGITAL | La via Italiana alla fabbrica 5G  Prefazione di Gigi Wang<\/h1>\n                                \n                                \n\n<\/div>\n        <\/div>\n    <\/div>\n    <div class=\"right_white_shape\">\n        <svg xmlns=\"http:\/\/www.w3.org\/2000\/svg\" viewBox=\"0 0 1000 180\">\n            <path class=\"cls-1\" d=\"M0,180H1000V.4S458.72-.5,279.85.4c-49,.25-68.29,7.31-161.7,105.9C94.46,131.3,49.5,174.7,0,180Z\" transform=\"translate(0 0)\"><\/path>\n        <\/svg>\n    <\/div>\n<\/section><div id=\"saz-block-id-qxZLJkn7xd1S\" class=\"saz-block saz-block\"><div class=\"container\"><div class=\"row\"><div class=\"col-12 col-lg-8 offset-lg-2\">\n\n<\/div><\/div><\/div><\/div><div id=\"saz-block-id-Rh6uCLDQeTnH\" class=\"saz-block saz-block-core-spacer saz-block-height-array\"><div class=\"container\"><div class=\"row\"><div class=\"col-12 col-lg-8 offset-lg-2\">\n<div style=\"height:60px\" aria-hidden=\"true\" class=\"wp-block-spacer\"><\/div>\n<\/div><\/div><\/div><\/div><div id=\"saz-block-id-pcaC5WAckw3W\" class=\"saz-block saz-block\"><div class=\"container\"><div class=\"row\"><div class=\"col-12 col-lg-8 offset-lg-2\">\n\n<\/div><\/div><\/div><\/div><div id=\"saz-block-id-JhXBNv2HSKHu\" class=\"saz-block saz-block-core-heading saz-block-level-array\"><div class=\"container\"><div class=\"row\"><div class=\"col-12 col-lg-8 offset-lg-2\">\n<h3 class=\"wp-block-heading\"><strong>Digital Transformation<\/strong><\/h3>\n<\/div><\/div><\/div><\/div><div id=\"saz-block-id-tldFtY2Xegdm\" class=\"saz-block saz-block\"><div class=\"container\"><div class=\"row\"><div class=\"col-12 col-lg-8 offset-lg-2\">\n\n<\/div><\/div><\/div><\/div><div id=\"saz-block-id-l6O4zJXzZfBR\" class=\"saz-block saz-block-core-heading saz-block-level-array\"><div class=\"container\"><div class=\"row\"><div class=\"col-12 col-lg-8 offset-lg-2\">\n<h3 class=\"wp-block-heading\">Prefazione di Gigi Wang | Industry Fellow &amp; Faculty at UC Berkeley\u2019s Sutardja Center for Entrepreneurship<\/h3>\n<\/div><\/div><\/div><\/div><div id=\"saz-block-id-9c8nAhV35bHc\" class=\"saz-block saz-block\"><div class=\"container\"><div class=\"row\"><div class=\"col-12 col-lg-8 offset-lg-2\">\n\n<\/div><\/div><\/div><\/div><div id=\"saz-block-id-p1MEML1q7Bfp\" class=\"saz-block saz-block-core-columns saz-block-verticalalignment-center saz-block-classname-pt-5-pb-4\"><div class=\"container\"><div class=\"row\">\n<div class=\"wp-block-columns are-vertically-aligned-center pt-5 pb-4 is-layout-flex wp-container-core-columns-is-layout-9d6595d7 wp-block-columns-is-layout-flex\">\n<div class=\"wp-block-column is-layout-flow wp-block-column-is-layout-flow\" style=\"flex-basis:20%\"><\/div>\n\n\n\n<div class=\"wp-block-column is-vertically-aligned-center is-layout-flow wp-block-column-is-layout-flow\" style=\"flex-basis:15%\"><div id=\"saz-block-id-28663\" class=\"saz-block saz-block-core-image saz-block-align-center saz-block-id-array saz-block-width-array saz-block-height-array saz-block-sizeslug-full saz-block-linkdestination-none saz-block-classname-is-style-rounded\">\n<div class=\"wp-block-image is-style-rounded\"><figure class=\"aligncenter size-full is-resized\"><img decoding=\"async\" data-src=\"https:\/\/www.bonfiglioliconsulting.com\/wp-content\/uploads\/2021\/11\/GigiWang-2020-home.jpg\" alt=\"\" class=\"wp-image-28663 lazyload\" width=\"177\" height=\"178\" data-srcset=\"https:\/\/www.bonfiglioliconsulting.com\/wp-content\/uploads\/2021\/11\/GigiWang-2020-home.jpg 709w, https:\/\/www.bonfiglioliconsulting.com\/wp-content\/uploads\/2021\/11\/GigiWang-2020-home-600x601.jpg 600w\" data-sizes=\"(max-width: 177px) 100vw, 177px\" src=\"data:image\/svg+xml;base64,PHN2ZyB3aWR0aD0iMSIgaGVpZ2h0PSIxIiB4bWxucz0iaHR0cDovL3d3dy53My5vcmcvMjAwMC9zdmciPjwvc3ZnPg==\" style=\"--smush-placeholder-width: 177px; --smush-placeholder-aspect-ratio: 177\/178;\" \/><\/figure><\/div>\n<\/div><\/div>\n\n\n\n<div class=\"wp-block-column is-vertically-aligned-center pl-3 is-layout-flow wp-block-column-is-layout-flow\" style=\"flex-basis:45%\"><div id=\"saz-block-id-AhRX1OoSJjn3\" class=\"saz-block saz-block-core-quote\">\n<blockquote class=\"wp-block-quote is-layout-flow wp-block-quote-is-layout-flow\"><p> <\/p><p>Questo libro fornisce preziosi approfondimenti, pillole e schemi di riferimento basati sull&#8217;approccio Lean Digital.<\/p><cite>Gigi Wang<\/cite><\/blockquote>\n<\/div><\/div>\n\n\n\n<div class=\"wp-block-column is-layout-flow wp-block-column-is-layout-flow\" style=\"flex-basis:5%\"><\/div>\n<\/div>\n<\/div><\/div><\/div><div id=\"saz-block-id-CZSNAmyMsTka\" class=\"saz-block saz-block\"><div class=\"container\"><div class=\"row\"><div class=\"col-12 col-lg-8 offset-lg-2\">\n\n<\/div><\/div><\/div><\/div><div id=\"saz-block-id-VLjuyaIiC3IN\" class=\"saz-block saz-block-core-paragraph\"><div class=\"container\"><div class=\"row\"><div class=\"col-12 col-lg-8 offset-lg-2\">\n<p>Negli ultimi venti anni, le societ\u00e0 di tutto il mondo hanno dovuto affrontare sfide senza precedenti per sopravvivere nel panorama globale in rapida evoluzione. Settori tradizionali, come produzione, servizi e trasporti, hanno avuto grandi difficolt\u00e0 a competere. Nel 2000, General Motors, Ford Motors e General Electric erano tra le prime cinque societ\u00e0 nella classifica Fortune 500, pubblicata dall\u2019illustre rivista statunitense. Nel 2020, a sostituirle ci sono Amazon, Apple e CVS Heal-thcare. Di fatto, una nuova generazione di aziende sta avendo il sopravvento: le aziende tradizionali devono prestare molta attenzione a questo cambiamento.<\/p>\n<\/div><\/div><\/div><\/div><div id=\"saz-block-id-V4TEV9zdrWlu\" class=\"saz-block saz-block\"><div class=\"container\"><div class=\"row\"><div class=\"col-12 col-lg-8 offset-lg-2\">\n\n<\/div><\/div><\/div><\/div><div id=\"saz-block-id-oQJOJIRY2QCR\" class=\"saz-block saz-block-core-paragraph\"><div class=\"container\"><div class=\"row\"><div class=\"col-12 col-lg-8 offset-lg-2\">\n<p>\u00c8 necessario che esse affrontino una serie di sfide nelle aree della globalizzazione, dei progressi tecnologici, dei cambiamenti della forza lavoro e dei nuovi modi di fare business. Storicamente, le aziende tradizionali si sono sempre concentrate sui mercati vincolati ai propri Paesi, ma in un contesto nel quale i confini commerciali sono attenuati e le infrastrutture di trasporto globali sono in forte crescita, i competitor stranieri avanzano con prodotti pi\u00f9 economici conquistando importanti quote di mercato. Le aziende locali devono sfruttare la propria conoscenza del mercato domestico per produrre prodotti migliori e mantenere rapporti pi\u00f9 solidi con i clienti locali.<\/p>\n<\/div><\/div><\/div><\/div><div id=\"saz-block-id-wFak1ANYeVvs\" class=\"saz-block saz-block\"><div class=\"container\"><div class=\"row\"><div class=\"col-12 col-lg-8 offset-lg-2\">\n\n<\/div><\/div><\/div><\/div><div id=\"saz-block-id-s3wVwPuJFoa5\" class=\"saz-block saz-block-core-paragraph\"><div class=\"container\"><div class=\"row\"><div class=\"col-12 col-lg-8 offset-lg-2\">\n<p>In un mondo in cui la tecnologia evolve a ritmo esponenziale, le societ\u00e0 di maggior successo sono quelle che adottano le tecnologie pi\u00f9 recenti per svilupparsi in modo efficiente e redditizio. L\u2019avvento di Internet negli anni \u201890 ha rivoluzionato le comunicazioni: le aziende hanno iniziato a comunicare in tempo reale e in modo efficiente con clienti, fornitori e partner. Il ritmo del business si \u00e8 accelerato esponenzialmente. La digitalizzazione ha trasformato gran parte delle nostre vite in una questione di secondi e minuti: per esempio, musica, libri, video, manuali, disegni tecnici e altro ancora, possono essere trasmessi rapidamente su Internet. Nel frattempo, una classe completamente nuova di sensori digitali guida la crescita pervasiva dell\u2019IoT (Internet of Things), in cui la raccolta di dati digitali automatizzata si sostituisce a quella umana analogica e laboriosa (a esempio, sulla linea di produzione). Contemporaneamente, la potenza di elaborazione dei computer \u00e8 aumentata in modo esponenziale (a conferma della Legge di Moore) e viene utilizzata per trasformare i dati digitali raccolti in informazioni utili. I progressi nell\u2019apprendimento delle macchine e nell\u2019AI si traducono in macchinari intelligenti pi\u00f9 produttivi (automazione dei processi robotizzati) o pi\u00f9 efficienti (auto a guida autonoma). Le aziende tradizionali devono passare al pi\u00f9 presto al mondo digitale per competere con la nuova generazione di aziende che hanno gi\u00e0 puntato sul digital.<\/p>\n<\/div><\/div><\/div><\/div><div id=\"saz-block-id-jF0EbTMmkGKv\" class=\"saz-block saz-block\"><div class=\"container\"><div class=\"row\"><div class=\"col-12 col-lg-8 offset-lg-2\">\n\n<\/div><\/div><\/div><\/div><div id=\"saz-block-id-dMyytWsRSEWZ\" class=\"saz-block saz-block-core-paragraph\"><div class=\"container\"><div class=\"row\"><div class=\"col-12 col-lg-8 offset-lg-2\">\n<p>All\u2019adozione della tecnologia deve accompagnarsi una trasformazione dell\u2019organizzazione del lavoro e da strutture tradizionali, spesso costituite da gerarchie familiari in Italia, bisogna passare a organizzazioni pi\u00f9 agili. Dato che il mondo sta cambiando velocemente, al fine di adattarsi rapidamente, \u00e8 fondamentale che la forza lavoro abbia una mentalit\u00e0 aperta alla crescita (\u00abapriamoci a modalit\u00e0 nuove e migliori\u00bb) piuttosto che un modo di pensare rigido (\u00ab\u00e8 sempre stato cos\u00ec\u00bb). Un\u2019organizzazione guidata da uno spirito di crescita e disposta a confrontarsi con nuove abilit\u00e0, impara pi\u00f9 rapidamente e pu\u00f2 comprendere e implementare le ultime tendenze di mercato e tecnologiche al fine di fornire al cliente esattamente ci\u00f2 che desidera, in modo redditizio.<br>Infine, le aziende devono porre attenzione a nuove modalit\u00e0 per tagliare i costi e per guadagnare grazie ai progressi tecnologici e ai dati raccolti. L\u2019analisi dei dati, infatti, potrebbe rivelare inefficienze nei processi produttivi, oppure operativi, che possono essere eliminate. Tale analisi inoltre potrebbe identificare nuove funzionalit\u00e0 o prodotti che il cliente desidera e che sarebbe disposto a pagare. Amazon, Apple e CVS He-alth hanno sfruttato la tecnologia e una mentalit\u00e0 aperta alla crescita per progredire e catapultarsi in cima alla classifica di Fortune 500. Sia le aziende emergenti che quelle tradizionali, devono prestare attenzione a tutto ci\u00f2.<\/p>\n<\/div><\/div><\/div><\/div><div id=\"saz-block-id-nGYGByQPz733\" class=\"saz-block saz-block\"><div class=\"container\"><div class=\"row\"><div class=\"col-12 col-lg-8 offset-lg-2\">\n\n<\/div><\/div><\/div><\/div><div id=\"saz-block-id-ciginFiwNAfV\" class=\"saz-block saz-block-core-paragraph\"><div class=\"container\"><div class=\"row\"><div class=\"col-12 col-lg-8 offset-lg-2\">\n<p>Questo libro fornisce preziosi approfondimenti, pillole e schemi di riferimento basati sull\u2019approccio Lean Digital, utilizzato dalle aziende per progredire nel proprio percorso di adattamento a un mondo globalizzato e guidato dalla tecnologia. Se sapranno farne tesoro, le aziende italiane, soprattutto quelle tradizionali a conduzione familiare, si troveranno in una posizione e condizione migliore per diventare pi\u00f9 forti e redditizie, e competere e prosperare nel mondo di oggi.<\/p>\n<\/div><\/div><\/div><\/div><div id=\"saz-block-id-qBWVeMA2eCIz\" class=\"saz-block saz-block\"><div class=\"container\"><div class=\"row\"><div class=\"col-12 col-lg-8 offset-lg-2\">\n\n<\/div><\/div><\/div><\/div><div id=\"saz-block-id-0soAz376OiYP\" class=\"saz-block saz-block-core-paragraph\"><div class=\"container\"><div class=\"row\"><div class=\"col-12 col-lg-8 offset-lg-2\">\n<p><a href=\"https:\/\/www.bonfiglioliconsulting.com\/lean-digital-la-via-italiana-alla-fabbrica-5g\/\">Torna alla presentazione del libro<\/a><\/p>\n<\/div><\/div><\/div><\/div><div id=\"saz-block-id-XVnhOzM8oNPm\" class=\"saz-block saz-block\"><div class=\"container\"><div class=\"row\"><div class=\"col-12 col-lg-8 offset-lg-2\">\n\n<\/div><\/div><\/div><\/div><div id=\"saz-block-id-jBXiF3l4mUok\" class=\"saz-block saz-block-core-paragraph\"><div class=\"container\"><div class=\"row\"><div class=\"col-12 col-lg-8 offset-lg-2\">\n<p><\/p>\n<\/div><\/div><\/div><\/div>","protected":false},"excerpt":{"rendered":null,"protected":false},"author":73,"featured_media":0,"parent":0,"menu_order":0,"comment_status":"closed","ping_status":"closed","template":"template-wide-blocchi.php","meta":{"_acf_changed":false,"footnotes":""},"tags":[],"class_list":["post-28655","page","type-page","status-publish","hentry"],"acf":[],"yoast_head":"<!-- This site is optimized with the Yoast SEO plugin v27.4 - https:\/\/yoast.com\/product\/yoast-seo-wordpress\/ -->\n<title>La via Italiana alla fabbrica 5G Prefazione di Gigi Wang<\/title>\n<meta name=\"description\" content=\"Prefazione di Gigi Wang: Esplora l\u2019introduzione di Gigi Wang sulla trasformazione digitale e lean management.\" \/>\n<meta name=\"robots\" content=\"index, follow, max-snippet:-1, max-image-preview:large, max-video-preview:-1\" \/>\n<link rel=\"canonical\" href=\"https:\/\/www.bonfiglioliconsulting.com\/it\/lean-digital-la-via-italiana-alla-fabbrica-5g-prefazione-di-gigi-wang\/\" \/>\n<meta property=\"og:locale\" content=\"it_IT\" \/>\n<meta property=\"og:type\" content=\"article\" \/>\n<meta property=\"og:title\" content=\"La via Italiana alla fabbrica 5G Prefazione di Gigi Wang\" \/>\n<meta property=\"og:description\" content=\"Prefazione di Gigi Wang: Esplora l\u2019introduzione di Gigi Wang sulla trasformazione digitale e lean management.\" \/>\n<meta property=\"og:url\" content=\"https:\/\/www.bonfiglioliconsulting.com\/it\/lean-digital-la-via-italiana-alla-fabbrica-5g-prefazione-di-gigi-wang\/\" \/>\n<meta property=\"og:site_name\" content=\"Bonfiglioli Consulting\" \/>\n<meta property=\"article:modified_time\" content=\"2025-01-20T06:45:30+00:00\" \/>\n<meta property=\"og:image\" content=\"https:\/\/www.bonfiglioliconsulting.com\/ambient\/wp-content\/uploads\/2021\/11\/GigiWang-2020-home.jpg\" \/>\n<meta name=\"twitter:card\" content=\"summary_large_image\" \/>\n<meta name=\"twitter:label1\" content=\"Tempo di lettura stimato\" \/>\n\t<meta name=\"twitter:data1\" content=\"4 minuti\" \/>\n<script type=\"application\/ld+json\" class=\"yoast-schema-graph\">{\"@context\":\"https:\\\/\\\/schema.org\",\"@graph\":[{\"@type\":\"WebPage\",\"@id\":\"https:\\\/\\\/www.bonfiglioliconsulting.com\\\/en\\\/lean-digital-the-italian-way-to-the-5g-factory-preface-by-gigi-wang\\\/\",\"url\":\"https:\\\/\\\/www.bonfiglioliconsulting.com\\\/en\\\/lean-digital-the-italian-way-to-the-5g-factory-preface-by-gigi-wang\\\/\",\"name\":\"La via Italiana alla fabbrica 5G Prefazione di Gigi Wang\",\"isPartOf\":{\"@id\":\"https:\\\/\\\/www.bonfiglioliconsulting.com\\\/it\\\/#website\"},\"primaryImageOfPage\":{\"@id\":\"https:\\\/\\\/www.bonfiglioliconsulting.com\\\/en\\\/lean-digital-the-italian-way-to-the-5g-factory-preface-by-gigi-wang\\\/#primaryimage\"},\"image\":{\"@id\":\"https:\\\/\\\/www.bonfiglioliconsulting.com\\\/en\\\/lean-digital-the-italian-way-to-the-5g-factory-preface-by-gigi-wang\\\/#primaryimage\"},\"thumbnailUrl\":\"https:\\\/\\\/www.bonfiglioliconsulting.com\\\/wp-content\\\/uploads\\\/2021\\\/11\\\/GigiWang-2020-home.jpg\",\"datePublished\":\"2021-11-24T13:44:52+00:00\",\"dateModified\":\"2025-01-20T06:45:30+00:00\",\"description\":\"Prefazione di Gigi Wang: Esplora l\u2019introduzione di Gigi Wang sulla trasformazione digitale e lean management.\",\"inLanguage\":\"it-IT\",\"potentialAction\":[{\"@type\":\"ReadAction\",\"target\":[\"https:\\\/\\\/www.bonfiglioliconsulting.com\\\/en\\\/lean-digital-the-italian-way-to-the-5g-factory-preface-by-gigi-wang\\\/\"]}]},{\"@type\":\"ImageObject\",\"inLanguage\":\"it-IT\",\"@id\":\"https:\\\/\\\/www.bonfiglioliconsulting.com\\\/en\\\/lean-digital-the-italian-way-to-the-5g-factory-preface-by-gigi-wang\\\/#primaryimage\",\"url\":\"https:\\\/\\\/www.bonfiglioliconsulting.com\\\/wp-content\\\/uploads\\\/2021\\\/11\\\/GigiWang-2020-home.jpg\",\"contentUrl\":\"https:\\\/\\\/www.bonfiglioliconsulting.com\\\/wp-content\\\/uploads\\\/2021\\\/11\\\/GigiWang-2020-home.jpg\"},{\"@type\":\"WebSite\",\"@id\":\"https:\\\/\\\/www.bonfiglioliconsulting.com\\\/it\\\/#website\",\"url\":\"https:\\\/\\\/www.bonfiglioliconsulting.com\\\/it\\\/\",\"name\":\"Bonfiglioli Consulting\",\"description\":\"\",\"potentialAction\":[{\"@type\":\"SearchAction\",\"target\":{\"@type\":\"EntryPoint\",\"urlTemplate\":\"https:\\\/\\\/www.bonfiglioliconsulting.com\\\/it\\\/?s={search_term_string}\"},\"query-input\":{\"@type\":\"PropertyValueSpecification\",\"valueRequired\":true,\"valueName\":\"search_term_string\"}}],\"inLanguage\":\"it-IT\"}]}<\/script>\n<!-- \/ Yoast SEO plugin. -->","yoast_head_json":{"title":"La via Italiana alla fabbrica 5G Prefazione di Gigi Wang","description":"Prefazione di Gigi Wang: Esplora l\u2019introduzione di Gigi Wang sulla trasformazione digitale e lean management.","robots":{"index":"index","follow":"follow","max-snippet":"max-snippet:-1","max-image-preview":"max-image-preview:large","max-video-preview":"max-video-preview:-1"},"canonical":"https:\/\/www.bonfiglioliconsulting.com\/it\/lean-digital-la-via-italiana-alla-fabbrica-5g-prefazione-di-gigi-wang\/","og_locale":"it_IT","og_type":"article","og_title":"La via Italiana alla fabbrica 5G Prefazione di Gigi Wang","og_description":"Prefazione di Gigi Wang: Esplora l\u2019introduzione di Gigi Wang sulla trasformazione digitale e lean management.","og_url":"https:\/\/www.bonfiglioliconsulting.com\/it\/lean-digital-la-via-italiana-alla-fabbrica-5g-prefazione-di-gigi-wang\/","og_site_name":"Bonfiglioli Consulting","article_modified_time":"2025-01-20T06:45:30+00:00","og_image":[{"url":"https:\/\/www.bonfiglioliconsulting.com\/ambient\/wp-content\/uploads\/2021\/11\/GigiWang-2020-home.jpg","type":"","width":"","height":""}],"twitter_card":"summary_large_image","twitter_misc":{"Tempo di lettura stimato":"4 minuti"},"schema":{"@context":"https:\/\/schema.org","@graph":[{"@type":"WebPage","@id":"https:\/\/www.bonfiglioliconsulting.com\/en\/lean-digital-the-italian-way-to-the-5g-factory-preface-by-gigi-wang\/","url":"https:\/\/www.bonfiglioliconsulting.com\/en\/lean-digital-the-italian-way-to-the-5g-factory-preface-by-gigi-wang\/","name":"La via Italiana alla fabbrica 5G Prefazione di Gigi Wang","isPartOf":{"@id":"https:\/\/www.bonfiglioliconsulting.com\/it\/#website"},"primaryImageOfPage":{"@id":"https:\/\/www.bonfiglioliconsulting.com\/en\/lean-digital-the-italian-way-to-the-5g-factory-preface-by-gigi-wang\/#primaryimage"},"image":{"@id":"https:\/\/www.bonfiglioliconsulting.com\/en\/lean-digital-the-italian-way-to-the-5g-factory-preface-by-gigi-wang\/#primaryimage"},"thumbnailUrl":"https:\/\/www.bonfiglioliconsulting.com\/wp-content\/uploads\/2021\/11\/GigiWang-2020-home.jpg","datePublished":"2021-11-24T13:44:52+00:00","dateModified":"2025-01-20T06:45:30+00:00","description":"Prefazione di Gigi Wang: Esplora l\u2019introduzione di Gigi Wang sulla trasformazione digitale e lean management.","inLanguage":"it-IT","potentialAction":[{"@type":"ReadAction","target":["https:\/\/www.bonfiglioliconsulting.com\/en\/lean-digital-the-italian-way-to-the-5g-factory-preface-by-gigi-wang\/"]}]},{"@type":"ImageObject","inLanguage":"it-IT","@id":"https:\/\/www.bonfiglioliconsulting.com\/en\/lean-digital-the-italian-way-to-the-5g-factory-preface-by-gigi-wang\/#primaryimage","url":"https:\/\/www.bonfiglioliconsulting.com\/wp-content\/uploads\/2021\/11\/GigiWang-2020-home.jpg","contentUrl":"https:\/\/www.bonfiglioliconsulting.com\/wp-content\/uploads\/2021\/11\/GigiWang-2020-home.jpg"},{"@type":"WebSite","@id":"https:\/\/www.bonfiglioliconsulting.com\/it\/#website","url":"https:\/\/www.bonfiglioliconsulting.com\/it\/","name":"Bonfiglioli Consulting","description":"","potentialAction":[{"@type":"SearchAction","target":{"@type":"EntryPoint","urlTemplate":"https:\/\/www.bonfiglioliconsulting.com\/it\/?s={search_term_string}"},"query-input":{"@type":"PropertyValueSpecification","valueRequired":true,"valueName":"search_term_string"}}],"inLanguage":"it-IT"}]}},"_links":{"self":[{"href":"https:\/\/www.bonfiglioliconsulting.com\/it\/wp-json\/wp\/v2\/pages\/28655","targetHints":{"allow":["GET"]}}],"collection":[{"href":"https:\/\/www.bonfiglioliconsulting.com\/it\/wp-json\/wp\/v2\/pages"}],"about":[{"href":"https:\/\/www.bonfiglioliconsulting.com\/it\/wp-json\/wp\/v2\/types\/page"}],"author":[{"embeddable":true,"href":"https:\/\/www.bonfiglioliconsulting.com\/it\/wp-json\/wp\/v2\/users\/73"}],"replies":[{"embeddable":true,"href":"https:\/\/www.bonfiglioliconsulting.com\/it\/wp-json\/wp\/v2\/comments?post=28655"}],"version-history":[{"count":28,"href":"https:\/\/www.bonfiglioliconsulting.com\/it\/wp-json\/wp\/v2\/pages\/28655\/revisions"}],"predecessor-version":[{"id":64021,"href":"https:\/\/www.bonfiglioliconsulting.com\/it\/wp-json\/wp\/v2\/pages\/28655\/revisions\/64021"}],"wp:attachment":[{"href":"https:\/\/www.bonfiglioliconsulting.com\/it\/wp-json\/wp\/v2\/media?parent=28655"}],"wp:term":[{"taxonomy":"post_tag","embeddable":true,"href":"https:\/\/www.bonfiglioliconsulting.com\/it\/wp-json\/wp\/v2\/tags?post=28655"}],"curies":[{"name":"wp","href":"https:\/\/api.w.org\/{rel}","templated":true}]}}