{"id":24113,"date":"2020-07-29T15:26:00","date_gmt":"2020-07-29T13:26:00","guid":{"rendered":"https:\/\/www.bcsoa.it\/?page_id=24113"},"modified":"2025-08-28T03:49:00","modified_gmt":"2025-08-28T01:49:00","slug":"fag-artigrafiche","status":"publish","type":"page","link":"https:\/\/www.bonfiglioliconsulting.com\/it\/fag-artigrafiche\/","title":{"rendered":"FAG Artigrafiche"},"content":{"rendered":"<div id=\"saz-block-block_609ba099741cd\" class=\"d-none saz-block saz-block-acf-hero-servizi  bg-light bg-hero-servizi-eventi hero_overlay_parent vv lazyload\"\n     style=\"background:inherit; background-size:cover;\" data-bg=\"url(https:\/\/www.bonfiglioliconsulting.com\/wp-content\/uploads\/2021\/05\/hero-vairetto.jpg) center top no-repeat transparent\">\n    <div class=\"hero_overlay\"><\/div>\n    <div class=\"container hero_content\">\n        <div class=\"row align-items-end\">\n            <div class=\"col-12\">\n                 \n                    <div class=\"mt-3 mb-2 text-dark\"><div class=\"breadcrumbs\"><span property=\"itemListElement\" typeof=\"ListItem\"><a property=\"item\" typeof=\"WebPage\" title=\"Vai a Bonfiglioli Consulting.\" href=\"https:\/\/www.bonfiglioliconsulting.com\/it\" class=\"home\"><span property=\"name\">Home<\/span><\/a><meta property=\"position\" content=\"1\"><\/span><\/div><script type=\"application\/ld+json\">{\"@context\":\"http:\/\/schema.org\",\"@type\":\"BreadcrumbList\",\"itemListElement\":[{\"@type\":\"ListItem\",\"position\":1,\"item\":{\"@id\":\"https:\/\/www.bonfiglioliconsulting.com\/it\",\"name\":\"Bonfiglioli Consulting\"}}]}<\/script><\/div>\n                                \n                                    <h1 class=\"has-huge-font-size font-weight-bold mb-0 text-dark\">FAG Artigrafiche<\/h1>\n                                                    <h2 class=\"has-medium-font-size my-3 font-weight-normal text-dark\">Il packaging si fa snello e i volumi crescono<\/h2>\n                                <div class=\"mb-5 pb-4 pb-md-5\"><\/div>\n            <\/div>\n        <\/div>\n    <\/div>\n    <svg class=\"onda-destra\" id=\"onda\" data-name=\"onda\" xmlns=\"http:\/\/www.w3.org\/2000\/svg\" viewBox=\"0 0 1000 180\"><path class=\"cls-1\" d=\"M0,180H1000V.4S458.72-.5,279.85.4c-49,.25-68.29,7.31-161.7,105.9C94.46,131.3,49.5,174.7,0,180Z\" transform=\"translate(0 0)\" style=\"fill: #ffffff\"\/><\/svg>\n<\/div>\n\n\n<section class=\"n_archive_hero lazyload\" style=\"background-image:inherit;\" data-bg-image=\"url(https:\/\/www.bonfiglioliconsulting.com\/wp-content\/uploads\/2021\/05\/hero-vairetto.jpg)\"> \n    <div class=\"container h-100 position-relative\">\n        <div class=\"d-flex items-center h-100\">\n            <div class=\"n_archive_hero_content align-self-end text-white\">\n                <div class=\"text-white\">\n                <div class=\"breadcrumbs\">\n                 \n                    <div class=\"mt-3 mb-2 text-dark\"><div class=\"breadcrumbs\"><span property=\"itemListElement\" typeof=\"ListItem\"><a property=\"item\" typeof=\"WebPage\" title=\"Vai a Bonfiglioli Consulting.\" href=\"https:\/\/www.bonfiglioliconsulting.com\/it\" class=\"home\"><span property=\"name\">Home<\/span><\/a><meta property=\"position\" content=\"1\"><\/span><\/div><script type=\"application\/ld+json\">{\"@context\":\"http:\/\/schema.org\",\"@type\":\"BreadcrumbList\",\"itemListElement\":[{\"@type\":\"ListItem\",\"position\":1,\"item\":{\"@id\":\"https:\/\/www.bonfiglioliconsulting.com\/it\",\"name\":\"Bonfiglioli Consulting\"}}]}<\/script><\/div>\n                                <\/div>\n                <\/div>\n                \n                \n                \n                                      <h1 class=\"text-white text-dark\">FAG Artigrafiche<\/h1>\n                                \n                                    <div class=\"n_archive_desc\"> \n                     <p class=\"text-dark\">\n                       Il packaging si fa snello e i volumi crescono                     <\/p>\n                    <\/div>  \n                                \n\n<\/div>\n        <\/div>\n    <\/div>\n    <div class=\"right_white_shape\">\n        <svg xmlns=\"http:\/\/www.w3.org\/2000\/svg\" viewBox=\"0 0 1000 180\">\n            <path class=\"cls-1\" d=\"M0,180H1000V.4S458.72-.5,279.85.4c-49,.25-68.29,7.31-161.7,105.9C94.46,131.3,49.5,174.7,0,180Z\" transform=\"translate(0 0)\"><\/path>\n        <\/svg>\n    <\/div>\n<\/section><div id=\"saz-block-id-8d3Hh2UlvVHG\" class=\"saz-block saz-block\"><div class=\"container\"><div class=\"row\"><div class=\"col-12 col-lg-8 offset-lg-2\">\n\n<\/div><\/div><\/div><\/div><div id=\"saz-block-id-MKOyFjvuqpfK\" class=\"saz-block saz-block-core-spacer saz-block-height-array\"><div class=\"container\"><div class=\"row\"><div class=\"col-12 col-lg-8 offset-lg-2\">\n<div style=\"height:60px\" aria-hidden=\"true\" class=\"wp-block-spacer\"><\/div>\n<\/div><\/div><\/div><\/div><div id=\"saz-block-id-A2rJxiKtkVLC\" class=\"saz-block saz-block\"><div class=\"container\"><div class=\"row\"><div class=\"col-12 col-lg-8 offset-lg-2\">\n\n<\/div><\/div><\/div><\/div><div id=\"saz-block-id-jYtb3yYCGQYV\" class=\"saz-block saz-block-core-paragraph\"><div class=\"container\"><div class=\"row\"><div class=\"col-12 col-lg-8 offset-lg-2\">\n<p><strong>Rendere i processi pi\u00f9 intelligenti, con meno sprechi e meno costi; essere capaci di sviluppare velocemente non solo nuovi prodotti e servizi, ma anche nuove soluzioni; essere sostenibili e attenti alle problematiche ambientali: <\/strong>questi alcuni degli ingredienti implementati da FAG Artigrafiche sotto l\u2019egida del direttore generale Sergio Vairetto, per mantenere consolidata ed espandere ulteriormente la sua leadership nel mercato della cartotecnica.<\/p>\n<\/div><\/div><\/div><\/div><div id=\"saz-block-id-YQaFk2dkyVof\" class=\"saz-block saz-block\"><div class=\"container\"><div class=\"row\"><div class=\"col-12 col-lg-8 offset-lg-2\">\n\n<\/div><\/div><\/div><\/div><div id=\"saz-block-id-S7EANdrMXDzo\" class=\"saz-block saz-block-core-paragraph\"><div class=\"container\"><div class=\"row\"><div class=\"col-12 col-lg-8 offset-lg-2\">\n<p>A supportarla in tal percorso, <a href=\"https:\/\/www.bonfiglioliconsulting.com\/aree-di-intervento\/lean-thinking\/\">la metodologia Lean World Class\u00ae <\/a>di Bonfiglioli Consulting.<\/p>\n<\/div><\/div><\/div><\/div><div id=\"saz-block-id-QiIy8KOBPXUH\" class=\"saz-block saz-block\"><div class=\"container\"><div class=\"row\"><div class=\"col-12 col-lg-8 offset-lg-2\">\n\n<\/div><\/div><\/div><\/div><div id=\"saz-block-id-yALPR38rCBTs\" class=\"saz-block saz-block-core-paragraph\"><div class=\"container\"><div class=\"row\"><div class=\"col-12 col-lg-8 offset-lg-2\">\n<p>Fag Artigrafiche \u00e8 l\u2019azienda del gruppo Artigrafiche Reggiane &amp; LAI SpA specializzata nella progettazione di soluzioni cartotecniche nel mondo del packaging in cartone accoppiato e del display industriale per medie e grandi tirature. <strong>Per dare ai propri clienti un servizio di ricerca e sviluppo cartotecnico avanzato, FAG ha creato la divisione FagLab dedicata alla ricerca, allo sviluppo e all\u2019innovazione.<\/strong> Il settore della cartotecnica \u00e8 infatti un mondo molto specialistico non solo per la sua complessit\u00e0, ma anche per la tipologia di lavorazioni e di mercato.<\/p>\n<\/div><\/div><\/div><\/div><div id=\"saz-block-id-9L7fXaXInOxe\" class=\"saz-block saz-block\"><div class=\"container\"><div class=\"row\"><div class=\"col-12 col-lg-8 offset-lg-2\">\n\n<\/div><\/div><\/div><\/div><div id=\"saz-block-id-cBx30jwrzPNn\" class=\"saz-block saz-block-core-image saz-block-sizeslug-large saz-block-linkdestination-none\"><div class=\"container\"><div class=\"row\"><div class=\"col-12 col-lg-8 offset-lg-2\">\n<figure class=\"wp-block-image size-large\"><img decoding=\"async\" src=\"blob:https:\/\/www.bonfiglioliconsulting.com\/7c8041cf-35c1-4542-802b-95196aabf4a0\" alt=\"\"\/><\/figure>\n<\/div><\/div><\/div><\/div><div id=\"saz-block-id-6yjGTpmJSxMP\" class=\"saz-block saz-block\"><div class=\"container\"><div class=\"row\"><div class=\"col-12 col-lg-8 offset-lg-2\">\n\n<\/div><\/div><\/div><\/div><div id=\"saz-block-id-joLbfzhVf7Xq\" class=\"saz-block saz-block-core-paragraph\"><div class=\"container\"><div class=\"row\"><div class=\"col-12 col-lg-8 offset-lg-2\">\n<p><strong>DI IMPORTANZA STRATEGICA PER I CLIENTI, IL PACKAGING PERMETTE IL POSIZIONAMENTO SUL PUNTO VENDITA DEL PRODOTTO DEL CLIENTE. L\u2019immagine che viene trasmessa attraverso il packaging induce a scegliere un prodotto piuttosto che un altro <\/strong>al punto che, se-condo le statisti-che, un imballo rovinato comporta lo scarto del prodotto stesso.<\/p>\n<\/div><\/div><\/div><\/div><div id=\"saz-block-id-ghLvWURvfxC5\" class=\"saz-block saz-block\"><div class=\"container\"><div class=\"row\"><div class=\"col-12 col-lg-8 offset-lg-2\">\n\n<\/div><\/div><\/div><\/div><div id=\"saz-block-id-gyCF6yc4dXle\" class=\"saz-block saz-block-core-quote\"><div class=\"container\"><div class=\"row\"><div class=\"col-12 col-lg-8 offset-lg-2\">\n<blockquote class=\"wp-block-quote is-layout-flow wp-block-quote-is-layout-flow\"><p>Il mio principale vantaggio quando sono approdato in FAG \u00e8 stato quello di non appartenere a questo mondo \u2013 esordisce Sergio Vairetto \u2013 il che mi ha permesso di guardare all\u2019azienda e ai suoi processi con occhi nuovi e di sperimentare approcci caratteristici di altri settori. Dall\u2019automotive, per esempio, ho portato tutta la mia esperienza in termini di gestione e controllo dei processi industriali, sia dal lato del controllo qualit\u00e0 sia dal lato dell\u2019analisi di progetto e processo. E l\u2019introduzione di un approccio lean, poco sperimentato nel mondo della cartotecnica in Italia.<\/p><\/blockquote>\n<\/div><\/div><\/div><\/div><div id=\"saz-block-id-PnEfXazsXhbV\" class=\"saz-block saz-block\"><div class=\"container\"><div class=\"row\"><div class=\"col-12 col-lg-8 offset-lg-2\">\n\n<\/div><\/div><\/div><\/div><div id=\"saz-block-id-eDiuKHu8nf6m\" class=\"saz-block saz-block-core-paragraph\"><div class=\"container\"><div class=\"row\"><div class=\"col-12 col-lg-8 offset-lg-2\">\n<p><\/p>\n<\/div><\/div><\/div><\/div><div id=\"saz-block-id-RoLMvuaj8XHh\" class=\"saz-block saz-block\"><div class=\"container\"><div class=\"row\"><div class=\"col-12 col-lg-8 offset-lg-2\">\n\n<\/div><\/div><\/div><\/div><div id=\"saz-block-id-82SKvV0lKeex\" class=\"saz-block saz-block-core-paragraph\"><div class=\"container\"><div class=\"row\"><div class=\"col-12 col-lg-8 offset-lg-2\">\n<p>L\u2019incontro con Bonfiglioli Consulting ha dato vita al progetto SlimFAG di riorganizzazione aziendale.<br>In realt\u00e0, il mio impegno in tal senso era iniziato molto prima, con una delicata operazione di traghettamento dell\u2019azienda da una connotazione strettamente industriale a una connotazione fortemente innovativa, mediante tutta una serie di iniziative in ambito Ricerca &amp; Sviluppo che hanno generato un effetto positivo nella soddisfazione dei nostri clienti. In questo modo, abbiamo conseguito un incremento di fatturato nell\u2019ordine di circa il 20%, passando da 36 milioni di euro a 52 milioni nell\u2019arco di pochi anni. Questo incremento ha per\u00f2 generato una saturazione della capacit\u00e0 produttiva disponibile: il passo successivo \u00e8 stato dunque quello di ottimizzare e capire come fare meglio quello che era sempre stato fatto. Pi\u00f9 concretamente, il nostro obiettivo principale \u00e8 stato quello di realizzare pi\u00f9 volumi con la stessa capacit\u00e0 produttiva. Siamo partiti da un\u2019analisi dello status quo, della situazione di partenza, con una valutazione delle principali aree di perdita. Le problematiche, descritte da analisi numeriche oggettive, sono state poi agevolmente trasferite alla base della piramide, agli operatori e ai capi reparto. Una riduzione del tempo di set up di tre minuti, che apparentemente potrebbe sembrare un valore minimo, traslata su un arco temporale di un anno e su pi\u00f9 macchine, mostra un effetto di efficienza che, trasformato in volumi, \u00e8 impressionante. Il vero cambiamento \u00e8 stato dunque quello di introdurre un metodo di lettura dei dati che permettesse di focalizzare l\u2019attenzione sulle aree pi\u00f9 critiche. Nell\u2019applicare la metodologia in generale invece, fondamentale \u00e8 il commitment direzionale, anche se da solo non \u00e8 sufficiente.<\/p>\n<\/div><\/div><\/div><\/div><div id=\"saz-block-id-pVmYlfppBgxM\" class=\"saz-block saz-block\"><div class=\"container\"><div class=\"row\"><div class=\"col-12 col-lg-8 offset-lg-2\">\n\n<\/div><\/div><\/div><\/div><div id=\"saz-block-id-Vk7CeRTK5Akc\" class=\"saz-block saz-block-core-paragraph\"><div class=\"container\"><div class=\"row\"><div class=\"col-12 col-lg-8 offset-lg-2\">\n<p><strong>BISOGNA APPOGGIARSI A UNA SQUADRA DI LIVELLO ADEGUATO, CHE LAVORI IN AUTONOMIA E SIA CAPACE DI SVINCOLARE I PIANI ALTI DALL\u2019ECCESSIVO COINVOLGIMENTO SULLA SPINTA OPERATIVA.<\/strong><br>Non solo da un punto di vista di applicazione pura dei metodi, ma anche di impostazione culturale e di spinta verso azioni di miglioramento continuo.<strong> E bisogna poi aiutare tutte le risorse a cambiare mentalit\u00e0. <\/strong>Non a caso, la difficolt\u00e0 pi\u00f9 grande nell\u2019implementazione del 5S competitivo, metodologia lean per coinvolgere gli operativi su temi quali postazioni di lavoro ordinate, pulite e standardizzate, secondo il principio \u201cavere un posto per ogni cosa e ogni cosa al suo posto\u201d, \u00e8 stata proprio il sostentamento, ossia riuscire a dare costanza al miglioramento sul lungo periodo, <strong>continuare a far sentire motivate e responsabili le persone, dopo che l\u2019entusiasmo iniziale \u00e8 scemato.\u201d<\/strong><\/p>\n<\/div><\/div><\/div><\/div><div id=\"saz-block-id-5Hoplw42p0KE\" class=\"saz-block saz-block\"><div class=\"container\"><div class=\"row\"><div class=\"col-12 col-lg-8 offset-lg-2\">\n\n<\/div><\/div><\/div><\/div><div id=\"saz-block-id-IMDtxsHLwYOw\" class=\"saz-block saz-block-core-paragraph\"><div class=\"container\"><div class=\"row\"><div class=\"col-12 col-lg-8 offset-lg-2\">\n<p>I risultati raggiunti:<\/p>\n<\/div><\/div><\/div><\/div><div id=\"saz-block-id-bMIBQBqYsPpW\" class=\"saz-block saz-block\"><div class=\"container\"><div class=\"row\"><div class=\"col-12 col-lg-8 offset-lg-2\">\n\n<\/div><\/div><\/div><\/div><div id=\"saz-block-id-hitDcshwu8Eg\" class=\"saz-block saz-block-core-list\"><div class=\"container\"><div class=\"row\"><div class=\"col-12 col-lg-8 offset-lg-2\">\n<ul class=\"wp-block-list\"><li>Standardizzazione dei formati carta:<strong> -90%<\/strong><\/li><\/ul>\n<\/div><\/div><\/div><\/div><div id=\"saz-block-id-qQnAAJsGn67Z\" class=\"saz-block saz-block\"><div class=\"container\"><div class=\"row\"><div class=\"col-12 col-lg-8 offset-lg-2\">\n\n<\/div><\/div><\/div><\/div><div id=\"saz-block-id-XlOriYm9llH5\" class=\"saz-block saz-block-core-list\"><div class=\"container\"><div class=\"row\"><div class=\"col-12 col-lg-8 offset-lg-2\">\n<ul class=\"wp-block-list\"><li>Riduzione dei tempi di avviamento: <strong>-40%<\/strong><\/li><\/ul>\n<\/div><\/div><\/div><\/div><div id=\"saz-block-id-d7CouQzlZIXi\" class=\"saz-block saz-block\"><div class=\"container\"><div class=\"row\"><div class=\"col-12 col-lg-8 offset-lg-2\">\n\n<\/div><\/div><\/div><\/div><div id=\"saz-block-id-gPhMSggFFnag\" class=\"saz-block saz-block-core-list\"><div class=\"container\"><div class=\"row\"><div class=\"col-12 col-lg-8 offset-lg-2\">\n<ul class=\"wp-block-list\"><li>Riduzione dei costi di trasformazione accoppiatura: <strong>-25% <\/strong><\/li><\/ul>\n<\/div><\/div><\/div><\/div><div id=\"saz-block-id-K7578uTEgmCB\" class=\"saz-block saz-block\"><div class=\"container\"><div class=\"row\"><div class=\"col-12 col-lg-8 offset-lg-2\">\n\n<\/div><\/div><\/div><\/div><div id=\"saz-block-id-1Bhmxuvpz9x0\" class=\"saz-block saz-block-core-list\"><div class=\"container\"><div class=\"row\"><div class=\"col-12 col-lg-8 offset-lg-2\">\n<ul class=\"wp-block-list\"><li>Aumento della produttivit\u00e0: <strong>+ 15-20%<\/strong><\/li><\/ul>\n<\/div><\/div><\/div><\/div><div id=\"saz-block-id-LgDMRJrTzO9v\" class=\"saz-block saz-block\"><div class=\"container\"><div class=\"row\"><div class=\"col-12 col-lg-8 offset-lg-2\">\n\n<\/div><\/div><\/div><\/div><div id=\"saz-block-id-Uh3GWIUpM7hz\" class=\"saz-block saz-block-core-list\"><div class=\"container\"><div class=\"row\"><div class=\"col-12 col-lg-8 offset-lg-2\">\n<ul class=\"wp-block-list\"><li>Crescita delle persone: coinvolgimento e formazione di <strong>oltre il 70% <\/strong>del personale operativo<\/li><\/ul>\n<\/div><\/div><\/div><\/div>","protected":false},"excerpt":{"rendered":null,"protected":false},"author":73,"featured_media":0,"parent":0,"menu_order":0,"comment_status":"closed","ping_status":"closed","template":"template-wide-blocchi.php","meta":{"_acf_changed":false,"footnotes":""},"tags":[],"class_list":["post-24113","page","type-page","status-publish","hentry"],"acf":[],"yoast_head":"<!-- This site is optimized with the Yoast SEO plugin v27.5 - https:\/\/yoast.com\/product\/yoast-seo-wordpress\/ -->\n<title>FAG Artigrafiche: packaging lean cresce | Bonfiglioli Consulting<\/title>\n<meta name=\"description\" content=\"FAG Artigrafiche: Scopri come FAG Artigrafiche ha implementato strategie lean per migliorare la produttivit\u00e0.\" \/>\n<meta name=\"robots\" content=\"index, follow, max-snippet:-1, max-image-preview:large, max-video-preview:-1\" \/>\n<link rel=\"canonical\" href=\"https:\/\/www.bonfiglioliconsulting.com\/it\/fag-artigrafiche\/\" \/>\n<meta property=\"og:locale\" content=\"it_IT\" \/>\n<meta property=\"og:type\" content=\"article\" \/>\n<meta property=\"og:title\" content=\"FAG Artigrafiche: packaging lean cresce | Bonfiglioli Consulting\" \/>\n<meta property=\"og:description\" content=\"FAG Artigrafiche: Scopri come FAG Artigrafiche ha implementato strategie lean per migliorare la produttivit\u00e0.\" \/>\n<meta property=\"og:url\" content=\"https:\/\/www.bonfiglioliconsulting.com\/it\/fag-artigrafiche\/\" \/>\n<meta property=\"og:site_name\" content=\"Bonfiglioli Consulting\" \/>\n<meta property=\"article:modified_time\" content=\"2025-08-28T01:49:00+00:00\" \/>\n<meta name=\"twitter:card\" content=\"summary_large_image\" \/>\n<meta name=\"twitter:label1\" content=\"Tempo di lettura stimato\" \/>\n\t<meta name=\"twitter:data1\" content=\"4 minuti\" \/>\n<script type=\"application\/ld+json\" class=\"yoast-schema-graph\">{\"@context\":\"https:\\\/\\\/schema.org\",\"@graph\":[{\"@type\":\"WebPage\",\"@id\":\"https:\\\/\\\/www.bonfiglioliconsulting.com\\\/fag-artigrafiche\\\/\",\"url\":\"https:\\\/\\\/www.bonfiglioliconsulting.com\\\/fag-artigrafiche\\\/\",\"name\":\"FAG Artigrafiche: packaging lean cresce | Bonfiglioli Consulting\",\"isPartOf\":{\"@id\":\"https:\\\/\\\/www.bonfiglioliconsulting.com\\\/it\\\/#website\"},\"datePublished\":\"2020-07-29T13:26:00+00:00\",\"dateModified\":\"2025-08-28T01:49:00+00:00\",\"description\":\"FAG Artigrafiche: Scopri come FAG Artigrafiche ha implementato strategie lean per migliorare la produttivit\u00e0.\",\"inLanguage\":\"it-IT\",\"potentialAction\":[{\"@type\":\"ReadAction\",\"target\":[\"https:\\\/\\\/www.bonfiglioliconsulting.com\\\/fag-artigrafiche\\\/\"]}]},{\"@type\":\"WebSite\",\"@id\":\"https:\\\/\\\/www.bonfiglioliconsulting.com\\\/it\\\/#website\",\"url\":\"https:\\\/\\\/www.bonfiglioliconsulting.com\\\/it\\\/\",\"name\":\"Bonfiglioli Consulting\",\"description\":\"\",\"potentialAction\":[{\"@type\":\"SearchAction\",\"target\":{\"@type\":\"EntryPoint\",\"urlTemplate\":\"https:\\\/\\\/www.bonfiglioliconsulting.com\\\/it\\\/?s={search_term_string}\"},\"query-input\":{\"@type\":\"PropertyValueSpecification\",\"valueRequired\":true,\"valueName\":\"search_term_string\"}}],\"inLanguage\":\"it-IT\"}]}<\/script>\n<!-- \/ Yoast SEO plugin. -->","yoast_head_json":{"title":"FAG Artigrafiche: packaging lean cresce | Bonfiglioli Consulting","description":"FAG Artigrafiche: Scopri come FAG Artigrafiche ha implementato strategie lean per migliorare la produttivit\u00e0.","robots":{"index":"index","follow":"follow","max-snippet":"max-snippet:-1","max-image-preview":"max-image-preview:large","max-video-preview":"max-video-preview:-1"},"canonical":"https:\/\/www.bonfiglioliconsulting.com\/it\/fag-artigrafiche\/","og_locale":"it_IT","og_type":"article","og_title":"FAG Artigrafiche: packaging lean cresce | Bonfiglioli Consulting","og_description":"FAG Artigrafiche: Scopri come FAG Artigrafiche ha implementato strategie lean per migliorare la produttivit\u00e0.","og_url":"https:\/\/www.bonfiglioliconsulting.com\/it\/fag-artigrafiche\/","og_site_name":"Bonfiglioli Consulting","article_modified_time":"2025-08-28T01:49:00+00:00","twitter_card":"summary_large_image","twitter_misc":{"Tempo di lettura stimato":"4 minuti"},"schema":{"@context":"https:\/\/schema.org","@graph":[{"@type":"WebPage","@id":"https:\/\/www.bonfiglioliconsulting.com\/fag-artigrafiche\/","url":"https:\/\/www.bonfiglioliconsulting.com\/fag-artigrafiche\/","name":"FAG Artigrafiche: packaging lean cresce | Bonfiglioli Consulting","isPartOf":{"@id":"https:\/\/www.bonfiglioliconsulting.com\/it\/#website"},"datePublished":"2020-07-29T13:26:00+00:00","dateModified":"2025-08-28T01:49:00+00:00","description":"FAG Artigrafiche: Scopri come FAG Artigrafiche ha implementato strategie lean per migliorare la produttivit\u00e0.","inLanguage":"it-IT","potentialAction":[{"@type":"ReadAction","target":["https:\/\/www.bonfiglioliconsulting.com\/fag-artigrafiche\/"]}]},{"@type":"WebSite","@id":"https:\/\/www.bonfiglioliconsulting.com\/it\/#website","url":"https:\/\/www.bonfiglioliconsulting.com\/it\/","name":"Bonfiglioli Consulting","description":"","potentialAction":[{"@type":"SearchAction","target":{"@type":"EntryPoint","urlTemplate":"https:\/\/www.bonfiglioliconsulting.com\/it\/?s={search_term_string}"},"query-input":{"@type":"PropertyValueSpecification","valueRequired":true,"valueName":"search_term_string"}}],"inLanguage":"it-IT"}]}},"_links":{"self":[{"href":"https:\/\/www.bonfiglioliconsulting.com\/it\/wp-json\/wp\/v2\/pages\/24113","targetHints":{"allow":["GET"]}}],"collection":[{"href":"https:\/\/www.bonfiglioliconsulting.com\/it\/wp-json\/wp\/v2\/pages"}],"about":[{"href":"https:\/\/www.bonfiglioliconsulting.com\/it\/wp-json\/wp\/v2\/types\/page"}],"author":[{"embeddable":true,"href":"https:\/\/www.bonfiglioliconsulting.com\/it\/wp-json\/wp\/v2\/users\/73"}],"replies":[{"embeddable":true,"href":"https:\/\/www.bonfiglioliconsulting.com\/it\/wp-json\/wp\/v2\/comments?post=24113"}],"version-history":[{"count":13,"href":"https:\/\/www.bonfiglioliconsulting.com\/it\/wp-json\/wp\/v2\/pages\/24113\/revisions"}],"predecessor-version":[{"id":64019,"href":"https:\/\/www.bonfiglioliconsulting.com\/it\/wp-json\/wp\/v2\/pages\/24113\/revisions\/64019"}],"wp:attachment":[{"href":"https:\/\/www.bonfiglioliconsulting.com\/it\/wp-json\/wp\/v2\/media?parent=24113"}],"wp:term":[{"taxonomy":"post_tag","embeddable":true,"href":"https:\/\/www.bonfiglioliconsulting.com\/it\/wp-json\/wp\/v2\/tags?post=24113"}],"curies":[{"name":"wp","href":"https:\/\/api.w.org\/{rel}","templated":true}]}}