{"id":22878,"date":"2021-04-19T12:14:51","date_gmt":"2021-04-19T10:14:51","guid":{"rendered":"https:\/\/www.bcsoa.it\/?page_id=22878"},"modified":"2025-01-15T10:26:57","modified_gmt":"2025-01-15T09:26:57","slug":"innovazione-e-know-in-metalcastello","status":"publish","type":"page","link":"https:\/\/www.bonfiglioliconsulting.com\/it\/innovazione-e-know-in-metalcastello\/","title":{"rendered":"Innovazione e know-how il business vincente in Metalcastello"},"content":{"rendered":"<div id=\"saz-block-block_607d563af16ef\" class=\"d-none saz-block saz-block-acf-hero-servizi  bg-light bg-hero-servizi-eventi hero_overlay_parent vv lazyload\"\n     style=\"background:inherit; background-size:cover;\" data-bg=\"url(https:\/\/www.bonfiglioliconsulting.com\/wp-content\/uploads\/2021\/03\/hero-scutigliani.png) center top no-repeat transparent\">\n    <div class=\"hero_overlay\"><\/div>\n    <div class=\"container hero_content\">\n        <div class=\"row align-items-end\">\n            <div class=\"col-12\">\n                 \n                    <div class=\"mt-3 mb-2 text-dark\"><div class=\"breadcrumbs\"><span property=\"itemListElement\" typeof=\"ListItem\"><a property=\"item\" typeof=\"WebPage\" title=\"Vai a Bonfiglioli Consulting.\" href=\"https:\/\/www.bonfiglioliconsulting.com\/it\" class=\"home\"><span property=\"name\">Home<\/span><\/a><meta property=\"position\" content=\"1\"><\/span><\/div><script type=\"application\/ld+json\">{\"@context\":\"http:\/\/schema.org\",\"@type\":\"BreadcrumbList\",\"itemListElement\":[{\"@type\":\"ListItem\",\"position\":1,\"item\":{\"@id\":\"https:\/\/www.bonfiglioliconsulting.com\/it\",\"name\":\"Bonfiglioli Consulting\"}}]}<\/script><\/div>\n                                \n                                    <h1 class=\"has-huge-font-size font-weight-bold mb-0 text-dark\">Innovazione e know-how il business vincente in Metalcastello<\/h1>\n                                                    <h2 class=\"has-medium-font-size my-3 font-weight-normal text-dark\">Intervista a Stefano Scutigliani, Amministratore Delegato<\/h2>\n                                <div class=\"mb-5 pb-4 pb-md-5\"><\/div>\n            <\/div>\n        <\/div>\n    <\/div>\n    <svg class=\"onda-destra\" id=\"onda\" data-name=\"onda\" xmlns=\"http:\/\/www.w3.org\/2000\/svg\" viewBox=\"0 0 1000 180\"><path class=\"cls-1\" d=\"M0,180H1000V.4S458.72-.5,279.85.4c-49,.25-68.29,7.31-161.7,105.9C94.46,131.3,49.5,174.7,0,180Z\" transform=\"translate(0 0)\" style=\"fill: #ffffff\"\/><\/svg>\n<\/div>\n\n\n<section class=\"n_archive_hero lazyload\" style=\"background-image:inherit;\" data-bg-image=\"url(https:\/\/www.bonfiglioliconsulting.com\/wp-content\/uploads\/2021\/03\/hero-scutigliani.png)\"> \n    <div class=\"container h-100 position-relative\">\n        <div class=\"d-flex items-center h-100\">\n            <div class=\"n_archive_hero_content align-self-end text-white\">\n                <div class=\"text-white\">\n                <div class=\"breadcrumbs\">\n                 \n                    <div class=\"mt-3 mb-2 text-dark\"><div class=\"breadcrumbs\"><span property=\"itemListElement\" typeof=\"ListItem\"><a property=\"item\" typeof=\"WebPage\" title=\"Vai a Bonfiglioli Consulting.\" href=\"https:\/\/www.bonfiglioliconsulting.com\/it\" class=\"home\"><span property=\"name\">Home<\/span><\/a><meta property=\"position\" content=\"1\"><\/span><\/div><script type=\"application\/ld+json\">{\"@context\":\"http:\/\/schema.org\",\"@type\":\"BreadcrumbList\",\"itemListElement\":[{\"@type\":\"ListItem\",\"position\":1,\"item\":{\"@id\":\"https:\/\/www.bonfiglioliconsulting.com\/it\",\"name\":\"Bonfiglioli Consulting\"}}]}<\/script><\/div>\n                                <\/div>\n                <\/div>\n                \n                \n                \n                                      <h1 class=\"text-white text-dark\">Innovazione e know-how il business vincente in Metalcastello<\/h1>\n                                \n                                    <div class=\"n_archive_desc\"> \n                     <p class=\"text-dark\">\n                       Intervista a Stefano Scutigliani, Amministratore Delegato                     <\/p>\n                    <\/div>  \n                                \n\n<\/div>\n        <\/div>\n    <\/div>\n    <div class=\"right_white_shape\">\n        <svg xmlns=\"http:\/\/www.w3.org\/2000\/svg\" viewBox=\"0 0 1000 180\">\n            <path class=\"cls-1\" d=\"M0,180H1000V.4S458.72-.5,279.85.4c-49,.25-68.29,7.31-161.7,105.9C94.46,131.3,49.5,174.7,0,180Z\" transform=\"translate(0 0)\"><\/path>\n        <\/svg>\n    <\/div>\n<\/section><div id=\"saz-block-id-Lds47VTH05Rh\" class=\"saz-block saz-block\"><div class=\"container\"><div class=\"row\"><div class=\"col-12 col-lg-8 offset-lg-2\">\n\n<\/div><\/div><\/div><\/div><div id=\"saz-block-id-1fPcxV8TstxM\" class=\"saz-block saz-block-core-spacer saz-block-height-array\"><div class=\"container\"><div class=\"row\"><div class=\"col-12 col-lg-8 offset-lg-2\">\n<div style=\"height:60px\" aria-hidden=\"true\" class=\"wp-block-spacer\"><\/div>\n<\/div><\/div><\/div><\/div><div id=\"saz-block-id-2vuYJ3h75kE2\" class=\"saz-block saz-block\"><div class=\"container\"><div class=\"row\"><div class=\"col-12 col-lg-8 offset-lg-2\">\n\n<\/div><\/div><\/div><\/div><div id=\"saz-block-id-Wt82eYzGFAUb\" class=\"saz-block saz-block-core-paragraph\"><div class=\"container\"><div class=\"row\"><div class=\"col-12 col-lg-8 offset-lg-2\">\n<p>Sull\u2019Appennino bolognese, nella valle del fiume Reno, al crocevia tra Emilia e Toscana, sorge una delle realt\u00e0 italiane pi\u00f9 all\u2019avanguardia nell\u2019ambito della meccanica di precisione. <\/p>\n<\/div><\/div><\/div><\/div><div id=\"saz-block-id-quovqqvfhfgZ\" class=\"saz-block saz-block\"><div class=\"container\"><div class=\"row\"><div class=\"col-12 col-lg-8 offset-lg-2\">\n\n<\/div><\/div><\/div><\/div><div id=\"saz-block-id-Pf0PQWC1DrUZ\" class=\"saz-block saz-block-core-paragraph\"><div class=\"container\"><div class=\"row\"><div class=\"col-12 col-lg-8 offset-lg-2\">\n<p><img decoding=\"async\" width=\"150\" height=\"91\" class=\"wp-image-20711 lazyload\" style=\"--smush-placeholder-width: 150px; --smush-placeholder-aspect-ratio: 150\/91;width: 150px;\" data-src=\"https:\/\/www.bonfiglioliconsulting.com\/wp-content\/uploads\/2021\/02\/BANNER-METALCASTELLO.png\" alt=\"\" src=\"data:image\/svg+xml;base64,PHN2ZyB3aWR0aD0iMSIgaGVpZ2h0PSIxIiB4bWxucz0iaHR0cDovL3d3dy53My5vcmcvMjAwMC9zdmciPjwvc3ZnPg==\">Con un fatturato di oltre 67 milioni di euro (2018) e 300 dipendenti, oggi <strong>Metalcastello \u00e8 un\u2019azienda specializzata nella produzione di ingranaggi per trasmissioni meccaniche, parte del gruppo spagnolo CIE Automotive,<\/strong> tra i primi al mondo nel comparto dei componenti per il settore automotive. A ricoprire il ruolo di amministratore delegato dal 2015 vi \u00e8 Stefano Scutigliani con alle spalle oltre vent\u2019anni di esperienza maturata in particolare nel Gruppo Caterpillar, dove ha ricoperto diversi incarichi, anche a livello inter-nazionale.<\/p>\n<\/div><\/div><\/div><\/div><div id=\"saz-block-id-sUWjvzPoQYmt\" class=\"saz-block saz-block\"><div class=\"container\"><div class=\"row\"><div class=\"col-12 col-lg-8 offset-lg-2\">\n\n<\/div><\/div><\/div><\/div><div id=\"saz-block-id-u54SEj0cEbfk\" class=\"saz-block saz-block-core-paragraph\"><div class=\"container\"><div class=\"row\"><div class=\"col-12 col-lg-8 offset-lg-2\">\n<p><span class=\"has-inline-color has-primary-color\"><strong>QUALI SONO GLI STRUMENTI DI CUI UN\u2019IMPRESA NON PU\u00d2 FARE A MENO?<\/strong><\/span> <strong>Il mondo delle imprese ormai \u00e8 diviso in due: le aziende che hanno investito in tecnologia e sono diventate delle eccellenze e quelle che competono sui costi;<\/strong> strategia che pu\u00f2 rivelarsi un vantaggio competitivo sul breve termine, in un\u2019Italia low cost \u2013 basti pensare che gli ingegneri indiani sono pagati pi\u00f9 di quelli italiani e che il costo della mano d\u2019opera italiana \u00e8 il 30% pi\u00f9 basso rispetto a quella tedesca \u2013 ma che sicuramente non \u00e8 vincente sul lungo termine:<strong> un bel giorno i margini si assottiglieranno a tal punto che a nulla varr\u00e0 il vantaggio competitivo<\/strong> e saranno dolori. \u00c8 tempo di invertire la rotta, altrimenti il rischio \u00e8 scomparire. <\/p>\n<\/div><\/div><\/div><\/div><div id=\"saz-block-id-inNidJgVhbgw\" class=\"saz-block saz-block\"><div class=\"container\"><div class=\"row\"><div class=\"col-12 col-lg-8 offset-lg-2\">\n\n<\/div><\/div><\/div><\/div><div id=\"saz-block-id-N12iUeZ5urVa\" class=\"saz-block saz-block-core-quote\"><div class=\"container\"><div class=\"row\"><div class=\"col-12 col-lg-8 offset-lg-2\">\n<blockquote class=\"wp-block-quote is-layout-flow wp-block-quote-is-layout-flow\"><p>Grazie a investimenti importanti su prodotti e processi, al potenziamento del know how interno e ai passi da gigante che stiamo facendo per digitalizzare la fabbrica, <strong>Metalcastello \u00e8 cresciuta all\u2019insegna dell\u2019innovazione, fattore che ci ha premiato e distinto sul mercato.<\/strong><\/p><\/blockquote>\n<\/div><\/div><\/div><\/div><div id=\"saz-block-id-4j5b1b8i1NmA\" class=\"saz-block saz-block\"><div class=\"container\"><div class=\"row\"><div class=\"col-12 col-lg-8 offset-lg-2\">\n\n<\/div><\/div><\/div><\/div><div id=\"saz-block-id-g7QshGiCDXkE\" class=\"saz-block saz-block-core-paragraph\"><div class=\"container\"><div class=\"row\"><div class=\"col-12 col-lg-8 offset-lg-2\">\n<p><\/p>\n<\/div><\/div><\/div><\/div><div id=\"saz-block-id-i3o1sI43WGfq\" class=\"saz-block saz-block\"><div class=\"container\"><div class=\"row\"><div class=\"col-12 col-lg-8 offset-lg-2\">\n\n<\/div><\/div><\/div><\/div><div id=\"saz-block-id-uaPwMRWC52aD\" class=\"saz-block saz-block-core-paragraph\"><div class=\"container\"><div class=\"row\"><div class=\"col-12 col-lg-8 offset-lg-2\">\n<p>Il tema delicato che ora affrontiamo <strong>\u00e8 un dialogo con le istituzioni perch\u00e9 migliorino le infrastrutture<\/strong>. Non per trasportare materiale, quello non ci manca, ma <strong>per trasportare la materia grigia<\/strong>. Purtroppo per una tratta ridicola &#8211; solo 50 km che ci separano da Bologna per percorrere i quali ci si impiega pi\u00f9 che arrivare a Milano &#8211; siamo enormemente penalizzati nella scelta degli ingegneri che appena usciti dall\u2019Universit\u00e0 di Bologna, Modena, Ferrara o Reggio Emilia, preferiscono bussare alla porta di molte altre realt\u00e0 locali prima di arrivare alla nostra.<\/p>\n<\/div><\/div><\/div><\/div><div id=\"saz-block-id-zHwWgFmn835D\" class=\"saz-block saz-block\"><div class=\"container\"><div class=\"row\"><div class=\"col-12 col-lg-8 offset-lg-2\">\n\n<\/div><\/div><\/div><\/div><div id=\"saz-block-id-2FJPpqpK984u\" class=\"saz-block saz-block-core-paragraph\"><div class=\"container\"><div class=\"row\"><div class=\"col-12 col-lg-8 offset-lg-2\">\n<p><strong><span class=\"has-inline-color has-primary-color\">PRODOTTI E PROCESSI: COSA \u00c8 CAMBIATO NEL CONTESTO PRODUTTIVO DI METALCASTELLO? <\/span><\/strong>Circa cinque anni fa, abbiamo investito nel software gestionale SAP che ci ha permesso di mettere in comunicazione e integrare le diverse aree applicative e i diversi sistemi di gestione dipartimentali &#8211; dall\u2019entrata merci alla produzione, dalla logistica all\u2019amministrazione &#8211; ottimizzando tutti i flussi e i processi. In tal modo, non solo <strong>ci siamo connessi internamente all\u2019azienda, ma anche con tutte le altre aziende del gruppo. Questo ci ha avvantaggiato enormemente a livello di velocit\u00e0. <\/strong>E poich\u00e9 anche molti dei nostri clienti usano SAP, \u00e8 stato facile interfacciarsi pi\u00f9 rapidamente anche con loro. Attualmente stiamo cercando di fare la stessa cosa fronte fornitori. Siamo poi stati <strong>una delle prime aziende del bolognese a investire sul MES per la gestione, pianificazione, schedulazione e controllo della produzione,<\/strong> il che ci ha consentito una<strong> completa visibilit\u00e0 di tutte le attivit\u00e0 dei diversi reparti <\/strong>e una pi\u00f9 attenta analisi qualitativa dei prodotti grazie all\u2019analisi delle performance di produzione.<\/p>\n<\/div><\/div><\/div><\/div><div id=\"saz-block-id-Yy5v45G039hF\" class=\"saz-block saz-block\"><div class=\"container\"><div class=\"row\"><div class=\"col-12 col-lg-8 offset-lg-2\">\n\n<\/div><\/div><\/div><\/div><div id=\"saz-block-id-dRr6ldaJHjyT\" class=\"saz-block saz-block-core-paragraph\"><div class=\"container\"><div class=\"row\"><div class=\"col-12 col-lg-8 offset-lg-2\">\n<p>Attualmente, con Bonfiglioli Consulting, con cui lavoriamo da molti anni sui concetti <a href=\"https:\/\/www.bonfiglioliconsulting.com\/aree-di-intervento\/information-technology\/\">lean digital transformation,<\/a> stiamo selezionando un MES pi\u00f9 avanzato che, insieme a un nuovo schedulatore e ad un software di material management, ci permetta di <strong>produrre \u201cjust in time\u201d <\/strong>per i principali player dell\u2019automotive. <\/p>\n<\/div><\/div><\/div><\/div><div id=\"saz-block-id-zu00zzwrZ9W5\" class=\"saz-block saz-block\"><div class=\"container\"><div class=\"row\"><div class=\"col-12 col-lg-8 offset-lg-2\">\n\n<\/div><\/div><\/div><\/div><div id=\"saz-block-id-dmkdIw9yaBnC\" class=\"saz-block saz-block-core-paragraph\"><div class=\"container\"><div class=\"row\"><div class=\"col-12 col-lg-8 offset-lg-2\">\n<p>Contemporaneamente per\u00f2 abbiamo lavorato su uomini e processi perch\u00e9 <strong>bisogna sincronizzare la velocit\u00e0 di tutti per viaggiare a 300 km orari senza incidenti. L\u2019altro fattore chiave infatti che ci ha permesso in questi anni di acquisire sempre maggiori quote di mercato \u00e8 il know how<\/strong>. Ma che cosa s\u2019intende per know how? Tempo fa, ci siamo imbattuti in un player che cercava un fornitore capace di creare un componente molto particolare: un albero con una campana saldata intorno. Il player seleziona gli otto migliori fornitori dotati del top della tecnologia, fornisce i disegni e attende. Passa un po\u2019 di tempo, due dei fornitori selezionati creano il prototipo, ma preferiscono chiamarsi fuori. In sei si arriva alla fine, si mettono i rispettivi modelli in area test e si comincia a farli funzionare. E succede come nella pubblicit\u00e0 delle pile Duracell: tutti a uno a uno si fermano o si rompono e solo un pezzo continua, ed \u00e8 il nostro. \u00c8 questo il know how, un trattamento termico con la ricetta giusta di materiali che ha consentito una saldatura della campana efficace e definitiva. Nella fattispecie, un tecnico che lavorava con noi al trattamento termico da pi\u00f9 di 20 anni con un\u2019enorme esperienza maturata nel settore.<\/p>\n<\/div><\/div><\/div><\/div><div id=\"saz-block-id-er4ptRB22sXE\" class=\"saz-block saz-block\"><div class=\"container\"><div class=\"row\"><div class=\"col-12 col-lg-8 offset-lg-2\">\n\n<\/div><\/div><\/div><\/div><div id=\"saz-block-id-O1qJC8RkGDsH\" class=\"saz-block saz-block-core-paragraph\"><div class=\"container\"><div class=\"row\"><div class=\"col-12 col-lg-8 offset-lg-2\">\n<p><strong><span class=\"has-inline-color has-primary-color\">PROSSIMI TREND CHE GOVERNERANNO IL SETTORE? <\/span>C\u2019\u00e8 molta curiosit\u00e0 per la tecnologia additiva ma ci vorr\u00e0 qualche decennio prima che si possa utilizzare<\/strong>: sicuramente pu\u00f2 servire in fase di prototipazione, ma \u00e8 ancora troppo lenta e troppo costosa per la produzione di massa. Poi, \u00e8 chiaro, le macchine saranno sempre pi\u00f9 veloci. Per esempio, una nuova tecnologia acquisita recentemente \u00e8 il Power Skiving, una sorta di stozza moderna per la produzione di dentature che realizza il pezzo in un decimo del tempo e con una qualit\u00e0 maggiore.<strong> Il futuro \u00e8 nelle mani dell\u2019automazione, di attrezzature sempre pi\u00f9 performanti, nel controllo affidato alle macchine e in un\u2019organizzazione del lavoro pi\u00f9 sofisticata.<\/strong> Il futuro \u00e8 una fabbrica senza uomini, non perch\u00e9 gli uomini non ci saranno, ma perch\u00e9 lavoreranno da casa!<\/p>\n<\/div><\/div><\/div><\/div><div id=\"saz-block-id-UU92CLNvwUa5\" class=\"saz-block saz-block\"><div class=\"container\"><div class=\"row\"><div class=\"col-12 col-lg-8 offset-lg-2\">\n\n<\/div><\/div><\/div><\/div><div id=\"saz-block-id-22885\" class=\"saz-block saz-block-core-image saz-block-id-array saz-block-sizeslug-large saz-block-linkdestination-none\"><div class=\"container\"><div class=\"row\"><div class=\"col-12 col-lg-8 offset-lg-2\">\n<figure class=\"wp-block-image size-large\"><img decoding=\"async\" width=\"1024\" height=\"550\" data-src=\"https:\/\/www.bonfiglioliconsulting.com\/wp-content\/uploads\/2021\/04\/Screenshot_2021-04-19-2_2019-METALCASTELLO-pdf-1024x550.png\" alt=\"\" class=\"wp-image-22885 lazyload\" data-srcset=\"https:\/\/www.bonfiglioliconsulting.com\/wp-content\/uploads\/2021\/04\/Screenshot_2021-04-19-2_2019-METALCASTELLO-pdf-1024x550.png 1024w, https:\/\/www.bonfiglioliconsulting.com\/wp-content\/uploads\/2021\/04\/Screenshot_2021-04-19-2_2019-METALCASTELLO-pdf-750x403.png 750w, https:\/\/www.bonfiglioliconsulting.com\/wp-content\/uploads\/2021\/04\/Screenshot_2021-04-19-2_2019-METALCASTELLO-pdf-600x322.png 600w, https:\/\/www.bonfiglioliconsulting.com\/wp-content\/uploads\/2021\/04\/Screenshot_2021-04-19-2_2019-METALCASTELLO-pdf.png 1071w\" data-sizes=\"(max-width: 1024px) 100vw, 1024px\" src=\"data:image\/svg+xml;base64,PHN2ZyB3aWR0aD0iMSIgaGVpZ2h0PSIxIiB4bWxucz0iaHR0cDovL3d3dy53My5vcmcvMjAwMC9zdmciPjwvc3ZnPg==\" style=\"--smush-placeholder-width: 1024px; --smush-placeholder-aspect-ratio: 1024\/550;\" \/><figcaption>La sede di Metalcastello a Castel di Casio (Bo)<\/figcaption><\/figure>\n<\/div><\/div><\/div><\/div>","protected":false},"excerpt":{"rendered":null,"protected":false},"author":73,"featured_media":0,"parent":0,"menu_order":0,"comment_status":"closed","ping_status":"closed","template":"template-wide-blocchi.php","meta":{"_acf_changed":false,"footnotes":""},"tags":[],"class_list":["post-22878","page","type-page","status-publish","hentry"],"acf":[],"yoast_head":"<!-- This site is optimized with the Yoast SEO plugin v27.4 - https:\/\/yoast.com\/product\/yoast-seo-wordpress\/ -->\n<title>Innovazione e know-how il business vincente in Metalcastello<\/title>\n<meta name=\"description\" content=\"Innovazione e Know-how in Metalcastello: Approfondisci come Metalcastello ha integrato innovazione e competenze tecniche.\" \/>\n<meta name=\"robots\" content=\"index, follow, max-snippet:-1, max-image-preview:large, max-video-preview:-1\" \/>\n<link rel=\"canonical\" href=\"https:\/\/www.bonfiglioliconsulting.com\/it\/innovazione-e-know-in-metalcastello\/\" \/>\n<meta property=\"og:locale\" content=\"it_IT\" \/>\n<meta property=\"og:type\" content=\"article\" \/>\n<meta property=\"og:title\" content=\"Innovazione e know-how il business vincente in Metalcastello\" \/>\n<meta property=\"og:description\" content=\"Innovazione e Know-how in Metalcastello: Approfondisci come Metalcastello ha integrato innovazione e competenze tecniche.\" \/>\n<meta property=\"og:url\" content=\"https:\/\/www.bonfiglioliconsulting.com\/it\/innovazione-e-know-in-metalcastello\/\" \/>\n<meta property=\"og:site_name\" content=\"Bonfiglioli Consulting\" \/>\n<meta property=\"article:modified_time\" content=\"2025-01-15T09:26:57+00:00\" \/>\n<meta property=\"og:image\" content=\"https:\/\/www.bonfiglioliconsulting.com\/ambient\/wp-content\/uploads\/2021\/02\/BANNER-METALCASTELLO.png\" \/>\n<meta name=\"twitter:card\" content=\"summary_large_image\" \/>\n<meta name=\"twitter:label1\" content=\"Tempo di lettura stimato\" \/>\n\t<meta name=\"twitter:data1\" content=\"5 minuti\" \/>\n<script type=\"application\/ld+json\" class=\"yoast-schema-graph\">{\"@context\":\"https:\\\/\\\/schema.org\",\"@graph\":[{\"@type\":\"WebPage\",\"@id\":\"https:\\\/\\\/www.bonfiglioliconsulting.com\\\/it\\\/innovazione-e-know-in-metalcastello\\\/\",\"url\":\"https:\\\/\\\/www.bonfiglioliconsulting.com\\\/it\\\/innovazione-e-know-in-metalcastello\\\/\",\"name\":\"Innovazione e know-how il business vincente in Metalcastello\",\"isPartOf\":{\"@id\":\"https:\\\/\\\/www.bonfiglioliconsulting.com\\\/it\\\/#website\"},\"primaryImageOfPage\":{\"@id\":\"https:\\\/\\\/www.bonfiglioliconsulting.com\\\/it\\\/innovazione-e-know-in-metalcastello\\\/#primaryimage\"},\"image\":{\"@id\":\"https:\\\/\\\/www.bonfiglioliconsulting.com\\\/it\\\/innovazione-e-know-in-metalcastello\\\/#primaryimage\"},\"thumbnailUrl\":\"https:\\\/\\\/www.bonfiglioliconsulting.com\\\/wp-content\\\/uploads\\\/2021\\\/02\\\/BANNER-METALCASTELLO.png\",\"datePublished\":\"2021-04-19T10:14:51+00:00\",\"dateModified\":\"2025-01-15T09:26:57+00:00\",\"description\":\"Innovazione e Know-how in Metalcastello: Approfondisci come Metalcastello ha integrato innovazione e competenze tecniche.\",\"inLanguage\":\"it-IT\",\"potentialAction\":[{\"@type\":\"ReadAction\",\"target\":[\"https:\\\/\\\/www.bonfiglioliconsulting.com\\\/it\\\/innovazione-e-know-in-metalcastello\\\/\"]}]},{\"@type\":\"ImageObject\",\"inLanguage\":\"it-IT\",\"@id\":\"https:\\\/\\\/www.bonfiglioliconsulting.com\\\/it\\\/innovazione-e-know-in-metalcastello\\\/#primaryimage\",\"url\":\"https:\\\/\\\/www.bonfiglioliconsulting.com\\\/wp-content\\\/uploads\\\/2021\\\/02\\\/BANNER-METALCASTELLO.png\",\"contentUrl\":\"https:\\\/\\\/www.bonfiglioliconsulting.com\\\/wp-content\\\/uploads\\\/2021\\\/02\\\/BANNER-METALCASTELLO.png\"},{\"@type\":\"WebSite\",\"@id\":\"https:\\\/\\\/www.bonfiglioliconsulting.com\\\/it\\\/#website\",\"url\":\"https:\\\/\\\/www.bonfiglioliconsulting.com\\\/it\\\/\",\"name\":\"Bonfiglioli Consulting\",\"description\":\"\",\"potentialAction\":[{\"@type\":\"SearchAction\",\"target\":{\"@type\":\"EntryPoint\",\"urlTemplate\":\"https:\\\/\\\/www.bonfiglioliconsulting.com\\\/it\\\/?s={search_term_string}\"},\"query-input\":{\"@type\":\"PropertyValueSpecification\",\"valueRequired\":true,\"valueName\":\"search_term_string\"}}],\"inLanguage\":\"it-IT\"}]}<\/script>\n<!-- \/ Yoast SEO plugin. -->","yoast_head_json":{"title":"Innovazione e know-how il business vincente in Metalcastello","description":"Innovazione e Know-how in Metalcastello: Approfondisci come Metalcastello ha integrato innovazione e competenze tecniche.","robots":{"index":"index","follow":"follow","max-snippet":"max-snippet:-1","max-image-preview":"max-image-preview:large","max-video-preview":"max-video-preview:-1"},"canonical":"https:\/\/www.bonfiglioliconsulting.com\/it\/innovazione-e-know-in-metalcastello\/","og_locale":"it_IT","og_type":"article","og_title":"Innovazione e know-how il business vincente in Metalcastello","og_description":"Innovazione e Know-how in Metalcastello: Approfondisci come Metalcastello ha integrato innovazione e competenze tecniche.","og_url":"https:\/\/www.bonfiglioliconsulting.com\/it\/innovazione-e-know-in-metalcastello\/","og_site_name":"Bonfiglioli Consulting","article_modified_time":"2025-01-15T09:26:57+00:00","og_image":[{"url":"https:\/\/www.bonfiglioliconsulting.com\/ambient\/wp-content\/uploads\/2021\/02\/BANNER-METALCASTELLO.png","type":"","width":"","height":""}],"twitter_card":"summary_large_image","twitter_misc":{"Tempo di lettura stimato":"5 minuti"},"schema":{"@context":"https:\/\/schema.org","@graph":[{"@type":"WebPage","@id":"https:\/\/www.bonfiglioliconsulting.com\/it\/innovazione-e-know-in-metalcastello\/","url":"https:\/\/www.bonfiglioliconsulting.com\/it\/innovazione-e-know-in-metalcastello\/","name":"Innovazione e know-how il business vincente in Metalcastello","isPartOf":{"@id":"https:\/\/www.bonfiglioliconsulting.com\/it\/#website"},"primaryImageOfPage":{"@id":"https:\/\/www.bonfiglioliconsulting.com\/it\/innovazione-e-know-in-metalcastello\/#primaryimage"},"image":{"@id":"https:\/\/www.bonfiglioliconsulting.com\/it\/innovazione-e-know-in-metalcastello\/#primaryimage"},"thumbnailUrl":"https:\/\/www.bonfiglioliconsulting.com\/wp-content\/uploads\/2021\/02\/BANNER-METALCASTELLO.png","datePublished":"2021-04-19T10:14:51+00:00","dateModified":"2025-01-15T09:26:57+00:00","description":"Innovazione e Know-how in Metalcastello: Approfondisci come Metalcastello ha integrato innovazione e competenze tecniche.","inLanguage":"it-IT","potentialAction":[{"@type":"ReadAction","target":["https:\/\/www.bonfiglioliconsulting.com\/it\/innovazione-e-know-in-metalcastello\/"]}]},{"@type":"ImageObject","inLanguage":"it-IT","@id":"https:\/\/www.bonfiglioliconsulting.com\/it\/innovazione-e-know-in-metalcastello\/#primaryimage","url":"https:\/\/www.bonfiglioliconsulting.com\/wp-content\/uploads\/2021\/02\/BANNER-METALCASTELLO.png","contentUrl":"https:\/\/www.bonfiglioliconsulting.com\/wp-content\/uploads\/2021\/02\/BANNER-METALCASTELLO.png"},{"@type":"WebSite","@id":"https:\/\/www.bonfiglioliconsulting.com\/it\/#website","url":"https:\/\/www.bonfiglioliconsulting.com\/it\/","name":"Bonfiglioli Consulting","description":"","potentialAction":[{"@type":"SearchAction","target":{"@type":"EntryPoint","urlTemplate":"https:\/\/www.bonfiglioliconsulting.com\/it\/?s={search_term_string}"},"query-input":{"@type":"PropertyValueSpecification","valueRequired":true,"valueName":"search_term_string"}}],"inLanguage":"it-IT"}]}},"_links":{"self":[{"href":"https:\/\/www.bonfiglioliconsulting.com\/it\/wp-json\/wp\/v2\/pages\/22878","targetHints":{"allow":["GET"]}}],"collection":[{"href":"https:\/\/www.bonfiglioliconsulting.com\/it\/wp-json\/wp\/v2\/pages"}],"about":[{"href":"https:\/\/www.bonfiglioliconsulting.com\/it\/wp-json\/wp\/v2\/types\/page"}],"author":[{"embeddable":true,"href":"https:\/\/www.bonfiglioliconsulting.com\/it\/wp-json\/wp\/v2\/users\/73"}],"replies":[{"embeddable":true,"href":"https:\/\/www.bonfiglioliconsulting.com\/it\/wp-json\/wp\/v2\/comments?post=22878"}],"version-history":[{"count":8,"href":"https:\/\/www.bonfiglioliconsulting.com\/it\/wp-json\/wp\/v2\/pages\/22878\/revisions"}],"predecessor-version":[{"id":64011,"href":"https:\/\/www.bonfiglioliconsulting.com\/it\/wp-json\/wp\/v2\/pages\/22878\/revisions\/64011"}],"wp:attachment":[{"href":"https:\/\/www.bonfiglioliconsulting.com\/it\/wp-json\/wp\/v2\/media?parent=22878"}],"wp:term":[{"taxonomy":"post_tag","embeddable":true,"href":"https:\/\/www.bonfiglioliconsulting.com\/it\/wp-json\/wp\/v2\/tags?post=22878"}],"curies":[{"name":"wp","href":"https:\/\/api.w.org\/{rel}","templated":true}]}}