{"id":19883,"date":"2021-01-18T12:30:27","date_gmt":"2021-01-18T11:30:27","guid":{"rendered":"https:\/\/www.bcsoa.it\/?page_id=19883"},"modified":"2025-08-28T01:48:31","modified_gmt":"2025-08-27T23:48:31","slug":"cassa-padana-case-study","status":"publish","type":"page","link":"https:\/\/www.bonfiglioliconsulting.com\/it\/cassa-padana-case-study\/","title":{"rendered":"Cassa Padana Case Study"},"content":{"rendered":"<div id=\"saz-block-block_443e0bb3931b7bdd740e4ef7b668df8e\" class=\"d-none saz-block saz-block-acf-hero-servizi  bg-light bg-hero-servizi-eventi hero_overlay_parent vv lazyload\"\n     style=\"background:inherit; background-size:cover;\" data-bg=\"url(https:\/\/www.bonfiglioliconsulting.com\/wp-content\/uploads\/2021\/04\/cassa-padana.png) center top no-repeat transparent\">\n    <div class=\"hero_overlay\"><\/div>\n    <div class=\"container hero_content\">\n        <div class=\"row align-items-end\">\n            <div class=\"col-12\">\n                 \n                    <div class=\"mt-3 mb-2 text-white\"><div class=\"breadcrumbs\"><span property=\"itemListElement\" typeof=\"ListItem\"><a property=\"item\" typeof=\"WebPage\" title=\"Vai a Bonfiglioli Consulting.\" href=\"https:\/\/www.bonfiglioliconsulting.com\/it\" class=\"home\"><span property=\"name\">Home<\/span><\/a><meta property=\"position\" content=\"1\"><\/span><\/div><script type=\"application\/ld+json\">{\"@context\":\"http:\/\/schema.org\",\"@type\":\"BreadcrumbList\",\"itemListElement\":[{\"@type\":\"ListItem\",\"position\":1,\"item\":{\"@id\":\"https:\/\/www.bonfiglioliconsulting.com\/it\",\"name\":\"Bonfiglioli Consulting\"}}]}<\/script><\/div>\n                                \n                                    <h1 class=\"has-huge-font-size font-weight-bold mb-0 text-white\">Cassa Padana<\/h1>\n                                                    <h2 class=\"has-medium-font-size my-3 font-weight-normal text-white\">Operational Excellence applicata ai processi di back office centralizzato | Case Study<\/h2>\n                                <div class=\"mb-5 pb-4 pb-md-5\"><\/div>\n            <\/div>\n        <\/div>\n    <\/div>\n    <svg class=\"onda-destra\" id=\"onda\" data-name=\"onda\" xmlns=\"http:\/\/www.w3.org\/2000\/svg\" viewBox=\"0 0 1000 180\"><path class=\"cls-1\" d=\"M0,180H1000V.4S458.72-.5,279.85.4c-49,.25-68.29,7.31-161.7,105.9C94.46,131.3,49.5,174.7,0,180Z\" transform=\"translate(0 0)\" style=\"fill: #ffffff\"\/><\/svg>\n<\/div>\n\n\n<section class=\"n_archive_hero lazyload\" style=\"background-image:inherit;\" data-bg-image=\"url(https:\/\/www.bonfiglioliconsulting.com\/wp-content\/uploads\/2021\/04\/cassa-padana.png)\"> \n    <div class=\"container h-100 position-relative\">\n        <div class=\"d-flex items-center h-100\">\n            <div class=\"n_archive_hero_content align-self-end text-white\">\n                <div class=\"text-white\">\n                <div class=\"breadcrumbs\">\n                 \n                    <div class=\"mt-3 mb-2 text-white\"><div class=\"breadcrumbs\"><span property=\"itemListElement\" typeof=\"ListItem\"><a property=\"item\" typeof=\"WebPage\" title=\"Vai a Bonfiglioli Consulting.\" href=\"https:\/\/www.bonfiglioliconsulting.com\/it\" class=\"home\"><span property=\"name\">Home<\/span><\/a><meta property=\"position\" content=\"1\"><\/span><\/div><script type=\"application\/ld+json\">{\"@context\":\"http:\/\/schema.org\",\"@type\":\"BreadcrumbList\",\"itemListElement\":[{\"@type\":\"ListItem\",\"position\":1,\"item\":{\"@id\":\"https:\/\/www.bonfiglioliconsulting.com\/it\",\"name\":\"Bonfiglioli Consulting\"}}]}<\/script><\/div>\n                                <\/div>\n                <\/div>\n                \n                \n                \n                                      <h1 class=\"text-white text-white\">Cassa Padana<\/h1>\n                                \n                                    <div class=\"n_archive_desc\"> \n                     <p class=\"text-white\">\n                       Operational Excellence applicata ai processi di back office centralizzato | Case Study                     <\/p>\n                    <\/div>  \n                                \n\n<\/div>\n        <\/div>\n    <\/div>\n    <div class=\"right_white_shape\">\n        <svg xmlns=\"http:\/\/www.w3.org\/2000\/svg\" viewBox=\"0 0 1000 180\">\n            <path class=\"cls-1\" d=\"M0,180H1000V.4S458.72-.5,279.85.4c-49,.25-68.29,7.31-161.7,105.9C94.46,131.3,49.5,174.7,0,180Z\" transform=\"translate(0 0)\"><\/path>\n        <\/svg>\n    <\/div>\n<\/section><div id=\"saz-block-id-cueq9Jvnq1ht\" class=\"saz-block saz-block\"><div class=\"container\"><div class=\"row\"><div class=\"col-12 col-lg-8 offset-lg-2\">\n\n<\/div><\/div><\/div><\/div><div id=\"saz-block-id-F60PAVpfud4p\" class=\"saz-block saz-block-core-spacer saz-block-height-60px\"><div class=\"container\"><div class=\"row\"><div class=\"col-12 col-lg-8 offset-lg-2\">\n<div style=\"height:60px\" aria-hidden=\"true\" class=\"wp-block-spacer\"><\/div>\n<\/div><\/div><\/div><\/div><div id=\"saz-block-id-ESERULWHKEgm\" class=\"saz-block saz-block\"><div class=\"container\"><div class=\"row\"><div class=\"col-12 col-lg-8 offset-lg-2\">\n\n<\/div><\/div><\/div><\/div><div id=\"saz-block-id-TfxBpKr6Yqjh\" class=\"saz-block saz-block-core-heading saz-block-level-array\"><div class=\"container\"><div class=\"row\"><div class=\"col-12 col-lg-8 offset-lg-2\">\n<h3 class=\"wp-block-heading\"><strong><span class=\"has-inline-color has-primary-color\">Scenario<\/span><\/strong><\/h3>\n<\/div><\/div><\/div><\/div><div id=\"saz-block-id-fGJmIbQtq6ky\" class=\"saz-block saz-block\"><div class=\"container\"><div class=\"row\"><div class=\"col-12 col-lg-8 offset-lg-2\">\n\n<\/div><\/div><\/div><\/div><div id=\"saz-block-id-aMtyKtwCisDS\" class=\"saz-block saz-block-core-paragraph\"><div class=\"container\"><div class=\"row\"><div class=\"col-12 col-lg-8 offset-lg-2\">\n<p>CASSA PADANA, gruppo bancario di credito cooperativo lombardo, ha valutato necessario un nuovo approccio di gestione dei processi interni integrando fattori&nbsp;organizzativi,&nbsp;procedurali, tecnici e culturali.<\/p>\n<\/div><\/div><\/div><\/div><div id=\"saz-block-id-XmFRafTWTeq3\" class=\"saz-block saz-block\"><div class=\"container\"><div class=\"row\"><div class=\"col-12 col-lg-8 offset-lg-2\">\n\n<\/div><\/div><\/div><\/div><div id=\"saz-block-id-h9BjZup29t11\" class=\"saz-block saz-block-core-paragraph\"><div class=\"container\"><div class=\"row\"><div class=\"col-12 col-lg-8 offset-lg-2\">\n<p>Il bisogno espresso \u00e8 di rendere pi\u00f9 efficienti le attivit\u00e0 ed i processi di Back Office Centralizzato (Incassi, Mutui, Crediti alle imprese) e creando una cultura diffusa orientata al miglioramento continuo.&nbsp;<\/p>\n<\/div><\/div><\/div><\/div><div id=\"saz-block-id-Ar8lhcuZmG9t\" class=\"saz-block saz-block\"><div class=\"container\"><div class=\"row\"><div class=\"col-12 col-lg-8 offset-lg-2\">\n\n<\/div><\/div><\/div><\/div><div id=\"saz-block-id-Xdv1XiDpBiY0\" class=\"saz-block saz-block-core-paragraph\"><div class=\"container\"><div class=\"row\"><div class=\"col-12 col-lg-8 offset-lg-2\">\n<p>Le attivit\u00e0 del Team Bonfiglioli Consulting si sono focalizzate, secondo la metodologia <a href=\"https:\/\/www.bonfiglioliconsulting.com\/aree-di-intervento\/processi\/\">Operational Excellence<\/a>: <\/p>\n<\/div><\/div><\/div><\/div><div id=\"saz-block-id-tdvbbil0YEVI\" class=\"saz-block saz-block\"><div class=\"container\"><div class=\"row\"><div class=\"col-12 col-lg-8 offset-lg-2\">\n\n<\/div><\/div><\/div><\/div><div id=\"saz-block-id-cAA0dqFeClI9\" class=\"saz-block saz-block-core-list\"><div class=\"container\"><div class=\"row\"><div class=\"col-12 col-lg-8 offset-lg-2\">\n<ul class=\"wp-block-list\"><div id=\"saz-block-id-Hp4pG2c0Nlez\" class=\"saz-block saz-block-core-list-item\">\n<li>Abbattimento\u202fdelle attivit\u00e0 non a valore<\/li>\n<\/div>\n\n<div id=\"saz-block-id-HGYVMkCYlR90\" class=\"saz-block saz-block-core-list-item\">\n<li>Miglioramento del livello di qualit\u00e0 delle attivit\u00e0 svolte<\/li>\n<\/div>\n\n<div id=\"saz-block-id-7GTxcPf7Holw\" class=\"saz-block saz-block-core-list-item\">\n<li>Definizione di una nuova struttura organizzativa con una distribuzione dei carichi di lavoro bilanciati<\/li>\n<\/div><\/ul>\n<\/div><\/div><\/div><\/div><div id=\"saz-block-id-bfLtV9wp4kyr\" class=\"saz-block saz-block\"><div class=\"container\"><div class=\"row\"><div class=\"col-12 col-lg-8 offset-lg-2\">\n\n<\/div><\/div><\/div><\/div><div class=\"wp-block-image is-style-default\"><div id=\"saz-block-id-22384\" class=\"saz-block saz-block-core-image saz-block-align-center saz-block-id-array saz-block-width-array saz-block-height-array saz-block-sizeslug-large saz-block-linkdestination-none saz-block-classname-is-style-default\"><div class=\"container\"><div class=\"row\"><div class=\"col-12 col-lg-8 offset-lg-2\">\n<figure class=\"aligncenter size-large is-resized\"><img decoding=\"async\" width=\"423\" height=\"284\" data-src=\"https:\/\/www.bonfiglioliconsulting.com\/wp-content\/uploads\/2021\/04\/img-lean-office.jpg\" alt=\"\" class=\"wp-image-22384 lazyload\" style=\"--smush-placeholder-width: 423px; --smush-placeholder-aspect-ratio: 423\/284;width:650px;height:416px\" src=\"data:image\/svg+xml;base64,PHN2ZyB3aWR0aD0iMSIgaGVpZ2h0PSIxIiB4bWxucz0iaHR0cDovL3d3dy53My5vcmcvMjAwMC9zdmciPjwvc3ZnPg==\" \/><\/figure>\n<\/div><\/div><\/div><\/div><\/div><div id=\"saz-block-id-23AQCM7YLfYV\" class=\"saz-block saz-block\"><div class=\"container\"><div class=\"row\"><div class=\"col-12 col-lg-8 offset-lg-2\">\n\n<\/div><\/div><\/div><\/div><div id=\"saz-block-id-Kh6dLSUjeIkV\" class=\"saz-block saz-block-core-paragraph\"><div class=\"container\"><div class=\"row\"><div class=\"col-12 col-lg-8 offset-lg-2\">\n<p><\/p>\n<\/div><\/div><\/div><\/div><div id=\"saz-block-id-NLz39DCrFwiF\" class=\"saz-block saz-block\"><div class=\"container\"><div class=\"row\"><div class=\"col-12 col-lg-8 offset-lg-2\">\n\n<\/div><\/div><\/div><\/div><div id=\"saz-block-id-iS7hZD0JRSiE\" class=\"saz-block saz-block-core-heading saz-block-level-array\"><div class=\"container\"><div class=\"row\"><div class=\"col-12 col-lg-8 offset-lg-2\">\n<h3 class=\"wp-block-heading\"><span style=\"background-color:rgba(0, 0, 0, 0)\" class=\"has-inline-color has-primary-color\"><strong>Ambiti di intervento<\/strong><\/span><\/h3>\n<\/div><\/div><\/div><\/div><div id=\"saz-block-id-wLlWwfzDUqo7\" class=\"saz-block saz-block\"><div class=\"container\"><div class=\"row\"><div class=\"col-12 col-lg-8 offset-lg-2\">\n\n<\/div><\/div><\/div><\/div><div id=\"saz-block-id-j2sjxa6foOet\" class=\"saz-block saz-block-core-paragraph\"><div class=\"container\"><div class=\"row\"><div class=\"col-12 col-lg-8 offset-lg-2\">\n<p>Le attivit\u00e0 svolte dal team di consulenti insieme al team cliente sono state:\u200b&nbsp;<\/p>\n<\/div><\/div><\/div><\/div><div id=\"saz-block-id-qMdhLjhcXwHA\" class=\"saz-block saz-block\"><div class=\"container\"><div class=\"row\"><div class=\"col-12 col-lg-8 offset-lg-2\">\n\n<\/div><\/div><\/div><\/div><div id=\"saz-block-id-YIGjHczRmnaN\" class=\"saz-block saz-block-core-list\"><div class=\"container\"><div class=\"row\"><div class=\"col-12 col-lg-8 offset-lg-2\">\n<ul class=\"wp-block-list\"><div id=\"saz-block-id-q9Zr7wMeyAeE\" class=\"saz-block saz-block-core-list-item\">\n<li>Implementazione della Value Stream Mapping (VSM)\u202fper analizzare in dettaglio i processi documentali attuali e l\u2019impatto sulle risorse in termini di carico di lavoro <s>\u200b<\/s>&nbsp;<\/li>\n<\/div>\n\n<div id=\"saz-block-id-rGmyavuiuBzF\" class=\"saz-block saz-block-core-list-item\">\n<li>Implementazione del Pilastro del <a href=\"https:\/\/www.bonfiglioliconsulting.com\/servizi\/change-management\/hr-management-e-people-development\/\">People Development <\/a>per mappare le competenze attuali delle risorse coinvolte con evidenza di eventuali necessit\u00e0 formative.&nbsp;<\/li>\n<\/div>\n\n<div id=\"saz-block-id-gMqOMORKugd1\" class=\"saz-block saz-block-core-list-item\">\n<li>Lancio di programmi formativi sul tema <a href=\"https:\/\/www.bonfiglioliconsulting.com\/lean-negli-uffici\/\">Lean Office <\/a>dedicate alle risorse coinvolte nei progetti <s>\u200b<\/s>&nbsp;<\/li>\n<\/div>\n\n<div id=\"saz-block-id-kLXVwv0L5RFQ\" class=\"saz-block saz-block-core-list-item\">\n<li>Mappatura degli strumenti informatici e proposte di miglioramento\u200b&nbsp;<\/li>\n<\/div>\n\n<div id=\"saz-block-id-k9MHs975a9Ks\" class=\"saz-block saz-block-core-list-item\">\n<li>Individuazione e implementazione di azioni di miglioramento in termini di procedure e strumenti\u200b&nbsp;<\/li>\n<\/div><\/ul>\n<\/div><\/div><\/div><\/div><div id=\"saz-block-id-9CPj5UvdyFsK\" class=\"saz-block saz-block\"><div class=\"container\"><div class=\"row\"><div class=\"col-12 col-lg-8 offset-lg-2\">\n\n<\/div><\/div><\/div><\/div><div id=\"saz-block-id-HIPQnInyIS2C\" class=\"saz-block saz-block-core-heading saz-block-level-array\"><div class=\"container\"><div class=\"row\"><div class=\"col-12 col-lg-8 offset-lg-2\">\n<h3 class=\"wp-block-heading\"><span style=\"background-color:rgba(0, 0, 0, 0)\" class=\"has-inline-color has-primary-color\"><strong>Risultati<\/strong><\/span><\/h3>\n<\/div><\/div><\/div><\/div><div id=\"saz-block-id-3FLRYIuAb9Pl\" class=\"saz-block saz-block\"><div class=\"container\"><div class=\"row\"><div class=\"col-12 col-lg-8 offset-lg-2\">\n\n<\/div><\/div><\/div><\/div><div id=\"saz-block-id-rltKjGvpgonk\" class=\"saz-block saz-block-core-paragraph\"><div class=\"container\"><div class=\"row\"><div class=\"col-12 col-lg-8 offset-lg-2\">\n<p>Tra i principali risultati raggiunti:&nbsp;<\/p>\n<\/div><\/div><\/div><\/div><div id=\"saz-block-id-2M7sG4enh0CC\" class=\"saz-block saz-block\"><div class=\"container\"><div class=\"row\"><div class=\"col-12 col-lg-8 offset-lg-2\">\n\n<\/div><\/div><\/div><\/div><div id=\"saz-block-id-zkAVH8b61SIk\" class=\"saz-block saz-block-core-list\"><div class=\"container\"><div class=\"row\"><div class=\"col-12 col-lg-8 offset-lg-2\">\n<ul class=\"wp-block-list\"><div id=\"saz-block-id-KkaFQFGQ2DCX\" class=\"saz-block saz-block-core-list-item\">\n<li>Diminuzione delle attivit\u00e0 non a valore del 38%\u200b&nbsp;<\/li>\n<\/div>\n\n<div id=\"saz-block-id-8ESrOAostEZY\" class=\"saz-block saz-block-core-list-item\">\n<li>Aumento della qualit\u00e0 delle attivit\u00e0 del 27% in termini di reworks<\/li>\n<\/div>\n\n<div id=\"saz-block-id-U7FaIQSKyUmk\" class=\"saz-block saz-block-core-list-item\">\n<li>&nbsp;Nuova struttura organizzativa implementata<\/li>\n<\/div><\/ul>\n<\/div><\/div><\/div><\/div><div id=\"saz-block-id-kUDPA8ewXV0C\" class=\"saz-block saz-block\"><div class=\"container\"><div class=\"row\"><div class=\"col-12 col-lg-8 offset-lg-2\">\n\n<\/div><\/div><\/div><\/div><div id=\"saz-block-id-Mk2i1c8H2O1Z\" class=\"saz-block saz-block-core-paragraph\"><div class=\"container\"><div class=\"row\"><div class=\"col-12 col-lg-8 offset-lg-2\">\n<p><\/p>\n<\/div><\/div><\/div><\/div><div id=\"saz-block-id-YnAWUk0CQmfB\" class=\"saz-block saz-block\"><div class=\"container\"><div class=\"row\"><div class=\"col-12 col-lg-8 offset-lg-2\">\n\n<\/div><\/div><\/div><\/div><div id=\"saz-block-block_afab6fcac22ac3c14d2145a46b8b849d\" class=\"saz-block saz-block-acf-onda \" style=\"background-color: #ffffff\">\n    <div class=\"container-fluid\">\n                    <div class=\"row\">\n                <div class=\"col-lg-9 pl-0\">\n                    <svg id=\"onda-blocchi\" class=\"reverse\" data-name=\"onda\" xmlns=\"http:\/\/www.w3.org\/2000\/svg\" viewBox=\"0 0 1000 180\"><path class=\"cls-1\" d=\"M0,180H1000V.4S458.72-.5,279.85.4c-49,.25-68.29,7.31-161.7,105.9C94.46,131.3,49.5,174.7,0,180Z\" transform=\"translate(0 0)\" style=\"fill: #e3e9ed\"\/><\/svg>\n                <\/div>\n            <\/div>\n            <\/div>\n<\/div><div id=\"saz-block-id-b8ga8zl2GK2I\" class=\"saz-block saz-block\"><div class=\"container\"><div class=\"row\"><div class=\"col-12 col-lg-8 offset-lg-2\">\n\n<\/div><\/div><\/div><\/div>    <div id=\"number-block_52610b3157a6d5a2eddba9dd0157f90b\" class=\"saz-block saz-block-acf-number py-5\" style=\"background-color:#e3e9ed\">\n        <div class=\"container\">\n                                <div class=\"row\">\n                        <div class=\"col text-center\">\n                            <h3 class=\"font-weight-bold text-uppercase mb-4 text-gray\">Obiettivi raggiunti<\/h3>\n                        <\/div>\n                    <\/div>\n                        <div class=\"row\">\n                                    <div class=\"col-12 col-md text-center\">\n                         <div class=\"block\"><div class=\"hovicon effect-1 sub-a\"><div class=\"font-weight-light text-primary\"><span>-38%<\/span><\/div><\/div><\/div><p class=\"mb-4 mt-0 my-lg-0 text-gray\">ATTIVITA&#8217; A NON VALORE<\/p>                    <\/div>\n                                    <div class=\"col-12 col-md text-center\">\n                         <div class=\"block\"><div class=\"hovicon effect-1 sub-a\"><div class=\"font-weight-light text-primary\"><span>+27%<\/span><\/div><\/div><\/div><p class=\"mb-4 mt-0 my-lg-0 text-gray\">QUALITA&#8217; IN TERMINI DI REWORKS<\/p>                    <\/div>\n                            <\/div>\n        <\/div>\n    <\/div>\n\n  ","protected":false},"excerpt":{"rendered":null,"protected":false},"author":73,"featured_media":53928,"parent":0,"menu_order":40,"comment_status":"closed","ping_status":"closed","template":"template-wide-blocchi.php","meta":{"_acf_changed":false,"footnotes":""},"tags":[],"class_list":["post-19883","page","type-page","status-publish","has-post-thumbnail","hentry"],"acf":[],"yoast_head":"<!-- This site is optimized with the Yoast SEO plugin v27.4 - https:\/\/yoast.com\/product\/yoast-seo-wordpress\/ -->\n<title>Cassa Padana: back office efficiente | Bonfiglioli Consulting<\/title>\n<meta name=\"description\" content=\"Cassa Padana Case Study: Approfondisci come Cassa Padana ha raggiunto l\u2019eccellenza operativa con strategie Lean.\" \/>\n<meta name=\"robots\" content=\"index, follow, max-snippet:-1, max-image-preview:large, max-video-preview:-1\" \/>\n<link rel=\"canonical\" href=\"https:\/\/www.bonfiglioliconsulting.com\/it\/cassa-padana-case-study\/\" \/>\n<meta property=\"og:locale\" content=\"it_IT\" \/>\n<meta property=\"og:type\" content=\"article\" \/>\n<meta property=\"og:title\" content=\"Cassa Padana: back office efficiente | Bonfiglioli Consulting\" \/>\n<meta property=\"og:description\" content=\"Cassa Padana Case Study: Approfondisci come Cassa Padana ha raggiunto l\u2019eccellenza operativa con strategie Lean.\" \/>\n<meta property=\"og:url\" content=\"https:\/\/www.bonfiglioliconsulting.com\/it\/cassa-padana-case-study\/\" \/>\n<meta property=\"og:site_name\" content=\"Bonfiglioli Consulting\" \/>\n<meta property=\"article:modified_time\" content=\"2025-08-27T23:48:31+00:00\" \/>\n<meta property=\"og:image\" content=\"https:\/\/www.bonfiglioliconsulting.com\/wp-content\/uploads\/2024\/02\/IMG-CASSA-PADANA-1024x576.png\" \/>\n\t<meta property=\"og:image:width\" content=\"1024\" \/>\n\t<meta property=\"og:image:height\" content=\"576\" \/>\n\t<meta property=\"og:image:type\" content=\"image\/png\" \/>\n<meta name=\"twitter:card\" content=\"summary_large_image\" \/>\n<meta name=\"twitter:label1\" content=\"Tempo di lettura stimato\" \/>\n\t<meta name=\"twitter:data1\" content=\"2 minuti\" \/>\n<script type=\"application\/ld+json\" class=\"yoast-schema-graph\">{\"@context\":\"https:\\\/\\\/schema.org\",\"@graph\":[{\"@type\":\"WebPage\",\"@id\":\"https:\\\/\\\/www.bonfiglioliconsulting.com\\\/en\\\/cassa-padana-case-study\\\/\",\"url\":\"https:\\\/\\\/www.bonfiglioliconsulting.com\\\/en\\\/cassa-padana-case-study\\\/\",\"name\":\"Cassa Padana: back office efficiente | Bonfiglioli Consulting\",\"isPartOf\":{\"@id\":\"https:\\\/\\\/www.bonfiglioliconsulting.com\\\/it\\\/#website\"},\"primaryImageOfPage\":{\"@id\":\"https:\\\/\\\/www.bonfiglioliconsulting.com\\\/en\\\/cassa-padana-case-study\\\/#primaryimage\"},\"image\":{\"@id\":\"https:\\\/\\\/www.bonfiglioliconsulting.com\\\/en\\\/cassa-padana-case-study\\\/#primaryimage\"},\"thumbnailUrl\":\"https:\\\/\\\/www.bonfiglioliconsulting.com\\\/wp-content\\\/uploads\\\/2024\\\/02\\\/IMG-CASSA-PADANA.png\",\"datePublished\":\"2021-01-18T11:30:27+00:00\",\"dateModified\":\"2025-08-27T23:48:31+00:00\",\"description\":\"Cassa Padana Case Study: Approfondisci come Cassa Padana ha raggiunto l\u2019eccellenza operativa con strategie Lean.\",\"inLanguage\":\"it-IT\",\"potentialAction\":[{\"@type\":\"ReadAction\",\"target\":[\"https:\\\/\\\/www.bonfiglioliconsulting.com\\\/en\\\/cassa-padana-case-study\\\/\"]}]},{\"@type\":\"ImageObject\",\"inLanguage\":\"it-IT\",\"@id\":\"https:\\\/\\\/www.bonfiglioliconsulting.com\\\/en\\\/cassa-padana-case-study\\\/#primaryimage\",\"url\":\"https:\\\/\\\/www.bonfiglioliconsulting.com\\\/wp-content\\\/uploads\\\/2024\\\/02\\\/IMG-CASSA-PADANA.png\",\"contentUrl\":\"https:\\\/\\\/www.bonfiglioliconsulting.com\\\/wp-content\\\/uploads\\\/2024\\\/02\\\/IMG-CASSA-PADANA.png\",\"width\":4400,\"height\":2475},{\"@type\":\"WebSite\",\"@id\":\"https:\\\/\\\/www.bonfiglioliconsulting.com\\\/it\\\/#website\",\"url\":\"https:\\\/\\\/www.bonfiglioliconsulting.com\\\/it\\\/\",\"name\":\"Bonfiglioli Consulting\",\"description\":\"\",\"potentialAction\":[{\"@type\":\"SearchAction\",\"target\":{\"@type\":\"EntryPoint\",\"urlTemplate\":\"https:\\\/\\\/www.bonfiglioliconsulting.com\\\/it\\\/?s={search_term_string}\"},\"query-input\":{\"@type\":\"PropertyValueSpecification\",\"valueRequired\":true,\"valueName\":\"search_term_string\"}}],\"inLanguage\":\"it-IT\"}]}<\/script>\n<!-- \/ Yoast SEO plugin. -->","yoast_head_json":{"title":"Cassa Padana: back office efficiente | Bonfiglioli Consulting","description":"Cassa Padana Case Study: Approfondisci come Cassa Padana ha raggiunto l\u2019eccellenza operativa con strategie Lean.","robots":{"index":"index","follow":"follow","max-snippet":"max-snippet:-1","max-image-preview":"max-image-preview:large","max-video-preview":"max-video-preview:-1"},"canonical":"https:\/\/www.bonfiglioliconsulting.com\/it\/cassa-padana-case-study\/","og_locale":"it_IT","og_type":"article","og_title":"Cassa Padana: back office efficiente | Bonfiglioli Consulting","og_description":"Cassa Padana Case Study: Approfondisci come Cassa Padana ha raggiunto l\u2019eccellenza operativa con strategie Lean.","og_url":"https:\/\/www.bonfiglioliconsulting.com\/it\/cassa-padana-case-study\/","og_site_name":"Bonfiglioli Consulting","article_modified_time":"2025-08-27T23:48:31+00:00","og_image":[{"width":1024,"height":576,"url":"https:\/\/www.bonfiglioliconsulting.com\/wp-content\/uploads\/2024\/02\/IMG-CASSA-PADANA-1024x576.png","type":"image\/png"}],"twitter_card":"summary_large_image","twitter_misc":{"Tempo di lettura stimato":"2 minuti"},"schema":{"@context":"https:\/\/schema.org","@graph":[{"@type":"WebPage","@id":"https:\/\/www.bonfiglioliconsulting.com\/en\/cassa-padana-case-study\/","url":"https:\/\/www.bonfiglioliconsulting.com\/en\/cassa-padana-case-study\/","name":"Cassa Padana: back office efficiente | Bonfiglioli Consulting","isPartOf":{"@id":"https:\/\/www.bonfiglioliconsulting.com\/it\/#website"},"primaryImageOfPage":{"@id":"https:\/\/www.bonfiglioliconsulting.com\/en\/cassa-padana-case-study\/#primaryimage"},"image":{"@id":"https:\/\/www.bonfiglioliconsulting.com\/en\/cassa-padana-case-study\/#primaryimage"},"thumbnailUrl":"https:\/\/www.bonfiglioliconsulting.com\/wp-content\/uploads\/2024\/02\/IMG-CASSA-PADANA.png","datePublished":"2021-01-18T11:30:27+00:00","dateModified":"2025-08-27T23:48:31+00:00","description":"Cassa Padana Case Study: Approfondisci come Cassa Padana ha raggiunto l\u2019eccellenza operativa con strategie Lean.","inLanguage":"it-IT","potentialAction":[{"@type":"ReadAction","target":["https:\/\/www.bonfiglioliconsulting.com\/en\/cassa-padana-case-study\/"]}]},{"@type":"ImageObject","inLanguage":"it-IT","@id":"https:\/\/www.bonfiglioliconsulting.com\/en\/cassa-padana-case-study\/#primaryimage","url":"https:\/\/www.bonfiglioliconsulting.com\/wp-content\/uploads\/2024\/02\/IMG-CASSA-PADANA.png","contentUrl":"https:\/\/www.bonfiglioliconsulting.com\/wp-content\/uploads\/2024\/02\/IMG-CASSA-PADANA.png","width":4400,"height":2475},{"@type":"WebSite","@id":"https:\/\/www.bonfiglioliconsulting.com\/it\/#website","url":"https:\/\/www.bonfiglioliconsulting.com\/it\/","name":"Bonfiglioli Consulting","description":"","potentialAction":[{"@type":"SearchAction","target":{"@type":"EntryPoint","urlTemplate":"https:\/\/www.bonfiglioliconsulting.com\/it\/?s={search_term_string}"},"query-input":{"@type":"PropertyValueSpecification","valueRequired":true,"valueName":"search_term_string"}}],"inLanguage":"it-IT"}]}},"_links":{"self":[{"href":"https:\/\/www.bonfiglioliconsulting.com\/it\/wp-json\/wp\/v2\/pages\/19883","targetHints":{"allow":["GET"]}}],"collection":[{"href":"https:\/\/www.bonfiglioliconsulting.com\/it\/wp-json\/wp\/v2\/pages"}],"about":[{"href":"https:\/\/www.bonfiglioliconsulting.com\/it\/wp-json\/wp\/v2\/types\/page"}],"author":[{"embeddable":true,"href":"https:\/\/www.bonfiglioliconsulting.com\/it\/wp-json\/wp\/v2\/users\/73"}],"replies":[{"embeddable":true,"href":"https:\/\/www.bonfiglioliconsulting.com\/it\/wp-json\/wp\/v2\/comments?post=19883"}],"version-history":[{"count":55,"href":"https:\/\/www.bonfiglioliconsulting.com\/it\/wp-json\/wp\/v2\/pages\/19883\/revisions"}],"predecessor-version":[{"id":53932,"href":"https:\/\/www.bonfiglioliconsulting.com\/it\/wp-json\/wp\/v2\/pages\/19883\/revisions\/53932"}],"wp:featuredmedia":[{"embeddable":true,"href":"https:\/\/www.bonfiglioliconsulting.com\/it\/wp-json\/wp\/v2\/media\/53928"}],"wp:attachment":[{"href":"https:\/\/www.bonfiglioliconsulting.com\/it\/wp-json\/wp\/v2\/media?parent=19883"}],"wp:term":[{"taxonomy":"post_tag","embeddable":true,"href":"https:\/\/www.bonfiglioliconsulting.com\/it\/wp-json\/wp\/v2\/tags?post=19883"}],"curies":[{"name":"wp","href":"https:\/\/api.w.org\/{rel}","templated":true}]}}