{"id":1052,"date":"2016-06-28T10:31:45","date_gmt":"2016-06-28T08:31:45","guid":{"rendered":"http:\/\/bcsoa-it.menabodigital.com\/?page_id=1052"},"modified":"2021-05-20T13:38:20","modified_gmt":"2021-05-20T11:38:20","slug":"programma-aziende-familiari","status":"publish","type":"page","link":"https:\/\/www.bonfiglioliconsulting.com\/it\/programma-aziende-familiari\/","title":{"rendered":"Programma Aziende Familiari"},"content":{"rendered":"<p>Le aziende familiari rappresentano tra l&#8217;80% ed il 95% delle attivit\u00e0 industriali delle economie avanzate.<br \/>\n\u00c8 certamente un luogo comune dire che &#8220;la prima generazione crea, la seconda continua e la terza distrugge&#8221;, ma le analisi pi\u00f9 aggiornate sul passaggio generazionale in Italia dicono che i rischi per la continuit\u00e0 dell&#8217;impresa sono molto concreti e che <strong>solo 1\/3 circa delle aziende sopravvive al passaggio<\/strong> dalla prima alla seconda generazione avviando una nuova fase di crescita.<\/p>\n<p>Nelle imprese familiari, la successione \u00e8 un processo complesso e la gestione di questo processo richiede spiccate qualit\u00e0 di leadership e di delega: il problema del passaggio generazionale nelle PMI \u00e8 notevole e non va sottovalutato.<br \/>\nSi stima (statistiche UE) che il 30% delle aziende familiari non superer\u00e0 il processo di successione; applicando queste indicazioni alla realt\u00e0 italiana, si pu\u00f2 ritenere che 20.000 imprese ogni anno saranno indotte alla chiusura o alla cessione dai processi di successione. Ogni anno di conseguenza, i posti di lavoro a rischio potrebbero essere 65.000.<br \/>\n\u00c8 necessario quindi gestire al meglio il passaggio generazionale tenendo in considerazione l&#8217;equit\u00e0 (patrimonio), l&#8217;armonia (famiglia) e la meritocrazia (azienda), predisponendo un programma di&nbsp;<a href=\"https:\/\/www.bonfiglioliconsulting.com\/aree-di-intervento\/operational-excellence\/\">Operational Excellence<\/a> basato sui processi senza sprechi (<a href=\"https:\/\/www.bonfiglioliconsulting.com\/aree-di-intervento\/lean-thinking\/\">lean<\/a>), sull&#8217;innovazione e la sostenibilit\u00e0.<\/p>\n<p>Bonfiglioli Consulting ha completato con successo il passaggio generazionale nel 2010 ed \u00e8 in grado di accompagnare le imprese familiari nel difficoltoso passaggio generazionale tramite il &#8220;Programma Aziende Familiari&#8221; messo a punto anche sulla base della propria esperienza diretta.<\/p>\n","protected":false},"excerpt":{"rendered":null,"protected":false},"author":141,"featured_media":0,"parent":0,"menu_order":20,"comment_status":"closed","ping_status":"closed","template":"","meta":{"_acf_changed":false,"footnotes":""},"tags":[],"class_list":["post-1052","page","type-page","status-publish","hentry"],"acf":[],"yoast_head":"<!-- This site is optimized with the Yoast SEO plugin v27.4 - https:\/\/yoast.com\/product\/yoast-seo-wordpress\/ -->\n<title>Aziende Familiari: Successione Imprese - Bonfiglioli Consulting<\/title>\n<meta name=\"description\" content=\"Bonfiglioli Consulting \u00e8 in grado di accompagnare le imprese familiari nel delicato e complicato processo di successione aziendale tramite il programma aziende familiari.\" \/>\n<meta name=\"robots\" content=\"index, follow, max-snippet:-1, max-image-preview:large, max-video-preview:-1\" \/>\n<link rel=\"canonical\" href=\"https:\/\/www.bonfiglioliconsulting.com\/it\/programma-aziende-familiari\/\" \/>\n<meta property=\"og:locale\" content=\"it_IT\" \/>\n<meta property=\"og:type\" content=\"article\" \/>\n<meta property=\"og:title\" content=\"Aziende Familiari: Successione Imprese - Bonfiglioli Consulting\" \/>\n<meta property=\"og:description\" content=\"Bonfiglioli Consulting \u00e8 in grado di accompagnare le imprese familiari nel delicato e complicato processo di successione aziendale tramite il programma aziende familiari.\" \/>\n<meta property=\"og:url\" content=\"https:\/\/www.bonfiglioliconsulting.com\/it\/programma-aziende-familiari\/\" \/>\n<meta property=\"og:site_name\" content=\"Bonfiglioli Consulting\" \/>\n<meta property=\"article:modified_time\" content=\"2021-05-20T11:38:20+00:00\" \/>\n<meta name=\"twitter:card\" content=\"summary_large_image\" \/>\n<meta name=\"twitter:label1\" content=\"Tempo di lettura stimato\" \/>\n\t<meta name=\"twitter:data1\" content=\"2 minuti\" \/>\n<script type=\"application\/ld+json\" class=\"yoast-schema-graph\">{\"@context\":\"https:\\\/\\\/schema.org\",\"@graph\":[{\"@type\":\"WebPage\",\"@id\":\"https:\\\/\\\/www.bonfiglioliconsulting.com\\\/it\\\/programma-aziende-familiari\\\/\",\"url\":\"https:\\\/\\\/www.bonfiglioliconsulting.com\\\/it\\\/programma-aziende-familiari\\\/\",\"name\":\"Aziende Familiari: Successione Imprese - Bonfiglioli Consulting\",\"isPartOf\":{\"@id\":\"https:\\\/\\\/www.bonfiglioliconsulting.com\\\/it\\\/#website\"},\"datePublished\":\"2016-06-28T08:31:45+00:00\",\"dateModified\":\"2021-05-20T11:38:20+00:00\",\"description\":\"Bonfiglioli Consulting \u00e8 in grado di accompagnare le imprese familiari nel delicato e complicato processo di successione aziendale tramite il programma aziende familiari.\",\"inLanguage\":\"it-IT\",\"potentialAction\":[{\"@type\":\"ReadAction\",\"target\":[\"https:\\\/\\\/www.bonfiglioliconsulting.com\\\/it\\\/programma-aziende-familiari\\\/\"]}]},{\"@type\":\"WebSite\",\"@id\":\"https:\\\/\\\/www.bonfiglioliconsulting.com\\\/it\\\/#website\",\"url\":\"https:\\\/\\\/www.bonfiglioliconsulting.com\\\/it\\\/\",\"name\":\"Bonfiglioli Consulting\",\"description\":\"\",\"potentialAction\":[{\"@type\":\"SearchAction\",\"target\":{\"@type\":\"EntryPoint\",\"urlTemplate\":\"https:\\\/\\\/www.bonfiglioliconsulting.com\\\/it\\\/?s={search_term_string}\"},\"query-input\":{\"@type\":\"PropertyValueSpecification\",\"valueRequired\":true,\"valueName\":\"search_term_string\"}}],\"inLanguage\":\"it-IT\"}]}<\/script>\n<!-- \/ Yoast SEO plugin. -->","yoast_head_json":{"title":"Aziende Familiari: Successione Imprese - Bonfiglioli Consulting","description":"Bonfiglioli Consulting \u00e8 in grado di accompagnare le imprese familiari nel delicato e complicato processo di successione aziendale tramite il programma aziende familiari.","robots":{"index":"index","follow":"follow","max-snippet":"max-snippet:-1","max-image-preview":"max-image-preview:large","max-video-preview":"max-video-preview:-1"},"canonical":"https:\/\/www.bonfiglioliconsulting.com\/it\/programma-aziende-familiari\/","og_locale":"it_IT","og_type":"article","og_title":"Aziende Familiari: Successione Imprese - Bonfiglioli Consulting","og_description":"Bonfiglioli Consulting \u00e8 in grado di accompagnare le imprese familiari nel delicato e complicato processo di successione aziendale tramite il programma aziende familiari.","og_url":"https:\/\/www.bonfiglioliconsulting.com\/it\/programma-aziende-familiari\/","og_site_name":"Bonfiglioli Consulting","article_modified_time":"2021-05-20T11:38:20+00:00","twitter_card":"summary_large_image","twitter_misc":{"Tempo di lettura stimato":"2 minuti"},"schema":{"@context":"https:\/\/schema.org","@graph":[{"@type":"WebPage","@id":"https:\/\/www.bonfiglioliconsulting.com\/it\/programma-aziende-familiari\/","url":"https:\/\/www.bonfiglioliconsulting.com\/it\/programma-aziende-familiari\/","name":"Aziende Familiari: Successione Imprese - Bonfiglioli Consulting","isPartOf":{"@id":"https:\/\/www.bonfiglioliconsulting.com\/it\/#website"},"datePublished":"2016-06-28T08:31:45+00:00","dateModified":"2021-05-20T11:38:20+00:00","description":"Bonfiglioli Consulting \u00e8 in grado di accompagnare le imprese familiari nel delicato e complicato processo di successione aziendale tramite il programma aziende familiari.","inLanguage":"it-IT","potentialAction":[{"@type":"ReadAction","target":["https:\/\/www.bonfiglioliconsulting.com\/it\/programma-aziende-familiari\/"]}]},{"@type":"WebSite","@id":"https:\/\/www.bonfiglioliconsulting.com\/it\/#website","url":"https:\/\/www.bonfiglioliconsulting.com\/it\/","name":"Bonfiglioli Consulting","description":"","potentialAction":[{"@type":"SearchAction","target":{"@type":"EntryPoint","urlTemplate":"https:\/\/www.bonfiglioliconsulting.com\/it\/?s={search_term_string}"},"query-input":{"@type":"PropertyValueSpecification","valueRequired":true,"valueName":"search_term_string"}}],"inLanguage":"it-IT"}]}},"_links":{"self":[{"href":"https:\/\/www.bonfiglioliconsulting.com\/it\/wp-json\/wp\/v2\/pages\/1052","targetHints":{"allow":["GET"]}}],"collection":[{"href":"https:\/\/www.bonfiglioliconsulting.com\/it\/wp-json\/wp\/v2\/pages"}],"about":[{"href":"https:\/\/www.bonfiglioliconsulting.com\/it\/wp-json\/wp\/v2\/types\/page"}],"author":[{"embeddable":true,"href":"https:\/\/www.bonfiglioliconsulting.com\/it\/wp-json\/wp\/v2\/users\/141"}],"replies":[{"embeddable":true,"href":"https:\/\/www.bonfiglioliconsulting.com\/it\/wp-json\/wp\/v2\/comments?post=1052"}],"version-history":[{"count":18,"href":"https:\/\/www.bonfiglioliconsulting.com\/it\/wp-json\/wp\/v2\/pages\/1052\/revisions"}],"predecessor-version":[{"id":24308,"href":"https:\/\/www.bonfiglioliconsulting.com\/it\/wp-json\/wp\/v2\/pages\/1052\/revisions\/24308"}],"wp:attachment":[{"href":"https:\/\/www.bonfiglioliconsulting.com\/it\/wp-json\/wp\/v2\/media?parent=1052"}],"wp:term":[{"taxonomy":"post_tag","embeddable":true,"href":"https:\/\/www.bonfiglioliconsulting.com\/it\/wp-json\/wp\/v2\/tags?post=1052"}],"curies":[{"name":"wp","href":"https:\/\/api.w.org\/{rel}","templated":true}]}}