{"id":22917,"date":"2021-04-20T13:29:57","date_gmt":"2021-04-20T11:29:57","guid":{"rendered":"https:\/\/www.bcsoa.it\/?page_id=22917"},"modified":"2025-01-15T10:23:33","modified_gmt":"2025-01-15T09:23:33","slug":"procuring-a-future-of-resilience-and-integration","status":"publish","type":"page","link":"https:\/\/www.bonfiglioliconsulting.com\/en\/articoli\/procurement-un-futuro-di-resilienza-e-integrazione\/","title":{"rendered":"Procurement: a future of resilience and integration"},"content":{"rendered":"<div id=\"saz-block-block_607eb45cec039\" class=\"d-none saz-block saz-block-acf-hero-servizi  bg-light bg-hero-servizi-eventi hero_overlay_parent vv lazyload\"\n     style=\"background:inherit; background-size:cover;\" data-bg=\"url(https:\/\/www.bonfiglioliconsulting.com\/wp-content\/uploads\/2021\/04\/HERO-PROCUREMENT.jpg) center top no-repeat transparent\">\n    <div class=\"hero_overlay\"><\/div>\n    <div class=\"container hero_content\">\n        <div class=\"row align-items-end\">\n            <div class=\"col-12\">\n                 \n                    <div class=\"mt-3 mb-2 text-white\"><div class=\"breadcrumbs\"><span property=\"itemListElement\" typeof=\"ListItem\"><a property=\"item\" typeof=\"WebPage\" title=\"Vai a Bonfiglioli Consulting.\" href=\"https:\/\/www.bonfiglioliconsulting.com\/en\" class=\"home\"><span property=\"name\">Home<\/span><\/a><meta property=\"position\" content=\"1\"><\/span><\/div><script type=\"application\/ld+json\">{\"@context\":\"http:\/\/schema.org\",\"@type\":\"BreadcrumbList\",\"itemListElement\":[{\"@type\":\"ListItem\",\"position\":1,\"item\":{\"@id\":\"https:\/\/www.bonfiglioliconsulting.com\/en\",\"name\":\"Bonfiglioli Consulting\"}}]}<\/script><\/div>\n                                \n                                    <h1 class=\"has-huge-font-size font-weight-bold mb-0 text-white\">Procurement<\/h1>\n                                                    <h2 class=\"has-medium-font-size my-3 font-weight-normal text-white\">Un futuro di resilienza e integrazione | Knowledge Pills<\/h2>\n                                <div class=\"mb-5 pb-4 pb-md-5\"><\/div>\n            <\/div>\n        <\/div>\n    <\/div>\n    <svg class=\"onda-destra\" id=\"onda\" data-name=\"onda\" xmlns=\"http:\/\/www.w3.org\/2000\/svg\" viewBox=\"0 0 1000 180\"><path class=\"cls-1\" d=\"M0,180H1000V.4S458.72-.5,279.85.4c-49,.25-68.29,7.31-161.7,105.9C94.46,131.3,49.5,174.7,0,180Z\" transform=\"translate(0 0)\" style=\"fill: #ffffff\"\/><\/svg>\n<\/div>\n\n\n<section class=\"n_archive_hero lazyload\" style=\"background-image:inherit;\" data-bg-image=\"url(https:\/\/www.bonfiglioliconsulting.com\/wp-content\/uploads\/2021\/04\/HERO-PROCUREMENT.jpg)\"> \n    <div class=\"container h-100 position-relative\">\n        <div class=\"d-flex items-center h-100\">\n            <div class=\"n_archive_hero_content align-self-end text-white\">\n                <div class=\"text-white\">\n                <div class=\"breadcrumbs\">\n                 \n                    <div class=\"mt-3 mb-2 text-white\"><div class=\"breadcrumbs\"><span property=\"itemListElement\" typeof=\"ListItem\"><a property=\"item\" typeof=\"WebPage\" title=\"Vai a Bonfiglioli Consulting.\" href=\"https:\/\/www.bonfiglioliconsulting.com\/en\" class=\"home\"><span property=\"name\">Home<\/span><\/a><meta property=\"position\" content=\"1\"><\/span><\/div><script type=\"application\/ld+json\">{\"@context\":\"http:\/\/schema.org\",\"@type\":\"BreadcrumbList\",\"itemListElement\":[{\"@type\":\"ListItem\",\"position\":1,\"item\":{\"@id\":\"https:\/\/www.bonfiglioliconsulting.com\/en\",\"name\":\"Bonfiglioli Consulting\"}}]}<\/script><\/div>\n                                <\/div>\n                <\/div>\n                \n                \n                \n                                      <h1 class=\"text-white text-white\">Procurement<\/h1>\n                                \n                                    <div class=\"n_archive_desc\"> \n                     <p class=\"text-white\">\n                       Un futuro di resilienza e integrazione | Knowledge Pills                     <\/p>\n                    <\/div>  \n                                \n\n<\/div>\n        <\/div>\n    <\/div>\n    <div class=\"right_white_shape\">\n        <svg xmlns=\"http:\/\/www.w3.org\/2000\/svg\" viewBox=\"0 0 1000 180\">\n            <path class=\"cls-1\" d=\"M0,180H1000V.4S458.72-.5,279.85.4c-49,.25-68.29,7.31-161.7,105.9C94.46,131.3,49.5,174.7,0,180Z\" transform=\"translate(0 0)\"><\/path>\n        <\/svg>\n    <\/div>\n<\/section><div id=\"saz-block-id-M2fjY5lWSIpR\" class=\"saz-block saz-block\"><div class=\"container\"><div class=\"row\"><div class=\"col-12 col-lg-8 offset-lg-2\">\n\n<\/div><\/div><\/div><\/div><div id=\"saz-block-id-ORmUgHmyTn9o\" class=\"saz-block saz-block-core-spacer saz-block-height-60px\"><div class=\"container\"><div class=\"row\"><div class=\"col-12 col-lg-8 offset-lg-2\">\n<div style=\"height:60px\" aria-hidden=\"true\" class=\"wp-block-spacer\"><\/div>\n<\/div><\/div><\/div><\/div><div id=\"saz-block-id-RRl2gt3Bulwe\" class=\"saz-block saz-block\"><div class=\"container\"><div class=\"row\"><div class=\"col-12 col-lg-8 offset-lg-2\">\n\n<\/div><\/div><\/div><\/div><div id=\"saz-block-id-SiGtgAuS6SQn\" class=\"saz-block saz-block-core-paragraph\"><div class=\"container\"><div class=\"row\"><div class=\"col-12 col-lg-8 offset-lg-2\">\n<p>Le aziende hanno applicato per anni una strategia di procurement progressivamente centrata sull\u2019ottimizzazione delle catene di fornitura in termini di efficienza e riduzione dei costi con risultati in molti casi eccellenti.<\/p>\n<\/div><\/div><\/div><\/div><div id=\"saz-block-id-TGSimXXklfN2\" class=\"saz-block saz-block\"><div class=\"container\"><div class=\"row\"><div class=\"col-12 col-lg-8 offset-lg-2\">\n\n<\/div><\/div><\/div><\/div><div id=\"saz-block-id-ZPgueLnan7hY\" class=\"saz-block saz-block-core-paragraph\"><div class=\"container\"><div class=\"row\"><div class=\"col-12 col-lg-8 offset-lg-2\">\n<p>Questa strategia \u00e8 stata impostata sulla base di parametri sempre pi\u00f9 asimmetrici quali pressione sui prezzi, riduzione delle scorte e allineamento del fornitore sui piani di produzione dell\u2019azienda acquirente in ottica Just-in-Time, ma sempre senza visibilit\u00e0 e condivisione con il fornitore delle informazioni rilevanti.<\/p>\n<\/div><\/div><\/div><\/div><div id=\"saz-block-id-wIDAY7rq7dUp\" class=\"saz-block saz-block\"><div class=\"container\"><div class=\"row\"><div class=\"col-12 col-lg-8 offset-lg-2\">\n\n<\/div><\/div><\/div><\/div><div id=\"saz-block-id-x5tRKPYIt2Hx\" class=\"saz-block saz-block-core-paragraph\"><div class=\"container\"><div class=\"row\"><div class=\"col-12 col-lg-8 offset-lg-2\">\n<p>Con l\u2019aumento della complessit\u00e0 delle reti dei fornitori in termini di distribuzione geografica e interconnessione, si \u00e8 generato un sistema la cui fragilit\u00e0 \u00e8 stata portata alla luce dalla pandemia COVID-19, un vero e proprio Stress Test che ha evidenziato la natura del problema: le aziende hanno tendenzialmente trascurato di organizzare le proprie catene di fornitura secondo un principio di resilienza, capace cio\u00e8 di resistere ad eventi traumatici ed imprevisti o anche solo a significative fluttuazioni del mercato.<\/p>\n<\/div><\/div><\/div><\/div><div id=\"saz-block-id-mkQmHgZ19Dg2\" class=\"saz-block saz-block\"><div class=\"container\"><div class=\"row\"><div class=\"col-12 col-lg-8 offset-lg-2\">\n\n<\/div><\/div><\/div><\/div><div id=\"saz-block-id-22919\" class=\"saz-block saz-block-core-image saz-block-id-array saz-block-sizeslug-large saz-block-linkdestination-none\"><div class=\"container\"><div class=\"row\"><div class=\"col-12 col-lg-8 offset-lg-2\">\n<figure class=\"wp-block-image size-large\"><img decoding=\"async\" width=\"913\" height=\"413\" data-src=\"https:\/\/www.bonfiglioliconsulting.com\/wp-content\/uploads\/2021\/04\/Procurement-img1.png\" alt=\"\" class=\"wp-image-22919 lazyload\" data-srcset=\"https:\/\/www.bonfiglioliconsulting.com\/wp-content\/uploads\/2021\/04\/Procurement-img1.png 913w, https:\/\/www.bonfiglioliconsulting.com\/wp-content\/uploads\/2021\/04\/Procurement-img1-750x339.png 750w, https:\/\/www.bonfiglioliconsulting.com\/wp-content\/uploads\/2021\/04\/Procurement-img1-600x271.png 600w\" data-sizes=\"(max-width: 913px) 100vw, 913px\" src=\"data:image\/svg+xml;base64,PHN2ZyB3aWR0aD0iMSIgaGVpZ2h0PSIxIiB4bWxucz0iaHR0cDovL3d3dy53My5vcmcvMjAwMC9zdmciPjwvc3ZnPg==\" style=\"--smush-placeholder-width: 913px; --smush-placeholder-aspect-ratio: 913\/413;\" \/><figcaption><em>Fonte: Centro Studi Bonfiglioli Consulting &#8211; Survey Valcon (member firm di Cordence Worldwide) &#8211; DILF Danish Purchaising and Logistics Forum su 95 aziende europee<\/em><\/figcaption><\/figure>\n<\/div><\/div><\/div><\/div><div id=\"saz-block-id-v0P33lKgKTd9\" class=\"saz-block saz-block\"><div class=\"container\"><div class=\"row\"><div class=\"col-12 col-lg-8 offset-lg-2\">\n\n<\/div><\/div><\/div><\/div><div id=\"saz-block-id-eCF40i7paMpw\" class=\"saz-block saz-block-core-paragraph\"><div class=\"container\"><div class=\"row\"><div class=\"col-12 col-lg-8 offset-lg-2\">\n<p><\/p>\n<\/div><\/div><\/div><\/div><div id=\"saz-block-id-CW0H6YMYS1jw\" class=\"saz-block saz-block\"><div class=\"container\"><div class=\"row\"><div class=\"col-12 col-lg-8 offset-lg-2\">\n\n<\/div><\/div><\/div><\/div><div id=\"saz-block-id-gOv4uf4uG5Fu\" class=\"saz-block saz-block-core-paragraph\"><div class=\"container\"><div class=\"row\"><div class=\"col-12 col-lg-8 offset-lg-2\">\n<p><\/p>\n<\/div><\/div><\/div><\/div><div id=\"saz-block-id-JH1cbFPF1AzM\" class=\"saz-block saz-block\"><div class=\"container\"><div class=\"row\"><div class=\"col-12 col-lg-8 offset-lg-2\">\n\n<\/div><\/div><\/div><\/div><div id=\"saz-block-id-FwjP3VQoMNeM\" class=\"saz-block saz-block-core-shortcode\"><div class=\"container\"><div class=\"row\"><div class=\"col-12 col-lg-8 offset-lg-2\">\n<div class=\"wpcf7 no-js\" id=\"wpcf7-f23133-o1\" lang=\"it-IT\" dir=\"ltr\" data-wpcf7-id=\"23133\">\n<div class=\"screen-reader-response\"><p role=\"status\" aria-live=\"polite\" aria-atomic=\"true\"><\/p> <ul><\/ul><\/div>\n<form action=\"\/en\/wp-json\/wp\/v2\/pages\/22917#wpcf7-f23133-o1\" method=\"post\" class=\"wpcf7-form init\" aria-label=\"Modulo di contatto\" novalidate=\"novalidate\" data-status=\"init\">\n<fieldset class=\"hidden-fields-container\"><input type=\"hidden\" name=\"_wpcf7\" value=\"23133\" \/><input type=\"hidden\" name=\"_wpcf7_version\" value=\"6.1.5\" \/><input type=\"hidden\" name=\"_wpcf7_locale\" value=\"it_IT\" \/><input type=\"hidden\" name=\"_wpcf7_unit_tag\" value=\"wpcf7-f23133-o1\" \/><input type=\"hidden\" name=\"_wpcf7_container_post\" value=\"0\" \/><input type=\"hidden\" name=\"_wpcf7_posted_data_hash\" value=\"\" \/><input type=\"hidden\" name=\"_wpcf7_recaptcha_response\" value=\"\" \/>\n<\/fieldset>\n<div class=\"agenda\">\n\t<h2>Registrati per scaricare l'articolo completo\n\t<\/h2>\n\t<p>Nome *<br \/>\n<span class=\"wpcf7-form-control-wrap\" data-name=\"nome\"><input size=\"40\" maxlength=\"400\" class=\"wpcf7-form-control wpcf7-text wpcf7-validates-as-required form-control\" aria-required=\"true\" aria-invalid=\"false\" value=\"\" type=\"text\" name=\"nome\" \/><\/span><br \/>\nCognome *<br \/>\n<span class=\"wpcf7-form-control-wrap\" data-name=\"cognome\"><input size=\"40\" maxlength=\"400\" class=\"wpcf7-form-control wpcf7-text wpcf7-validates-as-required form-control\" aria-required=\"true\" aria-invalid=\"false\" value=\"\" type=\"text\" name=\"cognome\" \/><\/span><br \/>\nAzienda<br \/>\n<span class=\"wpcf7-form-control-wrap\" data-name=\"azienda\"><input size=\"40\" maxlength=\"400\" class=\"wpcf7-form-control wpcf7-text form-control\" aria-invalid=\"false\" value=\"\" type=\"text\" name=\"azienda\" \/><\/span><br \/>\nEmail *<br \/>\n<span class=\"wpcf7-form-control-wrap\" data-name=\"email\"><input size=\"40\" maxlength=\"400\" class=\"wpcf7-form-control wpcf7-email wpcf7-validates-as-required wpcf7-text wpcf7-validates-as-email form-control\" aria-required=\"true\" aria-invalid=\"false\" value=\"\" type=\"email\" name=\"email\" \/><\/span>\n\t<\/p>\n<\/div>\n<p>Come ci hai conosciuto *<br \/>\n<span class=\"wpcf7-form-control-wrap\" data-name=\"Comecihaitrovato\"><select class=\"wpcf7-form-control wpcf7-select wpcf7-validates-as-required form-control\" aria-required=\"true\" aria-invalid=\"false\" name=\"Comecihaitrovato\"><option value=\"Motori di ricerca (Google, Bing, ecc.)\">Motori di ricerca (Google, Bing, ecc.)<\/option><option value=\"Newsletter o Email\">Newsletter o Email<\/option><option value=\"Social Network (Facebook, Instagram, LinkedIn)\">Social Network (Facebook, Instagram, LinkedIn)<\/option><option value=\"Intelligenza artificiale (ChatGPT, Gemini, ecc.)\">Intelligenza artificiale (ChatGPT, Gemini, ecc.)<\/option><option value=\"Articoli di stampa\">Articoli di stampa<\/option><option value=\"Consiglio di amici o colleghi\">Consiglio di amici o colleghi<\/option><option value=\"Pubblicit\u00e0 online\">Pubblicit\u00e0 online<\/option><\/select><\/span>\n<\/p>\n<div class=\"checkbox-form\">\n\t<div class=\"d-flex\">\n\t\t<div class=\"checkbox-form has-extrasmall-font-size\">\n\t\t\t<p><span class=\"wpcf7-form-control-wrap\" data-name=\"privacy-consent\"><span class=\"wpcf7-form-control wpcf7-acceptance\"><span class=\"wpcf7-list-item\"><label><input type=\"checkbox\" name=\"privacy-consent\" value=\"1\" aria-invalid=\"false\" \/><span class=\"wpcf7-list-item-label\"><strong>Espressione del consenso al trattamento dei dati personali<\/strong><br>Autorizzo il trattamento dei dati personali da me conferiti per le finalit\u00e0 e nei limiti <a href=\"https:\/\/www.bonfiglioliconsulting.com\/it\/informativa-sulla-privacy\/\" target=\"_blank\" rel=\"noreferrer noopener\">indicati nell\u2019informativa<\/a>, conformemente a quanto previsto dall\u2019articolo 13 del Decreto Legislativo 30 giugno 2003, n. 196 (\u201cCodice in materia di protezione dei dati personali\u201d) e dall\u2019articolo 13 del Regolamento (UE) 2016\/679 (\u201cRegolamento Generale sulla Protezione dei Dati\u201d).<\/span><\/label><\/span><\/span><\/span>\n\t\t\t<\/p>\n\t\t<\/div>\n\t<\/div>\n\t<div class=\"d-flex\">\n\t\t<div class=\"checkbox-form has-extrasmall-font-size\">\n\t\t\t<p><span class=\"wpcf7-form-control-wrap\" data-name=\"newsletter-consent\"><span class=\"wpcf7-form-control wpcf7-acceptance optional\"><span class=\"wpcf7-list-item\"><label><input type=\"checkbox\" name=\"newsletter-consent\" value=\"1\" aria-invalid=\"false\" \/><span class=\"wpcf7-list-item-label\"><strong>Consenso comunicazioni ed inviti (facoltativo)<\/strong><br>Acconsento a ricevere comunicazioni ed inviti da parte del Gruppo Bonfiglioli Consulting.<\/span><\/label><\/span><\/span><\/span>\n\t\t\t<\/p>\n\t\t<\/div>\n\t<\/div>\n<\/div>\n<input class=\"wpcf7-form-control wpcf7-hidden\" id=\"post_title\" value=\"\" type=\"hidden\" name=\"post_title\" \/>\n<input class=\"wpcf7-form-control wpcf7-hidden\" value=\"\" type=\"hidden\" name=\"submission_date\" \/>\n<input class=\"wpcf7-form-control wpcf7-hidden\" value=\"https:\/\/www.bonfiglioliconsulting.com\/wp-content\/uploads\/2021\/04\/2021-02-Procurement-resilienza.pdf\" type=\"hidden\" name=\"file\" \/>\n<p><input class=\"wpcf7-form-control wpcf7-submit has-spinner btn btn-blu\" type=\"submit\" value=\"Download\" \/>\n<\/p><div class=\"wpcf7-response-output\" aria-hidden=\"true\"><\/div>\n<\/form>\n<\/div>\n\n<\/div><\/div><\/div><\/div><div id=\"saz-block-id-Iqa9AmGeq5iC\" class=\"saz-block saz-block\"><div class=\"container\"><div class=\"row\"><div class=\"col-12 col-lg-8 offset-lg-2\">\n\n<\/div><\/div><\/div><\/div><div id=\"saz-block-id-5HI3mTlqLttk\" class=\"saz-block saz-block-core-paragraph\"><div class=\"container\"><div class=\"row\"><div class=\"col-12 col-lg-8 offset-lg-2\">\n<p><\/p>\n<\/div><\/div><\/div><\/div>","protected":false},"excerpt":{"rendered":null,"protected":false},"author":73,"featured_media":0,"parent":23838,"menu_order":0,"comment_status":"closed","ping_status":"closed","template":"template-wide-blocchi.php","meta":{"_acf_changed":false,"footnotes":""},"class_list":["post-22917","page","type-page","status-publish","hentry"],"acf":[],"yoast_head":"<!-- This site is optimized with the Yoast SEO plugin v27.4 - https:\/\/yoast.com\/product\/yoast-seo-wordpress\/ -->\n<title>Procurement: un futuro di resilienza e integrazione<\/title>\n<meta name=\"description\" content=\"Procurement resiliente e integrato: strategie per affrontare le sfide future nel mondo degli approvvigionamenti.\" \/>\n<meta name=\"robots\" content=\"index, follow, max-snippet:-1, max-image-preview:large, max-video-preview:-1\" \/>\n<link rel=\"canonical\" href=\"https:\/\/www.bonfiglioliconsulting.com\/en\/articles\/procuring-a-future-of-resilience-and-integration\/\" \/>\n<meta property=\"og:locale\" content=\"en_US\" \/>\n<meta property=\"og:type\" content=\"article\" \/>\n<meta property=\"og:title\" content=\"Procurement: un futuro di resilienza e integrazione\" \/>\n<meta property=\"og:description\" content=\"Procurement resiliente e integrato: strategie per affrontare le sfide future nel mondo degli approvvigionamenti.\" \/>\n<meta property=\"og:url\" content=\"https:\/\/www.bonfiglioliconsulting.com\/en\/articles\/procuring-a-future-of-resilience-and-integration\/\" \/>\n<meta property=\"og:site_name\" content=\"Bonfiglioli Consulting\" \/>\n<meta property=\"article:modified_time\" content=\"2025-01-15T09:23:33+00:00\" \/>\n<meta property=\"og:image\" content=\"https:\/\/www.bonfiglioliconsulting.com\/ambient\/wp-content\/uploads\/2021\/04\/Procurement-img1.png\" \/>\n<meta name=\"twitter:card\" content=\"summary_large_image\" \/>\n<meta name=\"twitter:label1\" content=\"Est. reading time\" \/>\n\t<meta name=\"twitter:data1\" content=\"2 minutes\" \/>\n<script type=\"application\/ld+json\" class=\"yoast-schema-graph\">{\"@context\":\"https:\\\/\\\/schema.org\",\"@graph\":[{\"@type\":\"WebPage\",\"@id\":\"https:\\\/\\\/www.bonfiglioliconsulting.com\\\/articoli\\\/procurement-un-futuro-di-resilienza-e-integrazione\\\/\",\"url\":\"https:\\\/\\\/www.bonfiglioliconsulting.com\\\/articoli\\\/procurement-un-futuro-di-resilienza-e-integrazione\\\/\",\"name\":\"Procurement: un futuro di resilienza e integrazione\",\"isPartOf\":{\"@id\":\"https:\\\/\\\/www.bonfiglioliconsulting.com\\\/it\\\/#website\"},\"primaryImageOfPage\":{\"@id\":\"https:\\\/\\\/www.bonfiglioliconsulting.com\\\/articoli\\\/procurement-un-futuro-di-resilienza-e-integrazione\\\/#primaryimage\"},\"image\":{\"@id\":\"https:\\\/\\\/www.bonfiglioliconsulting.com\\\/articoli\\\/procurement-un-futuro-di-resilienza-e-integrazione\\\/#primaryimage\"},\"thumbnailUrl\":\"https:\\\/\\\/www.bonfiglioliconsulting.com\\\/wp-content\\\/uploads\\\/2021\\\/04\\\/Procurement-img1.png\",\"datePublished\":\"2021-04-20T11:29:57+00:00\",\"dateModified\":\"2025-01-15T09:23:33+00:00\",\"description\":\"Procurement resiliente e integrato: strategie per affrontare le sfide future nel mondo degli approvvigionamenti.\",\"inLanguage\":\"en-US\",\"potentialAction\":[{\"@type\":\"ReadAction\",\"target\":[\"https:\\\/\\\/www.bonfiglioliconsulting.com\\\/articoli\\\/procurement-un-futuro-di-resilienza-e-integrazione\\\/\"]}]},{\"@type\":\"ImageObject\",\"inLanguage\":\"en-US\",\"@id\":\"https:\\\/\\\/www.bonfiglioliconsulting.com\\\/articoli\\\/procurement-un-futuro-di-resilienza-e-integrazione\\\/#primaryimage\",\"url\":\"https:\\\/\\\/www.bonfiglioliconsulting.com\\\/wp-content\\\/uploads\\\/2021\\\/04\\\/Procurement-img1.png\",\"contentUrl\":\"https:\\\/\\\/www.bonfiglioliconsulting.com\\\/wp-content\\\/uploads\\\/2021\\\/04\\\/Procurement-img1.png\"},{\"@type\":\"WebSite\",\"@id\":\"https:\\\/\\\/www.bonfiglioliconsulting.com\\\/it\\\/#website\",\"url\":\"https:\\\/\\\/www.bonfiglioliconsulting.com\\\/it\\\/\",\"name\":\"Bonfiglioli Consulting\",\"description\":\"\",\"potentialAction\":[{\"@type\":\"SearchAction\",\"target\":{\"@type\":\"EntryPoint\",\"urlTemplate\":\"https:\\\/\\\/www.bonfiglioliconsulting.com\\\/it\\\/?s={search_term_string}\"},\"query-input\":{\"@type\":\"PropertyValueSpecification\",\"valueRequired\":true,\"valueName\":\"search_term_string\"}}],\"inLanguage\":\"en-US\"}]}<\/script>\n<!-- \/ Yoast SEO plugin. -->","yoast_head_json":{"title":"Procurement: a future of resilience and integration","description":"Resilient and integrated procurement: strategies for meeting future challenges in procurement.","robots":{"index":"index","follow":"follow","max-snippet":"max-snippet:-1","max-image-preview":"max-image-preview:large","max-video-preview":"max-video-preview:-1"},"canonical":"https:\/\/www.bonfiglioliconsulting.com\/en\/articles\/procuring-a-future-of-resilience-and-integration\/","og_locale":"en_US","og_type":"article","og_title":"Procurement: un futuro di resilienza e integrazione","og_description":"Procurement resiliente e integrato: strategie per affrontare le sfide future nel mondo degli approvvigionamenti.","og_url":"https:\/\/www.bonfiglioliconsulting.com\/en\/articles\/procuring-a-future-of-resilience-and-integration\/","og_site_name":"Bonfiglioli Consulting","article_modified_time":"2025-01-15T09:23:33+00:00","og_image":[{"url":"https:\/\/www.bonfiglioliconsulting.com\/ambient\/wp-content\/uploads\/2021\/04\/Procurement-img1.png","type":"","width":"","height":""}],"twitter_card":"summary_large_image","twitter_misc":{"Est. reading time":"2 minutes"},"schema":{"@context":"https:\/\/schema.org","@graph":[{"@type":"WebPage","@id":"https:\/\/www.bonfiglioliconsulting.com\/articoli\/procurement-un-futuro-di-resilienza-e-integrazione\/","url":"https:\/\/www.bonfiglioliconsulting.com\/articoli\/procurement-un-futuro-di-resilienza-e-integrazione\/","name":"Procurement: a future of resilience and integration","isPartOf":{"@id":"https:\/\/www.bonfiglioliconsulting.com\/it\/#website"},"primaryImageOfPage":{"@id":"https:\/\/www.bonfiglioliconsulting.com\/articoli\/procurement-un-futuro-di-resilienza-e-integrazione\/#primaryimage"},"image":{"@id":"https:\/\/www.bonfiglioliconsulting.com\/articoli\/procurement-un-futuro-di-resilienza-e-integrazione\/#primaryimage"},"thumbnailUrl":"https:\/\/www.bonfiglioliconsulting.com\/wp-content\/uploads\/2021\/04\/Procurement-img1.png","datePublished":"2021-04-20T11:29:57+00:00","dateModified":"2025-01-15T09:23:33+00:00","description":"Resilient and integrated procurement: strategies for meeting future challenges in procurement.","inLanguage":"en-US","potentialAction":[{"@type":"ReadAction","target":["https:\/\/www.bonfiglioliconsulting.com\/articoli\/procurement-un-futuro-di-resilienza-e-integrazione\/"]}]},{"@type":"ImageObject","inLanguage":"en-US","@id":"https:\/\/www.bonfiglioliconsulting.com\/articoli\/procurement-un-futuro-di-resilienza-e-integrazione\/#primaryimage","url":"https:\/\/www.bonfiglioliconsulting.com\/wp-content\/uploads\/2021\/04\/Procurement-img1.png","contentUrl":"https:\/\/www.bonfiglioliconsulting.com\/wp-content\/uploads\/2021\/04\/Procurement-img1.png"},{"@type":"WebSite","@id":"https:\/\/www.bonfiglioliconsulting.com\/it\/#website","url":"https:\/\/www.bonfiglioliconsulting.com\/it\/","name":"Bonfiglioli Consulting","description":"","potentialAction":[{"@type":"SearchAction","target":{"@type":"EntryPoint","urlTemplate":"https:\/\/www.bonfiglioliconsulting.com\/it\/?s={search_term_string}"},"query-input":{"@type":"PropertyValueSpecification","valueRequired":true,"valueName":"search_term_string"}}],"inLanguage":"en-US"}]}},"_links":{"self":[{"href":"https:\/\/www.bonfiglioliconsulting.com\/en\/wp-json\/wp\/v2\/pages\/22917","targetHints":{"allow":["GET"]}}],"collection":[{"href":"https:\/\/www.bonfiglioliconsulting.com\/en\/wp-json\/wp\/v2\/pages"}],"about":[{"href":"https:\/\/www.bonfiglioliconsulting.com\/en\/wp-json\/wp\/v2\/types\/page"}],"author":[{"embeddable":true,"href":"https:\/\/www.bonfiglioliconsulting.com\/en\/wp-json\/wp\/v2\/users\/73"}],"replies":[{"embeddable":true,"href":"https:\/\/www.bonfiglioliconsulting.com\/en\/wp-json\/wp\/v2\/comments?post=22917"}],"version-history":[{"count":15,"href":"https:\/\/www.bonfiglioliconsulting.com\/en\/wp-json\/wp\/v2\/pages\/22917\/revisions"}],"predecessor-version":[{"id":33552,"href":"https:\/\/www.bonfiglioliconsulting.com\/en\/wp-json\/wp\/v2\/pages\/22917\/revisions\/33552"}],"up":[{"embeddable":true,"href":"https:\/\/www.bonfiglioliconsulting.com\/en\/wp-json\/wp\/v2\/pages\/23838"}],"wp:attachment":[{"href":"https:\/\/www.bonfiglioliconsulting.com\/en\/wp-json\/wp\/v2\/media?parent=22917"}],"curies":[{"name":"wp","href":"https:\/\/api.w.org\/{rel}","templated":true}]}}