{"id":22004,"date":"2021-04-01T15:47:38","date_gmt":"2021-04-01T13:47:38","guid":{"rendered":"https:\/\/www.bcsoa.it\/?page_id=22004"},"modified":"2025-08-28T13:31:31","modified_gmt":"2025-08-28T11:31:31","slug":"recordati-case-history","status":"publish","type":"page","link":"https:\/\/www.bonfiglioliconsulting.com\/en\/recordati-case-history\/","title":{"rendered":"Recordati Case History"},"content":{"rendered":"<div id=\"saz-block-block_6065cbac0e58c\" class=\"d-none saz-block saz-block-acf-hero-servizi  bg-light bg-hero-servizi-eventi hero_overlay_parent vv lazyload\"\n     style=\"background:inherit; background-size:cover;\" data-bg=\"url(https:\/\/www.bonfiglioliconsulting.com\/wp-content\/uploads\/2021\/04\/BANNER-RECORDATI2.jpg) center top no-repeat transparent\">\n    <div class=\"hero_overlay\"><\/div>\n    <div class=\"container hero_content\">\n        <div class=\"row align-items-end\">\n            <div class=\"col-12\">\n                 \n                    <div class=\"mt-3 mb-2 text-white\"><div class=\"breadcrumbs\"><span property=\"itemListElement\" typeof=\"ListItem\"><a property=\"item\" typeof=\"WebPage\" title=\"Vai a Bonfiglioli Consulting.\" href=\"https:\/\/www.bonfiglioliconsulting.com\/en\" class=\"home\"><span property=\"name\">Home<\/span><\/a><meta property=\"position\" content=\"1\"><\/span><\/div><script type=\"application\/ld+json\">{\"@context\":\"http:\/\/schema.org\",\"@type\":\"BreadcrumbList\",\"itemListElement\":[{\"@type\":\"ListItem\",\"position\":1,\"item\":{\"@id\":\"https:\/\/www.bonfiglioliconsulting.com\/en\",\"name\":\"Bonfiglioli Consulting\"}}]}<\/script><\/div>\n                                \n                                    <h1 class=\"has-huge-font-size font-weight-bold mb-0 text-white\">Recordati SpA<\/h1>\n                                                    <h2 class=\"has-medium-font-size my-3 font-weight-normal text-white\">Digitalizazione del reparto di Confezionamento | Case Study<\/h2>\n                                <div class=\"mb-5 pb-4 pb-md-5\"><\/div>\n            <\/div>\n        <\/div>\n    <\/div>\n    <svg class=\"onda-destra\" id=\"onda\" data-name=\"onda\" xmlns=\"http:\/\/www.w3.org\/2000\/svg\" viewBox=\"0 0 1000 180\"><path class=\"cls-1\" d=\"M0,180H1000V.4S458.72-.5,279.85.4c-49,.25-68.29,7.31-161.7,105.9C94.46,131.3,49.5,174.7,0,180Z\" transform=\"translate(0 0)\" style=\"fill: #ffffff\"\/><\/svg>\n<\/div>\n\n\n<section class=\"n_archive_hero lazyload\" style=\"background-image:inherit;\" data-bg-image=\"url(https:\/\/www.bonfiglioliconsulting.com\/wp-content\/uploads\/2021\/04\/BANNER-RECORDATI2.jpg)\"> \n    <div class=\"container h-100 position-relative\">\n        <div class=\"d-flex items-center h-100\">\n            <div class=\"n_archive_hero_content align-self-end text-white\">\n                <div class=\"text-white\">\n                <div class=\"breadcrumbs\">\n                 \n                    <div class=\"mt-3 mb-2 text-white\"><div class=\"breadcrumbs\"><span property=\"itemListElement\" typeof=\"ListItem\"><a property=\"item\" typeof=\"WebPage\" title=\"Vai a Bonfiglioli Consulting.\" href=\"https:\/\/www.bonfiglioliconsulting.com\/en\" class=\"home\"><span property=\"name\">Home<\/span><\/a><meta property=\"position\" content=\"1\"><\/span><\/div><script type=\"application\/ld+json\">{\"@context\":\"http:\/\/schema.org\",\"@type\":\"BreadcrumbList\",\"itemListElement\":[{\"@type\":\"ListItem\",\"position\":1,\"item\":{\"@id\":\"https:\/\/www.bonfiglioliconsulting.com\/en\",\"name\":\"Bonfiglioli Consulting\"}}]}<\/script><\/div>\n                                <\/div>\n                <\/div>\n                \n                \n                \n                                      <h1 class=\"text-white text-white\">Recordati SpA<\/h1>\n                                \n                                    <div class=\"n_archive_desc\"> \n                     <p class=\"text-white\">\n                       Digitalizazione del reparto di Confezionamento | Case Study                     <\/p>\n                    <\/div>  \n                                \n\n<\/div>\n        <\/div>\n    <\/div>\n    <div class=\"right_white_shape\">\n        <svg xmlns=\"http:\/\/www.w3.org\/2000\/svg\" viewBox=\"0 0 1000 180\">\n            <path class=\"cls-1\" d=\"M0,180H1000V.4S458.72-.5,279.85.4c-49,.25-68.29,7.31-161.7,105.9C94.46,131.3,49.5,174.7,0,180Z\" transform=\"translate(0 0)\"><\/path>\n        <\/svg>\n    <\/div>\n<\/section><div id=\"saz-block-id-dXdFXaXrBZwr\" class=\"saz-block saz-block\"><div class=\"container\"><div class=\"row\"><div class=\"col-12 col-lg-8 offset-lg-2\">\n\n<\/div><\/div><\/div><\/div><div id=\"saz-block-id-4cEgGIlH7U5u\" class=\"saz-block saz-block-core-spacer saz-block-height-array\"><div class=\"container\"><div class=\"row\"><div class=\"col-12 col-lg-8 offset-lg-2\">\n<div style=\"height:60px\" aria-hidden=\"true\" class=\"wp-block-spacer\"><\/div>\n<\/div><\/div><\/div><\/div><div id=\"saz-block-id-ro5xe565BOBf\" class=\"saz-block saz-block\"><div class=\"container\"><div class=\"row\"><div class=\"col-12 col-lg-8 offset-lg-2\">\n\n<\/div><\/div><\/div><\/div><div id=\"saz-block-id-3RzCkh1zFByJ\" class=\"saz-block saz-block-core-heading saz-block-level-array\"><div class=\"container\"><div class=\"row\"><div class=\"col-12 col-lg-8 offset-lg-2\">\n<h3 class=\"wp-block-heading\"><strong><span class=\"has-inline-color has-primary-color\">Scenario<\/span><\/strong><\/h3>\n<\/div><\/div><\/div><\/div><div id=\"saz-block-id-3A5XtVcx9Gw8\" class=\"saz-block saz-block\"><div class=\"container\"><div class=\"row\"><div class=\"col-12 col-lg-8 offset-lg-2\">\n\n<\/div><\/div><\/div><\/div><div id=\"saz-block-id-E0ueOCtRYrq3\" class=\"saz-block saz-block-core-paragraph\"><div class=\"container\"><div class=\"row\"><div class=\"col-12 col-lg-8 offset-lg-2\">\n<p>Recordati \u00e8 un gruppo farmaceutico internazionale con sede a Milano e attivit\u00e0 operative in tutto il mondo con oltre 4.000 dipendenti.<br>Il Top Management di Recordati ha riconosciuto l&#8217;importanza di integrare le soluzioni digitali in un modello operativo maturo al fine di garantire maggiori performance in termini di velocit\u00e0, flessibilit\u00e0, processi decisionali e competitivit\u00e0.<\/p>\n<\/div><\/div><\/div><\/div><div id=\"saz-block-id-rIcusrbYlJ3X\" class=\"saz-block saz-block\"><div class=\"container\"><div class=\"row\"><div class=\"col-12 col-lg-8 offset-lg-2\">\n\n<\/div><\/div><\/div><\/div><div id=\"saz-block-id-SbSFkYaTZ0E6\" class=\"saz-block saz-block-core-paragraph\"><div class=\"container\"><div class=\"row\"><div class=\"col-12 col-lg-8 offset-lg-2\">\n<p><strong>Perch\u00e9 il gruppo Recordati ha intrapreso il percorso di Lean &amp; Digital Transformation?<\/strong><\/p>\n<\/div><\/div><\/div><\/div><div id=\"saz-block-id-yx93nS6yIsHS\" class=\"saz-block saz-block\"><div class=\"container\"><div class=\"row\"><div class=\"col-12 col-lg-8 offset-lg-2\">\n\n<\/div><\/div><\/div><\/div><div id=\"saz-block-id-14Cb2GOZ2S6l\" class=\"saz-block saz-block-core-list\"><div class=\"container\"><div class=\"row\"><div class=\"col-12 col-lg-8 offset-lg-2\">\n<ul class=\"wp-block-list\"><li>Crescente pressione sui prezzi e riduzione della marginalit\u00e0.<\/li><li>Necessit\u00e0 di recuperare le perdite di efficienza legate alla introduzione della normativa sulla tracciabilit\u00e0 dei farmaci (serializzazione).<\/li><li>Necessit\u00e0 di aumentare la capacit\u00e0 produttiva e l\u2019efficienza su alcune linee di confezionamento.<\/li><\/ul>\n<\/div><\/div><\/div><\/div><div id=\"saz-block-id-6yWkE6PZEGzG\" class=\"saz-block saz-block\"><div class=\"container\"><div class=\"row\"><div class=\"col-12 col-lg-8 offset-lg-2\">\n\n<\/div><\/div><\/div><\/div><div id=\"saz-block-id-iib43jYeKm9i\" class=\"saz-block saz-block-core-heading saz-block-level-array\"><div class=\"container\"><div class=\"row\"><div class=\"col-12 col-lg-8 offset-lg-2\">\n<h3 class=\"wp-block-heading\"><strong><span class=\"has-inline-color has-primary-color\">Ambiti di intervento<\/span><\/strong><\/h3>\n<\/div><\/div><\/div><\/div><div id=\"saz-block-id-OemdWZcY51VK\" class=\"saz-block saz-block\"><div class=\"container\"><div class=\"row\"><div class=\"col-12 col-lg-8 offset-lg-2\">\n\n<\/div><\/div><\/div><\/div><div id=\"saz-block-id-4sNCwKQvtSpn\" class=\"saz-block saz-block-core-paragraph\"><div class=\"container\"><div class=\"row\"><div class=\"col-12 col-lg-8 offset-lg-2\">\n<p>Il Gruppo Recordati ha scelto Bonfiglioli Consulting e <a href=\"https:\/\/www.digibelt.com\/it\/chi-siamo-pa-2\">Digibelt<\/a>, per la digitalizzazione di 9 linee di confezionamento.<\/p>\n<\/div><\/div><\/div><\/div><div id=\"saz-block-id-bHE5Luht2u1R\" class=\"saz-block saz-block\"><div class=\"container\"><div class=\"row\"><div class=\"col-12 col-lg-8 offset-lg-2\">\n\n<\/div><\/div><\/div><\/div><div id=\"saz-block-id-pTA5qRMvEYSc\" class=\"saz-block saz-block-core-paragraph\"><div class=\"container\"><div class=\"row\"><div class=\"col-12 col-lg-8 offset-lg-2\">\n<p><strong>Obiettivi del progetto di Digitalizzazione:<\/strong><\/p>\n<\/div><\/div><\/div><\/div><div id=\"saz-block-id-zbXLojgM59NA\" class=\"saz-block saz-block\"><div class=\"container\"><div class=\"row\"><div class=\"col-12 col-lg-8 offset-lg-2\">\n\n<\/div><\/div><\/div><\/div><div id=\"saz-block-id-s8u97THXNicw\" class=\"saz-block saz-block-core-list\"><div class=\"container\"><div class=\"row\"><div class=\"col-12 col-lg-8 offset-lg-2\">\n<ul class=\"wp-block-list\"><li>Acquisizione automatica dello stato della macchina e della linea (ON\/OFF, in corso, fermo), pezzi prodotti e scarti, senza impattare sulla certificazione delle macchine<\/li><li>Registrazione automatica delle attivit\u00e0 e dei tempi di microinterruzioni e dei tempi di manutenzione con dichiarazione dei motivi e delle cause dei fermi macchina<\/li><li>Acquisizione dati da SAP relativi agli ordini di produzione (OdP)<\/li><li>Aumento dell&#8217;efficienza produttiva con conseguente maggiore efficacia in termini di analisi e capacit\u00e0 di intervento sulle fermate di linea \/ cause di rallentamento<\/li><\/ul>\n<\/div><\/div><\/div><\/div><div id=\"saz-block-id-hCTiHqcfJxpH\" class=\"saz-block saz-block\"><div class=\"container\"><div class=\"row\"><div class=\"col-12 col-lg-8 offset-lg-2\">\n\n<\/div><\/div><\/div><\/div><div id=\"saz-block-id-o6IF4jWeKPTn\" class=\"saz-block saz-block-core-paragraph\"><div class=\"container\"><div class=\"row\"><div class=\"col-12 col-lg-8 offset-lg-2\">\n<p>I<strong>n particolare il progetto si \u00e8 focalizzato su:<\/strong><\/p>\n<\/div><\/div><\/div><\/div><div id=\"saz-block-id-qmIl61evg7gO\" class=\"saz-block saz-block\"><div class=\"container\"><div class=\"row\"><div class=\"col-12 col-lg-8 offset-lg-2\">\n\n<\/div><\/div><\/div><\/div><div id=\"saz-block-id-tajdPxrMMXD0\" class=\"saz-block saz-block-core-list\"><div class=\"container\"><div class=\"row\"><div class=\"col-12 col-lg-8 offset-lg-2\">\n<ul class=\"wp-block-list\"><li>Digitalizzazione delle linee di confezionamento grazie all&#8217;implementazione di sensori per il rilevamento delle informazioni utili:<ul><li>Conta pezzi: Sensori laser<\/li><li>Conta scarti: Sensori a barriera<\/li><li>Stato Macchina: Camere \u00abintelligenti\u00bb<\/li><\/ul><\/li><li>Implementazione delle soluzioni<a href=\"https:\/\/www.digibelt.com\/it\/industry-pa-3\"> Lean Industry 4.0 Digibelt:<\/a><ul><li><a href=\"https:\/\/www.digibelt.com\/it\/collect-analize-prod-3\">Collect&amp;Analyze <\/a>per l\u2019acquisizione in tempo reale, dei principali dati di produzione, e per la ricezione e invio digitale dei dati sullo stato di avanzamento della produzione ai sistemi legacy aziendali (nessun inserimento manuale)<\/li><li><a href=\"https:\/\/www.digibelt.com\/it\/flash-meetings-prod-1\">Digital Flash Meeting<\/a>: per la visualizzazione e il tracking in tempo reale delle azioni di miglioramento e dei problemi di produzione e l\u2019elaborazione in tempo reale di KPI e grafici di produzione<\/li><\/ul><\/li><\/ul>\n<\/div><\/div><\/div><\/div><div id=\"saz-block-id-66VDHEiFDC8t\" class=\"saz-block saz-block\"><div class=\"container\"><div class=\"row\"><div class=\"col-12 col-lg-8 offset-lg-2\">\n\n<\/div><\/div><\/div><\/div><div id=\"saz-block-id-Tr6H1wEc8EJg\" class=\"saz-block saz-block-core-heading saz-block-level-array\"><div class=\"container\"><div class=\"row\"><div class=\"col-12 col-lg-8 offset-lg-2\">\n<h3 class=\"wp-block-heading\"><strong><span class=\"has-inline-color has-primary-color\">Risultati<\/span><\/strong><\/h3>\n<\/div><\/div><\/div><\/div><div id=\"saz-block-id-PHRJIc83ShmJ\" class=\"saz-block saz-block\"><div class=\"container\"><div class=\"row\"><div class=\"col-12 col-lg-8 offset-lg-2\">\n\n<\/div><\/div><\/div><\/div><div id=\"saz-block-id-LkS6d4iVyKUw\" class=\"saz-block saz-block-core-list\"><div class=\"container\"><div class=\"row\"><div class=\"col-12 col-lg-8 offset-lg-2\">\n<ul class=\"wp-block-list\"><li>Aumento della produttivit\u00e0 di oltre il 30%<\/li><li>Eliminazione di tutte le attivit\u00e0 di elaborazione manuale dei dati<\/li><li>La disponibilit\u00e0 dei KPI a tutti i livelli ha reso trasparente l\u2019efficienza del reparto innescando una cultura volta al miglioramento continuo<\/li><\/ul>\n<\/div><\/div><\/div><\/div><div id=\"saz-block-id-f9FvjAaEvaFa\" class=\"saz-block saz-block\"><div class=\"container\"><div class=\"row\"><div class=\"col-12 col-lg-8 offset-lg-2\">\n\n<\/div><\/div><\/div><\/div><div id=\"saz-block-block_6065ce720e58d\" class=\"saz-block saz-block-acf-onda \" style=\"background-color: #ffffff\">\n    <div class=\"container-fluid\">\n                    <div class=\"row\">\n                <div class=\"col-lg-9 pl-0\">\n                    <svg id=\"onda-blocchi\" class=\"reverse\" data-name=\"onda\" xmlns=\"http:\/\/www.w3.org\/2000\/svg\" viewBox=\"0 0 1000 180\"><path class=\"cls-1\" d=\"M0,180H1000V.4S458.72-.5,279.85.4c-49,.25-68.29,7.31-161.7,105.9C94.46,131.3,49.5,174.7,0,180Z\" transform=\"translate(0 0)\" style=\"fill: #e3e9ed\"\/><\/svg>\n                <\/div>\n            <\/div>\n            <\/div>\n<\/div><div id=\"saz-block-id-kp5BONIoBvN1\" class=\"saz-block saz-block\"><div class=\"container\"><div class=\"row\"><div class=\"col-12 col-lg-8 offset-lg-2\">\n\n<\/div><\/div><\/div><\/div>    <div id=\"number-block_6065ce800e58e\" class=\"saz-block saz-block-acf-number py-5\" style=\"background-color:#e3e9ed\">\n        <div class=\"container\">\n                                <div class=\"row\">\n                        <div class=\"col text-center\">\n                            <h3 class=\"font-weight-bold text-uppercase mb-4 text-gray\">Principali obiettivi raggiunti<\/h3>\n                        <\/div>\n                    <\/div>\n                        <div class=\"row\">\n                                    <div class=\"col-12 col-md text-center\">\n                         <div class=\"block\"><div class=\"hovicon effect-1 sub-a\"><div class=\"font-weight-light text-primary\"><span>+ 30%<\/span><\/div><\/div><\/div><p class=\"mb-4 mt-0 my-lg-0 text-gray\">PRODUTTIVITA&#8217;<\/p>                    <\/div>\n                                    <div class=\"col-12 col-md text-center\">\n                         <div class=\"block\"><div class=\"hovicon effect-1 sub-a\"><div class=\"font-weight-light text-primary\"><span>0%<\/span><\/div><\/div><\/div><p class=\"mb-4 mt-0 my-lg-0 text-gray\">ELABORAZIONE MANUALE DEI DATI IN SAP<\/p>                    <\/div>\n                                    <div class=\"col-12 col-md text-center\">\n                         <div class=\"block\"><div class=\"hovicon effect-1 sub-a\"><div class=\"font-weight-light text-primary\"><span>+100%<\/span><\/div><\/div><\/div><p class=\"mb-4 mt-0 my-lg-0 text-gray\">IMPLEMENTAZIONE SOLUZIONI PER LA DIGITALIZZAZIONE DELLE LINEE DI CONFEZIONAMENTO<\/p>                    <\/div>\n                            <\/div>\n        <\/div>\n    <\/div>\n\n  ","protected":false},"excerpt":{"rendered":null,"protected":false},"author":73,"featured_media":0,"parent":0,"menu_order":70,"comment_status":"closed","ping_status":"closed","template":"template-wide-blocchi.php","meta":{"_acf_changed":false,"footnotes":""},"tags":[],"class_list":["post-22004","page","type-page","status-publish","hentry"],"acf":[],"yoast_head":"<!-- This site is optimized with the Yoast SEO plugin v27.4 - https:\/\/yoast.com\/product\/yoast-seo-wordpress\/ -->\n<title>Recordati Case Study: confezionamento | Bonfiglioli Consulting<\/title>\n<meta name=\"description\" content=\"Recordati Case History: Esplora come Recordati ha ottimizzato i suoi processi aziendali con le strategie lean.\" \/>\n<meta name=\"robots\" content=\"index, follow, max-snippet:-1, max-image-preview:large, max-video-preview:-1\" \/>\n<link rel=\"canonical\" href=\"https:\/\/www.bonfiglioliconsulting.com\/en\/recordati-case-history\/\" \/>\n<meta property=\"og:locale\" content=\"en_US\" \/>\n<meta property=\"og:type\" content=\"article\" \/>\n<meta property=\"og:title\" content=\"Recordati Case Study: confezionamento | Bonfiglioli Consulting\" \/>\n<meta property=\"og:description\" content=\"Recordati Case History: Esplora come Recordati ha ottimizzato i suoi processi aziendali con le strategie lean.\" \/>\n<meta property=\"og:url\" content=\"https:\/\/www.bonfiglioliconsulting.com\/en\/recordati-case-history\/\" \/>\n<meta property=\"og:site_name\" content=\"Bonfiglioli Consulting\" \/>\n<meta property=\"article:modified_time\" content=\"2025-08-28T11:31:31+00:00\" \/>\n<meta name=\"twitter:card\" content=\"summary_large_image\" \/>\n<meta name=\"twitter:label1\" content=\"Est. reading time\" \/>\n\t<meta name=\"twitter:data1\" content=\"2 minutes\" \/>\n<script type=\"application\/ld+json\" class=\"yoast-schema-graph\">{\"@context\":\"https:\\\/\\\/schema.org\",\"@graph\":[{\"@type\":\"WebPage\",\"@id\":\"https:\\\/\\\/www.bonfiglioliconsulting.com\\\/it\\\/recordati-case-history\\\/\",\"url\":\"https:\\\/\\\/www.bonfiglioliconsulting.com\\\/it\\\/recordati-case-history\\\/\",\"name\":\"Recordati Case Study: confezionamento | Bonfiglioli Consulting\",\"isPartOf\":{\"@id\":\"https:\\\/\\\/www.bonfiglioliconsulting.com\\\/it\\\/#website\"},\"datePublished\":\"2021-04-01T13:47:38+00:00\",\"dateModified\":\"2025-08-28T11:31:31+00:00\",\"description\":\"Recordati Case History: Esplora come Recordati ha ottimizzato i suoi processi aziendali con le strategie lean.\",\"inLanguage\":\"en-US\",\"potentialAction\":[{\"@type\":\"ReadAction\",\"target\":[\"https:\\\/\\\/www.bonfiglioliconsulting.com\\\/it\\\/recordati-case-history\\\/\"]}]},{\"@type\":\"WebSite\",\"@id\":\"https:\\\/\\\/www.bonfiglioliconsulting.com\\\/it\\\/#website\",\"url\":\"https:\\\/\\\/www.bonfiglioliconsulting.com\\\/it\\\/\",\"name\":\"Bonfiglioli Consulting\",\"description\":\"\",\"potentialAction\":[{\"@type\":\"SearchAction\",\"target\":{\"@type\":\"EntryPoint\",\"urlTemplate\":\"https:\\\/\\\/www.bonfiglioliconsulting.com\\\/it\\\/?s={search_term_string}\"},\"query-input\":{\"@type\":\"PropertyValueSpecification\",\"valueRequired\":true,\"valueName\":\"search_term_string\"}}],\"inLanguage\":\"en-US\"}]}<\/script>\n<!-- \/ Yoast SEO plugin. -->","yoast_head_json":{"title":"Recordati Case Study: packaging | Bonfiglioli Consulting","description":"Recordati Case History: Explore how Recordati optimized its business processes with lean strategies.","robots":{"index":"index","follow":"follow","max-snippet":"max-snippet:-1","max-image-preview":"max-image-preview:large","max-video-preview":"max-video-preview:-1"},"canonical":"https:\/\/www.bonfiglioliconsulting.com\/en\/recordati-case-history\/","og_locale":"en_US","og_type":"article","og_title":"Recordati Case Study: confezionamento | Bonfiglioli Consulting","og_description":"Recordati Case History: Esplora come Recordati ha ottimizzato i suoi processi aziendali con le strategie lean.","og_url":"https:\/\/www.bonfiglioliconsulting.com\/en\/recordati-case-history\/","og_site_name":"Bonfiglioli Consulting","article_modified_time":"2025-08-28T11:31:31+00:00","twitter_card":"summary_large_image","twitter_misc":{"Est. reading time":"2 minutes"},"schema":{"@context":"https:\/\/schema.org","@graph":[{"@type":"WebPage","@id":"https:\/\/www.bonfiglioliconsulting.com\/it\/recordati-case-history\/","url":"https:\/\/www.bonfiglioliconsulting.com\/it\/recordati-case-history\/","name":"Recordati Case Study: packaging | Bonfiglioli Consulting","isPartOf":{"@id":"https:\/\/www.bonfiglioliconsulting.com\/it\/#website"},"datePublished":"2021-04-01T13:47:38+00:00","dateModified":"2025-08-28T11:31:31+00:00","description":"Recordati Case History: Explore how Recordati optimized its business processes with lean strategies.","inLanguage":"en-US","potentialAction":[{"@type":"ReadAction","target":["https:\/\/www.bonfiglioliconsulting.com\/it\/recordati-case-history\/"]}]},{"@type":"WebSite","@id":"https:\/\/www.bonfiglioliconsulting.com\/it\/#website","url":"https:\/\/www.bonfiglioliconsulting.com\/it\/","name":"Bonfiglioli Consulting","description":"","potentialAction":[{"@type":"SearchAction","target":{"@type":"EntryPoint","urlTemplate":"https:\/\/www.bonfiglioliconsulting.com\/it\/?s={search_term_string}"},"query-input":{"@type":"PropertyValueSpecification","valueRequired":true,"valueName":"search_term_string"}}],"inLanguage":"en-US"}]}},"_links":{"self":[{"href":"https:\/\/www.bonfiglioliconsulting.com\/en\/wp-json\/wp\/v2\/pages\/22004","targetHints":{"allow":["GET"]}}],"collection":[{"href":"https:\/\/www.bonfiglioliconsulting.com\/en\/wp-json\/wp\/v2\/pages"}],"about":[{"href":"https:\/\/www.bonfiglioliconsulting.com\/en\/wp-json\/wp\/v2\/types\/page"}],"author":[{"embeddable":true,"href":"https:\/\/www.bonfiglioliconsulting.com\/en\/wp-json\/wp\/v2\/users\/73"}],"replies":[{"embeddable":true,"href":"https:\/\/www.bonfiglioliconsulting.com\/en\/wp-json\/wp\/v2\/comments?post=22004"}],"version-history":[{"count":5,"href":"https:\/\/www.bonfiglioliconsulting.com\/en\/wp-json\/wp\/v2\/pages\/22004\/revisions"}],"predecessor-version":[{"id":64010,"href":"https:\/\/www.bonfiglioliconsulting.com\/en\/wp-json\/wp\/v2\/pages\/22004\/revisions\/64010"}],"wp:attachment":[{"href":"https:\/\/www.bonfiglioliconsulting.com\/en\/wp-json\/wp\/v2\/media?parent=22004"}],"wp:term":[{"taxonomy":"post_tag","embeddable":true,"href":"https:\/\/www.bonfiglioliconsulting.com\/en\/wp-json\/wp\/v2\/tags?post=22004"}],"curies":[{"name":"wp","href":"https:\/\/api.w.org\/{rel}","templated":true}]}}