{"id":21941,"date":"2021-04-01T10:57:50","date_gmt":"2021-04-01T08:57:50","guid":{"rendered":"https:\/\/www.bcsoa.it\/?page_id=21941"},"modified":"2025-08-28T01:40:56","modified_gmt":"2025-08-27T23:40:56","slug":"bosch-case-study","status":"publish","type":"page","link":"https:\/\/www.bonfiglioliconsulting.com\/en\/bosch-case-study\/","title":{"rendered":"BOSCH REXROTH CASE STUDY"},"content":{"rendered":"<div id=\"saz-block-block_606582c692983\" class=\"d-none saz-block saz-block-acf-hero-servizi  bg-light bg-hero-servizi-eventi hero_overlay_parent vv lazyload\"\n     style=\"background:inherit; background-size:cover;\" data-bg=\"url(https:\/\/www.bonfiglioliconsulting.com\/wp-content\/uploads\/2021\/04\/BANNER-BOSCH.jpg) center top no-repeat transparent\">\n    <div class=\"hero_overlay\"><\/div>\n    <div class=\"container hero_content\">\n        <div class=\"row align-items-end\">\n            <div class=\"col-12\">\n                 \n                    <div class=\"mt-3 mb-2 text-white\"><div class=\"breadcrumbs\"><span property=\"itemListElement\" typeof=\"ListItem\"><a property=\"item\" typeof=\"WebPage\" title=\"Vai a Bonfiglioli Consulting.\" href=\"https:\/\/www.bonfiglioliconsulting.com\/en\" class=\"home\"><span property=\"name\">Home<\/span><\/a><meta property=\"position\" content=\"1\"><\/span><\/div><script type=\"application\/ld+json\">{\"@context\":\"http:\/\/schema.org\",\"@type\":\"BreadcrumbList\",\"itemListElement\":[{\"@type\":\"ListItem\",\"position\":1,\"item\":{\"@id\":\"https:\/\/www.bonfiglioliconsulting.com\/en\",\"name\":\"Bonfiglioli Consulting\"}}]}<\/script><\/div>\n                                \n                                    <h1 class=\"has-huge-font-size font-weight-bold mb-0 text-white\">Bosch Rexroth<\/h1>\n                                                    <h2 class=\"has-medium-font-size my-3 font-weight-normal text-white\">Aumentare il livello di servizio e l&#8217;efficienza dei processi | Case Study<\/h2>\n                                <div class=\"mb-5 pb-4 pb-md-5\"><\/div>\n            <\/div>\n        <\/div>\n    <\/div>\n    <svg class=\"onda-destra\" id=\"onda\" data-name=\"onda\" xmlns=\"http:\/\/www.w3.org\/2000\/svg\" viewBox=\"0 0 1000 180\"><path class=\"cls-1\" d=\"M0,180H1000V.4S458.72-.5,279.85.4c-49,.25-68.29,7.31-161.7,105.9C94.46,131.3,49.5,174.7,0,180Z\" transform=\"translate(0 0)\" style=\"fill: #ffffff\"\/><\/svg>\n<\/div>\n\n\n<section class=\"n_archive_hero lazyload\" style=\"background-image:inherit;\" data-bg-image=\"url(https:\/\/www.bonfiglioliconsulting.com\/wp-content\/uploads\/2021\/04\/BANNER-BOSCH.jpg)\"> \n    <div class=\"container h-100 position-relative\">\n        <div class=\"d-flex items-center h-100\">\n            <div class=\"n_archive_hero_content align-self-end text-white\">\n                <div class=\"text-white\">\n                <div class=\"breadcrumbs\">\n                 \n                    <div class=\"mt-3 mb-2 text-white\"><div class=\"breadcrumbs\"><span property=\"itemListElement\" typeof=\"ListItem\"><a property=\"item\" typeof=\"WebPage\" title=\"Vai a Bonfiglioli Consulting.\" href=\"https:\/\/www.bonfiglioliconsulting.com\/en\" class=\"home\"><span property=\"name\">Home<\/span><\/a><meta property=\"position\" content=\"1\"><\/span><\/div><script type=\"application\/ld+json\">{\"@context\":\"http:\/\/schema.org\",\"@type\":\"BreadcrumbList\",\"itemListElement\":[{\"@type\":\"ListItem\",\"position\":1,\"item\":{\"@id\":\"https:\/\/www.bonfiglioliconsulting.com\/en\",\"name\":\"Bonfiglioli Consulting\"}}]}<\/script><\/div>\n                                <\/div>\n                <\/div>\n                \n                \n                \n                                      <h1 class=\"text-white text-white\">Bosch Rexroth<\/h1>\n                                \n                                    <div class=\"n_archive_desc\"> \n                     <p class=\"text-white\">\n                       Aumentare il livello di servizio e l&#8217;efficienza dei processi | Case Study                     <\/p>\n                    <\/div>  \n                                \n\n<\/div>\n        <\/div>\n    <\/div>\n    <div class=\"right_white_shape\">\n        <svg xmlns=\"http:\/\/www.w3.org\/2000\/svg\" viewBox=\"0 0 1000 180\">\n            <path class=\"cls-1\" d=\"M0,180H1000V.4S458.72-.5,279.85.4c-49,.25-68.29,7.31-161.7,105.9C94.46,131.3,49.5,174.7,0,180Z\" transform=\"translate(0 0)\"><\/path>\n        <\/svg>\n    <\/div>\n<\/section><div id=\"saz-block-id-LHtjYwdLySX4\" class=\"saz-block saz-block\"><div class=\"container\"><div class=\"row\"><div class=\"col-12 col-lg-8 offset-lg-2\">\n\n<\/div><\/div><\/div><\/div><div id=\"saz-block-id-vQulKRg3W2X3\" class=\"saz-block saz-block-core-spacer saz-block-height-array\"><div class=\"container\"><div class=\"row\"><div class=\"col-12 col-lg-8 offset-lg-2\">\n<div style=\"height:60px\" aria-hidden=\"true\" class=\"wp-block-spacer\"><\/div>\n<\/div><\/div><\/div><\/div><div id=\"saz-block-id-lSjx2xefqlLq\" class=\"saz-block saz-block\"><div class=\"container\"><div class=\"row\"><div class=\"col-12 col-lg-8 offset-lg-2\">\n\n<\/div><\/div><\/div><\/div><div id=\"saz-block-id-zWHbMQkEAL01\" class=\"saz-block saz-block-core-heading saz-block-level-array\"><div class=\"container\"><div class=\"row\"><div class=\"col-12 col-lg-8 offset-lg-2\">\n<h3 class=\"wp-block-heading\"><strong><span class=\"has-inline-color has-primary-color\">Scenario<\/span><\/strong><\/h3>\n<\/div><\/div><\/div><\/div><div id=\"saz-block-id-FEGcPTIutXds\" class=\"saz-block saz-block\"><div class=\"container\"><div class=\"row\"><div class=\"col-12 col-lg-8 offset-lg-2\">\n\n<\/div><\/div><\/div><\/div><div id=\"saz-block-id-h1WCSxf67Zbl\" class=\"saz-block saz-block-core-paragraph\"><div class=\"container\"><div class=\"row\"><div class=\"col-12 col-lg-8 offset-lg-2\">\n<p>Bosch Rexroth,<strong> gruppo leader mondiale nelle applicazioni di macchine e ingegneria altamente customizzati,<\/strong> si \u00e8 chiesta come aumentare il livello di servizio in termini di affidabilit\u00e0 e velocit\u00e0 di risposta al Cliente senza penalizzare l\u2019efficienza dei processi. &nbsp;\u200b<\/p>\n<\/div><\/div><\/div><\/div><div id=\"saz-block-id-4GpHxD3BEOwc\" class=\"saz-block saz-block\"><div class=\"container\"><div class=\"row\"><div class=\"col-12 col-lg-8 offset-lg-2\">\n\n<\/div><\/div><\/div><\/div><div id=\"saz-block-id-i2WuyiR08AN7\" class=\"saz-block saz-block-core-paragraph\"><div class=\"container\"><div class=\"row\"><div class=\"col-12 col-lg-8 offset-lg-2\">\n<p>Nel contesto di un riallineamento organizzativo complessivo \u00e8 maturata la precisa convinzione di rendere visibile un segnale di cambiamento che rivoluzionasse l\u2019organizzazione per grado di innovazione e servizio al Cliente.<\/p>\n<\/div><\/div><\/div><\/div><div id=\"saz-block-id-rZvSREPwACKU\" class=\"saz-block saz-block\"><div class=\"container\"><div class=\"row\"><div class=\"col-12 col-lg-8 offset-lg-2\">\n\n<\/div><\/div><\/div><\/div><div id=\"saz-block-id-FOhdG6ahD6pW\" class=\"saz-block saz-block-core-paragraph\"><div class=\"container\"><div class=\"row\"><div class=\"col-12 col-lg-8 offset-lg-2\">\n<p><strong>L\u2019obiettivo era di contrastare l\u2019assuefazione ai problemi\u200b, introdurre competenze fresche e moderne <\/strong>in un ambiente conservativo<strong> e avere risorse libere di analizzare,<\/strong> pensare e proporre, fuori dal vortice delle emergenze quotidiane.\u200b<\/p>\n<\/div><\/div><\/div><\/div><div id=\"saz-block-id-xRqqlVnh7cqo\" class=\"saz-block saz-block\"><div class=\"container\"><div class=\"row\"><div class=\"col-12 col-lg-8 offset-lg-2\">\n\n<\/div><\/div><\/div><\/div><div id=\"saz-block-id-6hnnI7eWYOC6\" class=\"saz-block saz-block-core-paragraph\"><div class=\"container\"><div class=\"row\"><div class=\"col-12 col-lg-8 offset-lg-2\">\n<p>\u200bLa richiesta fatta al team Bonfiglioli Consulting \u00e8 quella di accompagnarli lungo questo viaggio attraverso l\u2019applicazione delle metodologie e degli strumenti del <a href=\"https:\/\/www.bonfiglioliconsulting.com\/aree-di-intervento\/lean-thinking\/\">Lean World Class<\/a><sup>\u00ae<\/sup>. &nbsp;<\/p>\n<\/div><\/div><\/div><\/div><div id=\"saz-block-id-iR27DBJQabMK\" class=\"saz-block saz-block\"><div class=\"container\"><div class=\"row\"><div class=\"col-12 col-lg-8 offset-lg-2\">\n\n<\/div><\/div><\/div><\/div><div id=\"saz-block-id-6B9hpXKFueSf\" class=\"saz-block saz-block-core-paragraph\"><div class=\"container\"><div class=\"row\"><div class=\"col-12 col-lg-8 offset-lg-2\">\n<p><\/p>\n<\/div><\/div><\/div><\/div><div id=\"saz-block-id-JweyIuyL40xq\" class=\"saz-block saz-block\"><div class=\"container\"><div class=\"row\"><div class=\"col-12 col-lg-8 offset-lg-2\">\n\n<\/div><\/div><\/div><\/div><div id=\"saz-block-id-22539\" class=\"saz-block saz-block-core-image saz-block-id-array saz-block-sizeslug-large saz-block-linkdestination-none\"><div class=\"container\"><div class=\"row\"><div class=\"col-12 col-lg-8 offset-lg-2\">\n<figure class=\"wp-block-image size-large\"><img decoding=\"async\" width=\"734\" height=\"551\" data-src=\"https:\/\/www.bonfiglioliconsulting.com\/wp-content\/uploads\/2021\/04\/cover-bosch.jpg\" alt=\"\" class=\"wp-image-22539 lazyload\" data-srcset=\"https:\/\/www.bonfiglioliconsulting.com\/wp-content\/uploads\/2021\/04\/cover-bosch.jpg 734w, https:\/\/www.bonfiglioliconsulting.com\/wp-content\/uploads\/2021\/04\/cover-bosch-600x450.jpg 600w\" data-sizes=\"(max-width: 734px) 100vw, 734px\" src=\"data:image\/svg+xml;base64,PHN2ZyB3aWR0aD0iMSIgaGVpZ2h0PSIxIiB4bWxucz0iaHR0cDovL3d3dy53My5vcmcvMjAwMC9zdmciPjwvc3ZnPg==\" style=\"--smush-placeholder-width: 734px; --smush-placeholder-aspect-ratio: 734\/551;\" \/><\/figure>\n<\/div><\/div><\/div><\/div><div id=\"saz-block-id-8NNMDkOSuF2M\" class=\"saz-block saz-block\"><div class=\"container\"><div class=\"row\"><div class=\"col-12 col-lg-8 offset-lg-2\">\n\n<\/div><\/div><\/div><\/div><div id=\"saz-block-id-4bAoQui3Qcxf\" class=\"saz-block saz-block-core-heading saz-block-level-array\"><div class=\"container\"><div class=\"row\"><div class=\"col-12 col-lg-8 offset-lg-2\">\n<h3 class=\"wp-block-heading\"><strong><span class=\"has-inline-color has-primary-color\">Ambiti di intervento<\/span><\/strong><\/h3>\n<\/div><\/div><\/div><\/div><div id=\"saz-block-id-PNholwjEip0U\" class=\"saz-block saz-block\"><div class=\"container\"><div class=\"row\"><div class=\"col-12 col-lg-8 offset-lg-2\">\n\n<\/div><\/div><\/div><\/div><div id=\"saz-block-id-vTD9TjhlB2o1\" class=\"saz-block saz-block-core-paragraph\"><div class=\"container\"><div class=\"row\"><div class=\"col-12 col-lg-8 offset-lg-2\">\n<p>Le attivit\u00e0 svolte dal nostro team di consulenti con il team del cliente:<\/p>\n<\/div><\/div><\/div><\/div><div id=\"saz-block-id-q4Ae6qjzvz8H\" class=\"saz-block saz-block\"><div class=\"container\"><div class=\"row\"><div class=\"col-12 col-lg-8 offset-lg-2\">\n\n<\/div><\/div><\/div><\/div><div id=\"saz-block-id-carlrHm7zKBb\" class=\"saz-block saz-block-core-list\"><div class=\"container\"><div class=\"row\"><div class=\"col-12 col-lg-8 offset-lg-2\">\n<ul class=\"wp-block-list\"><li>Studio dello stato attuale delle cose, del processo end-to-end dalla quotazione alla consegna, tramite lo strumento VALUE STREAM MAP<\/li><li>Introduzione di tecniche di SCRUM e di ENGINEERING-TO-ORDER, per una pianificazione a capacit\u00e0 finita delle risorse dell\u2019Area Tecnica<\/li><li>Definizione di un piano dettagliato di attivit\u00e0 per realizzare la VISUAL FACTORY<\/li><li>Introduzione del pilastro del <a href=\"https:\/\/www.bonfiglioliconsulting.com\/servizi\/change-management\/hr-management-e-people-development\/\">PEOPLE DEVELOPMENT <\/a>per uno sviluppo delle competenze focalizzato agli ambiti del progetto e per aumentare la motivazione e il coinvolgimento delle risorse.<\/li><\/ul>\n<\/div><\/div><\/div><\/div><div id=\"saz-block-id-Kz5X1XgtdvKy\" class=\"saz-block saz-block\"><div class=\"container\"><div class=\"row\"><div class=\"col-12 col-lg-8 offset-lg-2\">\n\n<\/div><\/div><\/div><\/div><div id=\"saz-block-block_606589fc92984\" class=\"saz-block saz-block-acf-onda \" style=\"background-color: #ffffff\">\n    <div class=\"container-fluid\">\n                    <div class=\"row\">\n                <div class=\"col-lg-9 pl-0\">\n                    <svg id=\"onda-blocchi\" class=\"reverse\" data-name=\"onda\" xmlns=\"http:\/\/www.w3.org\/2000\/svg\" viewBox=\"0 0 1000 180\"><path class=\"cls-1\" d=\"M0,180H1000V.4S458.72-.5,279.85.4c-49,.25-68.29,7.31-161.7,105.9C94.46,131.3,49.5,174.7,0,180Z\" transform=\"translate(0 0)\" style=\"fill: #e3e9ed\"\/><\/svg>\n                <\/div>\n            <\/div>\n            <\/div>\n<\/div><div id=\"saz-block-id-fPlbdqvI2NpZ\" class=\"saz-block saz-block\"><div class=\"container\"><div class=\"row\"><div class=\"col-12 col-lg-8 offset-lg-2\">\n\n<\/div><\/div><\/div><\/div>    <div id=\"number-block_60658a3492985\" class=\"saz-block saz-block-acf-number py-5\" style=\"background-color:#e3e9ed\">\n        <div class=\"container\">\n                                <div class=\"row\">\n                        <div class=\"col text-center\">\n                            <h3 class=\"font-weight-bold text-uppercase mb-4 text-gray\">Obiettivi raggiunti<\/h3>\n                        <\/div>\n                    <\/div>\n                        <div class=\"row\">\n                                    <div class=\"col-12 col-md text-center\">\n                         <div class=\"block\"><div class=\"hovicon effect-1 sub-a\"><div class=\"font-weight-light text-primary\"><span>-80%<\/span><\/div><\/div><\/div><p class=\"mb-4 mt-0 my-lg-0 text-gray\">TEMPO INGEGNERIZZAZIONE PRODOTTO<\/p>                    <\/div>\n                                    <div class=\"col-12 col-md text-center\">\n                         <div class=\"block\"><div class=\"hovicon effect-1 sub-a\"><div class=\"font-weight-light text-primary\"><span>-40%<\/span><\/div><\/div><\/div><p class=\"mb-4 mt-0 my-lg-0 text-gray\">LEAD TIME MONTAGGIO MACCHINARI<\/p>                    <\/div>\n                                    <div class=\"col-12 col-md text-center\">\n                         <div class=\"block\"><div class=\"hovicon effect-1 sub-a\"><div class=\"font-weight-light text-primary\"><span>-30%<\/span><\/div><\/div><\/div><p class=\"mb-4 mt-0 my-lg-0 text-gray\">LEAD TIME CONSEGNA PRODOTTO FINITO<\/p>                    <\/div>\n                            <\/div>\n        <\/div>\n    <\/div>\n\n  ","protected":false},"excerpt":{"rendered":null,"protected":false},"author":73,"featured_media":53895,"parent":0,"menu_order":10,"comment_status":"closed","ping_status":"closed","template":"template-wide-blocchi.php","meta":{"_acf_changed":false,"footnotes":""},"tags":[],"class_list":["post-21941","page","type-page","status-publish","has-post-thumbnail","hentry"],"acf":[],"yoast_head":"<!-- This site is optimized with the Yoast SEO plugin v27.5 - https:\/\/yoast.com\/product\/yoast-seo-wordpress\/ -->\n<title>Bosch Rexroth: servizio &amp; efficienza | Bonfiglioli Consulting<\/title>\n<meta name=\"description\" content=\"Bosch Case Study: Analizza il caso di successo Bosch per scoprire come ottimizzare i processi aziendali con il Lean.\" \/>\n<meta name=\"robots\" content=\"index, follow, max-snippet:-1, max-image-preview:large, max-video-preview:-1\" \/>\n<link rel=\"canonical\" href=\"https:\/\/www.bonfiglioliconsulting.com\/en\/bosch-case-study\/\" \/>\n<meta property=\"og:locale\" content=\"en_US\" \/>\n<meta property=\"og:type\" content=\"article\" \/>\n<meta property=\"og:title\" content=\"Bosch Rexroth: servizio &amp; efficienza | Bonfiglioli Consulting\" \/>\n<meta property=\"og:description\" content=\"Bosch Case Study: Analizza il caso di successo Bosch per scoprire come ottimizzare i processi aziendali con il Lean.\" \/>\n<meta property=\"og:url\" content=\"https:\/\/www.bonfiglioliconsulting.com\/en\/bosch-case-study\/\" \/>\n<meta property=\"og:site_name\" content=\"Bonfiglioli Consulting\" \/>\n<meta property=\"article:modified_time\" content=\"2025-08-27T23:40:56+00:00\" \/>\n<meta property=\"og:image\" content=\"https:\/\/www.bonfiglioliconsulting.com\/wp-content\/uploads\/2024\/02\/IMG-BOSCH-REXROTH.jpg\" \/>\n\t<meta property=\"og:image:width\" content=\"1285\" \/>\n\t<meta property=\"og:image:height\" content=\"720\" \/>\n\t<meta property=\"og:image:type\" content=\"image\/jpeg\" \/>\n<meta name=\"twitter:card\" content=\"summary_large_image\" \/>\n<meta name=\"twitter:label1\" content=\"Est. reading time\" \/>\n\t<meta name=\"twitter:data1\" content=\"2 minutes\" \/>\n<script type=\"application\/ld+json\" class=\"yoast-schema-graph\">{\"@context\":\"https:\\\/\\\/schema.org\",\"@graph\":[{\"@type\":\"WebPage\",\"@id\":\"https:\\\/\\\/www.bonfiglioliconsulting.com\\\/it\\\/bosch-case-study\\\/\",\"url\":\"https:\\\/\\\/www.bonfiglioliconsulting.com\\\/it\\\/bosch-case-study\\\/\",\"name\":\"Bosch Rexroth: servizio & efficienza | Bonfiglioli Consulting\",\"isPartOf\":{\"@id\":\"https:\\\/\\\/www.bonfiglioliconsulting.com\\\/it\\\/#website\"},\"primaryImageOfPage\":{\"@id\":\"https:\\\/\\\/www.bonfiglioliconsulting.com\\\/it\\\/bosch-case-study\\\/#primaryimage\"},\"image\":{\"@id\":\"https:\\\/\\\/www.bonfiglioliconsulting.com\\\/it\\\/bosch-case-study\\\/#primaryimage\"},\"thumbnailUrl\":\"https:\\\/\\\/www.bonfiglioliconsulting.com\\\/wp-content\\\/uploads\\\/2024\\\/02\\\/IMG-BOSCH-REXROTH.jpg\",\"datePublished\":\"2021-04-01T08:57:50+00:00\",\"dateModified\":\"2025-08-27T23:40:56+00:00\",\"description\":\"Bosch Case Study: Analizza il caso di successo Bosch per scoprire come ottimizzare i processi aziendali con il Lean.\",\"inLanguage\":\"en-US\",\"potentialAction\":[{\"@type\":\"ReadAction\",\"target\":[\"https:\\\/\\\/www.bonfiglioliconsulting.com\\\/it\\\/bosch-case-study\\\/\"]}]},{\"@type\":\"ImageObject\",\"inLanguage\":\"en-US\",\"@id\":\"https:\\\/\\\/www.bonfiglioliconsulting.com\\\/it\\\/bosch-case-study\\\/#primaryimage\",\"url\":\"https:\\\/\\\/www.bonfiglioliconsulting.com\\\/wp-content\\\/uploads\\\/2024\\\/02\\\/IMG-BOSCH-REXROTH.jpg\",\"contentUrl\":\"https:\\\/\\\/www.bonfiglioliconsulting.com\\\/wp-content\\\/uploads\\\/2024\\\/02\\\/IMG-BOSCH-REXROTH.jpg\",\"width\":1285,\"height\":720},{\"@type\":\"WebSite\",\"@id\":\"https:\\\/\\\/www.bonfiglioliconsulting.com\\\/it\\\/#website\",\"url\":\"https:\\\/\\\/www.bonfiglioliconsulting.com\\\/it\\\/\",\"name\":\"Bonfiglioli Consulting\",\"description\":\"\",\"potentialAction\":[{\"@type\":\"SearchAction\",\"target\":{\"@type\":\"EntryPoint\",\"urlTemplate\":\"https:\\\/\\\/www.bonfiglioliconsulting.com\\\/it\\\/?s={search_term_string}\"},\"query-input\":{\"@type\":\"PropertyValueSpecification\",\"valueRequired\":true,\"valueName\":\"search_term_string\"}}],\"inLanguage\":\"en-US\"}]}<\/script>\n<!-- \/ Yoast SEO plugin. -->","yoast_head_json":{"title":"Bosch Rexroth: service &amp; efficiency | Bonfiglioli Consulting","description":"Bosch Case Study: Analyze the successful Bosch case study to find out how to optimize business processes with Lean.","robots":{"index":"index","follow":"follow","max-snippet":"max-snippet:-1","max-image-preview":"max-image-preview:large","max-video-preview":"max-video-preview:-1"},"canonical":"https:\/\/www.bonfiglioliconsulting.com\/en\/bosch-case-study\/","og_locale":"en_US","og_type":"article","og_title":"Bosch Rexroth: servizio & efficienza | Bonfiglioli Consulting","og_description":"Bosch Case Study: Analizza il caso di successo Bosch per scoprire come ottimizzare i processi aziendali con il Lean.","og_url":"https:\/\/www.bonfiglioliconsulting.com\/en\/bosch-case-study\/","og_site_name":"Bonfiglioli Consulting","article_modified_time":"2025-08-27T23:40:56+00:00","og_image":[{"width":1285,"height":720,"url":"https:\/\/www.bonfiglioliconsulting.com\/wp-content\/uploads\/2024\/02\/IMG-BOSCH-REXROTH.jpg","type":"image\/jpeg"}],"twitter_card":"summary_large_image","twitter_misc":{"Est. reading time":"2 minutes"},"schema":{"@context":"https:\/\/schema.org","@graph":[{"@type":"WebPage","@id":"https:\/\/www.bonfiglioliconsulting.com\/it\/bosch-case-study\/","url":"https:\/\/www.bonfiglioliconsulting.com\/it\/bosch-case-study\/","name":"Bosch Rexroth: service &amp; efficiency | Bonfiglioli Consulting","isPartOf":{"@id":"https:\/\/www.bonfiglioliconsulting.com\/it\/#website"},"primaryImageOfPage":{"@id":"https:\/\/www.bonfiglioliconsulting.com\/it\/bosch-case-study\/#primaryimage"},"image":{"@id":"https:\/\/www.bonfiglioliconsulting.com\/it\/bosch-case-study\/#primaryimage"},"thumbnailUrl":"https:\/\/www.bonfiglioliconsulting.com\/wp-content\/uploads\/2024\/02\/IMG-BOSCH-REXROTH.jpg","datePublished":"2021-04-01T08:57:50+00:00","dateModified":"2025-08-27T23:40:56+00:00","description":"Bosch Case Study: Analyze the successful Bosch case study to find out how to optimize business processes with Lean.","inLanguage":"en-US","potentialAction":[{"@type":"ReadAction","target":["https:\/\/www.bonfiglioliconsulting.com\/it\/bosch-case-study\/"]}]},{"@type":"ImageObject","inLanguage":"en-US","@id":"https:\/\/www.bonfiglioliconsulting.com\/it\/bosch-case-study\/#primaryimage","url":"https:\/\/www.bonfiglioliconsulting.com\/wp-content\/uploads\/2024\/02\/IMG-BOSCH-REXROTH.jpg","contentUrl":"https:\/\/www.bonfiglioliconsulting.com\/wp-content\/uploads\/2024\/02\/IMG-BOSCH-REXROTH.jpg","width":1285,"height":720},{"@type":"WebSite","@id":"https:\/\/www.bonfiglioliconsulting.com\/it\/#website","url":"https:\/\/www.bonfiglioliconsulting.com\/it\/","name":"Bonfiglioli Consulting","description":"","potentialAction":[{"@type":"SearchAction","target":{"@type":"EntryPoint","urlTemplate":"https:\/\/www.bonfiglioliconsulting.com\/it\/?s={search_term_string}"},"query-input":{"@type":"PropertyValueSpecification","valueRequired":true,"valueName":"search_term_string"}}],"inLanguage":"en-US"}]}},"_links":{"self":[{"href":"https:\/\/www.bonfiglioliconsulting.com\/en\/wp-json\/wp\/v2\/pages\/21941","targetHints":{"allow":["GET"]}}],"collection":[{"href":"https:\/\/www.bonfiglioliconsulting.com\/en\/wp-json\/wp\/v2\/pages"}],"about":[{"href":"https:\/\/www.bonfiglioliconsulting.com\/en\/wp-json\/wp\/v2\/types\/page"}],"author":[{"embeddable":true,"href":"https:\/\/www.bonfiglioliconsulting.com\/en\/wp-json\/wp\/v2\/users\/73"}],"replies":[{"embeddable":true,"href":"https:\/\/www.bonfiglioliconsulting.com\/en\/wp-json\/wp\/v2\/comments?post=21941"}],"version-history":[{"count":3,"href":"https:\/\/www.bonfiglioliconsulting.com\/en\/wp-json\/wp\/v2\/pages\/21941\/revisions"}],"predecessor-version":[{"id":53896,"href":"https:\/\/www.bonfiglioliconsulting.com\/en\/wp-json\/wp\/v2\/pages\/21941\/revisions\/53896"}],"wp:featuredmedia":[{"embeddable":true,"href":"https:\/\/www.bonfiglioliconsulting.com\/en\/wp-json\/wp\/v2\/media\/53895"}],"wp:attachment":[{"href":"https:\/\/www.bonfiglioliconsulting.com\/en\/wp-json\/wp\/v2\/media?parent=21941"}],"wp:term":[{"taxonomy":"post_tag","embeddable":true,"href":"https:\/\/www.bonfiglioliconsulting.com\/en\/wp-json\/wp\/v2\/tags?post=21941"}],"curies":[{"name":"wp","href":"https:\/\/api.w.org\/{rel}","templated":true}]}}