{"id":19891,"date":"2021-01-18T12:37:40","date_gmt":"2021-01-18T11:37:40","guid":{"rendered":"https:\/\/www.bcsoa.it\/?page_id=19891"},"modified":"2025-08-28T01:47:05","modified_gmt":"2025-08-27T23:47:05","slug":"carife-case-study","status":"publish","type":"page","link":"https:\/\/www.bonfiglioliconsulting.com\/en\/carife-case-study\/","title":{"rendered":"CARIFE Case Study"},"content":{"rendered":"<div id=\"saz-block-block_60057236facbd\" class=\"d-none saz-block saz-block-acf-hero-servizi  bg-light bg-hero-servizi-eventi hero_overlay_parent vv lazyload\"\n     style=\"background:inherit; background-size:cover;\" data-bg=\"url(https:\/\/www.bonfiglioliconsulting.com\/wp-content\/uploads\/2021\/03\/carife-hero.jpg) center top no-repeat transparent\">\n    <div class=\"hero_overlay\"><\/div>\n    <div class=\"container hero_content\">\n        <div class=\"row align-items-end\">\n            <div class=\"col-12\">\n                 \n                    <div class=\"mt-3 mb-2 text-white\"><div class=\"breadcrumbs\"><span property=\"itemListElement\" typeof=\"ListItem\"><a property=\"item\" typeof=\"WebPage\" title=\"Vai a Bonfiglioli Consulting.\" href=\"https:\/\/www.bonfiglioliconsulting.com\/en\" class=\"home\"><span property=\"name\">Home<\/span><\/a><meta property=\"position\" content=\"1\"><\/span><\/div><script type=\"application\/ld+json\">{\"@context\":\"http:\/\/schema.org\",\"@type\":\"BreadcrumbList\",\"itemListElement\":[{\"@type\":\"ListItem\",\"position\":1,\"item\":{\"@id\":\"https:\/\/www.bonfiglioliconsulting.com\/en\",\"name\":\"Bonfiglioli Consulting\"}}]}<\/script><\/div>\n                                \n                                    <h1 class=\"has-huge-font-size font-weight-bold mb-0 text-white\">CARIFE (Gruppo BPER Banca)<\/h1>\n                                                    <h2 class=\"has-medium-font-size my-3 font-weight-normal text-white\">Un nuovo modello organizzativo orientato alla Lean | Case Study<\/h2>\n                                <div class=\"mb-5 pb-4 pb-md-5\"><\/div>\n            <\/div>\n        <\/div>\n    <\/div>\n    <svg class=\"onda-destra\" id=\"onda\" data-name=\"onda\" xmlns=\"http:\/\/www.w3.org\/2000\/svg\" viewBox=\"0 0 1000 180\"><path class=\"cls-1\" d=\"M0,180H1000V.4S458.72-.5,279.85.4c-49,.25-68.29,7.31-161.7,105.9C94.46,131.3,49.5,174.7,0,180Z\" transform=\"translate(0 0)\" style=\"fill: #ffffff\"\/><\/svg>\n<\/div>\n\n\n<section class=\"n_archive_hero lazyload\" style=\"background-image:inherit;\" data-bg-image=\"url(https:\/\/www.bonfiglioliconsulting.com\/wp-content\/uploads\/2021\/03\/carife-hero.jpg)\"> \n    <div class=\"container h-100 position-relative\">\n        <div class=\"d-flex items-center h-100\">\n            <div class=\"n_archive_hero_content align-self-end text-white\">\n                <div class=\"text-white\">\n                <div class=\"breadcrumbs\">\n                 \n                    <div class=\"mt-3 mb-2 text-white\"><div class=\"breadcrumbs\"><span property=\"itemListElement\" typeof=\"ListItem\"><a property=\"item\" typeof=\"WebPage\" title=\"Vai a Bonfiglioli Consulting.\" href=\"https:\/\/www.bonfiglioliconsulting.com\/en\" class=\"home\"><span property=\"name\">Home<\/span><\/a><meta property=\"position\" content=\"1\"><\/span><\/div><script type=\"application\/ld+json\">{\"@context\":\"http:\/\/schema.org\",\"@type\":\"BreadcrumbList\",\"itemListElement\":[{\"@type\":\"ListItem\",\"position\":1,\"item\":{\"@id\":\"https:\/\/www.bonfiglioliconsulting.com\/en\",\"name\":\"Bonfiglioli Consulting\"}}]}<\/script><\/div>\n                                <\/div>\n                <\/div>\n                \n                \n                \n                                      <h1 class=\"text-white text-white\">CARIFE (Gruppo BPER Banca)<\/h1>\n                                \n                                    <div class=\"n_archive_desc\"> \n                     <p class=\"text-white\">\n                       Un nuovo modello organizzativo orientato alla Lean | Case Study                     <\/p>\n                    <\/div>  \n                                \n\n<\/div>\n        <\/div>\n    <\/div>\n    <div class=\"right_white_shape\">\n        <svg xmlns=\"http:\/\/www.w3.org\/2000\/svg\" viewBox=\"0 0 1000 180\">\n            <path class=\"cls-1\" d=\"M0,180H1000V.4S458.72-.5,279.85.4c-49,.25-68.29,7.31-161.7,105.9C94.46,131.3,49.5,174.7,0,180Z\" transform=\"translate(0 0)\"><\/path>\n        <\/svg>\n    <\/div>\n<\/section><div id=\"saz-block-id-w9aQSayXqhz1\" class=\"saz-block saz-block\"><div class=\"container\"><div class=\"row\"><div class=\"col-12 col-lg-8 offset-lg-2\">\n\n<\/div><\/div><\/div><\/div><div id=\"saz-block-id-ZcC6YnnCwjum\" class=\"saz-block saz-block-core-spacer saz-block-height-array\"><div class=\"container\"><div class=\"row\"><div class=\"col-12 col-lg-8 offset-lg-2\">\n<div style=\"height:60px\" aria-hidden=\"true\" class=\"wp-block-spacer\"><\/div>\n<\/div><\/div><\/div><\/div><div id=\"saz-block-id-qkzm9lAFVqgZ\" class=\"saz-block saz-block\"><div class=\"container\"><div class=\"row\"><div class=\"col-12 col-lg-8 offset-lg-2\">\n\n<\/div><\/div><\/div><\/div><div id=\"saz-block-id-T5wztGRPSKCF\" class=\"saz-block saz-block-core-paragraph\"><div class=\"container\"><div class=\"row\"><div class=\"col-12 col-lg-8 offset-lg-2\">\n<p>Cassa di Risparmio di Ferrara, ora di propriet\u00e0 del gruppo BPER Banca, ha posto una forte enfasi ad un miglioramento generale dei suoi processi interni aziendali, avviando un programma di aumento del numero di filiali presenti sul territorio e questo ha implicato l\u2019introduzione di nuove attivit\u00e0 per il Back office centralizzato e ha reso necessario lanciare un porgramma di <a href=\"https:\/\/www.bonfiglioliconsulting.com\/servizi\/change-management\/\">Change Management <\/a>con focus sulla struttura organizzativa.<\/p>\n<\/div><\/div><\/div><\/div><div id=\"saz-block-id-9bBqOSVnBHUZ\" class=\"saz-block saz-block\"><div class=\"container\"><div class=\"row\"><div class=\"col-12 col-lg-8 offset-lg-2\">\n\n<\/div><\/div><\/div><\/div><div id=\"saz-block-id-x1VS5YqriTyd\" class=\"saz-block saz-block-core-paragraph\"><div class=\"container\"><div class=\"row\"><div class=\"col-12 col-lg-8 offset-lg-2\">\n<p>A fronte di un aumento di impegno legato al maggior numero di filiali da seguire e all\u2019introduzione di nuove attivit\u00e0 richieste al Back-Office Centralizzato si \u00e8 reso necessario valutare il dimensionamento del personale e abbattere le attivit\u00e0 a non valore aggiunto.<\/p>\n<\/div><\/div><\/div><\/div><div id=\"saz-block-id-TYlJqiF9prht\" class=\"saz-block saz-block\"><div class=\"container\"><div class=\"row\"><div class=\"col-12 col-lg-8 offset-lg-2\">\n\n<\/div><\/div><\/div><\/div><div id=\"saz-block-id-22532\" class=\"saz-block saz-block-core-image saz-block-id-array saz-block-sizeslug-large saz-block-linkdestination-none\"><div class=\"container\"><div class=\"row\"><div class=\"col-12 col-lg-8 offset-lg-2\">\n<figure class=\"wp-block-image size-large\"><img decoding=\"async\" width=\"550\" height=\"550\" data-src=\"https:\/\/www.bonfiglioliconsulting.com\/wp-content\/uploads\/2021\/04\/img-bper-case-study.jpg\" alt=\"\" class=\"wp-image-22532 lazyload\" src=\"data:image\/svg+xml;base64,PHN2ZyB3aWR0aD0iMSIgaGVpZ2h0PSIxIiB4bWxucz0iaHR0cDovL3d3dy53My5vcmcvMjAwMC9zdmciPjwvc3ZnPg==\" style=\"--smush-placeholder-width: 550px; --smush-placeholder-aspect-ratio: 550\/550;\" \/><\/figure>\n<\/div><\/div><\/div><\/div><div id=\"saz-block-id-4ER3IYOiTMu3\" class=\"saz-block saz-block\"><div class=\"container\"><div class=\"row\"><div class=\"col-12 col-lg-8 offset-lg-2\">\n\n<\/div><\/div><\/div><\/div><div id=\"saz-block-id-rCqhpbbkg83z\" class=\"saz-block saz-block-core-heading saz-block-level-array\"><div class=\"container\"><div class=\"row\"><div class=\"col-12 col-lg-8 offset-lg-2\">\n<h3 class=\"wp-block-heading\"><strong><span class=\"has-inline-color has-primary-color\">Ambito di intervento<\/span><\/strong><\/h3>\n<\/div><\/div><\/div><\/div><div id=\"saz-block-id-L13wuOB0iF9q\" class=\"saz-block saz-block\"><div class=\"container\"><div class=\"row\"><div class=\"col-12 col-lg-8 offset-lg-2\">\n\n<\/div><\/div><\/div><\/div><div id=\"saz-block-id-KsYOFFfJBRWj\" class=\"saz-block saz-block-core-paragraph\"><div class=\"container\"><div class=\"row\"><div class=\"col-12 col-lg-8 offset-lg-2\">\n<p>Le attivit\u00e0 svolte dal nostro team di consulenti con il team del cliente:<\/p>\n<\/div><\/div><\/div><\/div><div id=\"saz-block-id-splwaPSOaycG\" class=\"saz-block saz-block\"><div class=\"container\"><div class=\"row\"><div class=\"col-12 col-lg-8 offset-lg-2\">\n\n<\/div><\/div><\/div><\/div><div id=\"saz-block-id-g3fTSuFKN5FA\" class=\"saz-block saz-block-core-list\"><div class=\"container\"><div class=\"row\"><div class=\"col-12 col-lg-8 offset-lg-2\">\n<ul class=\"wp-block-list\"><li>Implementazione della Value Stream Mapping (VSM) per analizzare in dettaglio i processi documentali attuali<\/li><\/ul>\n<\/div><\/div><\/div><\/div><div id=\"saz-block-id-pKbJGF9C1idb\" class=\"saz-block saz-block\"><div class=\"container\"><div class=\"row\"><div class=\"col-12 col-lg-8 offset-lg-2\">\n\n<\/div><\/div><\/div><\/div><div id=\"saz-block-id-PWnPIEHZ0ByH\" class=\"saz-block saz-block-core-list\"><div class=\"container\"><div class=\"row\"><div class=\"col-12 col-lg-8 offset-lg-2\">\n<ul class=\"wp-block-list\"><li>Value Stream Map dei processi esistenti<\/li><\/ul>\n<\/div><\/div><\/div><\/div><div id=\"saz-block-id-echmnOqWLjvW\" class=\"saz-block saz-block\"><div class=\"container\"><div class=\"row\"><div class=\"col-12 col-lg-8 offset-lg-2\">\n\n<\/div><\/div><\/div><\/div><div id=\"saz-block-id-vWunQ6sGQvyX\" class=\"saz-block saz-block-core-list\"><div class=\"container\"><div class=\"row\"><div class=\"col-12 col-lg-8 offset-lg-2\">\n<ul class=\"wp-block-list\"><li>Implementazione del Pilastro del <a href=\"https:\/\/www.bonfiglioliconsulting.com\/servizi\/change-management\/hr-management-e-people-development\/\">Peole Development <\/a>partendo dalla mappatura delle competenze delle risorse per evidenziare eventuali gap e dall\u2019analisi di dettaglio dei carichi di lavoro per creare un flusso bilanciato in base al flusso del valore e alle funzioni coinvolte<\/li><\/ul>\n<\/div><\/div><\/div><\/div><div id=\"saz-block-id-mYMNbWht9N6g\" class=\"saz-block saz-block\"><div class=\"container\"><div class=\"row\"><div class=\"col-12 col-lg-8 offset-lg-2\">\n\n<\/div><\/div><\/div><\/div><div id=\"saz-block-id-IctmxRGDuLt0\" class=\"saz-block saz-block-core-list\"><div class=\"container\"><div class=\"row\"><div class=\"col-12 col-lg-8 offset-lg-2\">\n<ul class=\"wp-block-list\"><li>Misura delle attivit\u00e0 e successiva analisi del carico di lavoro del singolo e della funzione<\/li><\/ul>\n<\/div><\/div><\/div><\/div><div id=\"saz-block-id-MJi0bgS0mGh6\" class=\"saz-block saz-block\"><div class=\"container\"><div class=\"row\"><div class=\"col-12 col-lg-8 offset-lg-2\">\n\n<\/div><\/div><\/div><\/div><div id=\"saz-block-id-zIFk5G3Lm28L\" class=\"saz-block saz-block-core-list\"><div class=\"container\"><div class=\"row\"><div class=\"col-12 col-lg-8 offset-lg-2\">\n<ul class=\"wp-block-list\"><li>Mappatura delle competenze attraverso i metodi del <a href=\"https:\/\/www.bonfiglioliconsulting.com\/servizi\/change-management\/hr-management-e-people-development\/\">PEOPLE DEVELOPMENT<\/a> e del <a href=\"https:\/\/www.bonfiglioliconsulting.com\/servizi\/change-management\/\">CHANGE MANAGEMEN<\/a>T<\/li><\/ul>\n<\/div><\/div><\/div><\/div><div id=\"saz-block-id-xEctSlFxXy7G\" class=\"saz-block saz-block\"><div class=\"container\"><div class=\"row\"><div class=\"col-12 col-lg-8 offset-lg-2\">\n\n<\/div><\/div><\/div><\/div><div id=\"saz-block-id-zIri2T7lKQsV\" class=\"saz-block saz-block-core-list\"><div class=\"container\"><div class=\"row\"><div class=\"col-12 col-lg-8 offset-lg-2\">\n<ul class=\"wp-block-list\"><li>Mappatura degli strumenti informatici e proposte di miglioramento nate attraverso un programma di Digitalization dei processi<\/li><\/ul>\n<\/div><\/div><\/div><\/div><div id=\"saz-block-id-ykJVoKas3Yct\" class=\"saz-block saz-block\"><div class=\"container\"><div class=\"row\"><div class=\"col-12 col-lg-8 offset-lg-2\">\n\n<\/div><\/div><\/div><\/div><div id=\"saz-block-id-8HIgIqHPdRiC\" class=\"saz-block saz-block-core-list\"><div class=\"container\"><div class=\"row\"><div class=\"col-12 col-lg-8 offset-lg-2\">\n<ul class=\"wp-block-list\"><li>Creazione di procedure e di standard per le attivit\u00e0 e condivisione delle azioni di miglioramento suggerite per una miglior gestione<\/li><\/ul>\n<\/div><\/div><\/div><\/div><div id=\"saz-block-id-CZqdPBwcpttM\" class=\"saz-block saz-block\"><div class=\"container\"><div class=\"row\"><div class=\"col-12 col-lg-8 offset-lg-2\">\n\n<\/div><\/div><\/div><\/div><div id=\"saz-block-block_60057292facbe\" class=\"saz-block saz-block-acf-onda \" style=\"background-color: #ffffff\">\n    <div class=\"container-fluid\">\n                    <div class=\"row\">\n                <div class=\"col-lg-9 pl-0\">\n                    <svg id=\"onda-blocchi\" class=\"reverse\" data-name=\"onda\" xmlns=\"http:\/\/www.w3.org\/2000\/svg\" viewBox=\"0 0 1000 180\"><path class=\"cls-1\" d=\"M0,180H1000V.4S458.72-.5,279.85.4c-49,.25-68.29,7.31-161.7,105.9C94.46,131.3,49.5,174.7,0,180Z\" transform=\"translate(0 0)\" style=\"fill: #e3e9ed\"\/><\/svg>\n                <\/div>\n            <\/div>\n            <\/div>\n<\/div><div id=\"saz-block-id-A2ewkMdst8la\" class=\"saz-block saz-block\"><div class=\"container\"><div class=\"row\"><div class=\"col-12 col-lg-8 offset-lg-2\">\n\n<\/div><\/div><\/div><\/div>\n\n<div id=\"saz-block-block_602e2fc8fc608\" class=\"saz-block saz-block-acf-blocco-approfondimento  bg-servizi pt-5 pb-4\" style=\"background-color:#e3e9ed\">\n    <div class=\"container\">\n        <div class=\"row\"> \n            <div class=\"col-12 col-lg-8 offset-lg-2\">\n                                    <h3 class=\"text-gray mb-5 mt-lg-3\">Obiettivi raggiunti<\/h3>\n                                        <div class=\"text-gray has-medium-font-size mb-5\"><ul>\n<li>Diminuzione delle attivit\u00e0 a non valore<\/li>\n<li>Normalizzazione dei carichi di lavoro e creazione di figure di backup prima non presenti<\/li>\n<li>Strutturazione di un nuovo modello organizzativo e funzionale<\/li>\n<\/ul>\n<\/div>\n                            <\/div>\n        <\/div>\n                \n    <\/div>\n<\/div><div id=\"saz-block-id-UTFsX4HuZI5q\" class=\"saz-block saz-block\"><div class=\"container\"><div class=\"row\"><div class=\"col-12 col-lg-8 offset-lg-2\">\n\n<\/div><\/div><\/div><\/div><div id=\"saz-block-id-qLThyqo4Pzvc\" class=\"saz-block saz-block-core-paragraph\"><div class=\"container\"><div class=\"row\"><div class=\"col-12 col-lg-8 offset-lg-2\">\n<p><\/p>\n<\/div><\/div><\/div><\/div>","protected":false},"excerpt":{"rendered":null,"protected":false},"author":73,"featured_media":53926,"parent":0,"menu_order":30,"comment_status":"closed","ping_status":"closed","template":"template-wide-blocchi.php","meta":{"_acf_changed":false,"footnotes":""},"tags":[],"class_list":["post-19891","page","type-page","status-publish","has-post-thumbnail","hentry"],"acf":[],"yoast_head":"<!-- This site is optimized with the Yoast SEO plugin v27.4 - https:\/\/yoast.com\/product\/yoast-seo-wordpress\/ -->\n<title>CARIFE Case Study: organizzazione | Bonfiglioli Consulting<\/title>\n<meta name=\"description\" content=\"Carife Case Study: Scopri il percorso di miglioramento continuo di Carife attraverso un approccio Lean strutturato.\" \/>\n<meta name=\"robots\" content=\"index, follow, max-snippet:-1, max-image-preview:large, max-video-preview:-1\" \/>\n<link rel=\"canonical\" href=\"https:\/\/www.bonfiglioliconsulting.com\/en\/carife-case-study\/\" \/>\n<meta property=\"og:locale\" content=\"en_US\" \/>\n<meta property=\"og:type\" content=\"article\" \/>\n<meta property=\"og:title\" content=\"CARIFE Case Study: organizzazione | Bonfiglioli Consulting\" \/>\n<meta property=\"og:description\" content=\"Carife Case Study: Scopri il percorso di miglioramento continuo di Carife attraverso un approccio Lean strutturato.\" \/>\n<meta property=\"og:url\" content=\"https:\/\/www.bonfiglioliconsulting.com\/en\/carife-case-study\/\" \/>\n<meta property=\"og:site_name\" content=\"Bonfiglioli Consulting\" \/>\n<meta property=\"article:modified_time\" content=\"2025-08-27T23:47:05+00:00\" \/>\n<meta property=\"og:image\" content=\"https:\/\/www.bonfiglioliconsulting.com\/wp-content\/uploads\/2024\/02\/IMG-BPER-BANCA-v2-1024x563.png\" \/>\n\t<meta property=\"og:image:width\" content=\"1024\" \/>\n\t<meta property=\"og:image:height\" content=\"563\" \/>\n\t<meta property=\"og:image:type\" content=\"image\/png\" \/>\n<meta name=\"twitter:card\" content=\"summary_large_image\" \/>\n<meta name=\"twitter:label1\" content=\"Est. reading time\" \/>\n\t<meta name=\"twitter:data1\" content=\"2 minutes\" \/>\n<script type=\"application\/ld+json\" class=\"yoast-schema-graph\">{\"@context\":\"https:\\\/\\\/schema.org\",\"@graph\":[{\"@type\":\"WebPage\",\"@id\":\"https:\\\/\\\/www.bonfiglioliconsulting.com\\\/en\\\/carife-case-study\\\/\",\"url\":\"https:\\\/\\\/www.bonfiglioliconsulting.com\\\/en\\\/carife-case-study\\\/\",\"name\":\"CARIFE Case Study: organizzazione | Bonfiglioli Consulting\",\"isPartOf\":{\"@id\":\"https:\\\/\\\/www.bonfiglioliconsulting.com\\\/it\\\/#website\"},\"primaryImageOfPage\":{\"@id\":\"https:\\\/\\\/www.bonfiglioliconsulting.com\\\/en\\\/carife-case-study\\\/#primaryimage\"},\"image\":{\"@id\":\"https:\\\/\\\/www.bonfiglioliconsulting.com\\\/en\\\/carife-case-study\\\/#primaryimage\"},\"thumbnailUrl\":\"https:\\\/\\\/www.bonfiglioliconsulting.com\\\/wp-content\\\/uploads\\\/2024\\\/02\\\/IMG-BPER-BANCA-v2.png\",\"datePublished\":\"2021-01-18T11:37:40+00:00\",\"dateModified\":\"2025-08-27T23:47:05+00:00\",\"description\":\"Carife Case Study: Scopri il percorso di miglioramento continuo di Carife attraverso un approccio Lean strutturato.\",\"inLanguage\":\"en-US\",\"potentialAction\":[{\"@type\":\"ReadAction\",\"target\":[\"https:\\\/\\\/www.bonfiglioliconsulting.com\\\/en\\\/carife-case-study\\\/\"]}]},{\"@type\":\"ImageObject\",\"inLanguage\":\"en-US\",\"@id\":\"https:\\\/\\\/www.bonfiglioliconsulting.com\\\/en\\\/carife-case-study\\\/#primaryimage\",\"url\":\"https:\\\/\\\/www.bonfiglioliconsulting.com\\\/wp-content\\\/uploads\\\/2024\\\/02\\\/IMG-BPER-BANCA-v2.png\",\"contentUrl\":\"https:\\\/\\\/www.bonfiglioliconsulting.com\\\/wp-content\\\/uploads\\\/2024\\\/02\\\/IMG-BPER-BANCA-v2.png\",\"width\":4502,\"height\":2475},{\"@type\":\"WebSite\",\"@id\":\"https:\\\/\\\/www.bonfiglioliconsulting.com\\\/it\\\/#website\",\"url\":\"https:\\\/\\\/www.bonfiglioliconsulting.com\\\/it\\\/\",\"name\":\"Bonfiglioli Consulting\",\"description\":\"\",\"potentialAction\":[{\"@type\":\"SearchAction\",\"target\":{\"@type\":\"EntryPoint\",\"urlTemplate\":\"https:\\\/\\\/www.bonfiglioliconsulting.com\\\/it\\\/?s={search_term_string}\"},\"query-input\":{\"@type\":\"PropertyValueSpecification\",\"valueRequired\":true,\"valueName\":\"search_term_string\"}}],\"inLanguage\":\"en-US\"}]}<\/script>\n<!-- \/ Yoast SEO plugin. -->","yoast_head_json":{"title":"CARIFE Case Study: organization | Bonfiglioli Consulting","description":"Carife Case Study: Learn about Carife's continuous improvement journey through a structured Lean approach.","robots":{"index":"index","follow":"follow","max-snippet":"max-snippet:-1","max-image-preview":"max-image-preview:large","max-video-preview":"max-video-preview:-1"},"canonical":"https:\/\/www.bonfiglioliconsulting.com\/en\/carife-case-study\/","og_locale":"en_US","og_type":"article","og_title":"CARIFE Case Study: organizzazione | Bonfiglioli Consulting","og_description":"Carife Case Study: Scopri il percorso di miglioramento continuo di Carife attraverso un approccio Lean strutturato.","og_url":"https:\/\/www.bonfiglioliconsulting.com\/en\/carife-case-study\/","og_site_name":"Bonfiglioli Consulting","article_modified_time":"2025-08-27T23:47:05+00:00","og_image":[{"width":1024,"height":563,"url":"https:\/\/www.bonfiglioliconsulting.com\/wp-content\/uploads\/2024\/02\/IMG-BPER-BANCA-v2-1024x563.png","type":"image\/png"}],"twitter_card":"summary_large_image","twitter_misc":{"Est. reading time":"2 minutes"},"schema":{"@context":"https:\/\/schema.org","@graph":[{"@type":"WebPage","@id":"https:\/\/www.bonfiglioliconsulting.com\/en\/carife-case-study\/","url":"https:\/\/www.bonfiglioliconsulting.com\/en\/carife-case-study\/","name":"CARIFE Case Study: organization | Bonfiglioli Consulting","isPartOf":{"@id":"https:\/\/www.bonfiglioliconsulting.com\/it\/#website"},"primaryImageOfPage":{"@id":"https:\/\/www.bonfiglioliconsulting.com\/en\/carife-case-study\/#primaryimage"},"image":{"@id":"https:\/\/www.bonfiglioliconsulting.com\/en\/carife-case-study\/#primaryimage"},"thumbnailUrl":"https:\/\/www.bonfiglioliconsulting.com\/wp-content\/uploads\/2024\/02\/IMG-BPER-BANCA-v2.png","datePublished":"2021-01-18T11:37:40+00:00","dateModified":"2025-08-27T23:47:05+00:00","description":"Carife Case Study: Learn about Carife's continuous improvement journey through a structured Lean approach.","inLanguage":"en-US","potentialAction":[{"@type":"ReadAction","target":["https:\/\/www.bonfiglioliconsulting.com\/en\/carife-case-study\/"]}]},{"@type":"ImageObject","inLanguage":"en-US","@id":"https:\/\/www.bonfiglioliconsulting.com\/en\/carife-case-study\/#primaryimage","url":"https:\/\/www.bonfiglioliconsulting.com\/wp-content\/uploads\/2024\/02\/IMG-BPER-BANCA-v2.png","contentUrl":"https:\/\/www.bonfiglioliconsulting.com\/wp-content\/uploads\/2024\/02\/IMG-BPER-BANCA-v2.png","width":4502,"height":2475},{"@type":"WebSite","@id":"https:\/\/www.bonfiglioliconsulting.com\/it\/#website","url":"https:\/\/www.bonfiglioliconsulting.com\/it\/","name":"Bonfiglioli Consulting","description":"","potentialAction":[{"@type":"SearchAction","target":{"@type":"EntryPoint","urlTemplate":"https:\/\/www.bonfiglioliconsulting.com\/it\/?s={search_term_string}"},"query-input":{"@type":"PropertyValueSpecification","valueRequired":true,"valueName":"search_term_string"}}],"inLanguage":"en-US"}]}},"_links":{"self":[{"href":"https:\/\/www.bonfiglioliconsulting.com\/en\/wp-json\/wp\/v2\/pages\/19891","targetHints":{"allow":["GET"]}}],"collection":[{"href":"https:\/\/www.bonfiglioliconsulting.com\/en\/wp-json\/wp\/v2\/pages"}],"about":[{"href":"https:\/\/www.bonfiglioliconsulting.com\/en\/wp-json\/wp\/v2\/types\/page"}],"author":[{"embeddable":true,"href":"https:\/\/www.bonfiglioliconsulting.com\/en\/wp-json\/wp\/v2\/users\/73"}],"replies":[{"embeddable":true,"href":"https:\/\/www.bonfiglioliconsulting.com\/en\/wp-json\/wp\/v2\/comments?post=19891"}],"version-history":[{"count":39,"href":"https:\/\/www.bonfiglioliconsulting.com\/en\/wp-json\/wp\/v2\/pages\/19891\/revisions"}],"predecessor-version":[{"id":53927,"href":"https:\/\/www.bonfiglioliconsulting.com\/en\/wp-json\/wp\/v2\/pages\/19891\/revisions\/53927"}],"wp:featuredmedia":[{"embeddable":true,"href":"https:\/\/www.bonfiglioliconsulting.com\/en\/wp-json\/wp\/v2\/media\/53926"}],"wp:attachment":[{"href":"https:\/\/www.bonfiglioliconsulting.com\/en\/wp-json\/wp\/v2\/media?parent=19891"}],"wp:term":[{"taxonomy":"post_tag","embeddable":true,"href":"https:\/\/www.bonfiglioliconsulting.com\/en\/wp-json\/wp\/v2\/tags?post=19891"}],"curies":[{"name":"wp","href":"https:\/\/api.w.org\/{rel}","templated":true}]}}