{"id":117,"date":"2016-05-27T09:46:51","date_gmt":"2016-05-27T07:46:51","guid":{"rendered":"http:\/\/bcsoa-it.menabodigital.com\/?page_id=117"},"modified":"2025-05-23T11:40:47","modified_gmt":"2025-05-23T09:40:47","slug":"who-we-are","status":"publish","type":"page","link":"https:\/\/www.bonfiglioliconsulting.com\/en\/chi-siamo\/","title":{"rendered":"Who we are"},"content":{"rendered":"<div id=\"saz-block-block_48c5d2932ce9d511c49107170ed13603\" class=\"d-none saz-block saz-block-acf-hero-servizi  bg-light bg-hero-servizi-eventi hero_overlay_parent vv lazyload\"\n     style=\"background:inherit; background-size:cover;\" data-bg=\"url(https:\/\/www.bonfiglioliconsulting.com\/wp-content\/uploads\/2025\/01\/hero-company-1-scaled.jpg) center top no-repeat transparent\">\n    <div class=\"hero_overlay\"><\/div>\n    <div class=\"container hero_content\">\n        <div class=\"row align-items-end\">\n            <div class=\"col-12\">\n                 \n                    <div class=\"mt-3 mb-2 text-white\"><div class=\"breadcrumbs\"><span property=\"itemListElement\" typeof=\"ListItem\"><a property=\"item\" typeof=\"WebPage\" title=\"Vai a Bonfiglioli Consulting.\" href=\"https:\/\/www.bonfiglioliconsulting.com\/en\" class=\"home\"><span property=\"name\">Home<\/span><\/a><meta property=\"position\" content=\"1\"><\/span><\/div><script type=\"application\/ld+json\">{\"@context\":\"http:\/\/schema.org\",\"@type\":\"BreadcrumbList\",\"itemListElement\":[{\"@type\":\"ListItem\",\"position\":1,\"item\":{\"@id\":\"https:\/\/www.bonfiglioliconsulting.com\/en\",\"name\":\"Bonfiglioli Consulting\"}}]}<\/script><\/div>\n                                \n                                    <h1 class=\"has-huge-font-size font-weight-bold mb-0 text-white\">Chi siamo<\/h1>\n                                                <div class=\"mb-5 pb-4 pb-md-5\"><\/div>\n            <\/div>\n        <\/div>\n    <\/div>\n    <svg class=\"onda-destra\" id=\"onda\" data-name=\"onda\" xmlns=\"http:\/\/www.w3.org\/2000\/svg\" viewBox=\"0 0 1000 180\"><path class=\"cls-1\" d=\"M0,180H1000V.4S458.72-.5,279.85.4c-49,.25-68.29,7.31-161.7,105.9C94.46,131.3,49.5,174.7,0,180Z\" transform=\"translate(0 0)\" style=\"fill: #ffffff\"\/><\/svg>\n<\/div>\n\n\n<section class=\"n_archive_hero lazyload\" style=\"background-image:inherit;\" data-bg-image=\"url(https:\/\/www.bonfiglioliconsulting.com\/wp-content\/uploads\/2025\/01\/hero-company-1-scaled.jpg)\"> \n    <div class=\"container h-100 position-relative\">\n        <div class=\"d-flex items-center h-100\">\n            <div class=\"n_archive_hero_content align-self-end text-white\">\n                <div class=\"text-white\">\n                <div class=\"breadcrumbs\">\n                 \n                    <div class=\"mt-3 mb-2 text-white\"><div class=\"breadcrumbs\"><span property=\"itemListElement\" typeof=\"ListItem\"><a property=\"item\" typeof=\"WebPage\" title=\"Vai a Bonfiglioli Consulting.\" href=\"https:\/\/www.bonfiglioliconsulting.com\/en\" class=\"home\"><span property=\"name\">Home<\/span><\/a><meta property=\"position\" content=\"1\"><\/span><\/div><script type=\"application\/ld+json\">{\"@context\":\"http:\/\/schema.org\",\"@type\":\"BreadcrumbList\",\"itemListElement\":[{\"@type\":\"ListItem\",\"position\":1,\"item\":{\"@id\":\"https:\/\/www.bonfiglioliconsulting.com\/en\",\"name\":\"Bonfiglioli Consulting\"}}]}<\/script><\/div>\n                                <\/div>\n                <\/div>\n                \n                \n                \n                                      <h1 class=\"text-white text-white\">Chi siamo<\/h1>\n                                \n                                \n\n<\/div>\n        <\/div>\n    <\/div>\n    <div class=\"right_white_shape\">\n        <svg xmlns=\"http:\/\/www.w3.org\/2000\/svg\" viewBox=\"0 0 1000 180\">\n            <path class=\"cls-1\" d=\"M0,180H1000V.4S458.72-.5,279.85.4c-49,.25-68.29,7.31-161.7,105.9C94.46,131.3,49.5,174.7,0,180Z\" transform=\"translate(0 0)\"><\/path>\n        <\/svg>\n    <\/div>\n<\/section><div id=\"saz-block-id-mOwavkWaArbi\" class=\"saz-block saz-block\"><div class=\"container\"><div class=\"row\"><div class=\"col-12 col-lg-8 offset-lg-2\">\n\n<\/div><\/div><\/div><\/div><div id=\"saz-block-id-A0QMOEsiFkiv\" class=\"saz-block saz-block-core-spacer saz-block-height-60px\"><div class=\"container\"><div class=\"row\"><div class=\"col-12 col-lg-8 offset-lg-2\">\n<div style=\"height:60px\" aria-hidden=\"true\" class=\"wp-block-spacer\"><\/div>\n<\/div><\/div><\/div><\/div><div id=\"saz-block-id-cpUShNbk0GDi\" class=\"saz-block saz-block\"><div class=\"container\"><div class=\"row\"><div class=\"col-12 col-lg-8 offset-lg-2\">\n\n<\/div><\/div><\/div><\/div><div id=\"saz-block-id-gEodEP1lonYb\" class=\"saz-block saz-block-core-heading saz-block-level-array\"><div class=\"container\"><div class=\"row\"><div class=\"col-12 col-lg-8 offset-lg-2\">\n<h3 class=\"wp-block-heading\"><strong>50 anni a fianco delle imprese italiane<\/strong><\/h3>\n<\/div><\/div><\/div><\/div><div id=\"saz-block-id-ljkGOyssCLNR\" class=\"saz-block saz-block\"><div class=\"container\"><div class=\"row\"><div class=\"col-12 col-lg-8 offset-lg-2\">\n\n<\/div><\/div><\/div><\/div><div id=\"saz-block-id-ueAhcluLq1i6\" class=\"saz-block saz-block-core-paragraph\"><div class=\"container\"><div class=\"row\"><div class=\"col-12 col-lg-8 offset-lg-2\">\n<p>Bonfiglioli Consulting \u00e8 una societ\u00e0 di consulenza italiana, dal 1973 a fianco delle aziende per sostenerne la crescita e l\u2019affermazione sui mercati globali attraverso:<\/p>\n<\/div><\/div><\/div><\/div><div id=\"saz-block-id-Dc0HdJ6rYfrL\" class=\"saz-block saz-block\"><div class=\"container\"><div class=\"row\"><div class=\"col-12 col-lg-8 offset-lg-2\">\n\n<\/div><\/div><\/div><\/div><div id=\"saz-block-id-GJk1b2mlGX8E\" class=\"saz-block saz-block-core-list\"><div class=\"container\"><div class=\"row\"><div class=\"col-12 col-lg-8 offset-lg-2\">\n<ul class=\"wp-block-list\"><div id=\"saz-block-id-OVpWssWZlEyo\" class=\"saz-block saz-block-core-list-item\">\n<li><strong>Forti capacit\u00e0 analitiche rafforzate da un&#8217;esecuzione rigorosa<\/strong><\/li>\n<\/div>\n\n<div id=\"saz-block-id-f85kCL94BNiN\" class=\"saz-block saz-block-core-list-item\">\n<li><strong>Conoscenza approfondita delle aree aziendali e dei settori industriali<\/strong><\/li>\n<\/div>\n\n<div id=\"saz-block-id-Kx8tHlU8itBk\" class=\"saz-block saz-block-core-list-item\">\n<li><strong>Pragmatismo e orientamento al risultato<\/strong><\/li>\n<\/div><\/ul>\n<\/div><\/div><\/div><\/div><div id=\"saz-block-id-S7FMDnrADN2l\" class=\"saz-block saz-block\"><div class=\"container\"><div class=\"row\"><div class=\"col-12 col-lg-8 offset-lg-2\">\n\n<\/div><\/div><\/div><\/div><div id=\"saz-block-block_708d1766b1f055ffbba148564b294599\" class=\"saz-block saz-block-acf-onda \" style=\"background-color: #ffffff\">\n    <div class=\"container-fluid\">\n                    <div class=\"row\">\n                <div class=\"col-lg-9 pl-0\">\n                    <svg id=\"onda-blocchi\" class=\"reverse\" data-name=\"onda\" xmlns=\"http:\/\/www.w3.org\/2000\/svg\" viewBox=\"0 0 1000 180\"><path class=\"cls-1\" d=\"M0,180H1000V.4S458.72-.5,279.85.4c-49,.25-68.29,7.31-161.7,105.9C94.46,131.3,49.5,174.7,0,180Z\" transform=\"translate(0 0)\" style=\"fill: #e3e9ed\"\/><\/svg>\n                <\/div>\n            <\/div>\n            <\/div>\n<\/div><div id=\"saz-block-id-zbkdw7sBIN5v\" class=\"saz-block saz-block\"><div class=\"container\"><div class=\"row\"><div class=\"col-12 col-lg-8 offset-lg-2\">\n\n<\/div><\/div><\/div><\/div>\n\n<div id=\"saz-block-block_56343ea77677b7017c6f7ede2303d634\" class=\"saz-block saz-block-acf-piazza-servizi  bg-servizi pt-5\" style=\"background-color: #e3e9ed;\">\n    <div class=\"container\">\n        <div class=\"row\">\n            <div class=\"col-12\">\n                            <\/div>\n\n                                                                                        \n<div class=\"col-md-6 col-lg-3\">\n    <div class=\"card card-servizi mb-4\">\n                <div class=\"card-body mt-3\">\n                                    \n            <h3 class=\"has-medium-font-size my-2 mt-xl-0 mb-xl-3\"><a class=\"text-primary\" href=\"https:\/\/www.bonfiglioliconsulting.com\/en\/chi-siamo\/la-storia\/\">La storia<\/a><\/h3>\n\n                            <h5 class=\"text-secondary font-weight-bold mb-2\">Dal 1973, al fianco delle imprese per crescere insieme<\/h5>\n            \n\t                        <p class=\"text-secondary has-small-font-size\"><\/p>\n\t        \n                    <\/div>\n    <\/div>\n<\/div>                                                                                \n<div class=\"col-md-6 col-lg-3\">\n    <div class=\"card card-servizi mb-4\">\n                <div class=\"card-body mt-3\">\n                                    \n            <h3 class=\"has-medium-font-size my-2 mt-xl-0 mb-xl-3\"><a class=\"text-primary\" href=\"https:\/\/www.bonfiglioliconsulting.com\/en\/chi-siamo\/mission-e-valori\/\">La nostra identit\u00e0<\/a><\/h3>\n\n                            <h5 class=\"text-secondary font-weight-bold mb-2\">Missione Visione e Valori<\/h5>\n            \n\t                        <p class=\"text-secondary has-small-font-size\"><\/p>\n\t        \n                    <\/div>\n    <\/div>\n<\/div>                                                                                                                            \n<div class=\"col-md-6 col-lg-3\">\n    <div class=\"card card-servizi mb-4\">\n                <div class=\"card-body mt-3\">\n                                    \n            <h3 class=\"has-medium-font-size my-2 mt-xl-0 mb-xl-3\"><a class=\"text-primary\" href=\"https:\/\/www.bonfiglioliconsulting.com\/en\/chi-siamo\/il-nostro-gruppo\/\">Il nostro Gruppo<\/a><\/h3>\n\n                            <h5 class=\"text-secondary font-weight-bold mb-2\">La nostra consulenza \u00e8 su misura<\/h5>\n            \n\t                        <p class=\"text-secondary has-small-font-size\"><\/p>\n\t        \n                    <\/div>\n    <\/div>\n<\/div>                            \n                    <\/div>\n    <\/div>\n<\/div><div id=\"saz-block-id-tYkDeXNcaZ7g\" class=\"saz-block saz-block\"><div class=\"container\"><div class=\"row\"><div class=\"col-12 col-lg-8 offset-lg-2\">\n\n<\/div><\/div><\/div><\/div><div id=\"saz-block-block_f5976ae72b21234deb9ca819269af473\" class=\"saz-block saz-block-acf-onda \" style=\"background-color: #e3e9ed\">\n    <div class=\"container-fluid\">\n                    <div class=\"row\">\n                <div class=\"col-lg-9 offset-lg-3 pr-0 text-right\">\n                    <svg id=\"onda-blocchi\" data-name=\"onda\" xmlns=\"http:\/\/www.w3.org\/2000\/svg\" viewBox=\"0 0 1000 180\"><path class=\"cls-1\" d=\"M0,180H1000V.4S458.72-.5,279.85.4c-49,.25-68.29,7.31-161.7,105.9C94.46,131.3,49.5,174.7,0,180Z\" transform=\"translate(0 0)\" style=\"fill: #ffffff\"\/><\/svg>\n                <\/div>\n            <\/div>\n            <\/div>\n<\/div><div id=\"saz-block-id-Hrepbjdi4CIM\" class=\"saz-block saz-block\"><div class=\"container\"><div class=\"row\"><div class=\"col-12 col-lg-8 offset-lg-2\">\n\n<\/div><\/div><\/div><\/div><div id=\"saz-block-id-SzflQvDy2Dev\" class=\"saz-block saz-block-core-spacer saz-block-height-60px\"><div class=\"container\"><div class=\"row\"><div class=\"col-12 col-lg-8 offset-lg-2\">\n<div style=\"height:60px\" aria-hidden=\"true\" class=\"wp-block-spacer\"><\/div>\n<\/div><\/div><\/div><\/div>","protected":false},"excerpt":{"rendered":null,"protected":false},"author":141,"featured_media":0,"parent":0,"menu_order":10,"comment_status":"closed","ping_status":"closed","template":"template-wide-blocchi.php","meta":{"_acf_changed":false,"footnotes":""},"tags":[],"class_list":["post-117","page","type-page","status-publish","hentry"],"acf":[],"yoast_head":"<!-- This site is optimized with the Yoast SEO plugin v27.4 - https:\/\/yoast.com\/product\/yoast-seo-wordpress\/ -->\n<title>Societ\u00e0 di Consulenza Aziendale - Bonfiglioli Consulting<\/title>\n<meta name=\"description\" content=\"Bonfiglioli Consulting, dal 1973, \u00e8 una societ\u00e0 di consulenza che lavora per offrire soluzioni funzionali alla crescita dell\u2019impresa.\" \/>\n<meta name=\"robots\" content=\"index, follow, max-snippet:-1, max-image-preview:large, max-video-preview:-1\" \/>\n<link rel=\"canonical\" href=\"https:\/\/www.bonfiglioliconsulting.com\/en\/who-we-are\/\" \/>\n<meta property=\"og:locale\" content=\"en_US\" \/>\n<meta property=\"og:type\" content=\"article\" \/>\n<meta property=\"og:title\" content=\"Societ\u00e0 di Consulenza Aziendale - Bonfiglioli Consulting\" \/>\n<meta property=\"og:description\" content=\"Bonfiglioli Consulting, dal 1973, \u00e8 una societ\u00e0 di consulenza che lavora per offrire soluzioni funzionali alla crescita dell\u2019impresa.\" \/>\n<meta property=\"og:url\" content=\"https:\/\/www.bonfiglioliconsulting.com\/en\/who-we-are\/\" \/>\n<meta property=\"og:site_name\" content=\"Bonfiglioli Consulting\" \/>\n<meta property=\"article:modified_time\" content=\"2025-05-23T09:40:47+00:00\" \/>\n<meta name=\"twitter:card\" content=\"summary_large_image\" \/>\n<meta name=\"twitter:label1\" content=\"Est. reading time\" \/>\n\t<meta name=\"twitter:data1\" content=\"1 minute\" \/>\n<script type=\"application\/ld+json\" class=\"yoast-schema-graph\">{\"@context\":\"https:\\\/\\\/schema.org\",\"@graph\":[{\"@type\":\"WebPage\",\"@id\":\"https:\\\/\\\/www.bonfiglioliconsulting.com\\\/it\\\/chi-siamo\\\/\",\"url\":\"https:\\\/\\\/www.bonfiglioliconsulting.com\\\/it\\\/chi-siamo\\\/\",\"name\":\"Societ\u00e0 di Consulenza Aziendale - Bonfiglioli Consulting\",\"isPartOf\":{\"@id\":\"https:\\\/\\\/www.bonfiglioliconsulting.com\\\/it\\\/#website\"},\"datePublished\":\"2016-05-27T07:46:51+00:00\",\"dateModified\":\"2025-05-23T09:40:47+00:00\",\"description\":\"Bonfiglioli Consulting, dal 1973, \u00e8 una societ\u00e0 di consulenza che lavora per offrire soluzioni funzionali alla crescita dell\u2019impresa.\",\"inLanguage\":\"en-US\",\"potentialAction\":[{\"@type\":\"ReadAction\",\"target\":[\"https:\\\/\\\/www.bonfiglioliconsulting.com\\\/it\\\/chi-siamo\\\/\"]}]},{\"@type\":\"WebSite\",\"@id\":\"https:\\\/\\\/www.bonfiglioliconsulting.com\\\/it\\\/#website\",\"url\":\"https:\\\/\\\/www.bonfiglioliconsulting.com\\\/it\\\/\",\"name\":\"Bonfiglioli Consulting\",\"description\":\"\",\"potentialAction\":[{\"@type\":\"SearchAction\",\"target\":{\"@type\":\"EntryPoint\",\"urlTemplate\":\"https:\\\/\\\/www.bonfiglioliconsulting.com\\\/it\\\/?s={search_term_string}\"},\"query-input\":{\"@type\":\"PropertyValueSpecification\",\"valueRequired\":true,\"valueName\":\"search_term_string\"}}],\"inLanguage\":\"en-US\"}]}<\/script>\n<!-- \/ Yoast SEO plugin. -->","yoast_head_json":{"title":"Business Consulting Company - Bonfiglioli Consulting","description":"Bonfiglioli Consulting, since 1973, has been a consulting firm working to provide functional solutions for business growth.","robots":{"index":"index","follow":"follow","max-snippet":"max-snippet:-1","max-image-preview":"max-image-preview:large","max-video-preview":"max-video-preview:-1"},"canonical":"https:\/\/www.bonfiglioliconsulting.com\/en\/who-we-are\/","og_locale":"en_US","og_type":"article","og_title":"Societ\u00e0 di Consulenza Aziendale - Bonfiglioli Consulting","og_description":"Bonfiglioli Consulting, dal 1973, \u00e8 una societ\u00e0 di consulenza che lavora per offrire soluzioni funzionali alla crescita dell\u2019impresa.","og_url":"https:\/\/www.bonfiglioliconsulting.com\/en\/who-we-are\/","og_site_name":"Bonfiglioli Consulting","article_modified_time":"2025-05-23T09:40:47+00:00","twitter_card":"summary_large_image","twitter_misc":{"Est. reading time":"1 minute"},"schema":{"@context":"https:\/\/schema.org","@graph":[{"@type":"WebPage","@id":"https:\/\/www.bonfiglioliconsulting.com\/it\/chi-siamo\/","url":"https:\/\/www.bonfiglioliconsulting.com\/it\/chi-siamo\/","name":"Business Consulting Company - Bonfiglioli Consulting","isPartOf":{"@id":"https:\/\/www.bonfiglioliconsulting.com\/it\/#website"},"datePublished":"2016-05-27T07:46:51+00:00","dateModified":"2025-05-23T09:40:47+00:00","description":"Bonfiglioli Consulting, since 1973, has been a consulting firm working to provide functional solutions for business growth.","inLanguage":"en-US","potentialAction":[{"@type":"ReadAction","target":["https:\/\/www.bonfiglioliconsulting.com\/it\/chi-siamo\/"]}]},{"@type":"WebSite","@id":"https:\/\/www.bonfiglioliconsulting.com\/it\/#website","url":"https:\/\/www.bonfiglioliconsulting.com\/it\/","name":"Bonfiglioli Consulting","description":"","potentialAction":[{"@type":"SearchAction","target":{"@type":"EntryPoint","urlTemplate":"https:\/\/www.bonfiglioliconsulting.com\/it\/?s={search_term_string}"},"query-input":{"@type":"PropertyValueSpecification","valueRequired":true,"valueName":"search_term_string"}}],"inLanguage":"en-US"}]}},"_links":{"self":[{"href":"https:\/\/www.bonfiglioliconsulting.com\/en\/wp-json\/wp\/v2\/pages\/117","targetHints":{"allow":["GET"]}}],"collection":[{"href":"https:\/\/www.bonfiglioliconsulting.com\/en\/wp-json\/wp\/v2\/pages"}],"about":[{"href":"https:\/\/www.bonfiglioliconsulting.com\/en\/wp-json\/wp\/v2\/types\/page"}],"author":[{"embeddable":true,"href":"https:\/\/www.bonfiglioliconsulting.com\/en\/wp-json\/wp\/v2\/users\/141"}],"replies":[{"embeddable":true,"href":"https:\/\/www.bonfiglioliconsulting.com\/en\/wp-json\/wp\/v2\/comments?post=117"}],"version-history":[{"count":9,"href":"https:\/\/www.bonfiglioliconsulting.com\/en\/wp-json\/wp\/v2\/pages\/117\/revisions"}],"predecessor-version":[{"id":67602,"href":"https:\/\/www.bonfiglioliconsulting.com\/en\/wp-json\/wp\/v2\/pages\/117\/revisions\/67602"}],"wp:attachment":[{"href":"https:\/\/www.bonfiglioliconsulting.com\/en\/wp-json\/wp\/v2\/media?parent=117"}],"wp:term":[{"taxonomy":"post_tag","embeddable":true,"href":"https:\/\/www.bonfiglioliconsulting.com\/en\/wp-json\/wp\/v2\/tags?post=117"}],"curies":[{"name":"wp","href":"https:\/\/api.w.org\/{rel}","templated":true}]}}