{"id":1144,"date":"2016-06-28T14:24:34","date_gmt":"2016-06-28T12:24:34","guid":{"rendered":"http:\/\/bcsoa-it.menabodigital.com\/?page_id=1144"},"modified":"2023-03-08T14:36:16","modified_gmt":"2023-03-08T13:36:16","slug":"lean-in-offices","status":"publish","type":"page","link":"https:\/\/www.bonfiglioliconsulting.com\/en\/lean-negli-uffici\/","title":{"rendered":"Lean Office"},"content":{"rendered":"<div id=\"saz-block-block_9548e576b5d0834cae19abb01d4659fe\" class=\"d-none saz-block saz-block-acf-hero-servizi  bg-light bg-hero-servizi-eventi hero_overlay_parent vv lazyload\"\n     style=\"background:inherit; background-size:cover;\" data-bg=\"url(https:\/\/www.bonfiglioliconsulting.com\/wp-content\/themes\/bonfiglioli-2020\/img\/cubi-bianchi.jpg) center top no-repeat transparent\">\n    <div class=\"hero_overlay\"><\/div>\n    <div class=\"container hero_content\">\n        <div class=\"row align-items-end\">\n            <div class=\"col-12\">\n                 \n                    <div class=\"mt-3 mb-2 text-dark\"><div class=\"breadcrumbs\"><span property=\"itemListElement\" typeof=\"ListItem\"><a property=\"item\" typeof=\"WebPage\" title=\"Vai a Bonfiglioli Consulting.\" href=\"https:\/\/www.bonfiglioliconsulting.com\/en\" class=\"home\"><span property=\"name\">Home<\/span><\/a><meta property=\"position\" content=\"1\"><\/span><\/div><script type=\"application\/ld+json\">{\"@context\":\"http:\/\/schema.org\",\"@type\":\"BreadcrumbList\",\"itemListElement\":[{\"@type\":\"ListItem\",\"position\":1,\"item\":{\"@id\":\"https:\/\/www.bonfiglioliconsulting.com\/en\",\"name\":\"Bonfiglioli Consulting\"}}]}<\/script><\/div>\n                                \n                                    <h1 class=\"has-huge-font-size font-weight-bold mb-0 text-primary\">Lean Office<\/h1>\n                                                <div class=\"mb-5 pb-4 pb-md-5\"><\/div>\n            <\/div>\n        <\/div>\n    <\/div>\n    <svg class=\"onda-destra\" id=\"onda\" data-name=\"onda\" xmlns=\"http:\/\/www.w3.org\/2000\/svg\" viewBox=\"0 0 1000 180\"><path class=\"cls-1\" d=\"M0,180H1000V.4S458.72-.5,279.85.4c-49,.25-68.29,7.31-161.7,105.9C94.46,131.3,49.5,174.7,0,180Z\" transform=\"translate(0 0)\" style=\"fill: #ffffff\"\/><\/svg>\n<\/div>\n\n\n<section class=\"n_archive_hero lazyload\" style=\"background-image:inherit;\" data-bg-image=\"url(https:\/\/www.bonfiglioliconsulting.com\/wp-content\/themes\/bonfiglioli-2020\/img\/cubi-bianchi.jpg)\"> \n    <div class=\"container h-100 position-relative\">\n        <div class=\"d-flex items-center h-100\">\n            <div class=\"n_archive_hero_content align-self-end text-white\">\n                <div class=\"text-white\">\n                <div class=\"breadcrumbs\">\n                 \n                    <div class=\"mt-3 mb-2 text-dark\"><div class=\"breadcrumbs\"><span property=\"itemListElement\" typeof=\"ListItem\"><a property=\"item\" typeof=\"WebPage\" title=\"Vai a Bonfiglioli Consulting.\" href=\"https:\/\/www.bonfiglioliconsulting.com\/en\" class=\"home\"><span property=\"name\">Home<\/span><\/a><meta property=\"position\" content=\"1\"><\/span><\/div><script type=\"application\/ld+json\">{\"@context\":\"http:\/\/schema.org\",\"@type\":\"BreadcrumbList\",\"itemListElement\":[{\"@type\":\"ListItem\",\"position\":1,\"item\":{\"@id\":\"https:\/\/www.bonfiglioliconsulting.com\/en\",\"name\":\"Bonfiglioli Consulting\"}}]}<\/script><\/div>\n                                <\/div>\n                <\/div>\n                \n                \n                \n                                      <h1 class=\"text-white text-primary\">Lean Office<\/h1>\n                                \n                                \n\n<\/div>\n        <\/div>\n    <\/div>\n    <div class=\"right_white_shape\">\n        <svg xmlns=\"http:\/\/www.w3.org\/2000\/svg\" viewBox=\"0 0 1000 180\">\n            <path class=\"cls-1\" d=\"M0,180H1000V.4S458.72-.5,279.85.4c-49,.25-68.29,7.31-161.7,105.9C94.46,131.3,49.5,174.7,0,180Z\" transform=\"translate(0 0)\"><\/path>\n        <\/svg>\n    <\/div>\n<\/section><div id=\"saz-block-id-ml9gCyicB3Io\" class=\"saz-block saz-block\"><div class=\"container\"><div class=\"row\"><div class=\"col-12 col-lg-8 offset-lg-2\">\n\n<\/div><\/div><\/div><\/div><div id=\"saz-block-id-S1cIc6RdOU5N\" class=\"saz-block saz-block-core-spacer saz-block-height-60px\"><div class=\"container\"><div class=\"row\"><div class=\"col-12 col-lg-8 offset-lg-2\">\n<div style=\"height:60px\" aria-hidden=\"true\" class=\"wp-block-spacer\"><\/div>\n<\/div><\/div><\/div><\/div><div id=\"saz-block-id-3sPp95warNHT\" class=\"saz-block saz-block\"><div class=\"container\"><div class=\"row\"><div class=\"col-12 col-lg-8 offset-lg-2\">\n\n<h3><span style=\"color: #009fe3;\"><strong>La metodologia<\/strong><\/span><\/h3>\n<p>Gli uffici operano solitamente per <strong>singole funzioni <\/strong>nettamente distinte (Acquisti\/Vendite\/Fatturazione).<br \/>Gli addetti sentono<strong> &#8220;passare il tempo&#8221;<\/strong> molto meno che in Produzione, dove si hanno cadenze e produzioni orarie fissate. La <strong>saturazione <\/strong>degli addetti non \u00e8 nota e di conseguenza \u00e8 complesso riallineare l&#8217;organico a fronte di variazione dei volumi di mercato.<br \/>Gli ambienti di lavoro sono di frequente inadeguati e le postazioni di lavoro disordinate e non ergonomiche, con scarsa luminosit\u00e0. Mancano <strong>indicatori di performance<\/strong> e le <strong>attivit\u00e0 di miglioramento<\/strong> sono rare e non misurate. La struttura \u00e8 <strong>pesante <\/strong>(rapporto indiretti\/diretti alto), ma non ci sono azioni chiare di razionalizzazione ed ottimizzazione.<\/p>\n<p>Applicare le logiche lean negli uffici significa:<\/p>\n<ul>\n<li>Valutare la<strong> struttura organizzativa <\/strong>attuale ed eventualmente ridisegnare la struttura dopo aver valutato processi, competenze e saturazione degli addetti<\/li>\n<li>Definire<strong> processi snelli,<\/strong> dove sono state isolate ed attaccate le attivit\u00e0 non a valore<\/li>\n<li><strong>Riorganizzare l&#8217;ambiente di lavoro<\/strong> per renderlo adeguato alle attivit\u00e0, con focus su ergonomia, ordine e luminosit\u00e0<\/li>\n<li>Valutare le <strong>tecnologie <\/strong>a disposizione nelle aziende e confrontarle con i riferimenti di mercato, quantificando il gap rispetto ai valori di benchmark<\/li>\n<\/ul>\n<p>Bonfiglioli Consulting su questo tema organizza il corso <strong>&#8220;Smart Office&#8221;, 2 giornate alla Lean Factory School\u00ae <\/strong>in cui imparare e sperimentare sul campo le logiche e gli strumenti del Lean World Class\u00ae applicati ai processi \u201cimmateriali\u201d, per eliminare gli sprechi e creare processi efficaci, snelli ed efficienti.<a href=\"https:\/\/www.bonfiglioliconsulting.com\/eventi\/smart-office\/\">Leggi di pi\u00f9&gt;&gt;<\/a><\/p>\n<h3>\u00a0<\/h3>\n<h3><span style=\"color: #009fe3;\"><strong>I risultati raggiunti<\/strong><\/span><\/h3>\n<p>Le applicazioni Lean negli Uffici hanno dimostrato che si possono ottenere:<\/p>\n<ul>\n<li><strong>Produttivit\u00e0<\/strong>: da +10% a +30% (di cui spostamenti: da -20% a -50%, riunioni: da -20% a -40%)<\/li>\n<li><strong>Lead time <\/strong>dei processi: da -20% a -60%<\/li>\n<li><strong>Spazi occupati <\/strong>dagli uffici: da -15% a -50%<\/li>\n<li><strong>Assenteismo<\/strong>: da -5% a -20%<\/li>\n<li><strong>Turnover <\/strong>del personale: da -10% a -30%<\/li>\n<li><strong>Energia<\/strong>: -20%<\/li>\n<\/ul>\n<p>A questi risultati quantificabili, sono da aggiungere <strong>benefici qualitativi<\/strong> quali miglior clima aziendale, maggiore attrattivit\u00e0 di talenti, immagine di un&#8217;azienda moderna ed innovativa, maggior flessibilit\u00e0 nell&#8217;utilizzo degli spazi, riduzione della complessit\u00e0 dei processi e di conseguenza degli errori.<\/p>\n<p>\u00a0<\/p>\n<h3>\u00a0<\/h3><\/div><\/div><\/div><\/div>","protected":false},"excerpt":{"rendered":null,"protected":false},"author":141,"featured_media":0,"parent":0,"menu_order":50,"comment_status":"closed","ping_status":"closed","template":"template-wide-blocchi.php","meta":{"_acf_changed":false,"footnotes":""},"tags":[],"class_list":["post-1144","page","type-page","status-publish","hentry"],"acf":[],"yoast_head":"<!-- This site is optimized with the Yoast SEO plugin v27.4 - https:\/\/yoast.com\/product\/yoast-seo-wordpress\/ -->\n<title>Metodologia Lean Office: Lean in Ufficio - Bonfiglioli Consulting<\/title>\n<meta name=\"description\" content=\"Bonfiglioli Consulting offre consulenza per eliminare le attivit\u00e0 non a valore e progettare gli uffici in modo innovativo, secondo le logiche di lean office.\" \/>\n<meta name=\"robots\" content=\"index, follow, max-snippet:-1, max-image-preview:large, max-video-preview:-1\" \/>\n<link rel=\"canonical\" href=\"https:\/\/www.bonfiglioliconsulting.com\/en\/lean-in-offices\/\" \/>\n<meta property=\"og:locale\" content=\"en_US\" \/>\n<meta property=\"og:type\" content=\"article\" \/>\n<meta property=\"og:title\" content=\"Metodologia Lean Office: Lean in Ufficio - Bonfiglioli Consulting\" \/>\n<meta property=\"og:description\" content=\"Bonfiglioli Consulting offre consulenza per eliminare le attivit\u00e0 non a valore e progettare gli uffici in modo innovativo, secondo le logiche di lean office.\" \/>\n<meta property=\"og:url\" content=\"https:\/\/www.bonfiglioliconsulting.com\/en\/lean-in-offices\/\" \/>\n<meta property=\"og:site_name\" content=\"Bonfiglioli Consulting\" \/>\n<meta property=\"article:modified_time\" content=\"2023-03-08T13:36:16+00:00\" \/>\n<meta name=\"twitter:card\" content=\"summary_large_image\" \/>\n<meta name=\"twitter:label1\" content=\"Est. reading time\" \/>\n\t<meta name=\"twitter:data1\" content=\"2 minutes\" \/>\n<script type=\"application\/ld+json\" class=\"yoast-schema-graph\">{\"@context\":\"https:\\\/\\\/schema.org\",\"@graph\":[{\"@type\":\"WebPage\",\"@id\":\"https:\\\/\\\/www.bonfiglioliconsulting.com\\\/en\\\/lean-in-offices\\\/\",\"url\":\"https:\\\/\\\/www.bonfiglioliconsulting.com\\\/en\\\/lean-in-offices\\\/\",\"name\":\"Metodologia Lean Office: Lean in Ufficio - Bonfiglioli Consulting\",\"isPartOf\":{\"@id\":\"https:\\\/\\\/www.bonfiglioliconsulting.com\\\/it\\\/#website\"},\"datePublished\":\"2016-06-28T12:24:34+00:00\",\"dateModified\":\"2023-03-08T13:36:16+00:00\",\"description\":\"Bonfiglioli Consulting offre consulenza per eliminare le attivit\u00e0 non a valore e progettare gli uffici in modo innovativo, secondo le logiche di lean office.\",\"inLanguage\":\"en-US\",\"potentialAction\":[{\"@type\":\"ReadAction\",\"target\":[\"https:\\\/\\\/www.bonfiglioliconsulting.com\\\/en\\\/lean-in-offices\\\/\"]}]},{\"@type\":\"WebSite\",\"@id\":\"https:\\\/\\\/www.bonfiglioliconsulting.com\\\/it\\\/#website\",\"url\":\"https:\\\/\\\/www.bonfiglioliconsulting.com\\\/it\\\/\",\"name\":\"Bonfiglioli Consulting\",\"description\":\"\",\"potentialAction\":[{\"@type\":\"SearchAction\",\"target\":{\"@type\":\"EntryPoint\",\"urlTemplate\":\"https:\\\/\\\/www.bonfiglioliconsulting.com\\\/it\\\/?s={search_term_string}\"},\"query-input\":{\"@type\":\"PropertyValueSpecification\",\"valueRequired\":true,\"valueName\":\"search_term_string\"}}],\"inLanguage\":\"en-US\"}]}<\/script>\n<!-- \/ Yoast SEO plugin. -->","yoast_head_json":{"title":"Lean Office Methodology: Lean in the Office","description":"Bonfiglioli Consulting offers advice on eliminating non-value activities and designing offices innovatively, according to lean office logic.","robots":{"index":"index","follow":"follow","max-snippet":"max-snippet:-1","max-image-preview":"max-image-preview:large","max-video-preview":"max-video-preview:-1"},"canonical":"https:\/\/www.bonfiglioliconsulting.com\/en\/lean-in-offices\/","og_locale":"en_US","og_type":"article","og_title":"Metodologia Lean Office: Lean in Ufficio - Bonfiglioli Consulting","og_description":"Bonfiglioli Consulting offre consulenza per eliminare le attivit\u00e0 non a valore e progettare gli uffici in modo innovativo, secondo le logiche di lean office.","og_url":"https:\/\/www.bonfiglioliconsulting.com\/en\/lean-in-offices\/","og_site_name":"Bonfiglioli Consulting","article_modified_time":"2023-03-08T13:36:16+00:00","twitter_card":"summary_large_image","twitter_misc":{"Est. reading time":"2 minutes"},"schema":{"@context":"https:\/\/schema.org","@graph":[{"@type":"WebPage","@id":"https:\/\/www.bonfiglioliconsulting.com\/en\/lean-in-offices\/","url":"https:\/\/www.bonfiglioliconsulting.com\/en\/lean-in-offices\/","name":"Lean Office Methodology: Lean in the Office","isPartOf":{"@id":"https:\/\/www.bonfiglioliconsulting.com\/it\/#website"},"datePublished":"2016-06-28T12:24:34+00:00","dateModified":"2023-03-08T13:36:16+00:00","description":"Bonfiglioli Consulting offers advice on eliminating non-value activities and designing offices innovatively, according to lean office logic.","inLanguage":"en-US","potentialAction":[{"@type":"ReadAction","target":["https:\/\/www.bonfiglioliconsulting.com\/en\/lean-in-offices\/"]}]},{"@type":"WebSite","@id":"https:\/\/www.bonfiglioliconsulting.com\/it\/#website","url":"https:\/\/www.bonfiglioliconsulting.com\/it\/","name":"Bonfiglioli Consulting","description":"","potentialAction":[{"@type":"SearchAction","target":{"@type":"EntryPoint","urlTemplate":"https:\/\/www.bonfiglioliconsulting.com\/it\/?s={search_term_string}"},"query-input":{"@type":"PropertyValueSpecification","valueRequired":true,"valueName":"search_term_string"}}],"inLanguage":"en-US"}]}},"_links":{"self":[{"href":"https:\/\/www.bonfiglioliconsulting.com\/en\/wp-json\/wp\/v2\/pages\/1144","targetHints":{"allow":["GET"]}}],"collection":[{"href":"https:\/\/www.bonfiglioliconsulting.com\/en\/wp-json\/wp\/v2\/pages"}],"about":[{"href":"https:\/\/www.bonfiglioliconsulting.com\/en\/wp-json\/wp\/v2\/types\/page"}],"author":[{"embeddable":true,"href":"https:\/\/www.bonfiglioliconsulting.com\/en\/wp-json\/wp\/v2\/users\/141"}],"replies":[{"embeddable":true,"href":"https:\/\/www.bonfiglioliconsulting.com\/en\/wp-json\/wp\/v2\/comments?post=1144"}],"version-history":[{"count":21,"href":"https:\/\/www.bonfiglioliconsulting.com\/en\/wp-json\/wp\/v2\/pages\/1144\/revisions"}],"predecessor-version":[{"id":41488,"href":"https:\/\/www.bonfiglioliconsulting.com\/en\/wp-json\/wp\/v2\/pages\/1144\/revisions\/41488"}],"wp:attachment":[{"href":"https:\/\/www.bonfiglioliconsulting.com\/en\/wp-json\/wp\/v2\/media?parent=1144"}],"wp:term":[{"taxonomy":"post_tag","embeddable":true,"href":"https:\/\/www.bonfiglioliconsulting.com\/en\/wp-json\/wp\/v2\/tags?post=1144"}],"curies":[{"name":"wp","href":"https:\/\/api.w.org\/{rel}","templated":true}]}}